{"id":148,"date":"2025-01-10T18:34:51","date_gmt":"2025-01-10T17:34:51","guid":{"rendered":"https:\/\/preprod.hiolle-bedrock.weareled.fr\/amodiag-environnement\/?page_id=148"},"modified":"2025-08-11T12:27:24","modified_gmt":"2025-08-11T10:27:24","slug":"elaboration-de-schemas-directeurs","status":"publish","type":"page","link":"https:\/\/preprod.hiolle-bedrock.weareled.fr\/amodiag-environnement\/solutions-realisations\/elaboration-de-schemas-directeurs\/","title":{"rendered":"\u00c9laboration de sch\u00e9mas directeurs\u00a0"},"content":{"rendered":"    <style>\n        #block_8cbc24503bb9d09cde1b0017bf2ad023 {\n            margin-top: 0px;\n        }\n\n        @media screen and (min-width: 768px) {\n            #block_8cbc24503bb9d09cde1b0017bf2ad023 {\n                margin-top: 0px;\n            }\n        }\n\n        #block_8cbc24503bb9d09cde1b0017bf2ad023 {\n            margin-bottom: 56px;\n        }\n\n        @media screen and (min-width: 768px) {\n            #block_8cbc24503bb9d09cde1b0017bf2ad023 {\n                margin-bottom: 96px;\n            }\n        }\n\n            <\/style>\n<section class=\"hero hero--secondary\" id=\"block_8cbc24503bb9d09cde1b0017bf2ad023\">\n    <div class=\"hero--container\">\n                    <div class=\"hero--img\">\n                <img decoding=\"async\" src=\"https:\/\/preprod.hiolle-bedrock.weareled.fr\/app\/uploads\/sites\/5\/2025\/03\/timthumb-e1741820520839.png\" alt=\"\">\n            <\/div>\n                <div class=\"hero--container-content\">\n                            <div class=\"hero--breadcrumb\">\n                    <nav  aria-label=\"Fil d&#039;Ariane\"><ol class=\"breadcrumb\" itemscope itemtype=\"https:\/\/schema.org\/BreadcrumbList\"><li class=\"breadcrumb-item active\" aria-current=\"page\" itemprop=\"itemListElement\" itemscope itemtype=\"https:\/\/schema.org\/ListItem\"><span itemprop=\"name\">Accueil<\/span><meta itemprop=\"position\" content=\"1\"><\/li><\/ol><\/nav>                <\/div>\n                                                    <div class=\"hero--content\">\n                    <p class=\"uptitle\">Solutions &amp; r\u00e9alisations<\/p>\n<h1>\u00c9laboration de sch\u00e9mas directeurs<\/h1>\n<p>Aide \u00e0 l\u2019identification et organisation des travaux sur les r\u00e9seaux d\u2019eau<\/p>\n<p><span style=\"font-weight: 400\">\u00a0<\/span><\/p>\n                <\/div>\n                                <\/div>\n    <\/div>\n<\/section>\n\n    <style>\n        #block_517937f88b18933eb3e14f0d1e5b0772 {\n            margin-top: 8px;\n        }\n\n        @media screen and (min-width: 768px) {\n            #block_517937f88b18933eb3e14f0d1e5b0772 {\n                margin-top: 24px;\n            }\n        }\n\n        #block_517937f88b18933eb3e14f0d1e5b0772 {\n            margin-bottom: 56px;\n        }\n\n        @media screen and (min-width: 768px) {\n            #block_517937f88b18933eb3e14f0d1e5b0772 {\n                margin-bottom: 80px;\n            }\n        }\n\n            <\/style>\n<section class=\"simplified-nav\" id=\"block_517937f88b18933eb3e14f0d1e5b0772\">\n    <div class=\"simplified-nav--container container--large\">\n                    <div class=\"simplified-nav--label\">\n                <p>Nos solutions<\/p>\n            <\/div>\n                \n                    <div class=\"simplified-nav--select is-custom-select\">\n                                                    <select onchange=\"window.location=this.value\">\n                                                                                                                                                                                                                                                                                                                                                                                                                        <\/select>\n                            <\/div>\n            <\/div>\n<\/section>\n\n    <style>\n        #block_fa79a5bd4a5910f1c8cc2f411d1673ca {\n            margin-top: 56px;\n        }\n\n        @media screen and (min-width: 768px) {\n            #block_fa79a5bd4a5910f1c8cc2f411d1673ca {\n                margin-top: 80px;\n            }\n        }\n\n        #block_fa79a5bd4a5910f1c8cc2f411d1673ca {\n            margin-bottom: 56px;\n        }\n\n        @media screen and (min-width: 768px) {\n            #block_fa79a5bd4a5910f1c8cc2f411d1673ca {\n                margin-bottom: 96px;\n            }\n        }\n\n            <\/style>\n<section class=\"expertises-list\" id=\"block_fa79a5bd4a5910f1c8cc2f411d1673ca\">\n            <div class=\"expertises-list--title container--large\">\n            <h2>Nos services<\/h2>\n        <\/div>\n                <div class=\"expertises-list--list container--large\">\n                                            <div class=\"card-expertise\">\n                                            <div class=\"card-expertise--image\">\n                            <img decoding=\"async\" src=\"https:\/\/preprod.hiolle-bedrock.weareled.fr\/app\/uploads\/sites\/5\/2025\/03\/amodiag-capture-7.png\" alt=\"\">\n                            <span class=\"legend\"><\/span>\n                        <\/div>\n                                        <div class=\"card-expertise--content\">\n                                                    <h4>Accompagnement des collectivit\u00e9s dans la d\u00e9finition et la programmation des travaux \u00e0 15 ans.<\/h4>\n                                                                                            <\/div>\n                    <!-- <a href=\"#\"><\/a> -->\n                <\/div>\n                                            <div class=\"card-expertise\">\n                                        <div class=\"card-expertise--content\">\n                                                                                            <\/div>\n                    <!-- <a href=\"#\"><\/a> -->\n                <\/div>\n                    <\/div>\n    <\/section>\n\n    <style>\n        #block_5330e734a26c84d768429c17d7f2f11c {\n            margin-top: 56px;\n        }\n\n        @media screen and (min-width: 768px) {\n            #block_5330e734a26c84d768429c17d7f2f11c {\n                margin-top: 96px;\n            }\n        }\n\n        #block_5330e734a26c84d768429c17d7f2f11c {\n            margin-bottom: 56px;\n        }\n\n        @media screen and (min-width: 768px) {\n            #block_5330e734a26c84d768429c17d7f2f11c {\n                margin-bottom: 96px;\n            }\n        }\n\n            <\/style>\n    <section class=\"slider-actualites glue nav-medium \" id=\"block_5330e734a26c84d768429c17d7f2f11c\">\n                <div class=\"slider-actualites--container\">\n            <div class=\"slider-actualites--header container--large\">\n                                    <div class=\"slider-actualites--title\">\n                        <p class=\"uptitle\">Nos actualit\u00e9s<\/p>\n<h2>D\u00e9couvrez toutes <span style=\"color: #009cde\">nos derni\u00e8res r\u00e9alisations\u00a0<\/span><\/h2>\n                    <\/div>\n                                                    <a href=\"https:\/\/preprod.hiolle-bedrock.weareled.fr\/amodiag-environnement\/nos-actualites\/\" class=\"link dark icon arrow-right\">Voir toutes les actualit\u00e9s<\/a>\n                            <\/div>\n            <div class=\"slider-actualites--slider container--large owl-carousel\">\n                                                        <div class=\"card-actuality\">\n                        <a href=\"https:\/\/preprod.hiolle-bedrock.weareled.fr\/amodiag-environnement\/premiere-mission-pour-amodiag-senegal-2\/\" class=\"card-actuality--link\"><\/a>\n                        <div class=\"card-actuality--image\">\n                                                            <img decoding=\"async\" src=\"https:\/\/preprod.hiolle-bedrock.weareled.fr\/app\/uploads\/sites\/5\/2025\/08\/1743017841486.jpeg\" alt=\"\">\n                                                                                        <div class=\"card-actuality--categories\">\n                                                                            <span class=\"category\">R\u00e9alisations<\/span>\n                                                                    <\/div>\n                                                    <\/div>\n                        <div class=\"card-actuality--content\">\n                            <div class=\"card-actuality--title\">\n                                                                                                                    <span class=\"tag\">AMODIAG ENVIRONNEMENT<\/span>\n                                                                                                                                            <h5>Premi\u00e8re mission pour Amodiag S\u00e9n\u00e9gal !<\/h5>\n                            <\/div>\n                                                        <div class=\"card-actuality--footer\">\n                                <span class=\"date\">26 ao\u00fbt 2025<\/span>\n                                <span class=\"arrow-btn light-green\"><span><\/span><\/span>\n                            <\/div>\n                        <\/div>\n                    <\/div>\n                                                        <div class=\"card-actuality\">\n                        <a href=\"https:\/\/preprod.hiolle-bedrock.weareled.fr\/amodiag-environnement\/travaux-de-desimpermeabilisation-des-cours-decoles\/\" class=\"card-actuality--link\"><\/a>\n                        <div class=\"card-actuality--image\">\n                                                            <img decoding=\"async\" src=\"https:\/\/preprod.hiolle-bedrock.weareled.fr\/app\/uploads\/sites\/5\/2025\/08\/IMG_2709-min.jpg\" alt=\"\">\n                                                                                        <div class=\"card-actuality--categories\">\n                                                                            <span class=\"category\">R\u00e9alisations<\/span>\n                                                                            <span class=\"category\">RSE<\/span>\n                                                                    <\/div>\n                                                    <\/div>\n                        <div class=\"card-actuality--content\">\n                            <div class=\"card-actuality--title\">\n                                                                                                                    <span class=\"tag\">AMODIAG ENVIRONNEMENT<\/span>\n                                                                                                    <h5>Travaux de d\u00e9simperm\u00e9abilisation et de renaturation des cours d\u2019\u00e9coles<\/h5>\n                            <\/div>\n                                                        <div class=\"card-actuality--footer\">\n                                <span class=\"date\">25 ao\u00fbt 2025<\/span>\n                                <span class=\"arrow-btn light-green\"><span><\/span><\/span>\n                            <\/div>\n                        <\/div>\n                    <\/div>\n                            <\/div>\n            <div class=\"slider-actualites--navigation owl-nav container--large\">\n                <span class=\"indicator\"><\/span>\n                <div class=\"slider-actualites--dots owl-dots\"><\/div>\n            <\/div>\n        <\/div>\n    <\/section>\n\n\n    <style>\n        #block_7dfb180edced42d3dd83c69a9f8271e7 {\n            margin-top: 56px;\n        }\n\n        @media screen and (min-width: 768px) {\n            #block_7dfb180edced42d3dd83c69a9f8271e7 {\n                margin-top: 96px;\n            }\n        }\n\n        #block_7dfb180edced42d3dd83c69a9f8271e7 {\n            margin-bottom: 56px;\n        }\n\n        @media screen and (min-width: 768px) {\n            #block_7dfb180edced42d3dd83c69a9f8271e7 {\n                margin-bottom: 96px;\n            }\n        }\n\n            <\/style>\n<section class=\"redirection-double \" id=\"block_7dfb180edced42d3dd83c69a9f8271e7\">\n        <div class=\"redirection-double--container container--large\">\n                    <div class=\"background\">\n                                                    <h3>Vous souhaitez prendre contact avec nous ?<\/h3>\n<p>Une question ? Une demande particuli\u00e8re ? Un projet ? Contactez-nous d\u00e8s aujourd\u2019hui, nous nous ferons un plaisir de vous r\u00e9pondre dans les plus brefs d\u00e9lais.<\/p>\n                                                    <a href=\"https:\/\/preprod.hiolle-bedrock.weareled.fr\/amodiag-environnement\/contactez-nous\/\" target=\"\" class=\"btn secondary icon arrow-right\">Nous contacter<span><\/span><\/a>\n                            <\/div>\n                            <div class=\"light\">\n                                    <h3>D\u00e9couvrez nos autres solutions !<\/h3>\n<p><span style=\"font-weight: 400\">Nos \u00e9quipes sont aussi sp\u00e9cialis\u00e9es dans la ma\u00eetrise d&rsquo;oeuvre et l&rsquo;assistance \u00e0 ma\u00eetrise d&rsquo;ouvrage.<\/span><\/p>\n                                                    <a href=\"https:\/\/preprod.hiolle-bedrock.weareled.fr\/amodiag-environnement\/solutions-realisations\/\" target=\"\" class=\"btn icon arrow-right\">Voir nos solutions<span><\/span><\/a>\n                            <\/div>\n            <\/div>\n<\/section>","protected":false},"excerpt":{"rendered":"<p>Aide \u00e0 l\u2019identification et organisation des travaux sur les r\u00e9seaux d\u2019eau\u00a0<\/p>\n","protected":false},"author":3,"featured_media":441,"parent":37,"menu_order":2,"comment_status":"closed","ping_status":"closed","template":"","meta":{"_acf_changed":false,"_seopress_robots_primary_cat":"","_seopress_titles_title":"","_seopress_titles_desc":"","_seopress_robots_index":"","footnotes":""},"class_list":["post-148","page","type-page","status-publish","has-post-thumbnail","hentry"],"acf":[],"lang":"fr","translations":{"fr":148},"pll_sync_post":[],"_links":{"self":[{"href":"https:\/\/preprod.hiolle-bedrock.weareled.fr\/amodiag-environnement\/wp-json\/wp\/v2\/pages\/148","targetHints":{"allow":["GET"]}}],"collection":[{"href":"https:\/\/preprod.hiolle-bedrock.weareled.fr\/amodiag-environnement\/wp-json\/wp\/v2\/pages"}],"about":[{"href":"https:\/\/preprod.hiolle-bedrock.weareled.fr\/amodiag-environnement\/wp-json\/wp\/v2\/types\/page"}],"author":[{"embeddable":true,"href":"https:\/\/preprod.hiolle-bedrock.weareled.fr\/amodiag-environnement\/wp-json\/wp\/v2\/users\/3"}],"replies":[{"embeddable":true,"href":"https:\/\/preprod.hiolle-bedrock.weareled.fr\/amodiag-environnement\/wp-json\/wp\/v2\/comments?post=148"}],"version-history":[{"count":10,"href":"https:\/\/preprod.hiolle-bedrock.weareled.fr\/amodiag-environnement\/wp-json\/wp\/v2\/pages\/148\/revisions"}],"predecessor-version":[{"id":558,"href":"https:\/\/preprod.hiolle-bedrock.weareled.fr\/amodiag-environnement\/wp-json\/wp\/v2\/pages\/148\/revisions\/558"}],"up":[{"embeddable":true,"href":"https:\/\/preprod.hiolle-bedrock.weareled.fr\/amodiag-environnement\/wp-json\/wp\/v2\/pages\/37"}],"wp:featuredmedia":[{"embeddable":true,"href":"https:\/\/preprod.hiolle-bedrock.weareled.fr\/amodiag-environnement\/wp-json\/wp\/v2\/media\/441"}],"wp:attachment":[{"href":"https:\/\/preprod.hiolle-bedrock.weareled.fr\/amodiag-environnement\/wp-json\/wp\/v2\/media?parent=148"}],"curies":[{"name":"wp","href":"https:\/\/api.w.org\/{rel}","templated":true}]}}