{"id":152,"date":"2025-01-10T18:37:05","date_gmt":"2025-01-10T17:37:05","guid":{"rendered":"https:\/\/preprod.hiolle-bedrock.weareled.fr\/amodiag-environnement\/?page_id=152"},"modified":"2025-08-11T12:28:21","modified_gmt":"2025-08-11T10:28:21","slug":"gestion-de-la-ressource-en-eau","status":"publish","type":"page","link":"https:\/\/preprod.hiolle-bedrock.weareled.fr\/amodiag-environnement\/solutions-realisations\/gestion-de-la-ressource-en-eau\/","title":{"rendered":"Gestion de la ressource en eau"},"content":{"rendered":"    <style>\n        #block_fd1b0e6078a2d08a944b4e5469f269ce {\n            margin-top: 56px;\n        }\n\n        @media screen and (min-width: 768px) {\n            #block_fd1b0e6078a2d08a944b4e5469f269ce {\n                margin-top: 80px;\n            }\n        }\n\n        #block_fd1b0e6078a2d08a944b4e5469f269ce {\n            margin-bottom: 56px;\n        }\n\n        @media screen and (min-width: 768px) {\n            #block_fd1b0e6078a2d08a944b4e5469f269ce {\n                margin-bottom: 96px;\n            }\n        }\n\n            <\/style>\n<section class=\"hero hero--secondary\" id=\"block_fd1b0e6078a2d08a944b4e5469f269ce\">\n    <div class=\"hero--container\">\n                    <div class=\"hero--img\">\n                <img decoding=\"async\" src=\"https:\/\/preprod.hiolle-bedrock.weareled.fr\/app\/uploads\/sites\/5\/2025\/03\/amodiag-capture-3.png\" alt=\"\">\n            <\/div>\n                <div class=\"hero--container-content\">\n                                                    <div class=\"hero--content\">\n                    <p class=\"uptitle\">Solutions &amp; r\u00e9alisations<\/p>\n<h1>Gestion de la ressource en eau<\/h1>\n<p>Accompagnement dans l&rsquo;optimisation et la pr\u00e9servation de la ressource en eau<\/p>\n                <\/div>\n                                <\/div>\n    <\/div>\n<\/section>\n\n    <style>\n        #block_cf84ac6a4c703948767efcf7a63090a4 {\n            margin-top: 56px;\n        }\n\n        @media screen and (min-width: 768px) {\n            #block_cf84ac6a4c703948767efcf7a63090a4 {\n                margin-top: 80px;\n            }\n        }\n\n        #block_cf84ac6a4c703948767efcf7a63090a4 {\n            margin-bottom: 56px;\n        }\n\n        @media screen and (min-width: 768px) {\n            #block_cf84ac6a4c703948767efcf7a63090a4 {\n                margin-bottom: 96px;\n            }\n        }\n\n            <\/style>\n<section class=\"simplified-nav\" id=\"block_cf84ac6a4c703948767efcf7a63090a4\">\n    <div class=\"simplified-nav--container container--large\">\n                    <div class=\"simplified-nav--label\">\n                <p>Nos solutions<\/p>\n            <\/div>\n                \n                    <div class=\"simplified-nav--select is-custom-select\">\n                                                    <select onchange=\"window.location=this.value\">\n                                                                                                                                                                                                                                                                                                                                                                                                                        <\/select>\n                            <\/div>\n            <\/div>\n<\/section>\n\n    <style>\n        #block_f25f1ae81864ebdf34a4662e5450ea03 {\n            margin-top: 56px;\n        }\n\n        @media screen and (min-width: 768px) {\n            #block_f25f1ae81864ebdf34a4662e5450ea03 {\n                margin-top: 80px;\n            }\n        }\n\n        #block_f25f1ae81864ebdf34a4662e5450ea03 {\n            margin-bottom: 56px;\n        }\n\n        @media screen and (min-width: 768px) {\n            #block_f25f1ae81864ebdf34a4662e5450ea03 {\n                margin-bottom: 96px;\n            }\n        }\n\n            <\/style>\n<section class=\"expertises-list\" id=\"block_f25f1ae81864ebdf34a4662e5450ea03\">\n            <div class=\"expertises-list--title container--large\">\n            <h2>Nos services<\/h2>\n        <\/div>\n                <div class=\"expertises-list--list container--large\">\n                                            <div class=\"card-expertise\">\n                                            <div class=\"card-expertise--image\">\n                            <img decoding=\"async\" src=\"https:\/\/preprod.hiolle-bedrock.weareled.fr\/app\/uploads\/sites\/5\/2025\/03\/AMODIAG_025.jpg\" alt=\"\">\n                            <span class=\"legend\"><\/span>\n                        <\/div>\n                                        <div class=\"card-expertise--content\">\n                                                    <h4>Hydrog\u00e9ologie <\/h4>\n                                                                                                    <p>Recherche et gestion des ressources en eau et \u00e9tudes de r\u00e9alisation de forage<\/p>\n                                            <\/div>\n                    <!-- <a href=\"#\"><\/a> -->\n                <\/div>\n                                            <div class=\"card-expertise\">\n                                            <div class=\"card-expertise--image\">\n                            <img decoding=\"async\" src=\"https:\/\/preprod.hiolle-bedrock.weareled.fr\/app\/uploads\/sites\/5\/2025\/03\/Agronomie.png\" alt=\"\">\n                            <span class=\"legend\"><\/span>\n                        <\/div>\n                                        <div class=\"card-expertise--content\">\n                                                    <h4>Agronomie <\/h4>\n                                                                                                    <p>Protection de la ressource en eau en lien avec les agriculteurs<\/p>\n                                            <\/div>\n                    <!-- <a href=\"#\"><\/a> -->\n                <\/div>\n                    <\/div>\n    <\/section>\n\n    <style>\n        #block_08157a43f8fa03243ad7111bf5b4888e {\n            margin-top: 56px;\n        }\n\n        @media screen and (min-width: 768px) {\n            #block_08157a43f8fa03243ad7111bf5b4888e {\n                margin-top: 80px;\n            }\n        }\n\n        #block_08157a43f8fa03243ad7111bf5b4888e {\n            margin-bottom: 56px;\n        }\n\n        @media screen and (min-width: 768px) {\n            #block_08157a43f8fa03243ad7111bf5b4888e {\n                margin-bottom: 96px;\n            }\n        }\n\n            <\/style>\n    <section class=\"slider-actualites glue nav-medium \" id=\"block_08157a43f8fa03243ad7111bf5b4888e\">\n                <div class=\"slider-actualites--container\">\n            <div class=\"slider-actualites--header container--large\">\n                                            <\/div>\n            <div class=\"slider-actualites--slider container--large owl-carousel\">\n                                                        <div class=\"card-actuality\">\n                        <a href=\"https:\/\/preprod.hiolle-bedrock.weareled.fr\/amodiag-environnement\/premiere-mission-pour-amodiag-senegal-2\/\" class=\"card-actuality--link\"><\/a>\n                        <div class=\"card-actuality--image\">\n                                                            <img decoding=\"async\" src=\"https:\/\/preprod.hiolle-bedrock.weareled.fr\/app\/uploads\/sites\/5\/2025\/08\/1743017841486.jpeg\" alt=\"\">\n                                                                                        <div class=\"card-actuality--categories\">\n                                                                            <span class=\"category\">R\u00e9alisations<\/span>\n                                                                    <\/div>\n                                                    <\/div>\n                        <div class=\"card-actuality--content\">\n                            <div class=\"card-actuality--title\">\n                                                                                                                    <span class=\"tag\">AMODIAG ENVIRONNEMENT<\/span>\n                                                                                                                                            <h5>Premi\u00e8re mission pour Amodiag S\u00e9n\u00e9gal !<\/h5>\n                            <\/div>\n                                                        <div class=\"card-actuality--footer\">\n                                <span class=\"date\">26 ao\u00fbt 2025<\/span>\n                                <span class=\"arrow-btn light-green\"><span><\/span><\/span>\n                            <\/div>\n                        <\/div>\n                    <\/div>\n                                                        <div class=\"card-actuality\">\n                        <a href=\"https:\/\/preprod.hiolle-bedrock.weareled.fr\/amodiag-environnement\/travaux-de-desimpermeabilisation-des-cours-decoles\/\" class=\"card-actuality--link\"><\/a>\n                        <div class=\"card-actuality--image\">\n                                                            <img decoding=\"async\" src=\"https:\/\/preprod.hiolle-bedrock.weareled.fr\/app\/uploads\/sites\/5\/2025\/08\/IMG_2709-min.jpg\" alt=\"\">\n                                                                                        <div class=\"card-actuality--categories\">\n                                                                            <span class=\"category\">R\u00e9alisations<\/span>\n                                                                            <span class=\"category\">RSE<\/span>\n                                                                    <\/div>\n                                                    <\/div>\n                        <div class=\"card-actuality--content\">\n                            <div class=\"card-actuality--title\">\n                                                                                                                    <span class=\"tag\">AMODIAG ENVIRONNEMENT<\/span>\n                                                                                                    <h5>Travaux de d\u00e9simperm\u00e9abilisation et de renaturation des cours d\u2019\u00e9coles<\/h5>\n                            <\/div>\n                                                        <div class=\"card-actuality--footer\">\n                                <span class=\"date\">25 ao\u00fbt 2025<\/span>\n                                <span class=\"arrow-btn light-green\"><span><\/span><\/span>\n                            <\/div>\n                        <\/div>\n                    <\/div>\n                            <\/div>\n            <div class=\"slider-actualites--navigation owl-nav container--large\">\n                <span class=\"indicator\"><\/span>\n                <div class=\"slider-actualites--dots owl-dots\"><\/div>\n            <\/div>\n        <\/div>\n    <\/section>\n\n\n    <style>\n        #block_9ebea9d496e7144305b7eed4d197b0b0 {\n            margin-top: 56px;\n        }\n\n        @media screen and (min-width: 768px) {\n            #block_9ebea9d496e7144305b7eed4d197b0b0 {\n                margin-top: 96px;\n            }\n        }\n\n        #block_9ebea9d496e7144305b7eed4d197b0b0 {\n            margin-bottom: 56px;\n        }\n\n        @media screen and (min-width: 768px) {\n            #block_9ebea9d496e7144305b7eed4d197b0b0 {\n                margin-bottom: 96px;\n            }\n        }\n\n            <\/style>\n<section class=\"redirection-double \" id=\"block_9ebea9d496e7144305b7eed4d197b0b0\">\n        <div class=\"redirection-double--container container--large\">\n                    <div class=\"background\">\n                                                    <h3>Vous souhaitez prendre contact avec nous ?<\/h3>\n<p>Une question ? Une demande particuli\u00e8re ? Un projet ? Contactez-nous d\u00e8s aujourd\u2019hui, nous nous ferons un plaisir de vous r\u00e9pondre dans les plus brefs d\u00e9lais.<\/p>\n                                                    <a href=\"https:\/\/preprod.hiolle-bedrock.weareled.fr\/amodiag-environnement\/contactez-nous\/\" target=\"\" class=\"btn secondary icon arrow-right\">Nous contacter<span><\/span><\/a>\n                            <\/div>\n                            <div class=\"light\">\n                                    <h3>D\u00e9couvrez nos autres solutions !<\/h3>\n<p>Nos \u00e9quipes sont aussi sp\u00e9cialis\u00e9es dans la d\u00e9l\u00e9gation de service public et les \u00e9tudes r\u00e9glementaires.<\/p>\n                                                    <a href=\"https:\/\/preprod.hiolle-bedrock.weareled.fr\/amodiag-environnement\/solutions-realisations\/\" target=\"\" class=\"btn icon arrow-right\">Voir nos solutions<span><\/span><\/a>\n                            <\/div>\n            <\/div>\n<\/section>","protected":false},"excerpt":{"rendered":"<p>Aide \u00e0 la recherche et \u00e0 la protection de la ressource en eau<\/p>\n","protected":false},"author":3,"featured_media":422,"parent":37,"menu_order":3,"comment_status":"closed","ping_status":"closed","template":"","meta":{"_acf_changed":false,"_seopress_robots_primary_cat":"","_seopress_titles_title":"","_seopress_titles_desc":"","_seopress_robots_index":"","footnotes":""},"class_list":["post-152","page","type-page","status-publish","has-post-thumbnail","hentry"],"acf":[],"lang":"fr","translations":{"fr":152},"pll_sync_post":[],"_links":{"self":[{"href":"https:\/\/preprod.hiolle-bedrock.weareled.fr\/amodiag-environnement\/wp-json\/wp\/v2\/pages\/152","targetHints":{"allow":["GET"]}}],"collection":[{"href":"https:\/\/preprod.hiolle-bedrock.weareled.fr\/amodiag-environnement\/wp-json\/wp\/v2\/pages"}],"about":[{"href":"https:\/\/preprod.hiolle-bedrock.weareled.fr\/amodiag-environnement\/wp-json\/wp\/v2\/types\/page"}],"author":[{"embeddable":true,"href":"https:\/\/preprod.hiolle-bedrock.weareled.fr\/amodiag-environnement\/wp-json\/wp\/v2\/users\/3"}],"replies":[{"embeddable":true,"href":"https:\/\/preprod.hiolle-bedrock.weareled.fr\/amodiag-environnement\/wp-json\/wp\/v2\/comments?post=152"}],"version-history":[{"count":14,"href":"https:\/\/preprod.hiolle-bedrock.weareled.fr\/amodiag-environnement\/wp-json\/wp\/v2\/pages\/152\/revisions"}],"predecessor-version":[{"id":560,"href":"https:\/\/preprod.hiolle-bedrock.weareled.fr\/amodiag-environnement\/wp-json\/wp\/v2\/pages\/152\/revisions\/560"}],"up":[{"embeddable":true,"href":"https:\/\/preprod.hiolle-bedrock.weareled.fr\/amodiag-environnement\/wp-json\/wp\/v2\/pages\/37"}],"wp:featuredmedia":[{"embeddable":true,"href":"https:\/\/preprod.hiolle-bedrock.weareled.fr\/amodiag-environnement\/wp-json\/wp\/v2\/media\/422"}],"wp:attachment":[{"href":"https:\/\/preprod.hiolle-bedrock.weareled.fr\/amodiag-environnement\/wp-json\/wp\/v2\/media?parent=152"}],"curies":[{"name":"wp","href":"https:\/\/api.w.org\/{rel}","templated":true}]}}