{"id":160,"date":"2025-01-10T18:41:25","date_gmt":"2025-01-10T17:41:25","guid":{"rendered":"https:\/\/preprod.hiolle-bedrock.weareled.fr\/amodiag-environnement\/?page_id=160"},"modified":"2025-08-11T12:30:26","modified_gmt":"2025-08-11T10:30:26","slug":"delegation-de-service-public","status":"publish","type":"page","link":"https:\/\/preprod.hiolle-bedrock.weareled.fr\/amodiag-environnement\/solutions-realisations\/delegation-de-service-public\/","title":{"rendered":"D\u00e9l\u00e9gation de service public"},"content":{"rendered":"    <style>\n        #block_e014de5762cf516b31c8acc4e8986e28 {\n            margin-top: 0px;\n        }\n\n        @media screen and (min-width: 768px) {\n            #block_e014de5762cf516b31c8acc4e8986e28 {\n                margin-top: 0px;\n            }\n        }\n\n        #block_e014de5762cf516b31c8acc4e8986e28 {\n            margin-bottom: 56px;\n        }\n\n        @media screen and (min-width: 768px) {\n            #block_e014de5762cf516b31c8acc4e8986e28 {\n                margin-bottom: 96px;\n            }\n        }\n\n            <\/style>\n<section class=\"hero hero--secondary\" id=\"block_e014de5762cf516b31c8acc4e8986e28\">\n    <div class=\"hero--container\">\n                    <div class=\"hero--img\">\n                <img decoding=\"async\" src=\"https:\/\/preprod.hiolle-bedrock.weareled.fr\/app\/uploads\/sites\/5\/2025\/03\/amodiag-capture-4.png\" alt=\"\">\n            <\/div>\n                <div class=\"hero--container-content\">\n                            <div class=\"hero--breadcrumb\">\n                    <nav  aria-label=\"Fil d&#039;Ariane\"><ol class=\"breadcrumb\" itemscope itemtype=\"https:\/\/schema.org\/BreadcrumbList\"><li class=\"breadcrumb-item active\" aria-current=\"page\" itemprop=\"itemListElement\" itemscope itemtype=\"https:\/\/schema.org\/ListItem\"><span itemprop=\"name\">Accueil<\/span><meta itemprop=\"position\" content=\"1\"><\/li><\/ol><\/nav>                <\/div>\n                                                    <div class=\"hero--content\">\n                    <p class=\"uptitle\">Solutions &amp; r\u00e9alisations<\/p>\n<h1>D\u00e9l\u00e9gation de service public<\/h1>\n<p>R\u00e9\u00e9valuation des besoins et lancement des consultations, jusqu\u2019\u00e0 la re n\u00e9gociation avec les prestataires<\/p>\n                <\/div>\n                                <\/div>\n    <\/div>\n<\/section>\n\n    <style>\n        #block_c1093a0dd36338d1886f47bc38932979 {\n            margin-top: 8px;\n        }\n\n        @media screen and (min-width: 768px) {\n            #block_c1093a0dd36338d1886f47bc38932979 {\n                margin-top: 24px;\n            }\n        }\n\n        #block_c1093a0dd36338d1886f47bc38932979 {\n            margin-bottom: 56px;\n        }\n\n        @media screen and (min-width: 768px) {\n            #block_c1093a0dd36338d1886f47bc38932979 {\n                margin-bottom: 80px;\n            }\n        }\n\n            <\/style>\n<section class=\"simplified-nav\" id=\"block_c1093a0dd36338d1886f47bc38932979\">\n    <div class=\"simplified-nav--container container--large\">\n                    <div class=\"simplified-nav--label\">\n                <p>Nos solutions<\/p>\n            <\/div>\n                \n                    <div class=\"simplified-nav--select is-custom-select\">\n                                                    <select onchange=\"window.location=this.value\">\n                                                                                                                                                                                                                                                                                                                                                                                                                        <\/select>\n                            <\/div>\n            <\/div>\n<\/section>\n\n    <style>\n        #block_e30f5800dd88144e14e5091593510ce7 {\n            margin-top: 56px;\n        }\n\n        @media screen and (min-width: 768px) {\n            #block_e30f5800dd88144e14e5091593510ce7 {\n                margin-top: 80px;\n            }\n        }\n\n        #block_e30f5800dd88144e14e5091593510ce7 {\n            margin-bottom: 56px;\n        }\n\n        @media screen and (min-width: 768px) {\n            #block_e30f5800dd88144e14e5091593510ce7 {\n                margin-bottom: 96px;\n            }\n        }\n\n            <\/style>\n<section class=\"expertises-list\" id=\"block_e30f5800dd88144e14e5091593510ce7\">\n            <div class=\"expertises-list--title container--large\">\n            <h2>Nos services<\/h2>\n        <\/div>\n                <div class=\"expertises-list--list container--large\">\n                                            <div class=\"card-expertise\">\n                                            <div class=\"card-expertise--image\">\n                            <img decoding=\"async\" src=\"https:\/\/preprod.hiolle-bedrock.weareled.fr\/app\/uploads\/sites\/5\/2025\/03\/amodiag-capture-5.png\" alt=\"\">\n                            <span class=\"legend\"><\/span>\n                        <\/div>\n                                        <div class=\"card-expertise--content\">\n                                                    <h4>Red\u00e9finition des besoins avec les clients et \u00e9tablissement d\u2019un cahier des charges<\/h4>\n                                                                                            <\/div>\n                    <!-- <a href=\"#\"><\/a> -->\n                <\/div>\n                                            <div class=\"card-expertise\">\n                                            <div class=\"card-expertise--image\">\n                            <img decoding=\"async\" src=\"https:\/\/preprod.hiolle-bedrock.weareled.fr\/app\/uploads\/sites\/5\/2025\/03\/AMODIAG_026-e1741816642483.jpg\" alt=\"\">\n                            <span class=\"legend\"><\/span>\n                        <\/div>\n                                        <div class=\"card-expertise--content\">\n                                                    <h4>Ren\u00e9gociation des contrats de d\u00e9l\u00e9gation de service public.<\/h4>\n                                                                                            <\/div>\n                    <!-- <a href=\"#\"><\/a> -->\n                <\/div>\n                    <\/div>\n    <\/section>\n\n    <style>\n        #block_d266cc6eab605c17215c9d3026eda311 {\n            margin-top: 56px;\n        }\n\n        @media screen and (min-width: 768px) {\n            #block_d266cc6eab605c17215c9d3026eda311 {\n                margin-top: 96px;\n            }\n        }\n\n        #block_d266cc6eab605c17215c9d3026eda311 {\n            margin-bottom: 56px;\n        }\n\n        @media screen and (min-width: 768px) {\n            #block_d266cc6eab605c17215c9d3026eda311 {\n                margin-bottom: 96px;\n            }\n        }\n\n            <\/style>\n    <section class=\"slider-actualites glue nav-medium \" id=\"block_d266cc6eab605c17215c9d3026eda311\">\n                <div class=\"slider-actualites--container\">\n            <div class=\"slider-actualites--header container--large\">\n                                    <div class=\"slider-actualites--title\">\n                        <p class=\"uptitle\">Nos actualit\u00e9s<\/p>\n<h2>D\u00e9couvrez toutes <span style=\"color: #009cde\">nos derni\u00e8res r\u00e9alisations\u00a0<\/span><\/h2>\n                    <\/div>\n                                                    <a href=\"https:\/\/preprod.hiolle-bedrock.weareled.fr\/amodiag-environnement\/nos-actualites\/\" class=\"link dark icon arrow-right\">Voir toutes les actualit\u00e9s<\/a>\n                            <\/div>\n            <div class=\"slider-actualites--slider container--large owl-carousel\">\n                                                        <div class=\"card-actuality\">\n                        <a href=\"https:\/\/preprod.hiolle-bedrock.weareled.fr\/amodiag-environnement\/premiere-mission-pour-amodiag-senegal-2\/\" class=\"card-actuality--link\"><\/a>\n                        <div class=\"card-actuality--image\">\n                                                            <img decoding=\"async\" src=\"https:\/\/preprod.hiolle-bedrock.weareled.fr\/app\/uploads\/sites\/5\/2025\/08\/1743017841486.jpeg\" alt=\"\">\n                                                                                        <div class=\"card-actuality--categories\">\n                                                                            <span class=\"category\">R\u00e9alisations<\/span>\n                                                                    <\/div>\n                                                    <\/div>\n                        <div class=\"card-actuality--content\">\n                            <div class=\"card-actuality--title\">\n                                                                                                                    <span class=\"tag\">AMODIAG ENVIRONNEMENT<\/span>\n                                                                                                                                            <h5>Premi\u00e8re mission pour Amodiag S\u00e9n\u00e9gal !<\/h5>\n                            <\/div>\n                                                        <div class=\"card-actuality--footer\">\n                                <span class=\"date\">26 ao\u00fbt 2025<\/span>\n                                <span class=\"arrow-btn light-green\"><span><\/span><\/span>\n                            <\/div>\n                        <\/div>\n                    <\/div>\n                                                        <div class=\"card-actuality\">\n                        <a href=\"https:\/\/preprod.hiolle-bedrock.weareled.fr\/amodiag-environnement\/travaux-de-desimpermeabilisation-des-cours-decoles\/\" class=\"card-actuality--link\"><\/a>\n                        <div class=\"card-actuality--image\">\n                                                            <img decoding=\"async\" src=\"https:\/\/preprod.hiolle-bedrock.weareled.fr\/app\/uploads\/sites\/5\/2025\/08\/IMG_2709-min.jpg\" alt=\"\">\n                                                                                        <div class=\"card-actuality--categories\">\n                                                                            <span class=\"category\">R\u00e9alisations<\/span>\n                                                                            <span class=\"category\">RSE<\/span>\n                                                                    <\/div>\n                                                    <\/div>\n                        <div class=\"card-actuality--content\">\n                            <div class=\"card-actuality--title\">\n                                                                                                                    <span class=\"tag\">AMODIAG ENVIRONNEMENT<\/span>\n                                                                                                    <h5>Travaux de d\u00e9simperm\u00e9abilisation et de renaturation des cours d\u2019\u00e9coles<\/h5>\n                            <\/div>\n                                                        <div class=\"card-actuality--footer\">\n                                <span class=\"date\">25 ao\u00fbt 2025<\/span>\n                                <span class=\"arrow-btn light-green\"><span><\/span><\/span>\n                            <\/div>\n                        <\/div>\n                    <\/div>\n                            <\/div>\n            <div class=\"slider-actualites--navigation owl-nav container--large\">\n                <span class=\"indicator\"><\/span>\n                <div class=\"slider-actualites--dots owl-dots\"><\/div>\n            <\/div>\n        <\/div>\n    <\/section>\n\n\n    <style>\n        #block_7e1ba6244f6cdbb8b67c7b412450334e {\n            margin-top: 56px;\n        }\n\n        @media screen and (min-width: 768px) {\n            #block_7e1ba6244f6cdbb8b67c7b412450334e {\n                margin-top: 96px;\n            }\n        }\n\n        #block_7e1ba6244f6cdbb8b67c7b412450334e {\n            margin-bottom: 56px;\n        }\n\n        @media screen and (min-width: 768px) {\n            #block_7e1ba6244f6cdbb8b67c7b412450334e {\n                margin-bottom: 96px;\n            }\n        }\n\n            <\/style>\n<section class=\"redirection-double \" id=\"block_7e1ba6244f6cdbb8b67c7b412450334e\">\n        <div class=\"redirection-double--container container--large\">\n                    <div class=\"background\">\n                                                    <h3>Vous souhaitez prendre contact avec nous ?<\/h3>\n<p>Une question ? Une demande particuli\u00e8re ? Un projet ? Contactez-nous d\u00e8s aujourd\u2019hui, nous nous ferons un plaisir de vous r\u00e9pondre dans les plus brefs d\u00e9lais.<\/p>\n                                                    <a href=\"https:\/\/preprod.hiolle-bedrock.weareled.fr\/amodiag-environnement\/contactez-nous\/\" target=\"\" class=\"btn secondary icon arrow-right\">Nous contacter<span><\/span><\/a>\n                            <\/div>\n                            <div class=\"light\">\n                                    <h3>D\u00e9couvrez nos autres solutions !<\/h3>\n<p><span style=\"font-weight: 400\">Nos \u00e9quipes sont aussi sp\u00e9cialis\u00e9es dans la gestion de la ressources en eau au travers de l&rsquo;agronomie et l&rsquo;hydrog\u00e9ologie.<\/span><\/p>\n                                                    <a href=\"https:\/\/preprod.hiolle-bedrock.weareled.fr\/amodiag-environnement\/solutions-realisations\/\" target=\"\" class=\"btn icon arrow-right\">Voir nos solutions<span><\/span><\/a>\n                            <\/div>\n            <\/div>\n<\/section>","protected":false},"excerpt":{"rendered":"<p>R\u00e9\u00e9valuation des besoins et lancement des consultations, jusqu\u2019\u00e0 la re n\u00e9gociation avec les prestataires<\/p>\n","protected":false},"author":3,"featured_media":427,"parent":37,"menu_order":4,"comment_status":"closed","ping_status":"closed","template":"","meta":{"_acf_changed":false,"_seopress_robots_primary_cat":"","_seopress_titles_title":"","_seopress_titles_desc":"","_seopress_robots_index":"","footnotes":""},"class_list":["post-160","page","type-page","status-publish","has-post-thumbnail","hentry"],"acf":[],"lang":"fr","translations":{"fr":160},"pll_sync_post":[],"_links":{"self":[{"href":"https:\/\/preprod.hiolle-bedrock.weareled.fr\/amodiag-environnement\/wp-json\/wp\/v2\/pages\/160","targetHints":{"allow":["GET"]}}],"collection":[{"href":"https:\/\/preprod.hiolle-bedrock.weareled.fr\/amodiag-environnement\/wp-json\/wp\/v2\/pages"}],"about":[{"href":"https:\/\/preprod.hiolle-bedrock.weareled.fr\/amodiag-environnement\/wp-json\/wp\/v2\/types\/page"}],"author":[{"embeddable":true,"href":"https:\/\/preprod.hiolle-bedrock.weareled.fr\/amodiag-environnement\/wp-json\/wp\/v2\/users\/3"}],"replies":[{"embeddable":true,"href":"https:\/\/preprod.hiolle-bedrock.weareled.fr\/amodiag-environnement\/wp-json\/wp\/v2\/comments?post=160"}],"version-history":[{"count":11,"href":"https:\/\/preprod.hiolle-bedrock.weareled.fr\/amodiag-environnement\/wp-json\/wp\/v2\/pages\/160\/revisions"}],"predecessor-version":[{"id":561,"href":"https:\/\/preprod.hiolle-bedrock.weareled.fr\/amodiag-environnement\/wp-json\/wp\/v2\/pages\/160\/revisions\/561"}],"up":[{"embeddable":true,"href":"https:\/\/preprod.hiolle-bedrock.weareled.fr\/amodiag-environnement\/wp-json\/wp\/v2\/pages\/37"}],"wp:featuredmedia":[{"embeddable":true,"href":"https:\/\/preprod.hiolle-bedrock.weareled.fr\/amodiag-environnement\/wp-json\/wp\/v2\/media\/427"}],"wp:attachment":[{"href":"https:\/\/preprod.hiolle-bedrock.weareled.fr\/amodiag-environnement\/wp-json\/wp\/v2\/media?parent=160"}],"curies":[{"name":"wp","href":"https:\/\/api.w.org\/{rel}","templated":true}]}}