{"id":164,"date":"2025-01-10T18:43:17","date_gmt":"2025-01-10T17:43:17","guid":{"rendered":"https:\/\/preprod.hiolle-bedrock.weareled.fr\/amodiag-environnement\/?page_id=164"},"modified":"2025-03-12T23:55:43","modified_gmt":"2025-03-12T22:55:43","slug":"etudes-reglementaires","status":"publish","type":"page","link":"https:\/\/preprod.hiolle-bedrock.weareled.fr\/amodiag-environnement\/solutions-realisations\/etudes-reglementaires\/","title":{"rendered":"\u00c9tudes r\u00e9glementaires"},"content":{"rendered":"    <style>\n        #block_f0a938dd154f00b434a9e89e5ddd551a {\n            margin-top: 0px;\n        }\n\n        @media screen and (min-width: 768px) {\n            #block_f0a938dd154f00b434a9e89e5ddd551a {\n                margin-top: 0px;\n            }\n        }\n\n        #block_f0a938dd154f00b434a9e89e5ddd551a {\n            margin-bottom: 56px;\n        }\n\n        @media screen and (min-width: 768px) {\n            #block_f0a938dd154f00b434a9e89e5ddd551a {\n                margin-bottom: 96px;\n            }\n        }\n\n            <\/style>\n<section class=\"hero hero--secondary\" id=\"block_f0a938dd154f00b434a9e89e5ddd551a\">\n    <div class=\"hero--container\">\n                    <div class=\"hero--img\">\n                <img decoding=\"async\" src=\"https:\/\/preprod.hiolle-bedrock.weareled.fr\/app\/uploads\/sites\/5\/2025\/03\/amodiag-capture.png\" alt=\"\">\n            <\/div>\n                <div class=\"hero--container-content\">\n                            <div class=\"hero--breadcrumb\">\n                    <nav  aria-label=\"Fil d&#039;Ariane\"><ol class=\"breadcrumb\" itemscope itemtype=\"https:\/\/schema.org\/BreadcrumbList\"><li class=\"breadcrumb-item active\" aria-current=\"page\" itemprop=\"itemListElement\" itemscope itemtype=\"https:\/\/schema.org\/ListItem\"><span itemprop=\"name\">Accueil<\/span><meta itemprop=\"position\" content=\"1\"><\/li><\/ol><\/nav>                <\/div>\n                                                    <div class=\"hero--content\">\n                    <p class=\"uptitle\">Solutions &amp; r\u00e9alisations<\/p>\n<h1>\u00c9tudes r\u00e9glementaires<\/h1>\n<p>R\u00e9alisation des diverses \u00e9tudes par notre bureau ind\u00e9pendant<\/p>\n<p><span style=\"font-weight: 400\">\u00a0<\/span><\/p>\n                <\/div>\n                                <\/div>\n    <\/div>\n<\/section>\n\n    <style>\n        #block_0c8482ee62be5af1c5294a58bd609b6e {\n            margin-top: 8px;\n        }\n\n        @media screen and (min-width: 768px) {\n            #block_0c8482ee62be5af1c5294a58bd609b6e {\n                margin-top: 24px;\n            }\n        }\n\n        #block_0c8482ee62be5af1c5294a58bd609b6e {\n            margin-bottom: 56px;\n        }\n\n        @media screen and (min-width: 768px) {\n            #block_0c8482ee62be5af1c5294a58bd609b6e {\n                margin-bottom: 80px;\n            }\n        }\n\n            <\/style>\n<section class=\"simplified-nav\" id=\"block_0c8482ee62be5af1c5294a58bd609b6e\">\n    <div class=\"simplified-nav--container container--large\">\n                    <div class=\"simplified-nav--label\">\n                <p>Nos solutions<\/p>\n            <\/div>\n                \n                    <div class=\"simplified-nav--select is-custom-select\">\n                                                    <select onchange=\"window.location=this.value\">\n                                                                                                                                                                                                                                                                                                                                                                                                                        <\/select>\n                            <\/div>\n            <\/div>\n<\/section>\n\n    <style>\n        #block_ffe99ffd547778b38244e8d59b290b68 {\n            margin-top: 56px;\n        }\n\n        @media screen and (min-width: 768px) {\n            #block_ffe99ffd547778b38244e8d59b290b68 {\n                margin-top: 80px;\n            }\n        }\n\n        #block_ffe99ffd547778b38244e8d59b290b68 {\n            margin-bottom: 56px;\n        }\n\n        @media screen and (min-width: 768px) {\n            #block_ffe99ffd547778b38244e8d59b290b68 {\n                margin-bottom: 96px;\n            }\n        }\n\n            <\/style>\n<section class=\"expertises-list\" id=\"block_ffe99ffd547778b38244e8d59b290b68\">\n            <div class=\"expertises-list--title container--large\">\n            <h2>Nos services<\/h2>\n        <\/div>\n                <div class=\"expertises-list--list container--large\">\n                                            <div class=\"card-expertise\">\n                                            <div class=\"card-expertise--image\">\n                            <img decoding=\"async\" src=\"https:\/\/preprod.hiolle-bedrock.weareled.fr\/app\/uploads\/sites\/5\/2025\/03\/AMODIAG_009-e1741819995450.jpg\" alt=\"\">\n                            <span class=\"legend\"><\/span>\n                        <\/div>\n                                        <div class=\"card-expertise--content\">\n                                                    <h4>Etudes d\u2019impact<\/h4>\n                                                                                            <\/div>\n                    <!-- <a href=\"#\"><\/a> -->\n                <\/div>\n                                            <div class=\"card-expertise\">\n                                            <div class=\"card-expertise--image\">\n                            <img decoding=\"async\" src=\"https:\/\/preprod.hiolle-bedrock.weareled.fr\/app\/uploads\/sites\/5\/2025\/03\/AMODIAG_021-e1741820094170.jpg\" alt=\"\">\n                            <span class=\"legend\"><\/span>\n                        <\/div>\n                                        <div class=\"card-expertise--content\">\n                                                    <h4>Dossiers de loi sur l\u2019eau<\/h4>\n                                                                                            <\/div>\n                    <!-- <a href=\"#\"><\/a> -->\n                <\/div>\n                                            <div class=\"card-expertise\">\n                                            <div class=\"card-expertise--image\">\n                            <img decoding=\"async\" src=\"https:\/\/preprod.hiolle-bedrock.weareled.fr\/app\/uploads\/sites\/5\/2025\/03\/amodiag-capture-6.png\" alt=\"\">\n                            <span class=\"legend\"><\/span>\n                        <\/div>\n                                        <div class=\"card-expertise--content\">\n                                                    <h4>\u00c9tudes sur le traitement de l\u2019eau<\/h4>\n                                                                                            <\/div>\n                    <!-- <a href=\"#\"><\/a> -->\n                <\/div>\n                    <\/div>\n    <\/section>\n\n    <style>\n        #block_9bb13eafc0286db7adcbdbe48ec78918 {\n            margin-top: 56px;\n        }\n\n        @media screen and (min-width: 768px) {\n            #block_9bb13eafc0286db7adcbdbe48ec78918 {\n                margin-top: 96px;\n            }\n        }\n\n        #block_9bb13eafc0286db7adcbdbe48ec78918 {\n            margin-bottom: 56px;\n        }\n\n        @media screen and (min-width: 768px) {\n            #block_9bb13eafc0286db7adcbdbe48ec78918 {\n                margin-bottom: 96px;\n            }\n        }\n\n            <\/style>\n    <section class=\"slider-actualites glue nav-medium \" id=\"block_9bb13eafc0286db7adcbdbe48ec78918\">\n                <div class=\"slider-actualites--container\">\n            <div class=\"slider-actualites--header container--large\">\n                                    <div class=\"slider-actualites--title\">\n                        <p class=\"uptitle\">Nos actualit\u00e9s<\/p>\n<h2>D\u00e9couvrez toutes <span style=\"color: #009cde\">nos derni\u00e8res r\u00e9alisations\u00a0<\/span><\/h2>\n                    <\/div>\n                                                    <a href=\"https:\/\/preprod.hiolle-bedrock.weareled.fr\/amodiag-environnement\/nos-actualites\/\" class=\"link dark icon arrow-right\">Voir toutes les actualit\u00e9s<\/a>\n                            <\/div>\n            <div class=\"slider-actualites--slider container--large owl-carousel\">\n                                                        <div class=\"card-actuality\">\n                        <a href=\"https:\/\/preprod.hiolle-bedrock.weareled.fr\/amodiag-environnement\/premiere-mission-pour-amodiag-senegal-2\/\" class=\"card-actuality--link\"><\/a>\n                        <div class=\"card-actuality--image\">\n                                                            <img decoding=\"async\" src=\"https:\/\/preprod.hiolle-bedrock.weareled.fr\/app\/uploads\/sites\/5\/2025\/08\/1743017841486.jpeg\" alt=\"\">\n                                                                                        <div class=\"card-actuality--categories\">\n                                                                            <span class=\"category\">R\u00e9alisations<\/span>\n                                                                    <\/div>\n                                                    <\/div>\n                        <div class=\"card-actuality--content\">\n                            <div class=\"card-actuality--title\">\n                                                                                                                    <span class=\"tag\">AMODIAG ENVIRONNEMENT<\/span>\n                                                                                                                                            <h5>Premi\u00e8re mission pour Amodiag S\u00e9n\u00e9gal !<\/h5>\n                            <\/div>\n                                                        <div class=\"card-actuality--footer\">\n                                <span class=\"date\">26 ao\u00fbt 2025<\/span>\n                                <span class=\"arrow-btn light-green\"><span><\/span><\/span>\n                            <\/div>\n                        <\/div>\n                    <\/div>\n                                                        <div class=\"card-actuality\">\n                        <a href=\"https:\/\/preprod.hiolle-bedrock.weareled.fr\/amodiag-environnement\/travaux-de-desimpermeabilisation-des-cours-decoles\/\" class=\"card-actuality--link\"><\/a>\n                        <div class=\"card-actuality--image\">\n                                                            <img decoding=\"async\" src=\"https:\/\/preprod.hiolle-bedrock.weareled.fr\/app\/uploads\/sites\/5\/2025\/08\/IMG_2709-min.jpg\" alt=\"\">\n                                                                                        <div class=\"card-actuality--categories\">\n                                                                            <span class=\"category\">R\u00e9alisations<\/span>\n                                                                            <span class=\"category\">RSE<\/span>\n                                                                    <\/div>\n                                                    <\/div>\n                        <div class=\"card-actuality--content\">\n                            <div class=\"card-actuality--title\">\n                                                                                                                    <span class=\"tag\">AMODIAG ENVIRONNEMENT<\/span>\n                                                                                                    <h5>Travaux de d\u00e9simperm\u00e9abilisation et de renaturation des cours d\u2019\u00e9coles<\/h5>\n                            <\/div>\n                                                        <div class=\"card-actuality--footer\">\n                                <span class=\"date\">25 ao\u00fbt 2025<\/span>\n                                <span class=\"arrow-btn light-green\"><span><\/span><\/span>\n                            <\/div>\n                        <\/div>\n                    <\/div>\n                            <\/div>\n            <div class=\"slider-actualites--navigation owl-nav container--large\">\n                <span class=\"indicator\"><\/span>\n                <div class=\"slider-actualites--dots owl-dots\"><\/div>\n            <\/div>\n        <\/div>\n    <\/section>\n\n\n    <style>\n        #block_509d288a28fd352ffb841eea513e3716 {\n            margin-top: 56px;\n        }\n\n        @media screen and (min-width: 768px) {\n            #block_509d288a28fd352ffb841eea513e3716 {\n                margin-top: 96px;\n            }\n        }\n\n        #block_509d288a28fd352ffb841eea513e3716 {\n            margin-bottom: 56px;\n        }\n\n        @media screen and (min-width: 768px) {\n            #block_509d288a28fd352ffb841eea513e3716 {\n                margin-bottom: 96px;\n            }\n        }\n\n            <\/style>\n<section class=\"redirection-double \" id=\"block_509d288a28fd352ffb841eea513e3716\">\n        <div class=\"redirection-double--container container--large\">\n                    <div class=\"background\">\n                                                    <h3>Vous souhaitez prendre contact avec nous ?<\/h3>\n<p>Une question ? Une demande particuli\u00e8re ? Un projet ? Contactez-nous d\u00e8s aujourd\u2019hui, nous nous ferons un plaisir de vous r\u00e9pondre dans les plus brefs d\u00e9lais.<\/p>\n                                                    <a href=\"https:\/\/preprod.hiolle-bedrock.weareled.fr\/amodiag-environnement\/contactez-nous\/\" target=\"\" class=\"btn secondary icon arrow-right\">Nous contacter<span><\/span><\/a>\n                            <\/div>\n                            <div class=\"light\">\n                                    <h3>D\u00e9couvrez nos autres solutions !<\/h3>\n<p>Nos \u00e9quipes d\u00e9veloppent de nombreuses solutions pour la gestion du cycle de l&rsquo;eau pour les professionnels de l&rsquo;industrie et les collectivit\u00e9s.<\/p>\n                                                    <a href=\"https:\/\/preprod.hiolle-bedrock.weareled.fr\/amodiag-environnement\/solutions-realisations\/\" target=\"\" class=\"btn icon arrow-right\">Voir nos solutions<span><\/span><\/a>\n                            <\/div>\n            <\/div>\n<\/section>","protected":false},"excerpt":{"rendered":"<p>R\u00e9alisation des diverses \u00e9tudes par notre bureau ind\u00e9pendant<\/p>\n","protected":false},"author":3,"featured_media":415,"parent":37,"menu_order":4,"comment_status":"closed","ping_status":"closed","template":"","meta":{"_acf_changed":false,"_seopress_robots_primary_cat":"","_seopress_titles_title":"","_seopress_titles_desc":"","_seopress_robots_index":"","footnotes":""},"class_list":["post-164","page","type-page","status-publish","has-post-thumbnail","hentry"],"acf":[],"lang":"fr","translations":{"fr":164},"pll_sync_post":[],"_links":{"self":[{"href":"https:\/\/preprod.hiolle-bedrock.weareled.fr\/amodiag-environnement\/wp-json\/wp\/v2\/pages\/164","targetHints":{"allow":["GET"]}}],"collection":[{"href":"https:\/\/preprod.hiolle-bedrock.weareled.fr\/amodiag-environnement\/wp-json\/wp\/v2\/pages"}],"about":[{"href":"https:\/\/preprod.hiolle-bedrock.weareled.fr\/amodiag-environnement\/wp-json\/wp\/v2\/types\/page"}],"author":[{"embeddable":true,"href":"https:\/\/preprod.hiolle-bedrock.weareled.fr\/amodiag-environnement\/wp-json\/wp\/v2\/users\/3"}],"replies":[{"embeddable":true,"href":"https:\/\/preprod.hiolle-bedrock.weareled.fr\/amodiag-environnement\/wp-json\/wp\/v2\/comments?post=164"}],"version-history":[{"count":11,"href":"https:\/\/preprod.hiolle-bedrock.weareled.fr\/amodiag-environnement\/wp-json\/wp\/v2\/pages\/164\/revisions"}],"predecessor-version":[{"id":439,"href":"https:\/\/preprod.hiolle-bedrock.weareled.fr\/amodiag-environnement\/wp-json\/wp\/v2\/pages\/164\/revisions\/439"}],"up":[{"embeddable":true,"href":"https:\/\/preprod.hiolle-bedrock.weareled.fr\/amodiag-environnement\/wp-json\/wp\/v2\/pages\/37"}],"wp:featuredmedia":[{"embeddable":true,"href":"https:\/\/preprod.hiolle-bedrock.weareled.fr\/amodiag-environnement\/wp-json\/wp\/v2\/media\/415"}],"wp:attachment":[{"href":"https:\/\/preprod.hiolle-bedrock.weareled.fr\/amodiag-environnement\/wp-json\/wp\/v2\/media?parent=164"}],"curies":[{"name":"wp","href":"https:\/\/api.w.org\/{rel}","templated":true}]}}