{"id":37,"date":"2024-10-15T11:06:07","date_gmt":"2024-10-15T09:06:07","guid":{"rendered":"https:\/\/preprod.hiolle-bedrock.weareled.fr\/hiolle-logistique\/?page_id=37"},"modified":"2025-03-13T00:04:54","modified_gmt":"2025-03-12T23:04:54","slug":"solutions-realisations","status":"publish","type":"page","link":"https:\/\/preprod.hiolle-bedrock.weareled.fr\/amodiag-environnement\/solutions-realisations\/","title":{"rendered":"Solutions &amp; r\u00e9alisations"},"content":{"rendered":"    <style>\n        #block_9d250a65210a83100a35bf3937a440d6 {\n            margin-top: 0px;\n        }\n\n        @media screen and (min-width: 768px) {\n            #block_9d250a65210a83100a35bf3937a440d6 {\n                margin-top: 0px;\n            }\n        }\n\n        #block_9d250a65210a83100a35bf3937a440d6 {\n            margin-bottom: 56px;\n        }\n\n        @media screen and (min-width: 768px) {\n            #block_9d250a65210a83100a35bf3937a440d6 {\n                margin-bottom: 96px;\n            }\n        }\n\n            <\/style>\n<section class=\"hero hero--secondary\" id=\"block_9d250a65210a83100a35bf3937a440d6\">\n    <div class=\"hero--container\">\n                    <div class=\"hero--img\">\n                <img decoding=\"async\" src=\"https:\/\/preprod.hiolle-bedrock.weareled.fr\/app\/uploads\/sites\/5\/2025\/03\/AMODIAG_043.jpg\" alt=\"\">\n            <\/div>\n                <div class=\"hero--container-content\">\n                                                    <div class=\"hero--content\">\n                    <p class=\"uptitle\">Solutions &amp; r\u00e9alisations<\/p>\n<h1>Bureau d\u2019\u00e9tudes ind\u00e9pendant, expert de l\u2019eau<\/h1>\n<p>AMODIAG ENVIRONNEMENT propose des solutions compl\u00e8tes de gestion de l\u2019eau et des am\u00e9nagements urbains via des diagnostics et \u00e9tudes techniques, de l\u2019assistance \u00e0 ma\u00eetrise d\u2019ouvrage, de la d\u00e9l\u00e9gation de service public et de la ma\u00eetrise d\u2019\u0153uvre.<\/p>\n                <\/div>\n                                <\/div>\n    <\/div>\n<\/section>\n\n    <style>\n        #block_e747d0d99af158427d9264358ae30e31 {\n            margin-top: 56px;\n        }\n\n        @media screen and (min-width: 768px) {\n            #block_e747d0d99af158427d9264358ae30e31 {\n                margin-top: 96px;\n            }\n        }\n\n        #block_e747d0d99af158427d9264358ae30e31 {\n            margin-bottom: 56px;\n        }\n\n        @media screen and (min-width: 768px) {\n            #block_e747d0d99af158427d9264358ae30e31 {\n                margin-bottom: 96px;\n            }\n        }\n\n            <\/style>\n    <section class=\"solutions-list\" id=\"block_e747d0d99af158427d9264358ae30e31\">\n        <div class=\"solutions-list--container container--large\">\n                            <div class=\"solutions-list--title\">\n                    <h2>Les <span style=\"color: #009cde\">solutions<\/span><\/h2>\n<h2>d&rsquo;AMODIAG ENVIRONNEMENT<\/h2>\n                <\/div>\n                        <div class=\"solutions-list--cards-solution\">\n                                                    <div class=\"card-solution--item   is-page-link\" data-count=\"1\" data-solution=\"assistance-a-maitrise-douvrage\">\n                                                    <div class=\"card-solution--item-img\">\n                                <a href=\"https:\/\/preprod.hiolle-bedrock.weareled.fr\/amodiag-environnement\/solutions-realisations\/assistance-a-maitrise-douvrage\/\"><img decoding=\"async\" src=\"https:\/\/preprod.hiolle-bedrock.weareled.fr\/app\/uploads\/sites\/5\/2025\/03\/AMODIAG_033-e1741816689116.jpg\" alt=\"image de fond de la carte\"><\/a>\n                            <\/div>\n                                                <div class=\"card-solution--item-inner\">\n                            <h4><a href=\"https:\/\/preprod.hiolle-bedrock.weareled.fr\/amodiag-environnement\/solutions-realisations\/assistance-a-maitrise-douvrage\/\">Assistance \u00e0 ma\u00eetrise d\u2019ouvrage\u00a0<\/a><\/h4>\n                            <p>Aide \u00e0 l\u2019identification des besoins et \u00e0 l\u2019\u00e9criture du cahier des charges\u00a0<\/p>\n                            <a href=\"https:\/\/preprod.hiolle-bedrock.weareled.fr\/amodiag-environnement\/solutions-realisations\/assistance-a-maitrise-douvrage\/\" class=\"link dark icon arrow-right\">En savoir plus<\/a>\n                                                    <\/div>\n                    <\/div>\n                                                                            <div class=\"card-solution--item   is-page-link\" data-count=\"2\" data-solution=\"maitrise-doeuvre\">\n                                                    <div class=\"card-solution--item-img\">\n                                <a href=\"https:\/\/preprod.hiolle-bedrock.weareled.fr\/amodiag-environnement\/solutions-realisations\/maitrise-doeuvre\/\"><img decoding=\"async\" src=\"https:\/\/preprod.hiolle-bedrock.weareled.fr\/app\/uploads\/sites\/5\/2025\/03\/20231017_113400-min.jpg\" alt=\"image de fond de la carte\"><\/a>\n                            <\/div>\n                                                <div class=\"card-solution--item-inner\">\n                            <h4><a href=\"https:\/\/preprod.hiolle-bedrock.weareled.fr\/amodiag-environnement\/solutions-realisations\/maitrise-doeuvre\/\">Ma\u00eetrise d\u2019\u0153uvre<\/a><\/h4>\n                            <p>Accompagnement au lancement des consultations et \u00e0 la prise de d\u00e9cision<\/p>\n                            <a href=\"https:\/\/preprod.hiolle-bedrock.weareled.fr\/amodiag-environnement\/solutions-realisations\/maitrise-doeuvre\/\" class=\"link dark icon arrow-right\">En savoir plus<\/a>\n                                                    <\/div>\n                    <\/div>\n                                                                            <div class=\"card-solution--item   is-page-link\" data-count=\"3\" data-solution=\"diagnostics\">\n                                                    <div class=\"card-solution--item-img\">\n                                <a href=\"https:\/\/preprod.hiolle-bedrock.weareled.fr\/amodiag-environnement\/solutions-realisations\/diagnostics\/\"><img decoding=\"async\" src=\"https:\/\/preprod.hiolle-bedrock.weareled.fr\/app\/uploads\/sites\/5\/2025\/03\/AMODIAG_059-e1741816388697.jpg\" alt=\"image de fond de la carte\"><\/a>\n                            <\/div>\n                                                <div class=\"card-solution--item-inner\">\n                            <h4><a href=\"https:\/\/preprod.hiolle-bedrock.weareled.fr\/amodiag-environnement\/solutions-realisations\/diagnostics\/\">Diagnostics<\/a><\/h4>\n                            <p>Identification de l\u2019\u00e9tat de fonctionnement des r\u00e9seaux d\u2019eau<\/p>\n                            <a href=\"https:\/\/preprod.hiolle-bedrock.weareled.fr\/amodiag-environnement\/solutions-realisations\/diagnostics\/\" class=\"link dark icon arrow-right\">En savoir plus<\/a>\n                                                    <\/div>\n                    <\/div>\n                                                                            <div class=\"card-solution--item   is-page-link\" data-count=\"4\" data-solution=\"elaboration-de-schemas-directeurs\">\n                                                    <div class=\"card-solution--item-img\">\n                                <a href=\"https:\/\/preprod.hiolle-bedrock.weareled.fr\/amodiag-environnement\/solutions-realisations\/elaboration-de-schemas-directeurs\/\"><img decoding=\"async\" src=\"https:\/\/preprod.hiolle-bedrock.weareled.fr\/app\/uploads\/sites\/5\/2025\/03\/timthumb-e1741820520839.png\" alt=\"image de fond de la carte\"><\/a>\n                            <\/div>\n                                                <div class=\"card-solution--item-inner\">\n                            <h4><a href=\"https:\/\/preprod.hiolle-bedrock.weareled.fr\/amodiag-environnement\/solutions-realisations\/elaboration-de-schemas-directeurs\/\">\u00c9laboration de sch\u00e9mas directeurs\u00a0<\/a><\/h4>\n                            <p>Aide \u00e0 l\u2019identification et organisation des travaux sur les r\u00e9seaux d\u2019eau\u00a0<\/p>\n                            <a href=\"https:\/\/preprod.hiolle-bedrock.weareled.fr\/amodiag-environnement\/solutions-realisations\/elaboration-de-schemas-directeurs\/\" class=\"link dark icon arrow-right\">En savoir plus<\/a>\n                                                    <\/div>\n                    <\/div>\n                                                                            <div class=\"card-solution--item   is-page-link\" data-count=\"5\" data-solution=\"gestion-de-la-ressource-en-eau\">\n                                                    <div class=\"card-solution--item-img\">\n                                <a href=\"https:\/\/preprod.hiolle-bedrock.weareled.fr\/amodiag-environnement\/solutions-realisations\/gestion-de-la-ressource-en-eau\/\"><img decoding=\"async\" src=\"https:\/\/preprod.hiolle-bedrock.weareled.fr\/app\/uploads\/sites\/5\/2025\/03\/amodiag-capture-3.png\" alt=\"image de fond de la carte\"><\/a>\n                            <\/div>\n                                                <div class=\"card-solution--item-inner\">\n                            <h4><a href=\"https:\/\/preprod.hiolle-bedrock.weareled.fr\/amodiag-environnement\/solutions-realisations\/gestion-de-la-ressource-en-eau\/\">Gestion de la ressource en eau<\/a><\/h4>\n                            <p>Aide \u00e0 la recherche et \u00e0 la protection de la ressource en eau<\/p>\n                            <a href=\"https:\/\/preprod.hiolle-bedrock.weareled.fr\/amodiag-environnement\/solutions-realisations\/gestion-de-la-ressource-en-eau\/\" class=\"link dark icon arrow-right\">En savoir plus<\/a>\n                                                    <\/div>\n                    <\/div>\n                                                                            <div class=\"card-solution--item   is-page-link\" data-count=\"6\" data-solution=\"delegation-de-service-public\">\n                                                    <div class=\"card-solution--item-img\">\n                                <a href=\"https:\/\/preprod.hiolle-bedrock.weareled.fr\/amodiag-environnement\/solutions-realisations\/delegation-de-service-public\/\"><img decoding=\"async\" src=\"https:\/\/preprod.hiolle-bedrock.weareled.fr\/app\/uploads\/sites\/5\/2025\/03\/amodiag-capture-4.png\" alt=\"image de fond de la carte\"><\/a>\n                            <\/div>\n                                                <div class=\"card-solution--item-inner\">\n                            <h4><a href=\"https:\/\/preprod.hiolle-bedrock.weareled.fr\/amodiag-environnement\/solutions-realisations\/delegation-de-service-public\/\">D\u00e9l\u00e9gation de service public<\/a><\/h4>\n                            <p>R\u00e9\u00e9valuation des besoins et lancement des consultations, jusqu\u2019\u00e0 la re n\u00e9gociation avec les prestataires<\/p>\n                            <a href=\"https:\/\/preprod.hiolle-bedrock.weareled.fr\/amodiag-environnement\/solutions-realisations\/delegation-de-service-public\/\" class=\"link dark icon arrow-right\">En savoir plus<\/a>\n                                                    <\/div>\n                    <\/div>\n                                                                            <div class=\"card-solution--item   is-page-link\" data-count=\"7\" data-solution=\"etudes-reglementaires\">\n                                                    <div class=\"card-solution--item-img\">\n                                <a href=\"https:\/\/preprod.hiolle-bedrock.weareled.fr\/amodiag-environnement\/solutions-realisations\/etudes-reglementaires\/\"><img decoding=\"async\" src=\"https:\/\/preprod.hiolle-bedrock.weareled.fr\/app\/uploads\/sites\/5\/2025\/03\/amodiag-capture.png\" alt=\"image de fond de la carte\"><\/a>\n                            <\/div>\n                                                <div class=\"card-solution--item-inner\">\n                            <h4><a href=\"https:\/\/preprod.hiolle-bedrock.weareled.fr\/amodiag-environnement\/solutions-realisations\/etudes-reglementaires\/\">\u00c9tudes r\u00e9glementaires<\/a><\/h4>\n                            <p>R\u00e9alisation des diverses \u00e9tudes par notre bureau ind\u00e9pendant<\/p>\n                            <a href=\"https:\/\/preprod.hiolle-bedrock.weareled.fr\/amodiag-environnement\/solutions-realisations\/etudes-reglementaires\/\" class=\"link dark icon arrow-right\">En savoir plus<\/a>\n                                                    <\/div>\n                    <\/div>\n                                                                    <\/div>\n                    <\/div>\n    <\/section>\n\n\n    <style>\n        #block_b9190303df50d7057c7f0cf85cdcacaa {\n            margin-top: 56px;\n        }\n\n        @media screen and (min-width: 768px) {\n            #block_b9190303df50d7057c7f0cf85cdcacaa {\n                margin-top: 96px;\n            }\n        }\n\n        #block_b9190303df50d7057c7f0cf85cdcacaa {\n            margin-bottom: 56px;\n        }\n\n        @media screen and (min-width: 768px) {\n            #block_b9190303df50d7057c7f0cf85cdcacaa {\n                margin-bottom: 96px;\n            }\n        }\n\n            <\/style>\n<section class=\"slider-logos glue\" id=\"block_b9190303df50d7057c7f0cf85cdcacaa\">\n    <div class=\"slider-logos--container container\">\n                            <div class=\"slider-logos--title\">\n                <h3>Ils nous font <span style=\"color: #009cde\">confiance !<\/span><\/h3>\n                            <\/div>\n                            <div class=\"slider-logos--content-container\">\n                <div class=\"slider-logos--content\">\n                    <div class=\"slider-logos--content-item\">\n                                                                                                                <img decoding=\"async\" src=\"https:\/\/preprod.hiolle-bedrock.weareled.fr\/app\/uploads\/sites\/5\/2025\/03\/images-1.png\" alt=\"\">\n                                                                                                                                            <img decoding=\"async\" src=\"https:\/\/preprod.hiolle-bedrock.weareled.fr\/app\/uploads\/sites\/5\/2025\/03\/Communaute_urbaine_dArras_logo.svg.png\" alt=\"\">\n                                                                                                                                            <img decoding=\"async\" src=\"https:\/\/preprod.hiolle-bedrock.weareled.fr\/app\/uploads\/sites\/5\/2025\/03\/Etude-paysrethelois.png\" alt=\"\">\n                                                                                                                                            <img decoding=\"async\" src=\"https:\/\/preprod.hiolle-bedrock.weareled.fr\/app\/uploads\/sites\/5\/2025\/03\/CUGR_logo_rm_header.png\" alt=\"\">\n                                                                                                                                            <img decoding=\"async\" src=\"https:\/\/preprod.hiolle-bedrock.weareled.fr\/app\/uploads\/sites\/5\/2025\/03\/SUEZ_HD-1.png\" alt=\"\">\n                                                                                                                                            <img decoding=\"async\" src=\"https:\/\/preprod.hiolle-bedrock.weareled.fr\/app\/uploads\/sites\/5\/2025\/03\/vpzDZHYWFKrY-l9eL9yaecnBfTuiBXDPctf7D8xqrt0-scaled.jpg\" alt=\"\">\n                                                                        <\/div>\n                <\/div>\n            <\/div>\n            <\/div>\n<\/section>\n\n    <style>\n        #block_7680e09149df0c6eef41e6e10f565e39 {\n            margin-top: 56px;\n        }\n\n        @media screen and (min-width: 768px) {\n            #block_7680e09149df0c6eef41e6e10f565e39 {\n                margin-top: 96px;\n            }\n        }\n\n        #block_7680e09149df0c6eef41e6e10f565e39 {\n            margin-bottom: 56px;\n        }\n\n        @media screen and (min-width: 768px) {\n            #block_7680e09149df0c6eef41e6e10f565e39 {\n                margin-bottom: 96px;\n            }\n        }\n\n            <\/style>\n    <section class=\"slider-actualites glue nav-medium \" id=\"block_7680e09149df0c6eef41e6e10f565e39\">\n                <div class=\"slider-actualites--container\">\n            <div class=\"slider-actualites--header container--large\">\n                                    <div class=\"slider-actualites--title\">\n                        <p class=\"uptitle\">Nos actualit\u00e9s<\/p>\n<h2>D\u00e9couvrez toutes <span style=\"color: #009cde\">nos derni\u00e8res r\u00e9alisations<\/span><\/h2>\n                    <\/div>\n                                                    <a href=\"https:\/\/preprod.hiolle-bedrock.weareled.fr\/amodiag-environnement\/nos-actualites\/\" class=\"link dark icon arrow-right\">Voir toutes les actualit\u00e9s<\/a>\n                            <\/div>\n            <div class=\"slider-actualites--slider container--large owl-carousel\">\n                                                        <div class=\"card-actuality\">\n                        <a href=\"https:\/\/preprod.hiolle-bedrock.weareled.fr\/amodiag-environnement\/premiere-mission-pour-amodiag-senegal-2\/\" class=\"card-actuality--link\"><\/a>\n                        <div class=\"card-actuality--image\">\n                                                            <img decoding=\"async\" src=\"https:\/\/preprod.hiolle-bedrock.weareled.fr\/app\/uploads\/sites\/5\/2025\/08\/1743017841486.jpeg\" alt=\"\">\n                                                                                        <div class=\"card-actuality--categories\">\n                                                                            <span class=\"category\">R\u00e9alisations<\/span>\n                                                                    <\/div>\n                                                    <\/div>\n                        <div class=\"card-actuality--content\">\n                            <div class=\"card-actuality--title\">\n                                                                                                                    <span class=\"tag\">AMODIAG ENVIRONNEMENT<\/span>\n                                                                                                                                            <h5>Premi\u00e8re mission pour Amodiag S\u00e9n\u00e9gal !<\/h5>\n                            <\/div>\n                                                        <div class=\"card-actuality--footer\">\n                                <span class=\"date\">26 ao\u00fbt 2025<\/span>\n                                <span class=\"arrow-btn light-green\"><span><\/span><\/span>\n                            <\/div>\n                        <\/div>\n                    <\/div>\n                                                        <div class=\"card-actuality\">\n                        <a href=\"https:\/\/preprod.hiolle-bedrock.weareled.fr\/amodiag-environnement\/travaux-de-desimpermeabilisation-des-cours-decoles\/\" class=\"card-actuality--link\"><\/a>\n                        <div class=\"card-actuality--image\">\n                                                            <img decoding=\"async\" src=\"https:\/\/preprod.hiolle-bedrock.weareled.fr\/app\/uploads\/sites\/5\/2025\/08\/IMG_2709-min.jpg\" alt=\"\">\n                                                                                        <div class=\"card-actuality--categories\">\n                                                                            <span class=\"category\">R\u00e9alisations<\/span>\n                                                                            <span class=\"category\">RSE<\/span>\n                                                                    <\/div>\n                                                    <\/div>\n                        <div class=\"card-actuality--content\">\n                            <div class=\"card-actuality--title\">\n                                                                                                                    <span class=\"tag\">AMODIAG ENVIRONNEMENT<\/span>\n                                                                                                    <h5>Travaux de d\u00e9simperm\u00e9abilisation et de renaturation des cours d\u2019\u00e9coles<\/h5>\n                            <\/div>\n                                                        <div class=\"card-actuality--footer\">\n                                <span class=\"date\">25 ao\u00fbt 2025<\/span>\n                                <span class=\"arrow-btn light-green\"><span><\/span><\/span>\n                            <\/div>\n                        <\/div>\n                    <\/div>\n                            <\/div>\n            <div class=\"slider-actualites--navigation owl-nav container--large\">\n                <span class=\"indicator\"><\/span>\n                <div class=\"slider-actualites--dots owl-dots\"><\/div>\n            <\/div>\n        <\/div>\n    <\/section>\n\n\n    <style>\n        #block_b33519a84a1368dd3738a3eb3f5801dc {\n            margin-top: 56px;\n        }\n\n        @media screen and (min-width: 768px) {\n            #block_b33519a84a1368dd3738a3eb3f5801dc {\n                margin-top: 96px;\n            }\n        }\n\n        #block_b33519a84a1368dd3738a3eb3f5801dc {\n            margin-bottom: 56px;\n        }\n\n        @media screen and (min-width: 768px) {\n            #block_b33519a84a1368dd3738a3eb3f5801dc {\n                margin-bottom: 96px;\n            }\n        }\n\n            <\/style>\n<section class=\"redirection-double \" id=\"block_b33519a84a1368dd3738a3eb3f5801dc\">\n        <div class=\"redirection-double--container container--large\">\n                    <div class=\"background\">\n                                                    <h3>Vous souhaitez prendre contact avec nous ?<\/h3>\n<p>Une question ? Une demande particuli\u00e8re ? Un projet ? Contactez-nous d\u00e8s aujourd\u2019hui, nous nous ferons un plaisir de vous r\u00e9pondre dans les plus brefs d\u00e9lais.<\/p>\n                                                    <a href=\"https:\/\/preprod.hiolle-bedrock.weareled.fr\/amodiag-environnement\/contactez-nous\/\" target=\"\" class=\"btn secondary icon arrow-right\">Nous contacter<span><\/span><\/a>\n                            <\/div>\n                            <div class=\"light\">\n                                    <h3>Envie de rejoindre l\u2019aventure AMODIAG ENVIRONNEMENT ?<\/h3>\n<p>Rejoignez un mouvement en constante \u00e9volution, dans une entreprise familiale et conviviale !<\/p>\n                                                    <a href=\"https:\/\/preprod.hiolle-bedrock.weareled.fr\/amodiag-environnement\/nous-rejoindre\/\" target=\"\" class=\"btn icon arrow-right\">Consulter les offres<span><\/span><\/a>\n                            <\/div>\n            <\/div>\n<\/section>","protected":false},"excerpt":{"rendered":"","protected":false},"author":1,"featured_media":0,"parent":0,"menu_order":0,"comment_status":"closed","ping_status":"closed","template":"","meta":{"_acf_changed":false,"_seopress_robots_primary_cat":"","_seopress_titles_title":"","_seopress_titles_desc":"","_seopress_robots_index":"","footnotes":""},"class_list":["post-37","page","type-page","status-publish","hentry"],"acf":[],"lang":"fr","translations":{"fr":37},"pll_sync_post":[],"_links":{"self":[{"href":"https:\/\/preprod.hiolle-bedrock.weareled.fr\/amodiag-environnement\/wp-json\/wp\/v2\/pages\/37","targetHints":{"allow":["GET"]}}],"collection":[{"href":"https:\/\/preprod.hiolle-bedrock.weareled.fr\/amodiag-environnement\/wp-json\/wp\/v2\/pages"}],"about":[{"href":"https:\/\/preprod.hiolle-bedrock.weareled.fr\/amodiag-environnement\/wp-json\/wp\/v2\/types\/page"}],"author":[{"embeddable":true,"href":"https:\/\/preprod.hiolle-bedrock.weareled.fr\/amodiag-environnement\/wp-json\/wp\/v2\/users\/1"}],"replies":[{"embeddable":true,"href":"https:\/\/preprod.hiolle-bedrock.weareled.fr\/amodiag-environnement\/wp-json\/wp\/v2\/comments?post=37"}],"version-history":[{"count":7,"href":"https:\/\/preprod.hiolle-bedrock.weareled.fr\/amodiag-environnement\/wp-json\/wp\/v2\/pages\/37\/revisions"}],"predecessor-version":[{"id":445,"href":"https:\/\/preprod.hiolle-bedrock.weareled.fr\/amodiag-environnement\/wp-json\/wp\/v2\/pages\/37\/revisions\/445"}],"wp:attachment":[{"href":"https:\/\/preprod.hiolle-bedrock.weareled.fr\/amodiag-environnement\/wp-json\/wp\/v2\/media?parent=37"}],"curies":[{"name":"wp","href":"https:\/\/api.w.org\/{rel}","templated":true}]}}