{"id":82,"date":"2024-10-15T11:23:44","date_gmt":"2024-10-15T09:23:44","guid":{"rendered":"https:\/\/preprod.hiolle-bedrock.weareled.fr\/hiolle-logistique\/?page_id=82"},"modified":"2025-08-19T16:34:48","modified_gmt":"2025-08-19T14:34:48","slug":"plan-de-site","status":"publish","type":"page","link":"https:\/\/preprod.hiolle-bedrock.weareled.fr\/amodiag-environnement\/plan-de-site\/","title":{"rendered":"Plan de site"},"content":{"rendered":"<div class=\"wrap-html-sitemap sp-html-sitemap\"><div class=\"sp-wrap-cpt\"><h2 class=\"sp-cpt-name\">Pages<\/h2><ul class=\"sp-list-posts sp-cpt-hierarchical\"><li class=\"page_item page-item-16\"><a href=\"https:\/\/preprod.hiolle-bedrock.weareled.fr\/amodiag-environnement\/\">Accueil<\/a><\/li><li class=\"page_item page-item-23\"><a href=\"https:\/\/preprod.hiolle-bedrock.weareled.fr\/amodiag-environnement\/en\/homepage\/\">Homepage<\/a><\/li><li class=\"page_item page-item-28\"><a href=\"https:\/\/preprod.hiolle-bedrock.weareled.fr\/amodiag-environnement\/nous-connaitre\/\">Nous conna\u00eetre<\/a><\/li><li class=\"page_item page-item-37\"><a href=\"https:\/\/preprod.hiolle-bedrock.weareled.fr\/amodiag-environnement\/solutions-realisations\/\">Solutions &amp; r\u00e9alisations<\/a><ul class='children'><li class=\"page_item page-item-139\"><a href=\"https:\/\/preprod.hiolle-bedrock.weareled.fr\/amodiag-environnement\/solutions-realisations\/assistance-a-maitrise-douvrage\/\">Assistance \u00e0 ma\u00eetrise d\u2019ouvrage\u00a0<\/a><\/li><li class=\"page_item page-item-143\"><a href=\"https:\/\/preprod.hiolle-bedrock.weareled.fr\/amodiag-environnement\/solutions-realisations\/diagnostics\/\">Diagnostics<\/a><\/li><li class=\"page_item page-item-148\"><a href=\"https:\/\/preprod.hiolle-bedrock.weareled.fr\/amodiag-environnement\/solutions-realisations\/elaboration-de-schemas-directeurs\/\">\u00c9laboration de sch\u00e9mas directeurs\u00a0<\/a><\/li><li class=\"page_item page-item-152\"><a href=\"https:\/\/preprod.hiolle-bedrock.weareled.fr\/amodiag-environnement\/solutions-realisations\/gestion-de-la-ressource-en-eau\/\">Gestion de la ressource en eau<\/a><\/li><li class=\"page_item page-item-156\"><a href=\"https:\/\/preprod.hiolle-bedrock.weareled.fr\/amodiag-environnement\/solutions-realisations\/maitrise-doeuvre\/\">Ma\u00eetrise d\u2019\u0153uvre<\/a><\/li><li class=\"page_item page-item-160\"><a href=\"https:\/\/preprod.hiolle-bedrock.weareled.fr\/amodiag-environnement\/solutions-realisations\/delegation-de-service-public\/\">D\u00e9l\u00e9gation de service public<\/a><\/li><li class=\"page_item page-item-164\"><a href=\"https:\/\/preprod.hiolle-bedrock.weareled.fr\/amodiag-environnement\/solutions-realisations\/etudes-reglementaires\/\">\u00c9tudes r\u00e9glementaires<\/a><\/li><\/ul><\/li><li class=\"page_item page-item-42\"><a href=\"https:\/\/preprod.hiolle-bedrock.weareled.fr\/amodiag-environnement\/nous-rejoindre\/\">Nous rejoindre<\/a><\/li><li class=\"page_item page-item-50\"><a href=\"https:\/\/preprod.hiolle-bedrock.weareled.fr\/amodiag-environnement\/nos-actualites\/\">Nos actualit\u00e9s<\/a><\/li><li class=\"page_item page-item-54\"><a href=\"https:\/\/preprod.hiolle-bedrock.weareled.fr\/amodiag-environnement\/contactez-nous\/\">Contactez-nous<\/a><\/li><li class=\"page_item page-item-58\"><a href=\"https:\/\/preprod.hiolle-bedrock.weareled.fr\/amodiag-environnement\/mentions-legales\/\">Mentions l\u00e9gales<\/a><\/li><li class=\"page_item page-item-75\"><a href=\"https:\/\/preprod.hiolle-bedrock.weareled.fr\/amodiag-environnement\/politique-de-confidentialite\/\">Politique de confidentialit\u00e9<\/a><\/li><li class=\"page_item page-item-82\"><a href=\"https:\/\/preprod.hiolle-bedrock.weareled.fr\/amodiag-environnement\/plan-de-site\/\">Plan de site<\/a><\/li><li class=\"page_item page-item-813\"><a href=\"https:\/\/preprod.hiolle-bedrock.weareled.fr\/amodiag-environnement\/confirmation-contact\/\">Confirmation contact<\/a><\/li><\/ul><\/div><div class=\"sp-wrap-cpt\"><h2 class=\"sp-cpt-name\">Articles<\/h2><ul class=\"sp-list-posts\"><li><a href=\"https:\/\/preprod.hiolle-bedrock.weareled.fr\/amodiag-environnement\/travaux-de-desimpermeabilisation-des-cours-decoles\/\">Travaux de d\u00e9simperm\u00e9abilisation et de renaturation des cours d\u2019\u00e9coles<\/a> - 25 ao\u00fbt 2025<\/li><li><a href=\"https:\/\/preprod.hiolle-bedrock.weareled.fr\/amodiag-environnement\/une-collaboration-inter-filiales-reussie\/\">Une collaboration inter-filiales r\u00e9ussie !<\/a> - 26 ao\u00fbt 2025<\/li><li><a href=\"https:\/\/preprod.hiolle-bedrock.weareled.fr\/amodiag-environnement\/retour-en-images-sur-nos-chantiers-estivaux\/\">Retour en images sur nos chantiers estivaux<\/a> - 26 ao\u00fbt 2025<\/li><li><a href=\"https:\/\/preprod.hiolle-bedrock.weareled.fr\/amodiag-environnement\/renovation-robotique-hiolle-technologies-a-remis-en-etat-135-robots\/\">R\u00e9novation robotique d&rsquo;ampleur !<\/a> - 26 ao\u00fbt 2025<\/li><li><a href=\"https:\/\/preprod.hiolle-bedrock.weareled.fr\/amodiag-environnement\/un-projet-de-chaudronnerie-sur-mesure\/\">Un projet de chaudronnerie sur-mesure !<\/a> - 26 ao\u00fbt 2025<\/li><li><a href=\"https:\/\/preprod.hiolle-bedrock.weareled.fr\/amodiag-environnement\/supervision-dune-installation-a-taiwan\/\">Supervision d&rsquo;une installation \u00e0 Ta\u00efwan<\/a> - 26 ao\u00fbt 2025<\/li><li><a href=\"https:\/\/preprod.hiolle-bedrock.weareled.fr\/amodiag-environnement\/premiere-mission-pour-amodiag-senegal-2\/\">Premi\u00e8re mission pour Amodiag S\u00e9n\u00e9gal !<\/a> - 26 ao\u00fbt 2025<\/li><li><a href=\"https:\/\/preprod.hiolle-bedrock.weareled.fr\/amodiag-environnement\/nos-chiffres-cles-2024-sont-disponibles\/\">Nos chiffres cl\u00e9s 2024 sont disponibles !<\/a> - 27 ao\u00fbt 2025<\/li><li><a href=\"https:\/\/preprod.hiolle-bedrock.weareled.fr\/amodiag-environnement\/lapprentissage-fait-son-grand-retour\/\">L&rsquo;apprentissage fait son grand retour !<\/a> - 5 d\u00e9cembre 2025<\/li><li><a href=\"https:\/\/preprod.hiolle-bedrock.weareled.fr\/amodiag-environnement\/renouvellement-de-notre-certification-iso-9001\/\">Renouvellement de notre certification ISO 9001<\/a> - 29 janvier 2026<\/li><li><a href=\"https:\/\/preprod.hiolle-bedrock.weareled.fr\/amodiag-environnement\/bilan-de-la-periode-estivale-de-belles-realisations-et-des-clients-satisfaits-3\/\">Bilan de la p\u00e9riode estivale : de belles r\u00e9alisations et des clients satisfaits !<\/a> - 3 mars 2026<\/li><li><a href=\"https:\/\/preprod.hiolle-bedrock.weareled.fr\/amodiag-environnement\/publication-de-lindex-egalite-professionnelle-femmes-hommes-pour-lannee-2026\/\">Publication de l&rsquo;index \u00e9galit\u00e9 professionnelle femmes-hommes pour l&rsquo;ann\u00e9e 2026<\/a> - 3 mars 2026<\/li><li><a href=\"https:\/\/preprod.hiolle-bedrock.weareled.fr\/amodiag-environnement\/stockage-industriel-et-gestion-des-surplus-de-production\/\">Stockage industriel et gestion des surplus de production<\/a> - 16 mars 2026<\/li><li><a href=\"https:\/\/preprod.hiolle-bedrock.weareled.fr\/amodiag-environnement\/demontage-dun-pont-roulant-bipoutre-de-10t-une-operation-securisee-et-maitrisee\/\">D\u00e9montage d\u2019un pont roulant bipoutre de 10T<\/a> - 16 mars 2026<\/li><li><a href=\"https:\/\/preprod.hiolle-bedrock.weareled.fr\/amodiag-environnement\/hiolle-technologies-participe-au-salon-global-industrie-2026\/\">Rendez-vous \u00e0 Global Industrie<\/a> - 20 mars 2026<\/li><li><a href=\"https:\/\/preprod.hiolle-bedrock.weareled.fr\/amodiag-environnement\/pro-formation-demenage-a-quarouble\/\">PRO Formation d\u00e9m\u00e9nage \u00e0 Quarouble !<\/a> - 31 mars 2026<\/li><\/ul><\/div><\/div>\n","protected":false},"excerpt":{"rendered":"","protected":false},"author":1,"featured_media":0,"parent":0,"menu_order":0,"comment_status":"closed","ping_status":"closed","template":"","meta":{"_acf_changed":false,"_seopress_robots_primary_cat":"","_seopress_titles_title":"","_seopress_titles_desc":"","_seopress_robots_index":"","footnotes":""},"class_list":["post-82","page","type-page","status-publish","hentry"],"acf":[],"lang":"fr","translations":{"fr":82},"pll_sync_post":[],"_links":{"self":[{"href":"https:\/\/preprod.hiolle-bedrock.weareled.fr\/amodiag-environnement\/wp-json\/wp\/v2\/pages\/82","targetHints":{"allow":["GET"]}}],"collection":[{"href":"https:\/\/preprod.hiolle-bedrock.weareled.fr\/amodiag-environnement\/wp-json\/wp\/v2\/pages"}],"about":[{"href":"https:\/\/preprod.hiolle-bedrock.weareled.fr\/amodiag-environnement\/wp-json\/wp\/v2\/types\/page"}],"author":[{"embeddable":true,"href":"https:\/\/preprod.hiolle-bedrock.weareled.fr\/amodiag-environnement\/wp-json\/wp\/v2\/users\/1"}],"replies":[{"embeddable":true,"href":"https:\/\/preprod.hiolle-bedrock.weareled.fr\/amodiag-environnement\/wp-json\/wp\/v2\/comments?post=82"}],"version-history":[{"count":1,"href":"https:\/\/preprod.hiolle-bedrock.weareled.fr\/amodiag-environnement\/wp-json\/wp\/v2\/pages\/82\/revisions"}],"predecessor-version":[{"id":582,"href":"https:\/\/preprod.hiolle-bedrock.weareled.fr\/amodiag-environnement\/wp-json\/wp\/v2\/pages\/82\/revisions\/582"}],"wp:attachment":[{"href":"https:\/\/preprod.hiolle-bedrock.weareled.fr\/amodiag-environnement\/wp-json\/wp\/v2\/media?parent=82"}],"curies":[{"name":"wp","href":"https:\/\/api.w.org\/{rel}","templated":true}]}}