{"id":117,"date":"2024-10-22T10:44:53","date_gmt":"2024-10-22T08:44:53","guid":{"rendered":"https:\/\/preprod.hiolle-bedrock.weareled.fr\/graff\/?page_id=117"},"modified":"2025-07-23T11:24:22","modified_gmt":"2025-07-23T09:24:22","slug":"conception-fabrication-et-montage-douvrages-metalliques-complexes","status":"publish","type":"page","link":"https:\/\/preprod.hiolle-bedrock.weareled.fr\/graff\/solutions-realisations\/conception-fabrication-et-montage-douvrages-metalliques-complexes\/","title":{"rendered":"Conception, fabrication et montage d\u2019ouvrages m\u00e9talliques complexes"},"content":{"rendered":"    <style>\n        #block_96abab701f372b03388abe1bf682402e {\n            margin-top: 0px;\n        }\n\n        @media screen and (min-width: 768px) {\n            #block_96abab701f372b03388abe1bf682402e {\n                margin-top: 0px;\n            }\n        }\n\n        #block_96abab701f372b03388abe1bf682402e {\n            margin-bottom: 56px;\n        }\n\n        @media screen and (min-width: 768px) {\n            #block_96abab701f372b03388abe1bf682402e {\n                margin-bottom: 96px;\n            }\n        }\n\n            <\/style>\n<section class=\"hero hero--secondary\" id=\"block_96abab701f372b03388abe1bf682402e\">\n    <div class=\"hero--container\">\n                    <div class=\"hero--img\">\n                <img decoding=\"async\" src=\"https:\/\/preprod.hiolle-bedrock.weareled.fr\/app\/uploads\/sites\/6\/2025\/01\/GRAFF_038.jpg\" alt=\"Collaborateur en train de souder\">\n            <\/div>\n                <div class=\"hero--container-content\">\n                                                    <div class=\"hero--content\">\n                    <p class=\"uptitle\">Solutions &amp; r\u00e9alisations<\/p>\n<h1><strong>Conception, fabrication<br \/>\net montage<\/strong><\/h1>\n<p><span style=\"font-weight: 400\">Des solutions d\u00e9di\u00e9es pour tous projets d&rsquo;ouvrages m\u00e9talliques complexes<\/span><\/p>\n                <\/div>\n                                <\/div>\n    <\/div>\n<\/section>\n\n    <style>\n        #block_181dd407c1902683921afee0d9d74b45 {\n            margin-top: 8px;\n        }\n\n        @media screen and (min-width: 768px) {\n            #block_181dd407c1902683921afee0d9d74b45 {\n                margin-top: 24px;\n            }\n        }\n\n        #block_181dd407c1902683921afee0d9d74b45 {\n            margin-bottom: 56px;\n        }\n\n        @media screen and (min-width: 768px) {\n            #block_181dd407c1902683921afee0d9d74b45 {\n                margin-bottom: 80px;\n            }\n        }\n\n            <\/style>\n<section class=\"simplified-nav\" id=\"block_181dd407c1902683921afee0d9d74b45\">\n    <div class=\"simplified-nav--container container--large\">\n                    <div class=\"simplified-nav--label\">\n                <p>Nos solutions<\/p>\n            <\/div>\n                \n                    <div class=\"simplified-nav--select is-custom-select\">\n                                                    <select onchange=\"window.location=this.value\">\n                                                                                                                                                                                                        <\/select>\n                            <\/div>\n            <\/div>\n<\/section>\n\n    <style>\n        #block_db9e60cd8dceb0f99ac047d978fae655 {\n            margin-top: 56px;\n        }\n\n        @media screen and (min-width: 768px) {\n            #block_db9e60cd8dceb0f99ac047d978fae655 {\n                margin-top: 80px;\n            }\n        }\n\n        #block_db9e60cd8dceb0f99ac047d978fae655 {\n            margin-bottom: 56px;\n        }\n\n        @media screen and (min-width: 768px) {\n            #block_db9e60cd8dceb0f99ac047d978fae655 {\n                margin-bottom: 96px;\n            }\n        }\n\n            <\/style>\n<section class=\"expertises-list\" id=\"block_db9e60cd8dceb0f99ac047d978fae655\">\n            <div class=\"expertises-list--title container--large\">\n            <h2>Nos services<\/h2>\n        <\/div>\n                <div class=\"expertises-list--list container--large\">\n                                            <div class=\"card-expertise\">\n                                            <div class=\"card-expertise--image\">\n                            <img decoding=\"async\" src=\"https:\/\/preprod.hiolle-bedrock.weareled.fr\/app\/uploads\/sites\/6\/2025\/03\/GRAFF_083-e1741822024924.jpg\" alt=\"\">\n                            <span class=\"legend\"><\/span>\n                        <\/div>\n                                        <div class=\"card-expertise--content\">\n                                                    <h4>Ing\u00e9nierie de process<\/h4>\n                                                                                                    <p>Etude &#8211; conception, prise de relev\u00e9s dimensionnels sur site, tra\u00e7age de plans<\/p>\n                                            <\/div>\n                    <!-- <a href=\"#\"><\/a> -->\n                <\/div>\n                                            <div class=\"card-expertise\">\n                                            <div class=\"card-expertise--image\">\n                            <img decoding=\"async\" src=\"https:\/\/preprod.hiolle-bedrock.weareled.fr\/app\/uploads\/sites\/6\/2025\/03\/GRAFF_049.jpg\" alt=\"\">\n                            <span class=\"legend\"><\/span>\n                        <\/div>\n                                        <div class=\"card-expertise--content\">\n                                                    <h4>Fabrication<\/h4>\n                                                                                                    <p>D\u00e9bit, oxycoupage et cintrage pliage, mise en forme, assemblage et soudure d&rsquo;ouvrage chaudronn\u00e9s et charpente, m\u00e9cano soudure<\/p>\n                                            <\/div>\n                    <!-- <a href=\"#\"><\/a> -->\n                <\/div>\n                                            <div class=\"card-expertise\">\n                                            <div class=\"card-expertise--image\">\n                            <img decoding=\"async\" src=\"https:\/\/preprod.hiolle-bedrock.weareled.fr\/app\/uploads\/sites\/6\/2025\/03\/IMG-20231012-WA0043.jpg\" alt=\"\">\n                            <span class=\"legend\"><\/span>\n                        <\/div>\n                                        <div class=\"card-expertise--content\">\n                                                    <h4>Montage<\/h4>\n                                                                                                    <p>Montage et mise en service d&rsquo;\u00e9quipements neufs sur sites clients<\/p>\n                                            <\/div>\n                    <!-- <a href=\"#\"><\/a> -->\n                <\/div>\n                    <\/div>\n    <\/section>\n\n    <style>\n        #block_457c3057e0b6b19f4ac0e5d0e1121f58 {\n            margin-top: 56px;\n        }\n\n        @media screen and (min-width: 768px) {\n            #block_457c3057e0b6b19f4ac0e5d0e1121f58 {\n                margin-top: 96px;\n            }\n        }\n\n        #block_457c3057e0b6b19f4ac0e5d0e1121f58 {\n            margin-bottom: 56px;\n        }\n\n        @media screen and (min-width: 768px) {\n            #block_457c3057e0b6b19f4ac0e5d0e1121f58 {\n                margin-bottom: 96px;\n            }\n        }\n\n            <\/style>\n    <section class=\"slider-actualites glue nav-medium \" id=\"block_457c3057e0b6b19f4ac0e5d0e1121f58\">\n                <div class=\"slider-actualites--container\">\n            <div class=\"slider-actualites--header container--large\">\n                                    <div class=\"slider-actualites--title\">\n                        <p class=\"uptitle\">Nos actualit\u00e9s<\/p>\n<h2>D\u00e9couvrez toutes <span style=\"color: #009cde\">nos derni\u00e8res r\u00e9alisations\u00a0<\/span><\/h2>\n                    <\/div>\n                                                    <a href=\"https:\/\/preprod.hiolle-bedrock.weareled.fr\/graff\/nos-actualites\/\" class=\"link dark icon arrow-right\">Voir toutes les actualit\u00e9s<\/a>\n                            <\/div>\n            <div class=\"slider-actualites--slider container--large owl-carousel\">\n                                                        <div class=\"card-actuality\">\n                        <a href=\"https:\/\/preprod.hiolle-bedrock.weareled.fr\/graff\/bilan-de-la-periode-estivale-de-belles-realisations-et-des-clients-satisfaits-3\/\" class=\"card-actuality--link\"><\/a>\n                        <div class=\"card-actuality--image\">\n                                                            <img decoding=\"async\" src=\"https:\/\/preprod.hiolle-bedrock.weareled.fr\/app\/uploads\/sites\/6\/2025\/08\/1719985455221.jpg\" alt=\"\">\n                                                                                        <div class=\"card-actuality--categories\">\n                                                                            <span class=\"category\">R\u00e9alisations<\/span>\n                                                                    <\/div>\n                                                    <\/div>\n                        <div class=\"card-actuality--content\">\n                            <div class=\"card-actuality--title\">\n                                                                                                                    <span class=\"tag\">GRAFF<\/span>\n                                                                                                    <h5>Bilan de la p\u00e9riode estivale : de belles r\u00e9alisations et des clients satisfaits !<\/h5>\n                            <\/div>\n                                                        <div class=\"card-actuality--footer\">\n                                <span class=\"date\">03 mars 2026<\/span>\n                                <span class=\"arrow-btn light-green\"><span><\/span><\/span>\n                            <\/div>\n                        <\/div>\n                    <\/div>\n                                                        <div class=\"card-actuality\">\n                        <a href=\"https:\/\/preprod.hiolle-bedrock.weareled.fr\/graff\/un-projet-de-chaudronnerie-sur-mesure\/\" class=\"card-actuality--link\"><\/a>\n                        <div class=\"card-actuality--image\">\n                                                            <img decoding=\"async\" src=\"https:\/\/preprod.hiolle-bedrock.weareled.fr\/app\/uploads\/sites\/6\/2025\/10\/1743074852728-1-e1756222684163.jpeg\" alt=\"\">\n                                                                                        <div class=\"card-actuality--categories\">\n                                                                            <span class=\"category\">R\u00e9alisations<\/span>\n                                                                    <\/div>\n                                                    <\/div>\n                        <div class=\"card-actuality--content\">\n                            <div class=\"card-actuality--title\">\n                                                                                                                    <span class=\"tag\">GRAFF<\/span>\n                                                                                                                                            <h5>Un projet de chaudronnerie sur-mesure !<\/h5>\n                            <\/div>\n                                                        <div class=\"card-actuality--footer\">\n                                <span class=\"date\">26 ao\u00fbt 2025<\/span>\n                                <span class=\"arrow-btn light-green\"><span><\/span><\/span>\n                            <\/div>\n                        <\/div>\n                    <\/div>\n                            <\/div>\n            <div class=\"slider-actualites--navigation owl-nav container--large\">\n                <span class=\"indicator\"><\/span>\n                <div class=\"slider-actualites--dots owl-dots\"><\/div>\n            <\/div>\n        <\/div>\n    <\/section>\n\n\n    <style>\n        #block_badb7fbc8bd0214c15d296888d75ae27 {\n            margin-top: 56px;\n        }\n\n        @media screen and (min-width: 768px) {\n            #block_badb7fbc8bd0214c15d296888d75ae27 {\n                margin-top: 96px;\n            }\n        }\n\n        #block_badb7fbc8bd0214c15d296888d75ae27 {\n            margin-bottom: 56px;\n        }\n\n        @media screen and (min-width: 768px) {\n            #block_badb7fbc8bd0214c15d296888d75ae27 {\n                margin-bottom: 96px;\n            }\n        }\n\n            <\/style>\n<section class=\"redirection-double \" id=\"block_badb7fbc8bd0214c15d296888d75ae27\">\n        <div class=\"redirection-double--container container--large\">\n                    <div class=\"background\">\n                                                    <h3>Vous souhaitez prendre contact avec nous ?<\/h3>\n<p>Une question ? Une demande particuli\u00e8re ? Un projet ? Contactez-nous d\u00e8s aujourd\u2019hui, nous nous ferons un plaisir de vous r\u00e9pondre dans les plus brefs d\u00e9lais.<\/p>\n                                                    <a href=\"https:\/\/preprod.hiolle-bedrock.weareled.fr\/graff\/contactez-nous\/\" target=\"\" class=\"btn secondary icon arrow-right\">Nous contacter<span><\/span><\/a>\n                            <\/div>\n                            <div class=\"light\">\n                                    <h3>D\u00e9couvrez nos autres solutions !<\/h3>\n<p>Nos \u00e9quipes sont aussi sp\u00e9cialis\u00e9es dans la maintenance industrielle et la s\u00e9curisation de site.<\/p>\n                                                    <a href=\"https:\/\/preprod.hiolle-bedrock.weareled.fr\/graff\/solutions-realisations\/\" target=\"\" class=\"btn icon arrow-right\">Voir toutes nos solutions<span><\/span><\/a>\n                            <\/div>\n            <\/div>\n<\/section>","protected":false},"excerpt":{"rendered":"<p>Etude de faisabilit\u00e9, fabrication sur mesure et montage d\u2019ouvrages m\u00e9talliques chaudronn\u00e9s<\/p>\n","protected":false},"author":1,"featured_media":267,"parent":37,"menu_order":1,"comment_status":"closed","ping_status":"closed","template":"","meta":{"_acf_changed":false,"_seopress_robots_primary_cat":"","_seopress_titles_title":"","_seopress_titles_desc":"","_seopress_robots_index":"","footnotes":""},"class_list":["post-117","page","type-page","status-publish","has-post-thumbnail","hentry"],"acf":[],"lang":"fr","translations":{"fr":117},"pll_sync_post":[],"_links":{"self":[{"href":"https:\/\/preprod.hiolle-bedrock.weareled.fr\/graff\/wp-json\/wp\/v2\/pages\/117","targetHints":{"allow":["GET"]}}],"collection":[{"href":"https:\/\/preprod.hiolle-bedrock.weareled.fr\/graff\/wp-json\/wp\/v2\/pages"}],"about":[{"href":"https:\/\/preprod.hiolle-bedrock.weareled.fr\/graff\/wp-json\/wp\/v2\/types\/page"}],"author":[{"embeddable":true,"href":"https:\/\/preprod.hiolle-bedrock.weareled.fr\/graff\/wp-json\/wp\/v2\/users\/1"}],"replies":[{"embeddable":true,"href":"https:\/\/preprod.hiolle-bedrock.weareled.fr\/graff\/wp-json\/wp\/v2\/comments?post=117"}],"version-history":[{"count":11,"href":"https:\/\/preprod.hiolle-bedrock.weareled.fr\/graff\/wp-json\/wp\/v2\/pages\/117\/revisions"}],"predecessor-version":[{"id":630,"href":"https:\/\/preprod.hiolle-bedrock.weareled.fr\/graff\/wp-json\/wp\/v2\/pages\/117\/revisions\/630"}],"up":[{"embeddable":true,"href":"https:\/\/preprod.hiolle-bedrock.weareled.fr\/graff\/wp-json\/wp\/v2\/pages\/37"}],"wp:featuredmedia":[{"embeddable":true,"href":"https:\/\/preprod.hiolle-bedrock.weareled.fr\/graff\/wp-json\/wp\/v2\/media\/267"}],"wp:attachment":[{"href":"https:\/\/preprod.hiolle-bedrock.weareled.fr\/graff\/wp-json\/wp\/v2\/media?parent=117"}],"curies":[{"name":"wp","href":"https:\/\/api.w.org\/{rel}","templated":true}]}}