{"id":127,"date":"2024-10-22T10:45:29","date_gmt":"2024-10-22T08:45:29","guid":{"rendered":"https:\/\/preprod.hiolle-bedrock.weareled.fr\/graff\/?page_id=127"},"modified":"2025-03-11T03:42:45","modified_gmt":"2025-03-11T02:42:45","slug":"maintenance-industrielle-et-renovation","status":"publish","type":"page","link":"https:\/\/preprod.hiolle-bedrock.weareled.fr\/graff\/solutions-realisations\/maintenance-industrielle-et-renovation\/","title":{"rendered":"Maintenance industrielle et r\u00e9novation"},"content":{"rendered":"    <style>\n        #block_4024039962765eb68dd314a3aa970485 {\n            margin-top: 0px;\n        }\n\n        @media screen and (min-width: 768px) {\n            #block_4024039962765eb68dd314a3aa970485 {\n                margin-top: 0px;\n            }\n        }\n\n        #block_4024039962765eb68dd314a3aa970485 {\n            margin-bottom: 56px;\n        }\n\n        @media screen and (min-width: 768px) {\n            #block_4024039962765eb68dd314a3aa970485 {\n                margin-bottom: 96px;\n            }\n        }\n\n            <\/style>\n<section class=\"hero hero--secondary\" id=\"block_4024039962765eb68dd314a3aa970485\">\n    <div class=\"hero--container\">\n                    <div class=\"hero--img\">\n                <img decoding=\"async\" src=\"https:\/\/preprod.hiolle-bedrock.weareled.fr\/app\/uploads\/sites\/6\/2025\/01\/GRAFF_019-1.jpg\" alt=\"\">\n            <\/div>\n                <div class=\"hero--container-content\">\n                                                    <div class=\"hero--content\">\n                    <p class=\"uptitle\">Solutions &amp; r\u00e9alisations<\/p>\n<h1><strong>Maintenance industrielle et r\u00e9novation<\/strong><\/h1>\n<p><span style=\"font-weight: 400\">R\u00e9paration et remplacement de structures m\u00e9talliques et d&rsquo;ouvrages chaudronn\u00e9s<\/span><\/p>\n                <\/div>\n                                <\/div>\n    <\/div>\n<\/section>\n\n    <style>\n        #block_603ab747b246242987dd734be13b1ec1 {\n            margin-top: 8px;\n        }\n\n        @media screen and (min-width: 768px) {\n            #block_603ab747b246242987dd734be13b1ec1 {\n                margin-top: 24px;\n            }\n        }\n\n        #block_603ab747b246242987dd734be13b1ec1 {\n            margin-bottom: 56px;\n        }\n\n        @media screen and (min-width: 768px) {\n            #block_603ab747b246242987dd734be13b1ec1 {\n                margin-bottom: 80px;\n            }\n        }\n\n            <\/style>\n<section class=\"simplified-nav\" id=\"block_603ab747b246242987dd734be13b1ec1\">\n    <div class=\"simplified-nav--container container--large\">\n                    <div class=\"simplified-nav--label\">\n                <p>Nos solutions<\/p>\n            <\/div>\n                \n                    <div class=\"simplified-nav--select is-custom-select\">\n                                                    <select onchange=\"window.location=this.value\">\n                                                                                                                                                                                                        <\/select>\n                            <\/div>\n            <\/div>\n<\/section>\n\n    <style>\n        #block_783951122f61f78e442436ffd0af1c77 {\n            margin-top: 56px;\n        }\n\n        @media screen and (min-width: 768px) {\n            #block_783951122f61f78e442436ffd0af1c77 {\n                margin-top: 80px;\n            }\n        }\n\n        #block_783951122f61f78e442436ffd0af1c77 {\n            margin-bottom: 56px;\n        }\n\n        @media screen and (min-width: 768px) {\n            #block_783951122f61f78e442436ffd0af1c77 {\n                margin-bottom: 96px;\n            }\n        }\n\n            <\/style>\n<section class=\"expertises-list\" id=\"block_783951122f61f78e442436ffd0af1c77\">\n            <div class=\"expertises-list--title container--large\">\n            <h2>Nos services<\/h2>\n        <\/div>\n                <div class=\"expertises-list--list container--large\">\n                                            <div class=\"card-expertise\">\n                                            <div class=\"card-expertise--image\">\n                            <img decoding=\"async\" src=\"https:\/\/preprod.hiolle-bedrock.weareled.fr\/app\/uploads\/sites\/6\/2025\/03\/graff-poutre.jpeg\" alt=\"\">\n                            <span class=\"legend\"><\/span>\n                        <\/div>\n                                        <div class=\"card-expertise--content\">\n                                                    <h4>Remplacement de passerelle, garde-corps, pi\u00e8ces de process<\/h4>\n                                                                                                    <p>Etude, plans, production de mati\u00e8re premi\u00e8re, d\u00e9bit assemblage, transport et montage<\/p>\n                                            <\/div>\n                    <!-- <a href=\"#\"><\/a> -->\n                <\/div>\n                                            <div class=\"card-expertise\">\n                                            <div class=\"card-expertise--image\">\n                            <img decoding=\"async\" src=\"https:\/\/preprod.hiolle-bedrock.weareled.fr\/app\/uploads\/sites\/6\/2025\/03\/graff-chantier.jpeg\" alt=\"\">\n                            <span class=\"legend\"><\/span>\n                        <\/div>\n                                        <div class=\"card-expertise--content\">\n                                                    <h4>Remplacement de produits neufs<\/h4>\n                                                                                                    <p>Conception, fabrication et montage de pi\u00e8ces m\u00e9talliques neuves<\/p>\n                                            <\/div>\n                    <!-- <a href=\"#\"><\/a> -->\n                <\/div>\n                                            <div class=\"card-expertise\">\n                                        <div class=\"card-expertise--content\">\n                                                    <h4>Serrurerie industrielle<\/h4>\n                                                                                                    <p>Remplacement de portes et serrures industrielles<\/p>\n                                            <\/div>\n                    <!-- <a href=\"#\"><\/a> -->\n                <\/div>\n                    <\/div>\n    <\/section>\n\n    <style>\n        #block_84fb68b0b6f064832d92a05b99b3310b {\n            margin-top: 56px;\n        }\n\n        @media screen and (min-width: 768px) {\n            #block_84fb68b0b6f064832d92a05b99b3310b {\n                margin-top: 96px;\n            }\n        }\n\n        #block_84fb68b0b6f064832d92a05b99b3310b {\n            margin-bottom: 56px;\n        }\n\n        @media screen and (min-width: 768px) {\n            #block_84fb68b0b6f064832d92a05b99b3310b {\n                margin-bottom: 96px;\n            }\n        }\n\n            <\/style>\n    <section class=\"slider-actualites glue nav-medium \" id=\"block_84fb68b0b6f064832d92a05b99b3310b\">\n                <div class=\"slider-actualites--container\">\n            <div class=\"slider-actualites--header container--large\">\n                                    <div class=\"slider-actualites--title\">\n                        <p class=\"uptitle\">Nos actualit\u00e9s<\/p>\n<h2>D\u00e9couvrez toutes <span style=\"color: #009cde\">nos derni\u00e8res r\u00e9alisations\u00a0<\/span><\/h2>\n                    <\/div>\n                                                    <a href=\"https:\/\/preprod.hiolle-bedrock.weareled.fr\/graff\/nos-actualites\/\" class=\"link dark icon arrow-right\">Voir toutes les actualit\u00e9s<\/a>\n                            <\/div>\n            <div class=\"slider-actualites--slider container--large owl-carousel\">\n                                                        <div class=\"card-actuality\">\n                        <a href=\"https:\/\/preprod.hiolle-bedrock.weareled.fr\/graff\/bilan-de-la-periode-estivale-de-belles-realisations-et-des-clients-satisfaits-3\/\" class=\"card-actuality--link\"><\/a>\n                        <div class=\"card-actuality--image\">\n                                                            <img decoding=\"async\" src=\"https:\/\/preprod.hiolle-bedrock.weareled.fr\/app\/uploads\/sites\/6\/2025\/08\/1719985455221.jpg\" alt=\"\">\n                                                                                        <div class=\"card-actuality--categories\">\n                                                                            <span class=\"category\">R\u00e9alisations<\/span>\n                                                                    <\/div>\n                                                    <\/div>\n                        <div class=\"card-actuality--content\">\n                            <div class=\"card-actuality--title\">\n                                                                                                                    <span class=\"tag\">GRAFF<\/span>\n                                                                                                    <h5>Bilan de la p\u00e9riode estivale : de belles r\u00e9alisations et des clients satisfaits !<\/h5>\n                            <\/div>\n                                                        <div class=\"card-actuality--footer\">\n                                <span class=\"date\">03 mars 2026<\/span>\n                                <span class=\"arrow-btn light-green\"><span><\/span><\/span>\n                            <\/div>\n                        <\/div>\n                    <\/div>\n                                                        <div class=\"card-actuality\">\n                        <a href=\"https:\/\/preprod.hiolle-bedrock.weareled.fr\/graff\/un-projet-de-chaudronnerie-sur-mesure\/\" class=\"card-actuality--link\"><\/a>\n                        <div class=\"card-actuality--image\">\n                                                            <img decoding=\"async\" src=\"https:\/\/preprod.hiolle-bedrock.weareled.fr\/app\/uploads\/sites\/6\/2025\/10\/1743074852728-1-e1756222684163.jpeg\" alt=\"\">\n                                                                                        <div class=\"card-actuality--categories\">\n                                                                            <span class=\"category\">R\u00e9alisations<\/span>\n                                                                    <\/div>\n                                                    <\/div>\n                        <div class=\"card-actuality--content\">\n                            <div class=\"card-actuality--title\">\n                                                                                                                    <span class=\"tag\">GRAFF<\/span>\n                                                                                                                                            <h5>Un projet de chaudronnerie sur-mesure !<\/h5>\n                            <\/div>\n                                                        <div class=\"card-actuality--footer\">\n                                <span class=\"date\">26 ao\u00fbt 2025<\/span>\n                                <span class=\"arrow-btn light-green\"><span><\/span><\/span>\n                            <\/div>\n                        <\/div>\n                    <\/div>\n                            <\/div>\n            <div class=\"slider-actualites--navigation owl-nav container--large\">\n                <span class=\"indicator\"><\/span>\n                <div class=\"slider-actualites--dots owl-dots\"><\/div>\n            <\/div>\n        <\/div>\n    <\/section>\n\n\n    <style>\n        #block_b83755ecb7118a6b0f1a2307fa733c15 {\n            margin-top: 56px;\n        }\n\n        @media screen and (min-width: 768px) {\n            #block_b83755ecb7118a6b0f1a2307fa733c15 {\n                margin-top: 96px;\n            }\n        }\n\n        #block_b83755ecb7118a6b0f1a2307fa733c15 {\n            margin-bottom: 56px;\n        }\n\n        @media screen and (min-width: 768px) {\n            #block_b83755ecb7118a6b0f1a2307fa733c15 {\n                margin-bottom: 96px;\n            }\n        }\n\n            <\/style>\n<section class=\"redirection-double \" id=\"block_b83755ecb7118a6b0f1a2307fa733c15\">\n        <div class=\"redirection-double--container container--large\">\n                    <div class=\"background\">\n                                                    <h3>Vous souhaitez prendre contact avec nous ?<\/h3>\n<p>Une question ? Une demande particuli\u00e8re ? Un projet ? Contactez-nous d\u00e8s aujourd\u2019hui, nous nous ferons un plaisir de vous r\u00e9pondre dans les plus brefs d\u00e9lais.<\/p>\n                                                    <a href=\"https:\/\/preprod.hiolle-bedrock.weareled.fr\/graff\/contactez-nous\/\" target=\"\" class=\"btn secondary icon arrow-right\">Nous contacter<span><\/span><\/a>\n                            <\/div>\n                            <div class=\"light\">\n                                    <h3>D\u00e9couvrez nos autres solutions !<\/h3>\n<p>Nos \u00e9quipes sont aussi sp\u00e9cialis\u00e9es dans les constructions m\u00e9talliques complexes et la s\u00e9curisation de site.<\/p>\n                                                    <a href=\"https:\/\/preprod.hiolle-bedrock.weareled.fr\/graff\/solutions-realisations\/\" target=\"\" class=\"btn icon arrow-right\">Voir toutes nos solutions<span><\/span><\/a>\n                            <\/div>\n            <\/div>\n<\/section>","protected":false},"excerpt":{"rendered":"<p>R\u00e9paration et remplacement des structures m\u00e9talliques et des ouvrages chaudronn\u00e9s en atelier de maintenance d\u00e9di\u00e9.<\/p>\n","protected":false},"author":1,"featured_media":275,"parent":37,"menu_order":2,"comment_status":"closed","ping_status":"closed","template":"","meta":{"_acf_changed":false,"_seopress_robots_primary_cat":"","_seopress_titles_title":"","_seopress_titles_desc":"","_seopress_robots_index":"","footnotes":""},"class_list":["post-127","page","type-page","status-publish","has-post-thumbnail","hentry"],"acf":[],"lang":"fr","translations":{"fr":127},"pll_sync_post":[],"_links":{"self":[{"href":"https:\/\/preprod.hiolle-bedrock.weareled.fr\/graff\/wp-json\/wp\/v2\/pages\/127","targetHints":{"allow":["GET"]}}],"collection":[{"href":"https:\/\/preprod.hiolle-bedrock.weareled.fr\/graff\/wp-json\/wp\/v2\/pages"}],"about":[{"href":"https:\/\/preprod.hiolle-bedrock.weareled.fr\/graff\/wp-json\/wp\/v2\/types\/page"}],"author":[{"embeddable":true,"href":"https:\/\/preprod.hiolle-bedrock.weareled.fr\/graff\/wp-json\/wp\/v2\/users\/1"}],"replies":[{"embeddable":true,"href":"https:\/\/preprod.hiolle-bedrock.weareled.fr\/graff\/wp-json\/wp\/v2\/comments?post=127"}],"version-history":[{"count":3,"href":"https:\/\/preprod.hiolle-bedrock.weareled.fr\/graff\/wp-json\/wp\/v2\/pages\/127\/revisions"}],"predecessor-version":[{"id":520,"href":"https:\/\/preprod.hiolle-bedrock.weareled.fr\/graff\/wp-json\/wp\/v2\/pages\/127\/revisions\/520"}],"up":[{"embeddable":true,"href":"https:\/\/preprod.hiolle-bedrock.weareled.fr\/graff\/wp-json\/wp\/v2\/pages\/37"}],"wp:featuredmedia":[{"embeddable":true,"href":"https:\/\/preprod.hiolle-bedrock.weareled.fr\/graff\/wp-json\/wp\/v2\/media\/275"}],"wp:attachment":[{"href":"https:\/\/preprod.hiolle-bedrock.weareled.fr\/graff\/wp-json\/wp\/v2\/media?parent=127"}],"curies":[{"name":"wp","href":"https:\/\/api.w.org\/{rel}","templated":true}]}}