{"id":75,"date":"2024-10-15T11:23:27","date_gmt":"2024-10-15T09:23:27","guid":{"rendered":"https:\/\/preprod.hiolle-bedrock.weareled.fr\/hiolle-logistique\/?page_id=75"},"modified":"2025-08-19T11:22:45","modified_gmt":"2025-08-19T09:22:45","slug":"politique-de-confidentialite","status":"publish","type":"page","link":"https:\/\/preprod.hiolle-bedrock.weareled.fr\/graff\/politique-de-confidentialite\/","title":{"rendered":"Politique de confidentialit\u00e9"},"content":{"rendered":"    <style>\n        #block_24db22647233324b6434c699b974176d:not(.blue) {\n            margin-top: 56px;\n        }\n\n        @media screen and (min-width: 768px) {\n            #block_24db22647233324b6434c699b974176d:not(.blue) {\n                margin-top: 96px;\n            }\n        }\n\n        #block_24db22647233324b6434c699b974176d:not(.blue) {\n            margin-bottom: 56px;\n        }\n\n        @media screen and (min-width: 768px) {\n            #block_24db22647233324b6434c699b974176d:not(.blue) {\n                margin-bottom: 96px;\n            }\n        }\n\n        #block_24db22647233324b6434c699b974176d.blue {\n            padding-top: 56px;\n        }\n\n        @media screen and (min-width: 768px) {\n            #block_24db22647233324b6434c699b974176d.blue {\n                padding-top: 96px;\n            }\n        }\n\n        #block_24db22647233324b6434c699b974176d.blue {\n            padding-bottom: 56px;\n        }\n\n        @media screen and (min-width: 768px) {\n            #block_24db22647233324b6434c699b974176d.blue {\n                padding-bottom: 96px;\n            }\n        }\n\n            <\/style>\n<section class=\"title blue  \" id=\"block_24db22647233324b6434c699b974176d\">\n        <div class=\"title--container container--large\">\n                                    <h2>Politique de confidentialit\u00e9 et d&rsquo;utilisation des cookies<\/h2>\n                                    <\/div>\n<\/section>\n\n    <style>\n        #block_687639fef396b463a6aa0fd7609ed8c2:not(.blue) {\n            margin-top: 56px;\n        }\n\n        @media screen and (min-width: 768px) {\n            #block_687639fef396b463a6aa0fd7609ed8c2:not(.blue) {\n                margin-top: 80px;\n            }\n        }\n\n        #block_687639fef396b463a6aa0fd7609ed8c2:not(.blue) {\n            margin-bottom: 56px;\n        }\n\n        @media screen and (min-width: 768px) {\n            #block_687639fef396b463a6aa0fd7609ed8c2:not(.blue) {\n                margin-bottom: 80px;\n            }\n        }\n\n        #block_687639fef396b463a6aa0fd7609ed8c2.blue {\n            padding-top: 56px;\n        }\n\n        @media screen and (min-width: 768px) {\n            #block_687639fef396b463a6aa0fd7609ed8c2.blue {\n                padding-top: 80px;\n            }\n        }\n\n        #block_687639fef396b463a6aa0fd7609ed8c2.blue {\n            padding-bottom: 56px;\n        }\n\n        @media screen and (min-width: 768px) {\n            #block_687639fef396b463a6aa0fd7609ed8c2.blue {\n                padding-bottom: 80px;\n            }\n        }\n\n            <\/style>\n<section class=\"txt-content   \" id=\"block_687639fef396b463a6aa0fd7609ed8c2\">\n    <div class=\"txt-content--container container--large\">\n                    <div class=\"txt-content--content\">\n                <p>Cette politique de confidentialit\u00e9 et d&rsquo;utilisation des cookies d\u00e9crit comment <strong>GRAFF<\/strong> (\u00ab nous \u00bb, \u00ab notre \u00bb, \u00ab nos \u00bb) collecte, utilise et prot\u00e8ge les donn\u00e9es personnelles que vous nous fournissez et comment nous utilisons les cookies lorsque vous visitez notre site web (le \u00ab Site \u00bb) \u00a0en conformit\u00e9 avec le <strong>R\u00e8glement G\u00e9n\u00e9ral sur la Protection des Donn\u00e9es (RGPD)<\/strong> et la <strong>loi Informatique et Libert\u00e9s<\/strong>.<\/p>\n<p>&nbsp;<\/p>\n<h3><strong>1. Utilisation des cookies<\/strong><\/h3>\n<p>Notre Site utilise des cookies pour am\u00e9liorer votre exp\u00e9rience de navigation. Les cookies sont de petits fichiers texte stock\u00e9s sur votre ordinateur ou votre appareil mobile lorsque vous visitez notre Site. Ils nous aident \u00e0 analyser les habitudes de navigation des utilisateurs, \u00e0 personnaliser le contenu, \u00e0 fournir des fonctionnalit\u00e9s de m\u00e9dias sociaux et \u00e0 am\u00e9liorer notre Site. Nous conservons les donn\u00e9es de navigations mentionn\u00e9es ci-dessus jusqu\u2019au retrait du consentement ou 13 mois maximum.<\/p>\n<p>Vous pouvez choisir de refuser les cookies ou de les supprimer en modifiant les param\u00e8tres de votre navigateur. Cependant, veuillez noter que certaines fonctionnalit\u00e9s de notre Site peuvent ne pas fonctionner correctement si vous d\u00e9sactivez les cookies.<\/p>\n<h3><strong>2. Collecte des donn\u00e9es personnelles<\/strong><\/h3>\n<p>Nous pouvons collecter des donn\u00e9es personnelles vous concernant lorsque vous visitez notre Site. Nous collectons ces donn\u00e9es de diff\u00e9rentes mani\u00e8res, notamment lorsque vous remplissez un formulaire de contact, effectuez une candidature quelle soit spontan\u00e9e ou en lien avec une offre d\u2019emploi.<\/p>\n<ul>\n<li>Les donn\u00e9es personnelles collect\u00e9es dans le formulaire de contact <strong>GRAFF<\/strong><strong>\u00a0<\/strong>sont les suivantes : nom, pr\u00e9nom, adresse mail et \u00e9ventuellement le num\u00e9ro de t\u00e9l\u00e9phone<\/li>\n<li>Les donn\u00e9es personnelles collect\u00e9es dans les formulaires de candidature <strong>GRAFF<\/strong>\u00a0sont les suivantes : nom, pr\u00e9nom, adresse mail, \u00e9ventuellement le t\u00e9l\u00e9phone ainsi que des fichiers tels que CV ou portfolio.<\/li>\n<\/ul>\n<p>La base l\u00e9gale du traitement repose sur votre consentement lorsque vous renseignez vos donn\u00e9es personnelles dans les formulaires du site internet <strong>GRAFF<\/strong>.<\/p>\n<p>La fourniture de ces donn\u00e9es est obligatoire pour pouvoir \u00eatre recontact\u00e9 par la personne habilit\u00e9e \u00e0 recevoir ces informations au sein de <strong>GRAFF<\/strong>. En l\u2019absence de ces donn\u00e9es, vous ne pourrez pas envoyer votre demande d\u2019information via les formulaires pr\u00e9sents sur le site internet <b>GRAFF.<\/b><\/p>\n<p>&nbsp;<\/p>\n<h3><strong>3. Utilisation des donn\u00e9es personnelles collect\u00e9es<\/strong><\/h3>\n<p>Les donn\u00e9es recueillies sont trait\u00e9es par <strong>HIOLLE DEVELOPPEMENT \u2013 54 rue Ernest Macarez 59300 Valenciennes<\/strong>. Ces donn\u00e9es personnelles sont collect\u00e9es uniquement pour les finalit\u00e9s suivantes :<\/p>\n<ul>\n<li>Vous recontacter pour r\u00e9pondre \u00e0 vos demandes effectu\u00e9es via les formulaires sur le site internet <strong>GRAFF<\/strong><strong>\u00a0<\/strong>et vous fournir les informations que vous avez demand\u00e9es.<\/li>\n<li>Personnaliser votre exp\u00e9rience sur notre Site et vous proposer du contenu pertinent.<\/li>\n<li>Pour assurer le respect de nos conditions d&rsquo;utilisation et de toute loi applicable.<\/li>\n<\/ul>\n<h3><strong>4. Partage des donn\u00e9es personnelles<\/strong><\/h3>\n<p>Les donn\u00e9es collect\u00e9es pourront \u00eatre en fonction de la demande, communiqu\u00e9es aux seuls destinataires suivants :<\/p>\n<ul>\n<li>Service ressources humaines<\/li>\n<li>Service commercial<\/li>\n<li>Service Communication\/RSE<\/li>\n<li>Service comptabilit\u00e9<\/li>\n<li>Direction g\u00e9n\u00e9rale<\/li>\n<li>Service qualit\u00e9<\/li>\n<\/ul>\n<p>Aucun transfert de donn\u00e9es n\u2019est envisag\u00e9.<\/p>\n<p>Nous ne vendons, n&rsquo;\u00e9changeons ni ne transf\u00e9rons vos donn\u00e9es personnelles \u00e0 des tiers sans votre consentement pr\u00e9alable, sauf dans les cas suivants :<\/p>\n<ul>\n<li>Lorsque cela est n\u00e9cessaire pour r\u00e9pondre \u00e0 vos demandes et vous fournir les services demand\u00e9s.<\/li>\n<li>Lorsque nous sommes tenus de le faire par la loi ou dans le cadre d&rsquo;une proc\u00e9dure judiciaire.<\/li>\n<li>Lorsque cela est n\u00e9cessaire pour prot\u00e9ger nos droits, notre s\u00e9curit\u00e9 ou notre propri\u00e9t\u00e9, ainsi que ceux de nos utilisateurs ou de tiers.<\/li>\n<\/ul>\n<p>&nbsp;<\/p>\n<h3><strong>5. Protection des donn\u00e9es personnelles <\/strong><\/h3>\n<p>Nous mettons en place des mesures de s\u00e9curit\u00e9 appropri\u00e9es pour prot\u00e9ger vos donn\u00e9es personnelles contre tout acc\u00e8s non autoris\u00e9, toute divulgation, toute utilisation abusive, toute alt\u00e9ration ou destruction. Nous conservons les donn\u00e9es personnelles mentionn\u00e9es ci-dessus jusqu\u2019au retrait du consentement ou 2 ans \u00e0 compter du dernier contact \u00e9manant de l\u2019internaute, sauf si la loi exige une dur\u00e9e de conservation plus longue.<\/p>\n<p>&nbsp;<\/p>\n<h3><strong>6. Vos droits RGPD<\/strong><\/h3>\n<p>Conform\u00e9ment aux dispositions de la loi n\u00b0 78-17 du 6 janvier 1978 relative \u00e0 l&rsquo;Informatique, aux fichiers et aux libert\u00e9s, vous pouvez acc\u00e9der aux donn\u00e9es vous concernant, les rectifier, demander leur effacement ou exercer votre droit \u00e0 la limitation du traitement de vos donn\u00e9es personnelles. Vous pouvez retirer \u00e0 tout moment votre consentement au traitement de vos donn\u00e9es. Vous avez le droit de vous opposer au traitement de vos donn\u00e9es. Vous pouvez \u00e9galement exercer votre droit \u00e0 la portabilit\u00e9 de vos donn\u00e9es. Pour exercer ces droits, veuillez nous contacter aux coordonn\u00e9es fournies \u00e0 la fin de cette politique.<\/p>\n<p>Consultez le site cnil.fr pour plus d\u2019informations sur vos droits.<\/p>\n<h3><\/h3>\n<h3><strong>7. Liens vers des sites tiers<\/strong><\/h3>\n<p>Notre Site peut contenir des liens vers des sites web de tiers. Nous n&rsquo;assumons aucune responsabilit\u00e9 quant \u00e0 la collecte, \u00e0 l&rsquo;utilisation ou \u00e0 la divulgation de vos donn\u00e9es personnelles par ces sites. Nous vous encourageons \u00e0 consulter les politiques de confidentialit\u00e9 de ces sites avant de fournir vos donn\u00e9es personnelles.<\/p>\n<h3><\/h3>\n<h3><strong>8. Modifications de la politique de confidentialit\u00e9<\/strong><\/h3>\n<p>Nous nous r\u00e9servons le droit de modifier cette politique de confidentialit\u00e9 \u00e0 tout moment. Toute modification sera publi\u00e9e sur cette page et la date de la derni\u00e8re mise \u00e0 jour sera indiqu\u00e9e en haut de la page. Nous vous encourageons \u00e0 consulter r\u00e9guli\u00e8rement cette politique de confidentialit\u00e9 pour prendre connaissance des \u00e9ventuelles modifications. Derni\u00e8re mise \u00e0 jour\u00a0: 22\/07\/2025<\/p>\n<h3><\/h3>\n<h3><strong>9. Nous contacter<\/strong><\/h3>\n<p>Si vous avez des questions concernant cette politique de confidentialit\u00e9 ou si vous souhaitez exercer vos droits relatifs \u00e0 vos donn\u00e9es personnelles, veuillez nous contacter \u00e0 l&rsquo;adresse suivante :<\/p>\n<p>&nbsp;<\/p>\n<p><strong>GRAFF<\/strong><\/p>\n<p><strong>contact@hiolle-industries.fr<\/strong><\/p>\n<p><strong>54 rue Ernest Macarez 59300 Valenciennes<\/strong><\/p>\n<p>Si vous estimez, apr\u00e8s nous avoir contact\u00e9s, que vos droits \u00ab Informatique et Libert\u00e9s \u00bb ne sont pas respect\u00e9s, vous pouvez adresser une r\u00e9clamation \u00e0 la CNIL.<\/p>\n<p>&nbsp;<\/p>\n            <\/div>\n                                    <\/div>\n<\/section>","protected":false},"excerpt":{"rendered":"","protected":false},"author":1,"featured_media":0,"parent":0,"menu_order":0,"comment_status":"closed","ping_status":"closed","template":"","meta":{"_acf_changed":false,"_seopress_robots_primary_cat":"","_seopress_titles_title":"","_seopress_titles_desc":"","_seopress_robots_index":"","footnotes":""},"class_list":["post-75","page","type-page","status-publish","hentry"],"acf":[],"lang":"fr","translations":{"fr":75},"pll_sync_post":[],"_links":{"self":[{"href":"https:\/\/preprod.hiolle-bedrock.weareled.fr\/graff\/wp-json\/wp\/v2\/pages\/75","targetHints":{"allow":["GET"]}}],"collection":[{"href":"https:\/\/preprod.hiolle-bedrock.weareled.fr\/graff\/wp-json\/wp\/v2\/pages"}],"about":[{"href":"https:\/\/preprod.hiolle-bedrock.weareled.fr\/graff\/wp-json\/wp\/v2\/types\/page"}],"author":[{"embeddable":true,"href":"https:\/\/preprod.hiolle-bedrock.weareled.fr\/graff\/wp-json\/wp\/v2\/users\/1"}],"replies":[{"embeddable":true,"href":"https:\/\/preprod.hiolle-bedrock.weareled.fr\/graff\/wp-json\/wp\/v2\/comments?post=75"}],"version-history":[{"count":4,"href":"https:\/\/preprod.hiolle-bedrock.weareled.fr\/graff\/wp-json\/wp\/v2\/pages\/75\/revisions"}],"predecessor-version":[{"id":686,"href":"https:\/\/preprod.hiolle-bedrock.weareled.fr\/graff\/wp-json\/wp\/v2\/pages\/75\/revisions\/686"}],"wp:attachment":[{"href":"https:\/\/preprod.hiolle-bedrock.weareled.fr\/graff\/wp-json\/wp\/v2\/media?parent=75"}],"curies":[{"name":"wp","href":"https:\/\/api.w.org\/{rel}","templated":true}]}}