{"id":1017,"date":"2025-11-26T17:32:57","date_gmt":"2025-11-26T16:32:57","guid":{"rendered":"https:\/\/preprod.hiolle-bedrock.weareled.fr\/hiolle-immobilier\/?page_id=1017"},"modified":"2025-11-26T17:32:57","modified_gmt":"2025-11-26T16:32:57","slug":"confirmation-contact","status":"publish","type":"page","link":"https:\/\/preprod.hiolle-bedrock.weareled.fr\/hiolle-immobilier\/confirmation-contact\/","title":{"rendered":"Confirmation contact"},"content":{"rendered":"    <style>\n        #block_51b8570be9f210ef5c8f9e75ef8fca2a {\n            margin-top: 56px;\n        }\n\n        @media screen and (min-width: 768px) {\n            #block_51b8570be9f210ef5c8f9e75ef8fca2a {\n                margin-top: 96px;\n            }\n        }\n\n        #block_51b8570be9f210ef5c8f9e75ef8fca2a {\n            margin-bottom: 0px;\n        }\n\n        @media screen and (min-width: 768px) {\n            #block_51b8570be9f210ef5c8f9e75ef8fca2a {\n                margin-bottom: 0px;\n            }\n        }\n\n            <\/style>\n<section class=\"redirection-mask\" id=\"block_51b8570be9f210ef5c8f9e75ef8fca2a\">\n    <div class=\"redirection-mask--container\">\n        <div class=\"redirection-mask--content\">\n                            <div>\n                    <p class=\"uptitle\">Votre message a bien \u00e9t\u00e9 envoy\u00e9<\/p>\n<p>Merci de nous avoir contact\u00e9 ! Nous vous r\u00e9pondrons dans les plus brefs d\u00e9lais.<\/p>\n<p>&nbsp;<\/p>\n<p>L&rsquo;\u00e9quipe HIOLLE Immobilier<\/p>\n                <\/div>\n                                            <\/div>\n            <\/div>\n<\/section>\n\n\n<p><\/p>\n","protected":false},"excerpt":{"rendered":"","protected":false},"author":5,"featured_media":0,"parent":0,"menu_order":0,"comment_status":"closed","ping_status":"closed","template":"","meta":{"_acf_changed":false,"_seopress_robots_primary_cat":"","_seopress_titles_title":"","_seopress_titles_desc":"","_seopress_robots_index":"","footnotes":""},"class_list":["post-1017","page","type-page","status-publish","hentry"],"acf":[],"lang":"fr","translations":{"fr":1017},"pll_sync_post":[],"_links":{"self":[{"href":"https:\/\/preprod.hiolle-bedrock.weareled.fr\/hiolle-immobilier\/wp-json\/wp\/v2\/pages\/1017","targetHints":{"allow":["GET"]}}],"collection":[{"href":"https:\/\/preprod.hiolle-bedrock.weareled.fr\/hiolle-immobilier\/wp-json\/wp\/v2\/pages"}],"about":[{"href":"https:\/\/preprod.hiolle-bedrock.weareled.fr\/hiolle-immobilier\/wp-json\/wp\/v2\/types\/page"}],"author":[{"embeddable":true,"href":"https:\/\/preprod.hiolle-bedrock.weareled.fr\/hiolle-immobilier\/wp-json\/wp\/v2\/users\/5"}],"replies":[{"embeddable":true,"href":"https:\/\/preprod.hiolle-bedrock.weareled.fr\/hiolle-immobilier\/wp-json\/wp\/v2\/comments?post=1017"}],"version-history":[{"count":1,"href":"https:\/\/preprod.hiolle-bedrock.weareled.fr\/hiolle-immobilier\/wp-json\/wp\/v2\/pages\/1017\/revisions"}],"predecessor-version":[{"id":1020,"href":"https:\/\/preprod.hiolle-bedrock.weareled.fr\/hiolle-immobilier\/wp-json\/wp\/v2\/pages\/1017\/revisions\/1020"}],"wp:attachment":[{"href":"https:\/\/preprod.hiolle-bedrock.weareled.fr\/hiolle-immobilier\/wp-json\/wp\/v2\/media?parent=1017"}],"curies":[{"name":"wp","href":"https:\/\/api.w.org\/{rel}","templated":true}]}}