{"id":149,"date":"2025-01-09T10:32:58","date_gmt":"2025-01-09T09:32:58","guid":{"rendered":"https:\/\/preprod.hiolle-bedrock.weareled.fr\/hiolle-immobilier\/?page_id=149"},"modified":"2026-03-31T11:58:53","modified_gmt":"2026-03-31T09:58:53","slug":"travaux-de-renovation","status":"publish","type":"page","link":"https:\/\/preprod.hiolle-bedrock.weareled.fr\/hiolle-immobilier\/solutions-realisations\/travaux-de-batiment-particuliers-et-professionnels\/travaux-de-renovation\/","title":{"rendered":"Travaux de second \u0153uvre"},"content":{"rendered":"    <style>\n        #block_ba4005a3f03babb88a0354b256408242 {\n            margin-top: 0px;\n        }\n\n        @media screen and (min-width: 768px) {\n            #block_ba4005a3f03babb88a0354b256408242 {\n                margin-top: 0px;\n            }\n        }\n\n        #block_ba4005a3f03babb88a0354b256408242 {\n            margin-bottom: 56px;\n        }\n\n        @media screen and (min-width: 768px) {\n            #block_ba4005a3f03babb88a0354b256408242 {\n                margin-bottom: 96px;\n            }\n        }\n\n            <\/style>\n<section class=\"hero hero--secondary\" id=\"block_ba4005a3f03babb88a0354b256408242\">\n    <div class=\"hero--container\">\n                    <div class=\"hero--img\">\n                <img decoding=\"async\" src=\"https:\/\/preprod.hiolle-bedrock.weareled.fr\/app\/uploads\/sites\/9\/2025\/08\/PHOTO-ANZIN-BUREAU-e1754659265293.jpg\" alt=\"\">\n            <\/div>\n                <div class=\"hero--container-content\">\n                            <div class=\"hero--breadcrumb\">\n                    <nav  aria-label=\"Fil d&#039;Ariane\"><ol class=\"breadcrumb\" itemscope itemtype=\"https:\/\/schema.org\/BreadcrumbList\"><li class=\"breadcrumb-item active\" aria-current=\"page\" itemprop=\"itemListElement\" itemscope itemtype=\"https:\/\/schema.org\/ListItem\"><span itemprop=\"name\">Accueil<\/span><meta itemprop=\"position\" content=\"1\"><\/li><\/ol><\/nav>                <\/div>\n                                                    <div class=\"hero--content\">\n                    <p class=\"uptitle\">Solutions &amp; r\u00e9alisations<\/p>\n<h1><strong>Travaux de second \u0153uvre<\/strong><\/h1>\n<p>\u00c0 la suite des travaux de gros oeuvre, les travaux de second \u0153uvre sont indispensables pour am\u00e9nager les b\u00e2timents et les rendre confortables, fonctionnels et \u00e0 votre go\u00fbt.<\/p>\n<p><span style=\"font-weight: 400\">\u00a0<\/span><\/p>\n                <\/div>\n                                <\/div>\n    <\/div>\n<\/section>\n\n    <style>\n        #block_f723ec4b22264771294fd6fc7f786f86 {\n            margin-top: 8px;\n        }\n\n        @media screen and (min-width: 768px) {\n            #block_f723ec4b22264771294fd6fc7f786f86 {\n                margin-top: 24px;\n            }\n        }\n\n        #block_f723ec4b22264771294fd6fc7f786f86 {\n            margin-bottom: 56px;\n        }\n\n        @media screen and (min-width: 768px) {\n            #block_f723ec4b22264771294fd6fc7f786f86 {\n                margin-bottom: 80px;\n            }\n        }\n\n            <\/style>\n<section class=\"simplified-nav\" id=\"block_f723ec4b22264771294fd6fc7f786f86\">\n    <div class=\"simplified-nav--container container--large\">\n                    <div class=\"simplified-nav--label\">\n                <p>Nos solutions<\/p>\n            <\/div>\n                \n                    <div class=\"simplified-nav--select is-custom-select\">\n                                                    <select onchange=\"window.location=this.value\">\n                                                                                                                                        <option selected                                    value=\"https:\/\/preprod.hiolle-bedrock.weareled.fr\/hiolle-immobilier\/solutions-realisations\/travaux-de-batiment-particuliers-et-professionnels\/\">\n                                    Travaux de b\u00e2timent (particuliers et professionnels)                                <\/option>\n\n                                                                                                                                                                                                                                    <\/select>\n                            <\/div>\n            <\/div>\n<\/section>\n\n    <style>\n        #block_9ca3b1c4e7986e595acef1dd1f99b091 {\n            margin-top: 56px;\n        }\n\n        @media screen and (min-width: 768px) {\n            #block_9ca3b1c4e7986e595acef1dd1f99b091 {\n                margin-top: 80px;\n            }\n        }\n\n        #block_9ca3b1c4e7986e595acef1dd1f99b091 {\n            margin-bottom: 56px;\n        }\n\n        @media screen and (min-width: 768px) {\n            #block_9ca3b1c4e7986e595acef1dd1f99b091 {\n                margin-bottom: 96px;\n            }\n        }\n\n            <\/style>\n<section class=\"expertises-list\" id=\"block_9ca3b1c4e7986e595acef1dd1f99b091\">\n            <div class=\"expertises-list--title container--large\">\n            <h2>Nos services<\/h2>\n        <\/div>\n                <div class=\"expertises-list--list container--large\">\n                                            <div class=\"card-expertise\">\n                                            <div class=\"card-expertise--image\">\n                            <img decoding=\"async\" src=\"https:\/\/preprod.hiolle-bedrock.weareled.fr\/app\/uploads\/sites\/9\/2025\/12\/IMG_3141-min-scaled.jpeg\" alt=\"\">\n                            <span class=\"legend\"><\/span>\n                        <\/div>\n                                        <div class=\"card-expertise--content\">\n                                                    <h4>Travaux de pl\u00e2trerie<\/h4>\n                                                                                                    <p>Cr\u00e9ation de cloisons murales et de plafonds<\/p>\n                                            <\/div>\n                    <!-- <a href=\"#\"><\/a> -->\n                <\/div>\n                                            <div class=\"card-expertise\">\n                                            <div class=\"card-expertise--image\">\n                            <img decoding=\"async\" src=\"https:\/\/preprod.hiolle-bedrock.weareled.fr\/app\/uploads\/sites\/9\/2025\/02\/IMG_9822-min-scaled-e1740420346781.jpeg\" alt=\"\">\n                            <span class=\"legend\"><\/span>\n                        <\/div>\n                                        <div class=\"card-expertise--content\">\n                                                    <h4>Enduit<\/h4>\n                                                                                                    <p>Pr\u00e9paration des supports, r\u00e9alisation d&rsquo;enduits neufs ou de r\u00e9novation <\/p>\n                                            <\/div>\n                    <!-- <a href=\"#\"><\/a> -->\n                <\/div>\n                                            <div class=\"card-expertise\">\n                                            <div class=\"card-expertise--image\">\n                            <img decoding=\"async\" src=\"https:\/\/preprod.hiolle-bedrock.weareled.fr\/app\/uploads\/sites\/9\/2025\/02\/0d3192b9-ef16-44e5-a437-51300423affd.jpg\" alt=\"\">\n                            <span class=\"legend\"><\/span>\n                        <\/div>\n                                        <div class=\"card-expertise--content\">\n                                                    <h4>Travaux d\u2019isolation<\/h4>\n                                                                                                    <p>Pose d\u2019isolants (laine de verre, laine de roche, panneaux de polystyr\u00e8ne extrud\u00e9, panneaux de polyur\u00e9thane)<\/p>\n                                            <\/div>\n                    <!-- <a href=\"#\"><\/a> -->\n                <\/div>\n                                            <div class=\"card-expertise\">\n                                            <div class=\"card-expertise--image\">\n                            <img decoding=\"async\" src=\"https:\/\/preprod.hiolle-bedrock.weareled.fr\/app\/uploads\/sites\/9\/2025\/08\/PHOTO-ANZIN-ENTREE-e1754659281379.jpg\" alt=\"\">\n                            <span class=\"legend\"><\/span>\n                        <\/div>\n                                        <div class=\"card-expertise--content\">\n                                                    <h4>Peinture<\/h4>\n                                                                                                    <p>Pose de peinture int\u00e9rieure<\/p>\n                                            <\/div>\n                    <!-- <a href=\"#\"><\/a> -->\n                <\/div>\n                                            <div class=\"card-expertise\">\n                                            <div class=\"card-expertise--image\">\n                            <img decoding=\"async\" src=\"https:\/\/preprod.hiolle-bedrock.weareled.fr\/app\/uploads\/sites\/9\/2025\/02\/1738700986324.jpeg\" alt=\"\">\n                            <span class=\"legend\"><\/span>\n                        <\/div>\n                                        <div class=\"card-expertise--content\">\n                                                    <h4>Rev\u00eatement de sol<\/h4>\n                                                                                                    <p>Pose de parquet, lino, moquette &#8230; et r\u00e9novation de parquet<\/p>\n                                            <\/div>\n                    <!-- <a href=\"#\"><\/a> -->\n                <\/div>\n                                            <div class=\"card-expertise\">\n                                            <div class=\"card-expertise--image\">\n                            <img decoding=\"async\" src=\"https:\/\/preprod.hiolle-bedrock.weareled.fr\/app\/uploads\/sites\/9\/2025\/08\/PHOTO-CARRELAGE-SALLE-POLYVALENTE-e1754656498173.jpg\" alt=\"\">\n                            <span class=\"legend\"><\/span>\n                        <\/div>\n                                        <div class=\"card-expertise--content\">\n                                                    <h4>Carrelage<\/h4>\n                                                                                                    <p>Pose de carrelage au sol et mural<\/p>\n                                            <\/div>\n                    <!-- <a href=\"#\"><\/a> -->\n                <\/div>\n                                            <div class=\"card-expertise\">\n                                            <div class=\"card-expertise--image\">\n                            <img decoding=\"async\" src=\"https:\/\/preprod.hiolle-bedrock.weareled.fr\/app\/uploads\/sites\/9\/2025\/08\/IMG_3264-min-scaled.jpeg\" alt=\"\">\n                            <span class=\"legend\"><\/span>\n                        <\/div>\n                                        <div class=\"card-expertise--content\">\n                                                    <h4>Pose de cuisines<\/h4>\n                                                                                                    <p>Installation de cuisine : assemblage des meubles, pose du plan de travail, raccordements eau\/\u00e9lectricit\u00e9, r\u00e9glages et finitions.<\/p>\n                                            <\/div>\n                    <!-- <a href=\"#\"><\/a> -->\n                <\/div>\n                                            <div class=\"card-expertise\">\n                                            <div class=\"card-expertise--image\">\n                            <img decoding=\"async\" src=\"https:\/\/preprod.hiolle-bedrock.weareled.fr\/app\/uploads\/sites\/9\/2025\/02\/dae15a2a-1376-41ee-a454-ebf644e7ff1a.jpg\" alt=\"\">\n                            <span class=\"legend\"><\/span>\n                        <\/div>\n                                        <div class=\"card-expertise--content\">\n                                                    <h4>Faux plafonds suspendus<\/h4>\n                                                                                                    <p>Cr\u00e9ation de faux plafonds ou remplacement des dalles de faux plafond dans les b\u00e2timents tertiaires<\/p>\n                                            <\/div>\n                    <!-- <a href=\"#\"><\/a> -->\n                <\/div>\n                                            <div class=\"card-expertise\">\n                                            <div class=\"card-expertise--image\">\n                            <img decoding=\"async\" src=\"https:\/\/preprod.hiolle-bedrock.weareled.fr\/app\/uploads\/sites\/9\/2025\/12\/1764698107757.jpg\" alt=\"\">\n                            <span class=\"legend\"><\/span>\n                        <\/div>\n                                        <div class=\"card-expertise--content\">\n                                                    <h4>Menuiseries int\u00e9rieures<\/h4>\n                                                                                                    <p>Pose de fen\u00eatres, baies vitr\u00e9es, v\u00e9lux, portes industrielles avec syst\u00e8me anti-panique et groom, volets roulants<\/p>\n                                            <\/div>\n                    <!-- <a href=\"#\"><\/a> -->\n                <\/div>\n                    <\/div>\n    <\/section>\n\n    <style>\n        #block_0c5979366631f8fe80d78509c45a0c30 {\n            margin-top: 56px;\n        }\n\n        @media screen and (min-width: 768px) {\n            #block_0c5979366631f8fe80d78509c45a0c30 {\n                margin-top: 96px;\n            }\n        }\n\n        #block_0c5979366631f8fe80d78509c45a0c30 {\n            margin-bottom: 56px;\n        }\n\n        @media screen and (min-width: 768px) {\n            #block_0c5979366631f8fe80d78509c45a0c30 {\n                margin-bottom: 96px;\n            }\n        }\n\n            <\/style>\n\n\n    <style>\n        #block_eef55b63090ef0d5ca340f6ed153ee8c {\n            margin-top: 56px;\n        }\n\n        @media screen and (min-width: 768px) {\n            #block_eef55b63090ef0d5ca340f6ed153ee8c {\n                margin-top: 96px;\n            }\n        }\n\n        #block_eef55b63090ef0d5ca340f6ed153ee8c {\n            margin-bottom: 56px;\n        }\n\n        @media screen and (min-width: 768px) {\n            #block_eef55b63090ef0d5ca340f6ed153ee8c {\n                margin-bottom: 96px;\n            }\n        }\n\n            <\/style>\n<section class=\"redirection-double \" id=\"block_eef55b63090ef0d5ca340f6ed153ee8c\">\n        <div class=\"redirection-double--container container--large\">\n                    <div class=\"background\">\n                                                    <h3>Vous souhaitez prendre contact avec nous ?<\/h3>\n<p>Une question ? Une demande particuli\u00e8re ? Un projet ? Contactez-nous d\u00e8s aujourd\u2019hui, nous nous ferons un plaisir de vous r\u00e9pondre dans les plus brefs d\u00e9lais.<\/p>\n                                                    <a href=\"https:\/\/preprod.hiolle-bedrock.weareled.fr\/hiolle-immobilier\/contactez-nous\/\" target=\"\" class=\"btn secondary icon arrow-right\">Nous contacter<span><\/span><\/a>\n                            <\/div>\n                            <div class=\"light\">\n                                    <h3>D\u00e9couvrez nos autres solutions !<\/h3>\n<p>Nos \u00e9quipes accompagnent les particuliers et les professionnels dans leurs projets de r\u00e9novation et d\u2019am\u00e9nagement d\u2019espaces int\u00e9rieurs et ext\u00e9rieurs.<\/p>\n                                                    <a href=\"https:\/\/preprod.hiolle-bedrock.weareled.fr\/hiolle-immobilier\/solutions-realisations\/\" target=\"\" class=\"btn icon arrow-right\">Voir toutes nos solutions<span><\/span><\/a>\n                            <\/div>\n            <\/div>\n<\/section>","protected":false},"excerpt":{"rendered":"<p>\u00c0 la suite des travaux de gros oeuvre, les travaux de second \u0153uvre sont indispensables pour am\u00e9nager les b\u00e2timents et les rendre confortables, fonctionnels et \u00e0 votre go\u00fbt.<\/p>\n","protected":false},"author":3,"featured_media":684,"parent":666,"menu_order":1,"comment_status":"closed","ping_status":"closed","template":"","meta":{"_acf_changed":false,"_seopress_robots_primary_cat":"","_seopress_titles_title":"","_seopress_titles_desc":"","_seopress_robots_index":"","footnotes":""},"class_list":["post-149","page","type-page","status-publish","has-post-thumbnail","hentry"],"acf":[],"lang":"fr","translations":{"fr":149},"pll_sync_post":[],"_links":{"self":[{"href":"https:\/\/preprod.hiolle-bedrock.weareled.fr\/hiolle-immobilier\/wp-json\/wp\/v2\/pages\/149","targetHints":{"allow":["GET"]}}],"collection":[{"href":"https:\/\/preprod.hiolle-bedrock.weareled.fr\/hiolle-immobilier\/wp-json\/wp\/v2\/pages"}],"about":[{"href":"https:\/\/preprod.hiolle-bedrock.weareled.fr\/hiolle-immobilier\/wp-json\/wp\/v2\/types\/page"}],"author":[{"embeddable":true,"href":"https:\/\/preprod.hiolle-bedrock.weareled.fr\/hiolle-immobilier\/wp-json\/wp\/v2\/users\/3"}],"replies":[{"embeddable":true,"href":"https:\/\/preprod.hiolle-bedrock.weareled.fr\/hiolle-immobilier\/wp-json\/wp\/v2\/comments?post=149"}],"version-history":[{"count":49,"href":"https:\/\/preprod.hiolle-bedrock.weareled.fr\/hiolle-immobilier\/wp-json\/wp\/v2\/pages\/149\/revisions"}],"predecessor-version":[{"id":1263,"href":"https:\/\/preprod.hiolle-bedrock.weareled.fr\/hiolle-immobilier\/wp-json\/wp\/v2\/pages\/149\/revisions\/1263"}],"up":[{"embeddable":true,"href":"https:\/\/preprod.hiolle-bedrock.weareled.fr\/hiolle-immobilier\/wp-json\/wp\/v2\/pages\/666"}],"wp:featuredmedia":[{"embeddable":true,"href":"https:\/\/preprod.hiolle-bedrock.weareled.fr\/hiolle-immobilier\/wp-json\/wp\/v2\/media\/684"}],"wp:attachment":[{"href":"https:\/\/preprod.hiolle-bedrock.weareled.fr\/hiolle-immobilier\/wp-json\/wp\/v2\/media?parent=149"}],"curies":[{"name":"wp","href":"https:\/\/api.w.org\/{rel}","templated":true}]}}