{"id":15,"date":"2024-10-15T11:26:05","date_gmt":"2024-10-15T09:26:05","guid":{"rendered":"https:\/\/preprod.hiolle-bedrock.weareled.fr\/hiolle-immobilier\/?page_id=15"},"modified":"2026-03-31T11:57:35","modified_gmt":"2026-03-31T09:57:35","slug":"accueil","status":"publish","type":"page","link":"https:\/\/preprod.hiolle-bedrock.weareled.fr\/hiolle-immobilier\/","title":{"rendered":"Accueil"},"content":{"rendered":"    <style>\n        #block_3ac7ffa65e8f618c4867c68f9665a2a9 {\n            margin-top: 0px;\n        }\n\n        @media screen and (min-width: 768px) {\n            #block_3ac7ffa65e8f618c4867c68f9665a2a9 {\n                margin-top: 0px;\n            }\n        }\n\n        #block_3ac7ffa65e8f618c4867c68f9665a2a9 {\n            margin-bottom: 0px;\n        }\n\n        @media screen and (min-width: 768px) {\n            #block_3ac7ffa65e8f618c4867c68f9665a2a9 {\n                margin-bottom: 0px;\n            }\n        }\n\n            <\/style>\n<section class=\"hero-video\" id=\"block_3ac7ffa65e8f618c4867c68f9665a2a9\">\n    <div class=\"hero-video--container\">\n                \n                    <img decoding=\"async\" src=\"https:\/\/preprod.hiolle-bedrock.weareled.fr\/app\/uploads\/sites\/9\/2025\/02\/0d3192b9-ef16-44e5-a437-51300423affd.jpg\" alt=\"\" \/>\n                <div class=\"hero-video--overlay\"><\/div>\n        <div class=\"hero-video--content\">\n                            <h1>Entreprise G\u00e9n\u00e9rale de B\u00e2timent<\/h1>\n<p>HIOLLE IMMOBILIER est une filiale du Groupe HIOLLE, Groupe familial fran\u00e7ais cr\u00e9\u00e9 en 1976, sp\u00e9cialis\u00e9e dans les travaux de second oeuvre, gros oeuvre et \u00e9lectricit\u00e9.<\/p>\n                        <div class=\"hero-video--buttons\">\n                                            <\/div>\n                    <\/div>\n            <\/div>\n<\/section>\n\n\n    <style>\n        #block_5c51219bfbd799d67f4c8ccfde2ba501 {\n            margin-top: 56px;\n        }\n\n        @media screen and (min-width: 768px) {\n            #block_5c51219bfbd799d67f4c8ccfde2ba501 {\n                margin-top: 96px;\n            }\n        }\n\n        #block_5c51219bfbd799d67f4c8ccfde2ba501 {\n            margin-bottom: 56px;\n        }\n\n        @media screen and (min-width: 768px) {\n            #block_5c51219bfbd799d67f4c8ccfde2ba501 {\n                margin-bottom: 96px;\n            }\n        }\n\n            <\/style>\n<section class=\"txtimg-full ligne\" id=\"block_5c51219bfbd799d67f4c8ccfde2ba501\">\n    <div class=\"txtimg-full--container container--large\">\n        <div class=\"title--container\">\n                                                <div class=\"title--title\">\n                        <p class=\"uptitle\">Nous conna\u00eetre<\/p>\n<h2>Expert de la r\u00e9novation<br \/>\ndes b\u00e2timents<\/h2>\n                    <\/div>\n                                                    <div class=\"title--content\">\n                                                    <p>HIOLLE IMMOBILIER fait partie du Groupe HIOLLE, sp\u00e9cialiste des services \u00e0 l\u2019industrie, cr\u00e9\u00e9 il y a pr\u00e8s de 50 ans. Les \u00e9quipes qualifi\u00e9es dans tous les corps d\u2019\u00e9tat du b\u00e2timent de HIOLLE IMMOBILIER, assurent l\u2019ensemble des travaux de r\u00e9novation ou de transformation de l\u2019habitat personnel ou de locaux professionnels situ\u00e9s dans le Nord de la France.<\/p>\n                                                                            <a href=\"https:\/\/preprod.hiolle-bedrock.weareled.fr\/hiolle-immobilier\/nous-connaitre\/\" target=\"_blank\" class=\"btn icon arrow-right\">Qui sommes-nous ?<span><\/span><\/a>\n                                                                    <\/div>\n                                    <\/div>\n                    <div class=\"txtimg-full--images\">\n                                                                                <img decoding=\"async\" src=\"https:\/\/preprod.hiolle-bedrock.weareled.fr\/app\/uploads\/sites\/9\/2025\/08\/PHOTO-OSB-QUAROUBLE-min.jpg\" alt=\"\">\n                                                                                                    <img decoding=\"async\" src=\"https:\/\/preprod.hiolle-bedrock.weareled.fr\/app\/uploads\/sites\/9\/2025\/02\/606a8f26-ccd6-4c65-af19-1e6ea929657f.jpeg\" alt=\"\">\n                                                <\/div>\n            <\/div>\n<\/section>\n\n    <style>\n        #block_6ce25211bb2dcd7f854ef07be74e7bc8 {\n            margin-top: 56px;\n        }\n\n        @media screen and (min-width: 768px) {\n            #block_6ce25211bb2dcd7f854ef07be74e7bc8 {\n                margin-top: 96px;\n            }\n        }\n\n        #block_6ce25211bb2dcd7f854ef07be74e7bc8 {\n            margin-bottom: 56px;\n        }\n\n        @media screen and (min-width: 768px) {\n            #block_6ce25211bb2dcd7f854ef07be74e7bc8 {\n                margin-bottom: 96px;\n            }\n        }\n\n            <\/style>\n        <section class=\"keynumbers-list-steps col-2 \" id=\"block_6ce25211bb2dcd7f854ef07be74e7bc8\">\n        <div class=\"keynumbers-list-steps--container container--large\">\n                                            <div class=\"keynumbers-list-steps--item\">\n                    <div class=\"number-container\">\n                                                    <span class=\"number\">25<\/span>\n                                                <div class=\"mask\"><\/div>\n                                            <\/div>\n                                            <p class=\"legend\">ann\u00e9es d\u2019exp\u00e9rience<\/p>\n                                    <\/div>\n                                            <div class=\"keynumbers-list-steps--item\">\n                    <div class=\"number-container\">\n                                                    <span class=\"number\">25<\/span>\n                                                <div class=\"mask\"><\/div>\n                                            <\/div>\n                                            <p class=\"legend\">collaborateurs<\/p>\n                                    <\/div>\n                    <\/div>\n    <\/section>\n\n\n    <style>\n        #block_2912adc80a046cd7c1b83f56d0f70c4e {\n            margin-top: 56px;\n        }\n\n        @media screen and (min-width: 768px) {\n            #block_2912adc80a046cd7c1b83f56d0f70c4e {\n                margin-top: 96px;\n            }\n        }\n\n        #block_2912adc80a046cd7c1b83f56d0f70c4e {\n            margin-bottom: 56px;\n        }\n\n        @media screen and (min-width: 768px) {\n            #block_2912adc80a046cd7c1b83f56d0f70c4e {\n                margin-bottom: 96px;\n            }\n        }\n\n            <\/style>\n    <section class=\"scrolling-txt glue\" id=\"block_2912adc80a046cd7c1b83f56d0f70c4e\">\n        <div class=\"scrolling-txt--container\">\n            <div class=\"marquee\">\n                <span>La r\u00e9novation cl\u00e9 en mains<\/span>\n                <span>La r\u00e9novation cl\u00e9 en mains<\/span>\n                <span>La r\u00e9novation cl\u00e9 en mains<\/span>\n            <\/div>\n        <\/div>\n    <\/section>\n\n\n    <style>\n        #block_24f31c7203b70b54a6971fe43febfa05 {\n            margin-top: 56px;\n        }\n\n        @media screen and (min-width: 768px) {\n            #block_24f31c7203b70b54a6971fe43febfa05 {\n                margin-top: 96px;\n            }\n        }\n\n        #block_24f31c7203b70b54a6971fe43febfa05 {\n            margin-bottom: 0px;\n        }\n\n        @media screen and (min-width: 768px) {\n            #block_24f31c7203b70b54a6971fe43febfa05 {\n                margin-bottom: 0px;\n            }\n        }\n\n            <\/style>\n    <section class=\"slider-solutions glue nav-light \" id=\"block_24f31c7203b70b54a6971fe43febfa05\">\n        <div class=\"slider-solutions--container\">\n            <div class=\"slider-solutions--header container--large\">\n                                    <div class=\"slider-solutions--title\">\n                        <p class=\"uptitle\">Nos solutions<\/p>\n<h2><b>Des solutions cl\u00e9 en main<br \/>\npour la r\u00e9novation des b\u00e2timents<\/b><\/h2>\n<p>&nbsp;<\/p>\n                    <\/div>\n                                                    <a href=\"https:\/\/preprod.hiolle-bedrock.weareled.fr\/hiolle-immobilier\/solutions-realisations\/\" target=\"_self\" class=\"link icon arrow-right\">Voir toutes nos solutions<\/a>\n                            <\/div>\n                            <div class=\"slider-solutions--slider container--large owl-carousel\">\n                                                                    <div class=\"card-solution\">\n                                                            <a href=\"https:\/\/preprod.hiolle-bedrock.weareled.fr\/hiolle-immobilier\/solutions-realisations\/?solution=travaux-de-batiment-particuliers-et-professionnels\" class=\"card-solution--link\"><\/a>\n                                                        <div class=\"card-solution--image\">\n                                <img decoding=\"async\" src=\"https:\/\/preprod.hiolle-bedrock.weareled.fr\/app\/uploads\/sites\/9\/2025\/02\/dae15a2a-1376-41ee-a454-ebf644e7ff1a.jpg\" alt=\"\">\n                            <\/div>\n                            <div class=\"card-solution--content\">\n                                <h4>Travaux de b\u00e2timent (particuliers et professionnels)<\/h4>\n                                <p>Du gros oeuvre aux installations techniques qui garantissent confort, s\u00e9curit\u00e9 et fonctionnalit\u00e9<\/p>\n                                                                    <a href=\"https:\/\/preprod.hiolle-bedrock.weareled.fr\/hiolle-immobilier\/solutions-realisations\/?solution=travaux-de-batiment-particuliers-et-professionnels\" class=\"link icon arrow-right\">En savoir plus<\/a>\n                                                            <\/div>\n                        <\/div>\n                                                                    <div class=\"card-solution\">\n                                                            <a href=\"https:\/\/preprod.hiolle-bedrock.weareled.fr\/hiolle-immobilier\/solutions-realisations\/electricite-industrielle-et-tertiaire-uniquement-pour-les-professionnels\/\" class=\"card-solution--link\"><\/a>\n                                                        <div class=\"card-solution--image\">\n                                <img decoding=\"async\" src=\"https:\/\/preprod.hiolle-bedrock.weareled.fr\/app\/uploads\/sites\/9\/2025\/08\/6a58b697-5d41-47d7-9ab9-a76c5417b1a5.jpg\" alt=\"\">\n                            <\/div>\n                            <div class=\"card-solution--content\">\n                                <h4>\u00c9lectricit\u00e9 industrielle et tertiaire (pour les professionnels)<\/h4>\n                                <p>Des installations \u00e9lectriques adapt\u00e9es aux espaces commerciaux et administratifs<\/p>\n                                                                    <a href=\"https:\/\/preprod.hiolle-bedrock.weareled.fr\/hiolle-immobilier\/solutions-realisations\/electricite-industrielle-et-tertiaire-uniquement-pour-les-professionnels\/\" class=\"link icon arrow-right\">En savoir plus<\/a>\n                                                            <\/div>\n                        <\/div>\n                                    <\/div>\n                <div class=\"slider-solutions--navigation owl-nav container--large\">\n                    <span class=\"indicator\"><\/span>\n                    <div class=\"slider-solutions--dots owl-dots\"><\/div>\n                <\/div>\n                    <\/div>\n    <\/section>\n\n\n    <style>\n        #block_9c6d73f85cb5216c8cffabbed6571a12:not(.background) {\n            margin-top: 56px;\n        }\n\n        @media screen and (min-width: 768px) {\n            #block_9c6d73f85cb5216c8cffabbed6571a12:not(.background) {\n                margin-top: 96px;\n            }\n        }\n\n        #block_9c6d73f85cb5216c8cffabbed6571a12:not(.background) {\n            margin-bottom: 56px;\n        }\n\n        @media screen and (min-width: 768px) {\n            #block_9c6d73f85cb5216c8cffabbed6571a12:not(.background) {\n                margin-bottom: 96px;\n            }\n        }\n\n        #block_9c6d73f85cb5216c8cffabbed6571a12.background {\n            padding-top: 56px;\n        }\n\n        @media screen and (min-width: 768px) {\n            #block_9c6d73f85cb5216c8cffabbed6571a12.background {\n                padding-top: 96px;\n            }\n        }\n\n        #block_9c6d73f85cb5216c8cffabbed6571a12.background {\n            padding-bottom: 56px;\n        }\n\n        @media screen and (min-width: 768px) {\n            #block_9c6d73f85cb5216c8cffabbed6571a12.background {\n                padding-bottom: 96px;\n            }\n        }\n\n            <\/style>\n<section class=\"slider-testimonials  glue nav-dark\" id=\"block_9c6d73f85cb5216c8cffabbed6571a12\">\n    <div class=\"slider-testimonials--container container--large\">\n                    <div class=\"slider-testimonials--header\">\n                <h2>Ils sont satisfaits !<\/h2>\n                                    <div class=\"slider-testimonials--notice\">\n                        <div>\n                                                            <span class=\"number\">5,0\/5<\/span>\n                                <div class=\"notice-stars\">\n                                    <img decoding=\"async\" src=\"https:\/\/preprod.hiolle-bedrock.weareled.fr\/app\/mu-plugins\/app-core\/GutenbergBlocks\/SliderTestimonials\/\/assets\/images\/green-star.svg\" alt=\"\">\n                                    <img decoding=\"async\" src=\"https:\/\/preprod.hiolle-bedrock.weareled.fr\/app\/mu-plugins\/app-core\/GutenbergBlocks\/SliderTestimonials\/\/assets\/images\/green-star.svg\" alt=\"\">\n                                    <img decoding=\"async\" src=\"https:\/\/preprod.hiolle-bedrock.weareled.fr\/app\/mu-plugins\/app-core\/GutenbergBlocks\/SliderTestimonials\/\/assets\/images\/green-star.svg\" alt=\"\">\n                                    <img decoding=\"async\" src=\"https:\/\/preprod.hiolle-bedrock.weareled.fr\/app\/mu-plugins\/app-core\/GutenbergBlocks\/SliderTestimonials\/\/assets\/images\/green-star.svg\" alt=\"\">\n                                    <img decoding=\"async\" src=\"https:\/\/preprod.hiolle-bedrock.weareled.fr\/app\/mu-plugins\/app-core\/GutenbergBlocks\/SliderTestimonials\/\/assets\/images\/green-star.svg\" alt=\"\">\n                                <\/div>\n                                                    <\/div>\n                                                    <span class=\"legend\">note de satisfaction <\/span>\n                                            <\/div>\n                            <\/div>\n                            <div class=\"slider-testimonials--slider owl-carousel\">\n                                                        <div class=\"card-testimonial\">\n                        <div class=\"card-testimonial--header\">\n                                                        <div class=\"card-testimonial--infos\">\n                                                                    <span class=\"name\">Benjamin Bruneau<\/span>\n                                                                                            <\/div>\n                        <\/div>\n                                                    <div class=\"card-testimonial--content\">\n                                <p><p>Projet d&rsquo;envergure de la r\u00e9novation compl\u00e8te d&rsquo;un site industriel\/r\u00e9sidentiel sur Anzin, g\u00e9r\u00e9 par Hiolle Immobilier.<br \/>\n1200m2 de r\u00e9habilitation + cr\u00e9ation de 35 places de stationnements.<br \/>\nL&rsquo;\u00e9quipe de Hiolle Immobilier et Hiolle HITP (Travaux Publics) ont \u00e9t\u00e9 excellents.<br \/>\nDe l&rsquo;\u00e9tablissement des devis \u00e0 des prix tr\u00e8s corrects, en passant par la r\u00e9alisation totalement ma\u00eetris\u00e9e jusqu&rsquo;aux finitions tr\u00e8s soign\u00e9es, l&rsquo;\u00e9quipe de Julien Gapski a brill\u00e9 sur ce gros dossier qui ne leur a pris que 6 mois (alors que d&rsquo;autres auraient probablement pris le double).<br \/>\nUne \u00e9quipe jeune, dynamique, hyper comp\u00e9tente et super motiv\u00e9e.<br \/>\nJe recommande Hiolle Immobilier pour tout ce qui est r\u00e9novation\/ construction et Hiolle HITP pour la pose de macadam et r\u00e9alisation d&rsquo;espaces ext\u00e9rieurs \u00e0 100%.<\/p>\n<\/p>\n                            <\/div>\n                                            <\/div>\n                                                        <div class=\"card-testimonial\">\n                        <div class=\"card-testimonial--header\">\n                                                        <div class=\"card-testimonial--infos\">\n                                                                    <span class=\"name\">Arnaud Lajoie<\/span>\n                                                                                            <\/div>\n                        <\/div>\n                                                    <div class=\"card-testimonial--content\">\n                                <p><p>Merci \u00e0 Hugues pour ses conseils sa pr\u00e9sence. Merci \u00e0 Micka et son \u00e9quipe pour une tr\u00e8s belle r\u00e9novation. Une entreprise au service et \u00e0 l&rsquo; \u00e9coute de ses clients qui tient ses promesses.<\/p>\n<\/p>\n                            <\/div>\n                                            <\/div>\n                                                        <div class=\"card-testimonial\">\n                        <div class=\"card-testimonial--header\">\n                                                        <div class=\"card-testimonial--infos\">\n                                                                    <span class=\"name\">Julien Flamcourt<\/span>\n                                                                                            <\/div>\n                        <\/div>\n                                                    <div class=\"card-testimonial--content\">\n                                <p><p>Excellente exp\u00e9rience avec Hiolle Immobilier !<\/p>\n<p>J&rsquo;ai fait appel \u00e0 leur service pour des travaux chez moi, et je suis absolument ravi du r\u00e9sultat. L&rsquo;\u00e9quipe a \u00e9t\u00e9 professionnelle, r\u00e9active et a su respecter les d\u00e9lais. Les travaux ont \u00e9t\u00e9 r\u00e9alis\u00e9s avec soin et qualit\u00e9, et tout a \u00e9t\u00e9 parfaitement nettoy\u00e9 \u00e0 la fin. Je recommande vivement Hiolle Immobilier pour leur s\u00e9rieux et leur savoir-faire. Un grand merci \u00e0 toute l&rsquo;\u00e9quipe !<\/p>\n<\/p>\n                            <\/div>\n                                            <\/div>\n                                                        <div class=\"card-testimonial\">\n                        <div class=\"card-testimonial--header\">\n                                                        <div class=\"card-testimonial--infos\">\n                                                                    <span class=\"name\">Jeanne Lajoie<\/span>\n                                                                                            <\/div>\n                        <\/div>\n                                                    <div class=\"card-testimonial--content\">\n                                <p><p>Entreprise s\u00e9rieuse. Un grand merci \u00e0 l\u2019\u00e9quipe de choc qui a r\u00e9nov\u00e9 mon appartement. R\u00e9actif, \u00e0 l\u2019\u00e9coute, soigneux je ne regrette rien! \u00c0 bientot \ud83d\ude42<\/p>\n<\/p>\n                            <\/div>\n                                            <\/div>\n                                                        <div class=\"card-testimonial\">\n                        <div class=\"card-testimonial--header\">\n                                                        <div class=\"card-testimonial--infos\">\n                                                                    <span class=\"name\"> Lyz Leclercq<\/span>\n                                                                                            <\/div>\n                        <\/div>\n                                                    <div class=\"card-testimonial--content\">\n                                <p><p>Entreprise super s\u00e9rieuse, \u00e0 l\u2019\u00e9coute des ses clients . La r\u00e9novation de mon logement a \u00e9t\u00e9 parfaite du d\u00e9but \u00e0 la fin .<br \/>\nJe recommande fortement , quels que soient vos types de travaux<\/p>\n<\/p>\n                            <\/div>\n                                            <\/div>\n                            <\/div>\n            <div class=\"slider-testimonials--navigation owl-nav\"><\/div>\n            <\/div>\n<\/section>\n\n    <style>\n        #block_4aeb690e87f66ea0327fa5cf7be0ee2b {\n            margin-top: 56px;\n        }\n\n        @media screen and (min-width: 768px) {\n            #block_4aeb690e87f66ea0327fa5cf7be0ee2b {\n                margin-top: 96px;\n            }\n        }\n\n        #block_4aeb690e87f66ea0327fa5cf7be0ee2b {\n            margin-bottom: 56px;\n        }\n\n        @media screen and (min-width: 768px) {\n            #block_4aeb690e87f66ea0327fa5cf7be0ee2b {\n                margin-bottom: 96px;\n            }\n        }\n\n            <\/style>\n\n\n    <style>\n        #block_aeace1be1a1720bb2f8d10542b1620f7 {\n            margin-top: 56px;\n        }\n\n        @media screen and (min-width: 768px) {\n            #block_aeace1be1a1720bb2f8d10542b1620f7 {\n                margin-top: 96px;\n            }\n        }\n\n        #block_aeace1be1a1720bb2f8d10542b1620f7 {\n            margin-bottom: 56px;\n        }\n\n        @media screen and (min-width: 768px) {\n            #block_aeace1be1a1720bb2f8d10542b1620f7 {\n                margin-bottom: 96px;\n            }\n        }\n\n            <\/style>\n<section class=\"redirection-double \" id=\"block_aeace1be1a1720bb2f8d10542b1620f7\">\n        <div class=\"redirection-double--container container--large\">\n                    <div class=\"background\">\n                                                    <h3>Vous souhaitez faire une demande de devis ?<\/h3>\n<p>Vous avez un projet ? Contactez-nous d\u00e8s aujourd\u2019hui, nous nous ferons un plaisir de vous r\u00e9pondre dans les plus brefs d\u00e9lais.<\/p>\n                                                    <a href=\"https:\/\/preprod.hiolle-bedrock.weareled.fr\/hiolle-immobilier\/contactez-nous\/\" target=\"\" class=\"btn secondary icon arrow-right\">Nous contacter<span><\/span><\/a>\n                            <\/div>\n                            <div class=\"light\">\n                                    <h3>Envie de rejoindre l\u2019aventure HIOLLE IMMOBILIER ?<\/h3>\n<p>Rejoignez un mouvement en constante \u00e9volution, dans une entreprise familiale et conviviale !<\/p>\n                                                    <a href=\"https:\/\/preprod.hiolle-bedrock.weareled.fr\/hiolle-immobilier\/nous-rejoindre\/\" target=\"\" class=\"btn icon arrow-right\">Consulter les offres<span><\/span><\/a>\n                            <\/div>\n            <\/div>\n<\/section>","protected":false},"excerpt":{"rendered":"","protected":false},"author":1,"featured_media":0,"parent":0,"menu_order":0,"comment_status":"closed","ping_status":"closed","template":"","meta":{"_acf_changed":false,"_seopress_robots_primary_cat":"","_seopress_titles_title":"HIOLLE Immobilier - Expert des travaux g\u00e9n\u00e9raux","_seopress_titles_desc":"HIOLLE IMMOBILIER est une filiale du Groupe HIOLLE, Groupe familial fran\u00e7ais cr\u00e9\u00e9 en 1976, sp\u00e9cialis\u00e9e dans la r\u00e9novation et l'entretien de b\u00e2timents int\u00e9rieur et ext\u00e9rieur, tant pour les particuliers que pour les professionnels.","_seopress_robots_index":"","footnotes":""},"class_list":["post-15","page","type-page","status-publish","hentry"],"acf":[],"lang":"fr","translations":{"fr":15},"pll_sync_post":[],"_links":{"self":[{"href":"https:\/\/preprod.hiolle-bedrock.weareled.fr\/hiolle-immobilier\/wp-json\/wp\/v2\/pages\/15","targetHints":{"allow":["GET"]}}],"collection":[{"href":"https:\/\/preprod.hiolle-bedrock.weareled.fr\/hiolle-immobilier\/wp-json\/wp\/v2\/pages"}],"about":[{"href":"https:\/\/preprod.hiolle-bedrock.weareled.fr\/hiolle-immobilier\/wp-json\/wp\/v2\/types\/page"}],"author":[{"embeddable":true,"href":"https:\/\/preprod.hiolle-bedrock.weareled.fr\/hiolle-immobilier\/wp-json\/wp\/v2\/users\/1"}],"replies":[{"embeddable":true,"href":"https:\/\/preprod.hiolle-bedrock.weareled.fr\/hiolle-immobilier\/wp-json\/wp\/v2\/comments?post=15"}],"version-history":[{"count":36,"href":"https:\/\/preprod.hiolle-bedrock.weareled.fr\/hiolle-immobilier\/wp-json\/wp\/v2\/pages\/15\/revisions"}],"predecessor-version":[{"id":1262,"href":"https:\/\/preprod.hiolle-bedrock.weareled.fr\/hiolle-immobilier\/wp-json\/wp\/v2\/pages\/15\/revisions\/1262"}],"wp:attachment":[{"href":"https:\/\/preprod.hiolle-bedrock.weareled.fr\/hiolle-immobilier\/wp-json\/wp\/v2\/media?parent=15"}],"curies":[{"name":"wp","href":"https:\/\/api.w.org\/{rel}","templated":true}]}}