{"id":153,"date":"2025-01-09T10:34:31","date_gmt":"2025-01-09T09:34:31","guid":{"rendered":"https:\/\/preprod.hiolle-bedrock.weareled.fr\/hiolle-immobilier\/?page_id=153"},"modified":"2026-03-31T12:06:04","modified_gmt":"2026-03-31T10:06:04","slug":"electricite-industrielle-et-tertiaire","status":"publish","type":"page","link":"https:\/\/preprod.hiolle-bedrock.weareled.fr\/hiolle-immobilier\/solutions-realisations\/travaux-de-batiment-particuliers-et-professionnels\/electricite-industrielle-et-tertiaire\/","title":{"rendered":"Travaux de gros \u0153uvre"},"content":{"rendered":"    <style>\n        #block_07d5b88f23fec1ae5e09b735d0b8eb3a {\n            margin-top: 0px;\n        }\n\n        @media screen and (min-width: 768px) {\n            #block_07d5b88f23fec1ae5e09b735d0b8eb3a {\n                margin-top: 0px;\n            }\n        }\n\n        #block_07d5b88f23fec1ae5e09b735d0b8eb3a {\n            margin-bottom: 56px;\n        }\n\n        @media screen and (min-width: 768px) {\n            #block_07d5b88f23fec1ae5e09b735d0b8eb3a {\n                margin-bottom: 96px;\n            }\n        }\n\n            <\/style>\n<section class=\"hero hero--secondary\" id=\"block_07d5b88f23fec1ae5e09b735d0b8eb3a\">\n    <div class=\"hero--container\">\n                    <div class=\"hero--img\">\n                <img decoding=\"async\" src=\"https:\/\/preprod.hiolle-bedrock.weareled.fr\/app\/uploads\/sites\/9\/2025\/02\/PHOTO-DALLE-BETON-HENSIES-min.jpg\" alt=\"\">\n            <\/div>\n                <div class=\"hero--container-content\">\n                            <div class=\"hero--breadcrumb\">\n                    <nav  aria-label=\"Fil d&#039;Ariane\"><ol class=\"breadcrumb\" itemscope itemtype=\"https:\/\/schema.org\/BreadcrumbList\"><li class=\"breadcrumb-item active\" aria-current=\"page\" itemprop=\"itemListElement\" itemscope itemtype=\"https:\/\/schema.org\/ListItem\"><span itemprop=\"name\">Accueil<\/span><meta itemprop=\"position\" content=\"1\"><\/li><\/ol><\/nav>                <\/div>\n                                                    <div class=\"hero--content\">\n                    <p class=\"uptitle\">Solutions &amp; r\u00e9alisations<\/p>\n<h1><strong>Travaux de gros \u0153uvre<\/strong><\/h1>\n<p>L&rsquo;ensemble des travaux li\u00e9s \u00e0 la construction ou \u00e0 la r\u00e9novation de l&rsquo;ossature d&rsquo;un b\u00e2timent, lui assurant solidit\u00e9 et stabilit\u00e9.<span style=\"font-weight: 400\"><br \/>\n<\/span><\/p>\n                <\/div>\n                                <\/div>\n    <\/div>\n<\/section>\n\n    <style>\n        #block_a04c0feef1d1ebd2feca89857d0454ce {\n            margin-top: 8px;\n        }\n\n        @media screen and (min-width: 768px) {\n            #block_a04c0feef1d1ebd2feca89857d0454ce {\n                margin-top: 24px;\n            }\n        }\n\n        #block_a04c0feef1d1ebd2feca89857d0454ce {\n            margin-bottom: 56px;\n        }\n\n        @media screen and (min-width: 768px) {\n            #block_a04c0feef1d1ebd2feca89857d0454ce {\n                margin-bottom: 80px;\n            }\n        }\n\n            <\/style>\n<section class=\"simplified-nav\" id=\"block_a04c0feef1d1ebd2feca89857d0454ce\">\n    <div class=\"simplified-nav--container container--large\">\n                    <div class=\"simplified-nav--label\">\n                <p>Nos solutions<\/p>\n            <\/div>\n                \n                    <div class=\"simplified-nav--select is-custom-select\">\n                                                    <select onchange=\"window.location=this.value\">\n                                                                                                                                        <option selected                                    value=\"https:\/\/preprod.hiolle-bedrock.weareled.fr\/hiolle-immobilier\/solutions-realisations\/travaux-de-batiment-particuliers-et-professionnels\/\">\n                                    Travaux de b\u00e2timent (particuliers et professionnels)                                <\/option>\n\n                                                                                                                                                                                                                                    <\/select>\n                            <\/div>\n            <\/div>\n<\/section>\n\n    <style>\n        #block_8f700c97210defec0f44616b8b58993f {\n            margin-top: 56px;\n        }\n\n        @media screen and (min-width: 768px) {\n            #block_8f700c97210defec0f44616b8b58993f {\n                margin-top: 80px;\n            }\n        }\n\n        #block_8f700c97210defec0f44616b8b58993f {\n            margin-bottom: 56px;\n        }\n\n        @media screen and (min-width: 768px) {\n            #block_8f700c97210defec0f44616b8b58993f {\n                margin-bottom: 96px;\n            }\n        }\n\n            <\/style>\n<section class=\"expertises-list\" id=\"block_8f700c97210defec0f44616b8b58993f\">\n            <div class=\"expertises-list--title container--large\">\n            <h2>Nos services<\/h2>\n        <\/div>\n                <div class=\"expertises-list--list container--large\">\n                                            <div class=\"card-expertise\">\n                                            <div class=\"card-expertise--image\">\n                            <img decoding=\"async\" src=\"https:\/\/preprod.hiolle-bedrock.weareled.fr\/app\/uploads\/sites\/9\/2025\/08\/escalier-foire-fouille.jpg\" alt=\"\">\n                            <span class=\"legend\"><\/span>\n                        <\/div>\n                                        <div class=\"card-expertise--content\">\n                                                    <h4>Ma\u00e7onnerie<\/h4>\n                                                                                                    <p>Pose de parpaings et briques de finition, cr\u00e9ation de murets, d\u2019extension, r\u00e9paration de murs, r\u00e9novation de fa\u00e7ade <\/p>\n                                            <\/div>\n                    <!-- <a href=\"#\"><\/a> -->\n                <\/div>\n                                            <div class=\"card-expertise\">\n                                            <div class=\"card-expertise--image\">\n                            <img decoding=\"async\" src=\"https:\/\/preprod.hiolle-bedrock.weareled.fr\/app\/uploads\/sites\/9\/2025\/02\/PHOTO-DALLE-BETON-HENSIES-min.jpg\" alt=\"\">\n                            <span class=\"legend\"><\/span>\n                        <\/div>\n                                        <div class=\"card-expertise--content\">\n                                                    <h4>Dalle b\u00e9ton<\/h4>\n                                                                                                    <p>Pr\u00e9paration du terrain, coffrage, ferraillage, coulage et finitions<\/p>\n                                            <\/div>\n                    <!-- <a href=\"#\"><\/a> -->\n                <\/div>\n                                            <div class=\"card-expertise\">\n                                            <div class=\"card-expertise--image\">\n                            <img decoding=\"async\" src=\"https:\/\/preprod.hiolle-bedrock.weareled.fr\/app\/uploads\/sites\/9\/2026\/03\/Chantier_bardage.png\" alt=\"\">\n                            <span class=\"legend\"><\/span>\n                        <\/div>\n                                        <div class=\"card-expertise--content\">\n                                                    <h4>Travaux de bardage et toiture bac acier<\/h4>\n                                                                                                    <p>Cr\u00e9ation de charpente bois et pose de toiture bac acier<\/p>\n                                            <\/div>\n                    <!-- <a href=\"#\"><\/a> -->\n                <\/div>\n                                            <div class=\"card-expertise\">\n                                            <div class=\"card-expertise--image\">\n                            <img decoding=\"async\" src=\"https:\/\/preprod.hiolle-bedrock.weareled.fr\/app\/uploads\/sites\/9\/2025\/08\/PHOTO-ANZIN-BUREAU-1-e1754658991387.jpg\" alt=\"\">\n                            <span class=\"legend\"><\/span>\n                        <\/div>\n                                        <div class=\"card-expertise--content\">\n                                                    <h4>Menuiseries ext\u00e9rieures<\/h4>\n                                                                                                    <p>Pose de portes ext\u00e9rieures, fen\u00eatres, baies vitr\u00e9es, volets roulants &#8230; <\/p>\n                                            <\/div>\n                    <!-- <a href=\"#\"><\/a> -->\n                <\/div>\n                                            <div class=\"card-expertise\">\n                                            <div class=\"card-expertise--image\">\n                            <img decoding=\"async\" src=\"https:\/\/preprod.hiolle-bedrock.weareled.fr\/app\/uploads\/sites\/9\/2025\/08\/PHOTO-OSB-QUAROUBLE-min.jpg\" alt=\"\">\n                            <span class=\"legend\"><\/span>\n                        <\/div>\n                                        <div class=\"card-expertise--content\">\n                                                    <h4>Ossature bois<\/h4>\n                                                                                                    <p>D\u00e9coupe et assemblage de l&rsquo;ossature bois<\/p>\n                                            <\/div>\n                    <!-- <a href=\"#\"><\/a> -->\n                <\/div>\n                                            <div class=\"card-expertise\">\n                                        <div class=\"card-expertise--content\">\n                                                    <h4>Ouverture mur porteur<\/h4>\n                                                                                            <\/div>\n                    <!-- <a href=\"#\"><\/a> -->\n                <\/div>\n                                            <div class=\"card-expertise\">\n                                        <div class=\"card-expertise--content\">\n                                                    <h4>Ravalement de fa\u00e7ade<\/h4>\n                                                                                                    <p>Diagnostic, nettoyage, r\u00e9paration et protection de tout type de fa\u00e7ade<\/p>\n                                            <\/div>\n                    <!-- <a href=\"#\"><\/a> -->\n                <\/div>\n                    <\/div>\n    <\/section>\n\n    <style>\n        #block_112cb135a1060a2472294d83cc2804ef {\n            margin-top: 56px;\n        }\n\n        @media screen and (min-width: 768px) {\n            #block_112cb135a1060a2472294d83cc2804ef {\n                margin-top: 96px;\n            }\n        }\n\n        #block_112cb135a1060a2472294d83cc2804ef {\n            margin-bottom: 56px;\n        }\n\n        @media screen and (min-width: 768px) {\n            #block_112cb135a1060a2472294d83cc2804ef {\n                margin-bottom: 96px;\n            }\n        }\n\n            <\/style>\n\n\n    <style>\n        #block_29b659e5dea22c3febb10ca4c01b1b47 {\n            margin-top: 56px;\n        }\n\n        @media screen and (min-width: 768px) {\n            #block_29b659e5dea22c3febb10ca4c01b1b47 {\n                margin-top: 96px;\n            }\n        }\n\n        #block_29b659e5dea22c3febb10ca4c01b1b47 {\n            margin-bottom: 56px;\n        }\n\n        @media screen and (min-width: 768px) {\n            #block_29b659e5dea22c3febb10ca4c01b1b47 {\n                margin-bottom: 96px;\n            }\n        }\n\n            <\/style>\n<section class=\"redirection-double \" id=\"block_29b659e5dea22c3febb10ca4c01b1b47\">\n        <div class=\"redirection-double--container container--large\">\n                    <div class=\"background\">\n                                                    <h3>Vous souhaitez prendre contact avec nous ?<\/h3>\n<p>Une question ? Une demande particuli\u00e8re ? Un projet ? Contactez-nous d\u00e8s aujourd\u2019hui, nous nous ferons un plaisir de vous r\u00e9pondre dans les plus brefs d\u00e9lais.<\/p>\n                                                    <a href=\"https:\/\/preprod.hiolle-bedrock.weareled.fr\/hiolle-immobilier\/contactez-nous\/\" target=\"\" class=\"btn secondary icon arrow-right\">Nous contacter<span><\/span><\/a>\n                            <\/div>\n                            <div class=\"light\">\n                                    <h3>D\u00e9couvrez nos autres solutions !<\/h3>\n<p>Nos \u00e9quipes\u00a0accompagnent les particuliers et les professionnels dans leurs projets de r\u00e9novation et d\u2019am\u00e9nagement d\u2019espaces int\u00e9rieurs et ext\u00e9rieurs.<\/p>\n                                                    <a href=\"https:\/\/preprod.hiolle-bedrock.weareled.fr\/hiolle-immobilier\/solutions-realisations\/\" target=\"\" class=\"btn icon arrow-right\">Voir toutes nos solutions<span><\/span><\/a>\n                            <\/div>\n            <\/div>\n<\/section>","protected":false},"excerpt":{"rendered":"<p>L&rsquo;ensemble des travaux li\u00e9s \u00e0 la construction ou \u00e0 la r\u00e9novation de l&rsquo;ossature d&rsquo;un b\u00e2timent, lui assurant solidit\u00e9 et stabilit\u00e9.<\/p>\n","protected":false},"author":3,"featured_media":335,"parent":666,"menu_order":2,"comment_status":"closed","ping_status":"closed","template":"","meta":{"_acf_changed":false,"_seopress_robots_primary_cat":"","_seopress_titles_title":"","_seopress_titles_desc":"","_seopress_robots_index":"","footnotes":""},"class_list":["post-153","page","type-page","status-publish","has-post-thumbnail","hentry"],"acf":[],"lang":"fr","translations":{"fr":153},"pll_sync_post":[],"_links":{"self":[{"href":"https:\/\/preprod.hiolle-bedrock.weareled.fr\/hiolle-immobilier\/wp-json\/wp\/v2\/pages\/153","targetHints":{"allow":["GET"]}}],"collection":[{"href":"https:\/\/preprod.hiolle-bedrock.weareled.fr\/hiolle-immobilier\/wp-json\/wp\/v2\/pages"}],"about":[{"href":"https:\/\/preprod.hiolle-bedrock.weareled.fr\/hiolle-immobilier\/wp-json\/wp\/v2\/types\/page"}],"author":[{"embeddable":true,"href":"https:\/\/preprod.hiolle-bedrock.weareled.fr\/hiolle-immobilier\/wp-json\/wp\/v2\/users\/3"}],"replies":[{"embeddable":true,"href":"https:\/\/preprod.hiolle-bedrock.weareled.fr\/hiolle-immobilier\/wp-json\/wp\/v2\/comments?post=153"}],"version-history":[{"count":32,"href":"https:\/\/preprod.hiolle-bedrock.weareled.fr\/hiolle-immobilier\/wp-json\/wp\/v2\/pages\/153\/revisions"}],"predecessor-version":[{"id":1267,"href":"https:\/\/preprod.hiolle-bedrock.weareled.fr\/hiolle-immobilier\/wp-json\/wp\/v2\/pages\/153\/revisions\/1267"}],"up":[{"embeddable":true,"href":"https:\/\/preprod.hiolle-bedrock.weareled.fr\/hiolle-immobilier\/wp-json\/wp\/v2\/pages\/666"}],"wp:featuredmedia":[{"embeddable":true,"href":"https:\/\/preprod.hiolle-bedrock.weareled.fr\/hiolle-immobilier\/wp-json\/wp\/v2\/media\/335"}],"wp:attachment":[{"href":"https:\/\/preprod.hiolle-bedrock.weareled.fr\/hiolle-immobilier\/wp-json\/wp\/v2\/media?parent=153"}],"curies":[{"name":"wp","href":"https:\/\/api.w.org\/{rel}","templated":true}]}}