{"id":37,"date":"2024-10-15T11:06:07","date_gmt":"2024-10-15T09:06:07","guid":{"rendered":"https:\/\/preprod.hiolle-bedrock.weareled.fr\/hiolle-logistique\/?page_id=37"},"modified":"2025-11-26T11:16:36","modified_gmt":"2025-11-26T10:16:36","slug":"solutions-realisations","status":"publish","type":"page","link":"https:\/\/preprod.hiolle-bedrock.weareled.fr\/hiolle-immobilier\/solutions-realisations\/","title":{"rendered":"Solutions &amp; r\u00e9alisations"},"content":{"rendered":"    <style>\n        #block_96d5e49248604679a3b6598c53b33f78 {\n            margin-top: 0px;\n        }\n\n        @media screen and (min-width: 768px) {\n            #block_96d5e49248604679a3b6598c53b33f78 {\n                margin-top: 0px;\n            }\n        }\n\n        #block_96d5e49248604679a3b6598c53b33f78 {\n            margin-bottom: 56px;\n        }\n\n        @media screen and (min-width: 768px) {\n            #block_96d5e49248604679a3b6598c53b33f78 {\n                margin-bottom: 96px;\n            }\n        }\n\n            <\/style>\n<section class=\"hero hero--secondary\" id=\"block_96d5e49248604679a3b6598c53b33f78\">\n    <div class=\"hero--container\">\n                    <div class=\"hero--img\">\n                <img decoding=\"async\" src=\"https:\/\/preprod.hiolle-bedrock.weareled.fr\/app\/uploads\/sites\/9\/2025\/02\/0d3192b9-ef16-44e5-a437-51300423affd.jpg\" alt=\"\">\n            <\/div>\n                <div class=\"hero--container-content\">\n                                                    <div class=\"hero--content\">\n                    <p class=\"uptitle\">Solutions &amp; r\u00e9alisations<\/p>\n<h1>Des solutions compl\u00e8tes pour tous vos travaux<\/h1>\n<p>HIOLLE IMMOBILIER est une entreprise de travaux g\u00e9n\u00e9raux, sp\u00e9cialis\u00e9e dans les travaux de r\u00e9novation et d\u2019am\u00e9nagement int\u00e9rieur et ext\u00e9rieur pour les particuliers et les professionnels.<\/p>\n                <\/div>\n                                <\/div>\n    <\/div>\n<\/section>\n\n    <style>\n        #block_473d8e2e1cb29b7da4f33284950a4509 {\n            margin-top: 56px;\n        }\n\n        @media screen and (min-width: 768px) {\n            #block_473d8e2e1cb29b7da4f33284950a4509 {\n                margin-top: 96px;\n            }\n        }\n\n        #block_473d8e2e1cb29b7da4f33284950a4509 {\n            margin-bottom: 56px;\n        }\n\n        @media screen and (min-width: 768px) {\n            #block_473d8e2e1cb29b7da4f33284950a4509 {\n                margin-bottom: 96px;\n            }\n        }\n\n            <\/style>\n    <section class=\"solutions-list\" id=\"block_473d8e2e1cb29b7da4f33284950a4509\">\n        <div class=\"solutions-list--container container--large\">\n                            <div class=\"solutions-list--title\">\n                    <h2>Les <span style=\"color: #009cde\">solutions<\/span> de HIOLLE Immobilier<\/h2>\n                <\/div>\n                        <div class=\"solutions-list--cards-solution\">\n                                                    <div class=\"card-solution--item   \" data-count=\"1\" data-solution=\"travaux-de-batiment-particuliers-et-professionnels\">\n                                                    <div class=\"card-solution--item-img\">\n                                <a href=\"https:\/\/preprod.hiolle-bedrock.weareled.fr\/hiolle-immobilier\/solutions-realisations\/travaux-de-batiment-particuliers-et-professionnels\/\"><img decoding=\"async\" src=\"https:\/\/preprod.hiolle-bedrock.weareled.fr\/app\/uploads\/sites\/9\/2025\/02\/dae15a2a-1376-41ee-a454-ebf644e7ff1a.jpg\" alt=\"image de fond de la carte\"><\/a>\n                            <\/div>\n                                                <div class=\"card-solution--item-inner\">\n                            <h4><a href=\"https:\/\/preprod.hiolle-bedrock.weareled.fr\/hiolle-immobilier\/solutions-realisations\/travaux-de-batiment-particuliers-et-professionnels\/\">Travaux de b\u00e2timent (particuliers et professionnels)<\/a><\/h4>\n                            <p>Du gros oeuvre aux installations techniques qui garantissent confort, s\u00e9curit\u00e9 et fonctionnalit\u00e9<\/p>\n                            <a href=\"https:\/\/preprod.hiolle-bedrock.weareled.fr\/hiolle-immobilier\/solutions-realisations\/travaux-de-batiment-particuliers-et-professionnels\/\" class=\"link dark icon arrow-down\">En savoir plus<\/a>\n                                                            <a href=\"#\" class=\"link dark icon arrow-top to-close\">Fermer<\/a>\n                                                    <\/div>\n                    <\/div>\n                                            <div class=\"card-solution--item-content \" data-count=\"1\">\n                            <div class=\"card-solution--item-content-title\">\n                                <h4>Travaux de b\u00e2timent (particuliers et professionnels)<\/h4>\n                            <\/div>\n                            <div class=\"card-solution--item-content-inner\">\n                                <div class=\"presentation\">\n                                    <h5>Pr\u00e9sentation<\/h5>\n                                    <p>Du gros oeuvre aux installations techniques qui garantissent confort, s\u00e9curit\u00e9 et fonctionnalit\u00e9<\/p>\n                                                                    <\/div>\n                                <div class=\"list-card-redirection\">\n                                                                            <a href=\"https:\/\/preprod.hiolle-bedrock.weareled.fr\/hiolle-immobilier\/solutions-realisations\/travaux-de-batiment-particuliers-et-professionnels\/travaux-de-renovation\/\" class=\"card-redirection-item\">\n                                            <h4>Travaux de second \u0153uvre<\/h4>\n                                            <p>\u00c0 la suite des travaux de gros oeuvre, les travaux de second \u0153uvre sont indispensables pour am\u00e9nager les b\u00e2timents et les rendre confortables, fonctionnels et \u00e0 votre go\u00fbt.<\/p>\n                                            <span class=\"arrow-btn full-green\"><span><\/span><\/span>\n                                                                                            <img decoding=\"async\" src=\"https:\/\/preprod.hiolle-bedrock.weareled.fr\/app\/uploads\/sites\/9\/2025\/08\/PHOTO-ANZIN-BUREAU-e1754659265293.jpg\" alt=\"image de fond\">\n                                                                                    <\/a>\n                                                                            <a href=\"https:\/\/preprod.hiolle-bedrock.weareled.fr\/hiolle-immobilier\/solutions-realisations\/travaux-de-batiment-particuliers-et-professionnels\/electricite-industrielle-et-tertiaire\/\" class=\"card-redirection-item\">\n                                            <h4>Travaux de gros \u0153uvre<\/h4>\n                                            <p>L&rsquo;ensemble des travaux li\u00e9s \u00e0 la construction ou \u00e0 la r\u00e9novation de l&rsquo;ossature d&rsquo;un b\u00e2timent, lui assurant solidit\u00e9 et stabilit\u00e9.<\/p>\n                                            <span class=\"arrow-btn full-green\"><span><\/span><\/span>\n                                                                                            <img decoding=\"async\" src=\"https:\/\/preprod.hiolle-bedrock.weareled.fr\/app\/uploads\/sites\/9\/2025\/02\/PHOTO-DALLE-BETON-HENSIES-min.jpg\" alt=\"image de fond\">\n                                                                                    <\/a>\n                                                                            <a href=\"https:\/\/preprod.hiolle-bedrock.weareled.fr\/hiolle-immobilier\/solutions-realisations\/travaux-de-batiment-particuliers-et-professionnels\/amenagement-paysager\/\" class=\"card-redirection-item\">\n                                            <h4>Travaux de r\u00e9sine, peinture au sol et marquage au sol<\/h4>\n                                            <p>Pose de r\u00e9sine de sol et marquage signal\u00e9tique pour des rev\u00eatements r\u00e9sistants et longue dur\u00e9e\u00a0\u00a0<\/p>\n                                            <span class=\"arrow-btn full-green\"><span><\/span><\/span>\n                                                                                            <img decoding=\"async\" src=\"https:\/\/preprod.hiolle-bedrock.weareled.fr\/app\/uploads\/sites\/9\/2025\/02\/PHOTO-RESINE-VENTECO-retouchee-1-e1740415923113.jpg\" alt=\"image de fond\">\n                                                                                    <\/a>\n                                                                    <\/div>\n                            <\/div>\n                            <div class=\"card-solution--item-content-btn\">\n                                <a href=\"#\" class=\"btn tertiary-light icon close\">Fermer<span><\/span><\/a>\n                            <\/div>\n                        <\/div>\n                                                                            <div class=\"card-solution--item   is-page-link\" data-count=\"2\" data-solution=\"electricite-industrielle-et-tertiaire-uniquement-pour-les-professionnels\">\n                                                    <div class=\"card-solution--item-img\">\n                                <a href=\"https:\/\/preprod.hiolle-bedrock.weareled.fr\/hiolle-immobilier\/solutions-realisations\/electricite-industrielle-et-tertiaire-uniquement-pour-les-professionnels\/\"><img decoding=\"async\" src=\"https:\/\/preprod.hiolle-bedrock.weareled.fr\/app\/uploads\/sites\/9\/2025\/08\/6a58b697-5d41-47d7-9ab9-a76c5417b1a5.jpg\" alt=\"image de fond de la carte\"><\/a>\n                            <\/div>\n                                                <div class=\"card-solution--item-inner\">\n                            <h4><a href=\"https:\/\/preprod.hiolle-bedrock.weareled.fr\/hiolle-immobilier\/solutions-realisations\/electricite-industrielle-et-tertiaire-uniquement-pour-les-professionnels\/\">\u00c9lectricit\u00e9 industrielle et tertiaire (pour les professionnels)<\/a><\/h4>\n                            <p>Des installations \u00e9lectriques adapt\u00e9es aux espaces commerciaux et administratifs<\/p>\n                            <a href=\"https:\/\/preprod.hiolle-bedrock.weareled.fr\/hiolle-immobilier\/solutions-realisations\/electricite-industrielle-et-tertiaire-uniquement-pour-les-professionnels\/\" class=\"link dark icon arrow-right\">En savoir plus<\/a>\n                                                    <\/div>\n                    <\/div>\n                                                                    <\/div>\n                    <\/div>\n    <\/section>\n\n\n    <style>\n        #block_9687aa1cdacf5db9db8d51364da4e8e0 {\n            margin-top: 56px;\n        }\n\n        @media screen and (min-width: 768px) {\n            #block_9687aa1cdacf5db9db8d51364da4e8e0 {\n                margin-top: 96px;\n            }\n        }\n\n        #block_9687aa1cdacf5db9db8d51364da4e8e0 {\n            margin-bottom: 56px;\n        }\n\n        @media screen and (min-width: 768px) {\n            #block_9687aa1cdacf5db9db8d51364da4e8e0 {\n                margin-bottom: 96px;\n            }\n        }\n\n            <\/style>\n\n\n    <style>\n        #block_399492c22aed9b502501233748a5fb86 {\n            margin-top: 56px;\n        }\n\n        @media screen and (min-width: 768px) {\n            #block_399492c22aed9b502501233748a5fb86 {\n                margin-top: 96px;\n            }\n        }\n\n        #block_399492c22aed9b502501233748a5fb86 {\n            margin-bottom: 56px;\n        }\n\n        @media screen and (min-width: 768px) {\n            #block_399492c22aed9b502501233748a5fb86 {\n                margin-bottom: 96px;\n            }\n        }\n\n            <\/style>\n<section class=\"redirection-double \" id=\"block_399492c22aed9b502501233748a5fb86\">\n        <div class=\"redirection-double--container container--large\">\n                    <div class=\"background\">\n                                                    <h3>Vous souhaitez prendre contact avec nous ?<\/h3>\n<p>Vous avez un projet et souhaitez un devis gratuit et sans engagement ? Contactez-nous d\u00e8s aujourd\u2019hui, nous nous ferons un plaisir de vous r\u00e9pondre dans les plus brefs d\u00e9lais.<\/p>\n                                                    <a href=\"https:\/\/preprod.hiolle-bedrock.weareled.fr\/hiolle-immobilier\/contactez-nous\/\" target=\"\" class=\"btn secondary icon arrow-right\">Nous contacter<span><\/span><\/a>\n                            <\/div>\n                            <div class=\"light\">\n                                    <h3>Envie de rejoindre l\u2019aventure HIOLLE Immobilier ?<\/h3>\n<p>Rejoignez un mouvement en constante \u00e9volution, dans une entreprise familiale et conviviale !<\/p>\n                                                    <a href=\"https:\/\/preprod.hiolle-bedrock.weareled.fr\/hiolle-immobilier\/nous-rejoindre\/\" target=\"\" class=\"btn icon arrow-right\">Consulter les offres<span><\/span><\/a>\n                            <\/div>\n            <\/div>\n<\/section>","protected":false},"excerpt":{"rendered":"","protected":false},"author":1,"featured_media":0,"parent":0,"menu_order":0,"comment_status":"closed","ping_status":"closed","template":"","meta":{"_acf_changed":false,"_seopress_robots_primary_cat":"","_seopress_titles_title":"","_seopress_titles_desc":"","_seopress_robots_index":"","footnotes":""},"class_list":["post-37","page","type-page","status-publish","hentry"],"acf":[],"lang":"fr","translations":{"fr":37},"pll_sync_post":[],"_links":{"self":[{"href":"https:\/\/preprod.hiolle-bedrock.weareled.fr\/hiolle-immobilier\/wp-json\/wp\/v2\/pages\/37","targetHints":{"allow":["GET"]}}],"collection":[{"href":"https:\/\/preprod.hiolle-bedrock.weareled.fr\/hiolle-immobilier\/wp-json\/wp\/v2\/pages"}],"about":[{"href":"https:\/\/preprod.hiolle-bedrock.weareled.fr\/hiolle-immobilier\/wp-json\/wp\/v2\/types\/page"}],"author":[{"embeddable":true,"href":"https:\/\/preprod.hiolle-bedrock.weareled.fr\/hiolle-immobilier\/wp-json\/wp\/v2\/users\/1"}],"replies":[{"embeddable":true,"href":"https:\/\/preprod.hiolle-bedrock.weareled.fr\/hiolle-immobilier\/wp-json\/wp\/v2\/comments?post=37"}],"version-history":[{"count":29,"href":"https:\/\/preprod.hiolle-bedrock.weareled.fr\/hiolle-immobilier\/wp-json\/wp\/v2\/pages\/37\/revisions"}],"predecessor-version":[{"id":1016,"href":"https:\/\/preprod.hiolle-bedrock.weareled.fr\/hiolle-immobilier\/wp-json\/wp\/v2\/pages\/37\/revisions\/1016"}],"wp:attachment":[{"href":"https:\/\/preprod.hiolle-bedrock.weareled.fr\/hiolle-immobilier\/wp-json\/wp\/v2\/media?parent=37"}],"curies":[{"name":"wp","href":"https:\/\/api.w.org\/{rel}","templated":true}]}}