{"id":82,"date":"2024-10-15T11:23:44","date_gmt":"2024-10-15T09:23:44","guid":{"rendered":"https:\/\/preprod.hiolle-bedrock.weareled.fr\/hiolle-logistique\/?page_id=82"},"modified":"2025-08-19T16:37:27","modified_gmt":"2025-08-19T14:37:27","slug":"plan-de-site","status":"publish","type":"page","link":"https:\/\/preprod.hiolle-bedrock.weareled.fr\/hiolle-immobilier\/plan-de-site\/","title":{"rendered":"Plan de site"},"content":{"rendered":"<div class=\"wrap-html-sitemap sp-html-sitemap\"><div class=\"sp-wrap-cpt\"><h2 class=\"sp-cpt-name\">Pages<\/h2><ul class=\"sp-list-posts sp-cpt-hierarchical\"><li class=\"page_item page-item-23\"><a href=\"https:\/\/preprod.hiolle-bedrock.weareled.fr\/hiolle-immobilier\/en\/homepage\/\">Homepage<\/a><\/li><li class=\"page_item page-item-28\"><a href=\"https:\/\/preprod.hiolle-bedrock.weareled.fr\/hiolle-immobilier\/nous-connaitre\/\">Nous conna\u00eetre<\/a><\/li><li class=\"page_item page-item-37\"><a href=\"https:\/\/preprod.hiolle-bedrock.weareled.fr\/hiolle-immobilier\/solutions-realisations\/\">Solutions &amp; r\u00e9alisations<\/a><ul class='children'><li class=\"page_item page-item-666\"><a href=\"https:\/\/preprod.hiolle-bedrock.weareled.fr\/hiolle-immobilier\/solutions-realisations\/travaux-de-batiment-particuliers-et-professionnels\/\">Travaux de b\u00e2timent (particuliers et professionnels)<\/a><ul class='children'><li class=\"page_item page-item-149\"><a href=\"https:\/\/preprod.hiolle-bedrock.weareled.fr\/hiolle-immobilier\/solutions-realisations\/travaux-de-batiment-particuliers-et-professionnels\/travaux-de-renovation\/\">Travaux de second \u0153uvre<\/a><\/li><li class=\"page_item page-item-153\"><a href=\"https:\/\/preprod.hiolle-bedrock.weareled.fr\/hiolle-immobilier\/solutions-realisations\/travaux-de-batiment-particuliers-et-professionnels\/electricite-industrielle-et-tertiaire\/\">Travaux de gros \u0153uvre<\/a><\/li><li class=\"page_item page-item-157\"><a href=\"https:\/\/preprod.hiolle-bedrock.weareled.fr\/hiolle-immobilier\/solutions-realisations\/travaux-de-batiment-particuliers-et-professionnels\/amenagement-paysager\/\">Travaux de r\u00e9sine, peinture au sol et marquage au sol<\/a><\/li><\/ul><\/li><li class=\"page_item page-item-671\"><a href=\"https:\/\/preprod.hiolle-bedrock.weareled.fr\/hiolle-immobilier\/solutions-realisations\/electricite-industrielle-et-tertiaire-uniquement-pour-les-professionnels\/\">\u00c9lectricit\u00e9 industrielle et tertiaire (pour les professionnels)<\/a><\/li><\/ul><\/li><li class=\"page_item page-item-42\"><a href=\"https:\/\/preprod.hiolle-bedrock.weareled.fr\/hiolle-immobilier\/nous-rejoindre\/\">Nous rejoindre<\/a><\/li><li class=\"page_item page-item-50\"><a href=\"https:\/\/preprod.hiolle-bedrock.weareled.fr\/hiolle-immobilier\/nos-actualites\/\">Nos actualit\u00e9s<\/a><\/li><li class=\"page_item page-item-54\"><a href=\"https:\/\/preprod.hiolle-bedrock.weareled.fr\/hiolle-immobilier\/contactez-nous\/\">Contactez-nous<\/a><\/li><li class=\"page_item page-item-58\"><a href=\"https:\/\/preprod.hiolle-bedrock.weareled.fr\/hiolle-immobilier\/mentions-legales\/\">Mentions l\u00e9gales<\/a><\/li><li class=\"page_item page-item-75\"><a href=\"https:\/\/preprod.hiolle-bedrock.weareled.fr\/hiolle-immobilier\/politique-de-confidentialite\/\">Politique de confidentialit\u00e9 et d&rsquo;utilisation des cookies<\/a><\/li><li class=\"page_item page-item-82\"><a href=\"https:\/\/preprod.hiolle-bedrock.weareled.fr\/hiolle-immobilier\/plan-de-site\/\">Plan de site<\/a><\/li><li class=\"page_item page-item-15\"><a href=\"https:\/\/preprod.hiolle-bedrock.weareled.fr\/hiolle-immobilier\/\">Accueil<\/a><\/li><li class=\"page_item page-item-1017\"><a href=\"https:\/\/preprod.hiolle-bedrock.weareled.fr\/hiolle-immobilier\/confirmation-contact\/\">Confirmation contact<\/a><\/li><\/ul><\/div><div class=\"sp-wrap-cpt\"><h2 class=\"sp-cpt-name\">Articles<\/h2><ul class=\"sp-list-posts\"><li><a href=\"https:\/\/preprod.hiolle-bedrock.weareled.fr\/hiolle-immobilier\/travaux-de-desimpermeabilisation-des-cours-decoles\/\">Travaux de d\u00e9simperm\u00e9abilisation et de renaturation des cours d\u2019\u00e9coles<\/a> - 26 ao\u00fbt 2025<\/li><li><a href=\"https:\/\/preprod.hiolle-bedrock.weareled.fr\/hiolle-immobilier\/une-collaboration-inter-filiales-reussie\/\">Une collaboration inter-filiales r\u00e9ussie !<\/a> - 26 ao\u00fbt 2025<\/li><li><a href=\"https:\/\/preprod.hiolle-bedrock.weareled.fr\/hiolle-immobilier\/retour-en-images-sur-nos-chantiers-estivaux\/\">Retour en images sur nos chantiers estivaux<\/a> - 26 ao\u00fbt 2025<\/li><li><a href=\"https:\/\/preprod.hiolle-bedrock.weareled.fr\/hiolle-immobilier\/renovation-robotique-hiolle-technologies-a-remis-en-etat-135-robots\/\">R\u00e9novation robotique d&rsquo;ampleur !<\/a> - 26 ao\u00fbt 2025<\/li><li><a href=\"https:\/\/preprod.hiolle-bedrock.weareled.fr\/hiolle-immobilier\/un-projet-de-chaudronnerie-sur-mesure\/\">Un projet de chaudronnerie sur-mesure !<\/a> - 26 ao\u00fbt 2025<\/li><li><a href=\"https:\/\/preprod.hiolle-bedrock.weareled.fr\/hiolle-immobilier\/supervision-dune-installation-a-taiwan\/\">Supervision d&rsquo;une installation \u00e0 Ta\u00efwan<\/a> - 26 ao\u00fbt 2025<\/li><li><a href=\"https:\/\/preprod.hiolle-bedrock.weareled.fr\/hiolle-immobilier\/nos-chiffres-cles-2024-sont-disponibles\/\">Nos chiffres cl\u00e9s 2024 sont disponibles !<\/a> - 27 ao\u00fbt 2025<\/li><li><a href=\"https:\/\/preprod.hiolle-bedrock.weareled.fr\/hiolle-immobilier\/lapprentissage-fait-son-grand-retour\/\">L&rsquo;apprentissage fait son grand retour !<\/a> - 5 d\u00e9cembre 2025<\/li><li><a href=\"https:\/\/preprod.hiolle-bedrock.weareled.fr\/hiolle-immobilier\/renouvellement-de-notre-certification-iso-9001\/\">Renouvellement de notre certification ISO 9001<\/a> - 29 janvier 2026<\/li><li><a href=\"https:\/\/preprod.hiolle-bedrock.weareled.fr\/hiolle-immobilier\/bilan-de-la-periode-estivale-de-belles-realisations-et-des-clients-satisfaits-3\/\">Bilan de la p\u00e9riode estivale : de belles r\u00e9alisations et des clients satisfaits !<\/a> - 3 mars 2026<\/li><li><a href=\"https:\/\/preprod.hiolle-bedrock.weareled.fr\/hiolle-immobilier\/publication-de-lindex-egalite-professionnelle-femmes-hommes-pour-lannee-2026\/\">Publication de l&rsquo;index \u00e9galit\u00e9 professionnelle femmes-hommes pour l&rsquo;ann\u00e9e 2026<\/a> - 3 mars 2026<\/li><li><a href=\"https:\/\/preprod.hiolle-bedrock.weareled.fr\/hiolle-immobilier\/stockage-industriel-et-gestion-des-surplus-de-production\/\">Stockage industriel et gestion des surplus de production<\/a> - 16 mars 2026<\/li><li><a href=\"https:\/\/preprod.hiolle-bedrock.weareled.fr\/hiolle-immobilier\/demontage-dun-pont-roulant-bipoutre-de-10t-une-operation-securisee-et-maitrisee\/\">D\u00e9montage d\u2019un pont roulant bipoutre de 10T<\/a> - 16 mars 2026<\/li><li><a href=\"https:\/\/preprod.hiolle-bedrock.weareled.fr\/hiolle-immobilier\/premiere-mission-pour-amodiag-senegal-2\/\">Premi\u00e8re mission pour Amodiag S\u00e9n\u00e9gal !<\/a> - 16 mars 2026<\/li><li><a href=\"https:\/\/preprod.hiolle-bedrock.weareled.fr\/hiolle-immobilier\/hiolle-technologies-participe-au-salon-global-industrie-2026\/\">Rendez-vous \u00e0 Global Industrie<\/a> - 20 mars 2026<\/li><li><a href=\"https:\/\/preprod.hiolle-bedrock.weareled.fr\/hiolle-immobilier\/pro-formation-demenage-a-quarouble\/\">PRO Formation d\u00e9m\u00e9nage \u00e0 Quarouble !<\/a> - 31 mars 2026<\/li><\/ul><\/div><\/div>\n","protected":false},"excerpt":{"rendered":"","protected":false},"author":1,"featured_media":0,"parent":0,"menu_order":0,"comment_status":"closed","ping_status":"closed","template":"","meta":{"_acf_changed":false,"_seopress_robots_primary_cat":"","_seopress_titles_title":"","_seopress_titles_desc":"","_seopress_robots_index":"","footnotes":""},"class_list":["post-82","page","type-page","status-publish","hentry"],"acf":[],"lang":"fr","translations":{"fr":82},"pll_sync_post":[],"_links":{"self":[{"href":"https:\/\/preprod.hiolle-bedrock.weareled.fr\/hiolle-immobilier\/wp-json\/wp\/v2\/pages\/82","targetHints":{"allow":["GET"]}}],"collection":[{"href":"https:\/\/preprod.hiolle-bedrock.weareled.fr\/hiolle-immobilier\/wp-json\/wp\/v2\/pages"}],"about":[{"href":"https:\/\/preprod.hiolle-bedrock.weareled.fr\/hiolle-immobilier\/wp-json\/wp\/v2\/types\/page"}],"author":[{"embeddable":true,"href":"https:\/\/preprod.hiolle-bedrock.weareled.fr\/hiolle-immobilier\/wp-json\/wp\/v2\/users\/1"}],"replies":[{"embeddable":true,"href":"https:\/\/preprod.hiolle-bedrock.weareled.fr\/hiolle-immobilier\/wp-json\/wp\/v2\/comments?post=82"}],"version-history":[{"count":1,"href":"https:\/\/preprod.hiolle-bedrock.weareled.fr\/hiolle-immobilier\/wp-json\/wp\/v2\/pages\/82\/revisions"}],"predecessor-version":[{"id":792,"href":"https:\/\/preprod.hiolle-bedrock.weareled.fr\/hiolle-immobilier\/wp-json\/wp\/v2\/pages\/82\/revisions\/792"}],"wp:attachment":[{"href":"https:\/\/preprod.hiolle-bedrock.weareled.fr\/hiolle-immobilier\/wp-json\/wp\/v2\/media?parent=82"}],"curies":[{"name":"wp","href":"https:\/\/api.w.org\/{rel}","templated":true}]}}