{"id":182,"date":"2025-01-10T19:32:58","date_gmt":"2025-01-10T18:32:58","guid":{"rendered":"https:\/\/preprod.hiolle-bedrock.weareled.fr\/hiolle-industries-maroc\/?page_id=182"},"modified":"2025-11-26T18:16:34","modified_gmt":"2025-11-26T17:16:34","slug":"production-dequipements-cables","status":"publish","type":"page","link":"https:\/\/preprod.hiolle-bedrock.weareled.fr\/hiolle-industries-maroc\/solutions-realisations\/production-dequipements-cables\/","title":{"rendered":"Production d&rsquo;\u00e9quipements c\u00e2bl\u00e9s"},"content":{"rendered":"    <style>\n        #block_da213926123263f61478b1c5f77732f6 {\n            margin-top: 0px;\n        }\n\n        @media screen and (min-width: 768px) {\n            #block_da213926123263f61478b1c5f77732f6 {\n                margin-top: 0px;\n            }\n        }\n\n        #block_da213926123263f61478b1c5f77732f6 {\n            margin-bottom: 56px;\n        }\n\n        @media screen and (min-width: 768px) {\n            #block_da213926123263f61478b1c5f77732f6 {\n                margin-bottom: 96px;\n            }\n        }\n\n            <\/style>\n<section class=\"hero hero--secondary\" id=\"block_da213926123263f61478b1c5f77732f6\">\n    <div class=\"hero--container\">\n                    <div class=\"hero--img\">\n                <img decoding=\"async\" src=\"https:\/\/preprod.hiolle-bedrock.weareled.fr\/app\/uploads\/sites\/10\/2025\/03\/DSC_4317-min-1-scaled.jpg\" alt=\"\">\n            <\/div>\n                <div class=\"hero--container-content\">\n                            <div class=\"hero--breadcrumb\">\n                    <nav  aria-label=\"Fil d&#039;Ariane\"><ol class=\"breadcrumb\" itemscope itemtype=\"https:\/\/schema.org\/BreadcrumbList\"><li class=\"breadcrumb-item active\" aria-current=\"page\" itemprop=\"itemListElement\" itemscope itemtype=\"https:\/\/schema.org\/ListItem\"><span itemprop=\"name\">Accueil<\/span><meta itemprop=\"position\" content=\"1\"><\/li><\/ol><\/nav>                <\/div>\n                                                    <div class=\"hero--content\">\n                    <h1><b>Production<br \/>\nd&rsquo;\u00e9quipements c\u00e2bl\u00e9s<\/b><\/h1>\n<p><span style=\"font-weight: 400\">Solutions compl\u00e8tes d&rsquo;\u00e9quipements \u00e9lectriques embarqu\u00e9s<\/span><\/p>\n                <\/div>\n                                <\/div>\n    <\/div>\n<\/section>\n\n    <style>\n        #block_c30740308de9899183cef766981ced4d {\n            margin-top: 8px;\n        }\n\n        @media screen and (min-width: 768px) {\n            #block_c30740308de9899183cef766981ced4d {\n                margin-top: 24px;\n            }\n        }\n\n        #block_c30740308de9899183cef766981ced4d {\n            margin-bottom: 56px;\n        }\n\n        @media screen and (min-width: 768px) {\n            #block_c30740308de9899183cef766981ced4d {\n                margin-bottom: 80px;\n            }\n        }\n\n            <\/style>\n<section class=\"simplified-nav\" id=\"block_c30740308de9899183cef766981ced4d\">\n    <div class=\"simplified-nav--container container--large\">\n                    <div class=\"simplified-nav--label\">\n                <p>Nos solutions<\/p>\n            <\/div>\n                \n                    <div class=\"simplified-nav--select is-custom-select\">\n                                                    <select onchange=\"window.location=this.value\">\n                                                                                                                                                    <\/select>\n                            <\/div>\n            <\/div>\n<\/section>\n\n    <style>\n        #block_8a09964b6d7e08015cd9f7a9da22942a {\n            margin-top: 56px;\n        }\n\n        @media screen and (min-width: 768px) {\n            #block_8a09964b6d7e08015cd9f7a9da22942a {\n                margin-top: 80px;\n            }\n        }\n\n        #block_8a09964b6d7e08015cd9f7a9da22942a {\n            margin-bottom: 56px;\n        }\n\n        @media screen and (min-width: 768px) {\n            #block_8a09964b6d7e08015cd9f7a9da22942a {\n                margin-bottom: 96px;\n            }\n        }\n\n            <\/style>\n<section class=\"expertises-list\" id=\"block_8a09964b6d7e08015cd9f7a9da22942a\">\n            <div class=\"expertises-list--title container--large\">\n            <h2>Nos produits et services<\/h2>\n        <\/div>\n                <div class=\"expertises-list--list container--large\">\n                                            <div class=\"card-expertise\">\n                                            <div class=\"card-expertise--image\">\n                            <img decoding=\"async\" src=\"https:\/\/preprod.hiolle-bedrock.weareled.fr\/app\/uploads\/sites\/10\/2025\/11\/WhatsApp-Image-2023-07-27-at-17.55.38.jpeg\" alt=\"\">\n                            <span class=\"legend\"><\/span>\n                        <\/div>\n                                        <div class=\"card-expertise--content\">\n                                                    <h4>Faisceaux \u00e9lectriques<\/h4>\n                                                                                                    <p>C\u00e2blage de faisceaux \u00e9lectriques et int\u00e9gration sur outillage <\/p>\n                                            <\/div>\n                    <!-- <a href=\"#\"><\/a> -->\n                <\/div>\n                                            <div class=\"card-expertise\">\n                                            <div class=\"card-expertise--image\">\n                            <img decoding=\"async\" src=\"https:\/\/preprod.hiolle-bedrock.weareled.fr\/app\/uploads\/sites\/10\/2025\/03\/pupitre-4.jpeg\" alt=\"\">\n                            <span class=\"legend\"><\/span>\n                        <\/div>\n                                        <div class=\"card-expertise--content\">\n                                                    <h4>Pupitres de conduite<\/h4>\n                                                                                                    <p>C\u00e2blage de pupitres \u00e9lectriques<\/p>\n                                            <\/div>\n                    <!-- <a href=\"#\"><\/a> -->\n                <\/div>\n                                            <div class=\"card-expertise\">\n                                            <div class=\"card-expertise--image\">\n                            <img decoding=\"async\" src=\"https:\/\/preprod.hiolle-bedrock.weareled.fr\/app\/uploads\/sites\/10\/2025\/03\/coffre-voussoir-3.jpeg\" alt=\"\">\n                            <span class=\"legend\"><\/span>\n                        <\/div>\n                                        <div class=\"card-expertise--content\">\n                                                    <h4>Armoires \u00e9lectriques et coffres HT et BT<\/h4>\n                                                                                                    <p>Coffres sous chassis, toiture, sous si\u00e8ge, voussoir<\/p>\n                                            <\/div>\n                    <!-- <a href=\"#\"><\/a> -->\n                <\/div>\n                                            <div class=\"card-expertise\">\n                                            <div class=\"card-expertise--image\">\n                            <img decoding=\"async\" src=\"https:\/\/preprod.hiolle-bedrock.weareled.fr\/app\/uploads\/sites\/10\/2025\/03\/intercaisses.jpg\" alt=\"\">\n                            <span class=\"legend\"><\/span>\n                        <\/div>\n                                        <div class=\"card-expertise--content\">\n                                                    <h4>C\u00e2blots intercaisse<\/h4>\n                                                                                                    <p>C\u00e2blage de c\u00e2blots intercaisse<\/p>\n                                            <\/div>\n                    <!-- <a href=\"#\"><\/a> -->\n                <\/div>\n                    <\/div>\n    <\/section>\n\n    <style>\n        #block_cc3565d8e6494929bb51e3786539b50b:not(.medium-blue):not(.primary-blue) {\n            margin-top: 56px;\n        }\n\n        @media screen and (min-width: 768px) {\n            #block_cc3565d8e6494929bb51e3786539b50b:not(.medium-blue):not(.primary-blue) {\n                margin-top: 96px;\n            }\n        }\n\n        #block_cc3565d8e6494929bb51e3786539b50b:not(.medium-blue):not(.primary-blue) {\n            margin-bottom: 56px;\n        }\n\n        @media screen and (min-width: 768px) {\n            #block_cc3565d8e6494929bb51e3786539b50b:not(.medium-blue):not(.primary-blue) {\n                margin-bottom: 96px;\n            }\n        }\n\n        #block_cc3565d8e6494929bb51e3786539b50b.primary-blue,\n        #block_cc3565d8e6494929bb51e3786539b50b.medium-blue {\n            padding-top: 56px;\n        }\n\n        @media screen and (min-width: 768px) {\n\n            #block_cc3565d8e6494929bb51e3786539b50b.primary-blue,\n            #block_cc3565d8e6494929bb51e3786539b50b.medium-blue {\n                padding-top: 96px;\n            }\n        }\n\n        #block_cc3565d8e6494929bb51e3786539b50b.primary-blue,\n        #block_cc3565d8e6494929bb51e3786539b50b.medium-blue {\n            padding-bottom: 56px;\n        }\n\n        @media screen and (min-width: 768px) {\n\n            #block_cc3565d8e6494929bb51e3786539b50b.primary-blue,\n            #block_cc3565d8e6494929bb51e3786539b50b.medium-blue {\n                padding-bottom: 96px;\n            }\n        }\n\n            <\/style>\n<section class=\"txt-img maroc  medium-blue\" id=\"block_cc3565d8e6494929bb51e3786539b50b\" >\n        <div class=\"txt-img--container container--large\">\n                    <div class=\"txt-img--content\">\n                                    <p class=\"uptitle\">HIOLLE TECHNOLOGIES<\/p>\n<h2>Une collaboration \u00e9troite avec les \u00e9quipes fran\u00e7aises<\/h2>\n<p>Nos \u00e9quipes marocaines sur le terrain travaillent en \u00e9troite collaboration avec les \u00e9quipes fran\u00e7aises de HIOLLE TECHNOLOGIES pour s\u2019adapter en temps r\u00e9el \u00e0 l\u2019ensemble de vos besoins sp\u00e9cifiques.<\/p>\n                                                    <a href=\"https:\/\/preprod.hiolle-bedrock.weareled.fr\/hiolle-technologies\/\" target=\"_self\" class=\"btn tertiary-light  icon arrow-right\">\n                        D\u00e9couvrir HIOLLE TECHNOLOGIES                        <span><\/span>\n                    <\/a>\n                            <\/div>\n                            <div class=\"txt-img--images\">\n                <img decoding=\"async\" src=\"https:\/\/preprod.hiolle-bedrock.weareled.fr\/app\/uploads\/sites\/10\/2025\/03\/HIOLLE_CRESPIN_039.jpg\" alt=\"\">\n                            <\/div>\n            <\/div>\n<\/section>\n\n    <style>\n        #block_352ba28970f141fb383167a2feb53e1d {\n            margin-top: 56px;\n        }\n\n        @media screen and (min-width: 768px) {\n            #block_352ba28970f141fb383167a2feb53e1d {\n                margin-top: 96px;\n            }\n        }\n\n        #block_352ba28970f141fb383167a2feb53e1d {\n            margin-bottom: 56px;\n        }\n\n        @media screen and (min-width: 768px) {\n            #block_352ba28970f141fb383167a2feb53e1d {\n                margin-bottom: 96px;\n            }\n        }\n\n            <\/style>\n\n\n    <style>\n        #block_3cde603b0f451c54fa255a38bd65fde6 {\n            margin-top: 56px;\n        }\n\n        @media screen and (min-width: 768px) {\n            #block_3cde603b0f451c54fa255a38bd65fde6 {\n                margin-top: 96px;\n            }\n        }\n\n        #block_3cde603b0f451c54fa255a38bd65fde6 {\n            margin-bottom: 56px;\n        }\n\n        @media screen and (min-width: 768px) {\n            #block_3cde603b0f451c54fa255a38bd65fde6 {\n                margin-bottom: 96px;\n            }\n        }\n\n            <\/style>\n<section class=\"redirection-double maroc\" id=\"block_3cde603b0f451c54fa255a38bd65fde6\">\n        <div class=\"redirection-double--container container--large\">\n                    <div class=\"background\">\n                                                    <h3>Vous souhaitez prendre contact avec nous ?<\/h3>\n<p>Une question ? Une demande particuli\u00e8re ? Un projet ? Contactez-nous d\u00e8s aujourd\u2019hui, nous nous ferons un plaisir de vous r\u00e9pondre dans les plus brefs d\u00e9lais.<\/p>\n                                                    <a href=\"https:\/\/preprod.hiolle-bedrock.weareled.fr\/hiolle-industries-maroc\/contactez-nous\/\" target=\"\" class=\"btn secondary icon arrow-right\">Nous contacter<span><\/span><\/a>\n                            <\/div>\n                            <div class=\"light\">\n                                    <h3>D\u00e9couvrez nos autres solutions !<\/h3>\n<p>HIOLLE INDUSTRIES MAROC r\u00e9alise la production d\u2019\u00e9quipements c\u00e2bl\u00e9s \u00e0 destination des industries ferroviaire et a\u00e9ronautique ainsi que des prestations de services sur site.<\/p>\n                                                    <a href=\"https:\/\/preprod.hiolle-bedrock.weareled.fr\/hiolle-industries-maroc\/solutions-realisations\/\" target=\"\" class=\"btn icon arrow-right\">Voir toutes nos solutions<span><\/span><\/a>\n                            <\/div>\n            <\/div>\n<\/section>","protected":false},"excerpt":{"rendered":"<p>Solutions compl\u00e8tes d&rsquo;\u00e9quipements \u00e9lectriques embarqu\u00e9s<\/p>\n","protected":false},"author":3,"featured_media":243,"parent":37,"menu_order":0,"comment_status":"closed","ping_status":"closed","template":"","meta":{"_acf_changed":false,"_seopress_robots_primary_cat":"","_seopress_titles_title":"","_seopress_titles_desc":"","_seopress_robots_index":"","footnotes":""},"class_list":["post-182","page","type-page","status-publish","has-post-thumbnail","hentry"],"acf":[],"lang":"fr","translations":{"fr":182},"pll_sync_post":[],"_links":{"self":[{"href":"https:\/\/preprod.hiolle-bedrock.weareled.fr\/hiolle-industries-maroc\/wp-json\/wp\/v2\/pages\/182","targetHints":{"allow":["GET"]}}],"collection":[{"href":"https:\/\/preprod.hiolle-bedrock.weareled.fr\/hiolle-industries-maroc\/wp-json\/wp\/v2\/pages"}],"about":[{"href":"https:\/\/preprod.hiolle-bedrock.weareled.fr\/hiolle-industries-maroc\/wp-json\/wp\/v2\/types\/page"}],"author":[{"embeddable":true,"href":"https:\/\/preprod.hiolle-bedrock.weareled.fr\/hiolle-industries-maroc\/wp-json\/wp\/v2\/users\/3"}],"replies":[{"embeddable":true,"href":"https:\/\/preprod.hiolle-bedrock.weareled.fr\/hiolle-industries-maroc\/wp-json\/wp\/v2\/comments?post=182"}],"version-history":[{"count":26,"href":"https:\/\/preprod.hiolle-bedrock.weareled.fr\/hiolle-industries-maroc\/wp-json\/wp\/v2\/pages\/182\/revisions"}],"predecessor-version":[{"id":865,"href":"https:\/\/preprod.hiolle-bedrock.weareled.fr\/hiolle-industries-maroc\/wp-json\/wp\/v2\/pages\/182\/revisions\/865"}],"up":[{"embeddable":true,"href":"https:\/\/preprod.hiolle-bedrock.weareled.fr\/hiolle-industries-maroc\/wp-json\/wp\/v2\/pages\/37"}],"wp:featuredmedia":[{"embeddable":true,"href":"https:\/\/preprod.hiolle-bedrock.weareled.fr\/hiolle-industries-maroc\/wp-json\/wp\/v2\/media\/243"}],"wp:attachment":[{"href":"https:\/\/preprod.hiolle-bedrock.weareled.fr\/hiolle-industries-maroc\/wp-json\/wp\/v2\/media?parent=182"}],"curies":[{"name":"wp","href":"https:\/\/api.w.org\/{rel}","templated":true}]}}