{"id":188,"date":"2025-01-10T19:36:57","date_gmt":"2025-01-10T18:36:57","guid":{"rendered":"https:\/\/preprod.hiolle-bedrock.weareled.fr\/hiolle-industries-maroc\/?page_id=188"},"modified":"2025-07-29T16:20:30","modified_gmt":"2025-07-29T14:20:30","slug":"prestation-de-service-sur-site-client","status":"publish","type":"page","link":"https:\/\/preprod.hiolle-bedrock.weareled.fr\/hiolle-industries-maroc\/solutions-realisations\/prestation-de-service-sur-site-client\/","title":{"rendered":"Prestation de service sur site client"},"content":{"rendered":"    <style>\n        #block_2585b96369d525ffff967c28138810ea {\n            margin-top: 0px;\n        }\n\n        @media screen and (min-width: 768px) {\n            #block_2585b96369d525ffff967c28138810ea {\n                margin-top: 0px;\n            }\n        }\n\n        #block_2585b96369d525ffff967c28138810ea {\n            margin-bottom: 56px;\n        }\n\n        @media screen and (min-width: 768px) {\n            #block_2585b96369d525ffff967c28138810ea {\n                margin-bottom: 96px;\n            }\n        }\n\n            <\/style>\n<section class=\"hero hero--secondary\" id=\"block_2585b96369d525ffff967c28138810ea\">\n    <div class=\"hero--container\">\n                    <div class=\"hero--img\">\n                <img decoding=\"async\" src=\"https:\/\/preprod.hiolle-bedrock.weareled.fr\/app\/uploads\/sites\/10\/2025\/03\/DSC_4395-min-scaled.jpg\" alt=\"\">\n            <\/div>\n                <div class=\"hero--container-content\">\n                            <div class=\"hero--breadcrumb\">\n                    <nav  aria-label=\"Fil d&#039;Ariane\"><ol class=\"breadcrumb\" itemscope itemtype=\"https:\/\/schema.org\/BreadcrumbList\"><li class=\"breadcrumb-item active\" aria-current=\"page\" itemprop=\"itemListElement\" itemscope itemtype=\"https:\/\/schema.org\/ListItem\"><span itemprop=\"name\">Accueil<\/span><meta itemprop=\"position\" content=\"1\"><\/li><\/ol><\/nav>                <\/div>\n                                                    <div class=\"hero--content\">\n                    <h1><b>Prestation de services<\/b><\/h1>\n<h1><b>sur site client<\/b><\/h1>\n<p><span style=\"font-weight: 400\">Assistance et accompagnement \u00e0 la production sur sites industriels<\/span><\/p>\n                <\/div>\n                                <\/div>\n    <\/div>\n<\/section>\n\n    <style>\n        #block_345e65c753198dad940fa9ec03ceacbe {\n            margin-top: 8px;\n        }\n\n        @media screen and (min-width: 768px) {\n            #block_345e65c753198dad940fa9ec03ceacbe {\n                margin-top: 24px;\n            }\n        }\n\n        #block_345e65c753198dad940fa9ec03ceacbe {\n            margin-bottom: 56px;\n        }\n\n        @media screen and (min-width: 768px) {\n            #block_345e65c753198dad940fa9ec03ceacbe {\n                margin-bottom: 80px;\n            }\n        }\n\n            <\/style>\n<section class=\"simplified-nav\" id=\"block_345e65c753198dad940fa9ec03ceacbe\">\n    <div class=\"simplified-nav--container container--large\">\n                    <div class=\"simplified-nav--label\">\n                <p>Nos solutions<\/p>\n            <\/div>\n                \n                    <div class=\"simplified-nav--select is-custom-select\">\n                                                    <select onchange=\"window.location=this.value\">\n                                                                                                                                                    <\/select>\n                            <\/div>\n            <\/div>\n<\/section>\n\n    <style>\n        #block_1cff932abdb66324f51082d6d12c1c90 {\n            margin-top: 56px;\n        }\n\n        @media screen and (min-width: 768px) {\n            #block_1cff932abdb66324f51082d6d12c1c90 {\n                margin-top: 80px;\n            }\n        }\n\n        #block_1cff932abdb66324f51082d6d12c1c90 {\n            margin-bottom: 56px;\n        }\n\n        @media screen and (min-width: 768px) {\n            #block_1cff932abdb66324f51082d6d12c1c90 {\n                margin-bottom: 96px;\n            }\n        }\n\n            <\/style>\n<section class=\"expertises-list\" id=\"block_1cff932abdb66324f51082d6d12c1c90\">\n            <div class=\"expertises-list--title container--large\">\n            <h2>Nos services<\/h2>\n        <\/div>\n                <div class=\"expertises-list--list container--large\">\n                                            <div class=\"card-expertise\">\n                                            <div class=\"card-expertise--image\">\n                            <img decoding=\"async\" src=\"https:\/\/preprod.hiolle-bedrock.weareled.fr\/app\/uploads\/sites\/10\/2025\/03\/DSC_4334-min-scaled-e1741883232501.jpg\" alt=\"\">\n                            <span class=\"legend\"><\/span>\n                        <\/div>\n                                        <div class=\"card-expertise--content\">\n                                                    <h4>Accompagnement technique complet <\/h4>\n                                                                                            <\/div>\n                    <!-- <a href=\"#\"><\/a> -->\n                <\/div>\n                    <\/div>\n    <\/section>\n\n    <style>\n        #block_e3eee47d3df0859f8be5a03337f8841c {\n            margin-top: 56px;\n        }\n\n        @media screen and (min-width: 768px) {\n            #block_e3eee47d3df0859f8be5a03337f8841c {\n                margin-top: 96px;\n            }\n        }\n\n        #block_e3eee47d3df0859f8be5a03337f8841c {\n            margin-bottom: 56px;\n        }\n\n        @media screen and (min-width: 768px) {\n            #block_e3eee47d3df0859f8be5a03337f8841c {\n                margin-bottom: 96px;\n            }\n        }\n\n            <\/style>\n<section class=\"slider-logos glue\" id=\"block_e3eee47d3df0859f8be5a03337f8841c\">\n    <div class=\"slider-logos--container container\">\n                            <div class=\"slider-logos--title\">\n                <h3>Ils nous <span style=\"color: #009cde\">font confiance<\/span><\/h3>\n                            <\/div>\n                            <div class=\"slider-logos--content-container\">\n                <div class=\"slider-logos--content\">\n                    <div class=\"slider-logos--content-item\">\n                                                                                                                <img decoding=\"async\" src=\"https:\/\/preprod.hiolle-bedrock.weareled.fr\/app\/uploads\/sites\/10\/2025\/03\/Alstom_logo.svg.png\" alt=\"\">\n                                                                                                                                            <img decoding=\"async\" src=\"https:\/\/preprod.hiolle-bedrock.weareled.fr\/app\/uploads\/sites\/10\/2025\/03\/Logo-oncf.png\" alt=\"\">\n                                                                                                                                            <img decoding=\"async\" src=\"https:\/\/preprod.hiolle-bedrock.weareled.fr\/app\/uploads\/sites\/10\/2025\/03\/CAF.png\" alt=\"\">\n                                                                        <\/div>\n                <\/div>\n            <\/div>\n            <\/div>\n<\/section>\n\n    <style>\n        #block_4793f3f0ca8aed3118fb826207917620 {\n            margin-top: 56px;\n        }\n\n        @media screen and (min-width: 768px) {\n            #block_4793f3f0ca8aed3118fb826207917620 {\n                margin-top: 96px;\n            }\n        }\n\n        #block_4793f3f0ca8aed3118fb826207917620 {\n            margin-bottom: 56px;\n        }\n\n        @media screen and (min-width: 768px) {\n            #block_4793f3f0ca8aed3118fb826207917620 {\n                margin-bottom: 96px;\n            }\n        }\n\n            <\/style>\n\n\n    <style>\n        #block_d3eb55fef3aa089df58699fdf9dac95c {\n            margin-top: 56px;\n        }\n\n        @media screen and (min-width: 768px) {\n            #block_d3eb55fef3aa089df58699fdf9dac95c {\n                margin-top: 96px;\n            }\n        }\n\n        #block_d3eb55fef3aa089df58699fdf9dac95c {\n            margin-bottom: 56px;\n        }\n\n        @media screen and (min-width: 768px) {\n            #block_d3eb55fef3aa089df58699fdf9dac95c {\n                margin-bottom: 96px;\n            }\n        }\n\n            <\/style>\n<section class=\"redirection-double maroc\" id=\"block_d3eb55fef3aa089df58699fdf9dac95c\">\n        <div class=\"redirection-double--container container--large\">\n                    <div class=\"background\">\n                                                    <h3>Vous souhaitez prendre contact avec nous ?<\/h3>\n<p>Une question ? Une demande particuli\u00e8re ? Un projet ? Contactez-nous d\u00e8s aujourd\u2019hui, nous nous ferons un plaisir de vous r\u00e9pondre dans les plus brefs d\u00e9lais.<\/p>\n                                                    <a href=\"https:\/\/preprod.hiolle-bedrock.weareled.fr\/hiolle-industries-maroc\/contactez-nous\/\" target=\"\" class=\"btn secondary icon arrow-right\">Nous contacter<span><\/span><\/a>\n                            <\/div>\n                            <div class=\"light\">\n                                    <h3>D\u00e9couvrez nos autres solutions !<\/h3>\n<p>HIOLLE INDUSTRIES MAROC r\u00e9alise la production d\u2019\u00e9quipements c\u00e2bl\u00e9s \u00e0 destination des industries ferroviaire et a\u00e9ronautique ainsi que des prestations de services sur site.<\/p>\n                                                    <a href=\"https:\/\/preprod.hiolle-bedrock.weareled.fr\/hiolle-industries-maroc\/solutions-realisations\/\" target=\"\" class=\"btn icon arrow-right\">Voir toutes nos solutions<span><\/span><\/a>\n                            <\/div>\n            <\/div>\n<\/section>","protected":false},"excerpt":{"rendered":"<p>Assistance et accompagnement \u00e0 la production sur sites industriels<\/p>\n","protected":false},"author":3,"featured_media":325,"parent":37,"menu_order":1,"comment_status":"closed","ping_status":"closed","template":"","meta":{"_acf_changed":false,"_seopress_robots_primary_cat":"","_seopress_titles_title":"","_seopress_titles_desc":"","_seopress_robots_index":"","footnotes":""},"class_list":["post-188","page","type-page","status-publish","has-post-thumbnail","hentry"],"acf":[],"lang":"fr","translations":{"fr":188},"pll_sync_post":[],"_links":{"self":[{"href":"https:\/\/preprod.hiolle-bedrock.weareled.fr\/hiolle-industries-maroc\/wp-json\/wp\/v2\/pages\/188","targetHints":{"allow":["GET"]}}],"collection":[{"href":"https:\/\/preprod.hiolle-bedrock.weareled.fr\/hiolle-industries-maroc\/wp-json\/wp\/v2\/pages"}],"about":[{"href":"https:\/\/preprod.hiolle-bedrock.weareled.fr\/hiolle-industries-maroc\/wp-json\/wp\/v2\/types\/page"}],"author":[{"embeddable":true,"href":"https:\/\/preprod.hiolle-bedrock.weareled.fr\/hiolle-industries-maroc\/wp-json\/wp\/v2\/users\/3"}],"replies":[{"embeddable":true,"href":"https:\/\/preprod.hiolle-bedrock.weareled.fr\/hiolle-industries-maroc\/wp-json\/wp\/v2\/comments?post=188"}],"version-history":[{"count":15,"href":"https:\/\/preprod.hiolle-bedrock.weareled.fr\/hiolle-industries-maroc\/wp-json\/wp\/v2\/pages\/188\/revisions"}],"predecessor-version":[{"id":577,"href":"https:\/\/preprod.hiolle-bedrock.weareled.fr\/hiolle-industries-maroc\/wp-json\/wp\/v2\/pages\/188\/revisions\/577"}],"up":[{"embeddable":true,"href":"https:\/\/preprod.hiolle-bedrock.weareled.fr\/hiolle-industries-maroc\/wp-json\/wp\/v2\/pages\/37"}],"wp:featuredmedia":[{"embeddable":true,"href":"https:\/\/preprod.hiolle-bedrock.weareled.fr\/hiolle-industries-maroc\/wp-json\/wp\/v2\/media\/325"}],"wp:attachment":[{"href":"https:\/\/preprod.hiolle-bedrock.weareled.fr\/hiolle-industries-maroc\/wp-json\/wp\/v2\/media?parent=188"}],"curies":[{"name":"wp","href":"https:\/\/api.w.org\/{rel}","templated":true}]}}