{"id":19,"date":"2024-10-15T10:27:03","date_gmt":"2024-10-15T08:27:03","guid":{"rendered":"https:\/\/preprod.hiolle-bedrock.weareled.fr\/hiolle-logistique\/?page_id=19"},"modified":"2026-03-19T16:40:10","modified_gmt":"2026-03-19T15:40:10","slug":"accueil","status":"publish","type":"page","link":"https:\/\/preprod.hiolle-bedrock.weareled.fr\/hiolle-industries-maroc\/","title":{"rendered":"Accueil"},"content":{"rendered":"    <style>\n        #block_1ed08c248e415facbbdc8ef4ac55705f {\n            margin-top: 0px;\n        }\n\n        @media screen and (min-width: 768px) {\n            #block_1ed08c248e415facbbdc8ef4ac55705f {\n                margin-top: 0px;\n            }\n        }\n\n        #block_1ed08c248e415facbbdc8ef4ac55705f {\n            margin-bottom: 0px;\n        }\n\n        @media screen and (min-width: 768px) {\n            #block_1ed08c248e415facbbdc8ef4ac55705f {\n                margin-bottom: 0px;\n            }\n        }\n\n            <\/style>\n<section class=\"hero-video\" id=\"block_1ed08c248e415facbbdc8ef4ac55705f\">\n    <div class=\"hero-video--container\">\n                \n                    <video src=\"https:\/\/preprod.hiolle-bedrock.weareled.fr\/app\/uploads\/sites\/10\/2025\/12\/HIOLLE-INDUSTRIES-MAROC-10s.mp4\" autoplay loop muted playsinline webkit-playsinline><\/video>\n                <div class=\"hero-video--overlay\"><\/div>\n        <div class=\"hero-video--content\">\n                            <h1>Sp\u00e9cialiste des solutions \u00e9lectriques industrielles<\/h1>\n<p>HIOLLE INDUSTRIES MAROC est une filiale du Groupe HIOLLE, Groupe familial fran\u00e7ais cr\u00e9\u00e9 en 1976, sp\u00e9cialis\u00e9e dans les solutions de c\u00e2blage d\u2019\u00e9quipements \u00e9lectriques \u00e0 destination du ferroviaire et de l\u2019a\u00e9ronautique.<\/p>\n                        <div class=\"hero-video--buttons\">\n                                    <a href=\"https:\/\/preprod.hiolle-bedrock.weareled.fr\/hiolle-industries-maroc\/solutions-realisations\/\" class=\"btn icon arrow-right tertiary-dark \">D\u00e9couvrir nos solutions <span><\/span><\/a>\n                                            <\/div>\n                    <\/div>\n                    <button id=\"playVideo\" class=\"play-video-button\"><\/button>\n            <\/div>\n<\/section>\n\n\n    <style>\n        #block_6ea6abf85cccf8037a9eee2aa6c58e80 {\n            margin-top: 56px;\n        }\n\n        @media screen and (min-width: 768px) {\n            #block_6ea6abf85cccf8037a9eee2aa6c58e80 {\n                margin-top: 96px;\n            }\n        }\n\n        #block_6ea6abf85cccf8037a9eee2aa6c58e80 {\n            margin-bottom: 56px;\n        }\n\n        @media screen and (min-width: 768px) {\n            #block_6ea6abf85cccf8037a9eee2aa6c58e80 {\n                margin-bottom: 96px;\n            }\n        }\n\n            <\/style>\n<section class=\"txtimg-full ligne\" id=\"block_6ea6abf85cccf8037a9eee2aa6c58e80\">\n    <div class=\"txtimg-full--container container--large\">\n        <div class=\"title--container\">\n                                                <div class=\"title--title\">\n                        <p class=\"uptitle\">Nous connaitre<\/p>\n<h2>Expert du c\u00e2blage<br \/>\n\u00e9lectrique industriel<\/h2>\n                    <\/div>\n                                                    <div class=\"title--content\">\n                                                    <p>HIOLLE INDUSTRIES MAROC fait partie du Groupe HIOLLE, Groupe familial fran\u00e7ais cr\u00e9\u00e9 il y a presque 50 ans, sp\u00e9cialiste des services \u00e0 l\u2019industrie. Depuis pr\u00e8s de 20 ans, HIOLLE INDUSTRIES MAROC propose des solutions de c\u00e2blage \u00e9lectrique sur mesure aux plus grands donneurs d\u2019ordres industriels et des prestations de services sur sites.<\/p>\n                                                                            <a href=\"https:\/\/preprod.hiolle-bedrock.weareled.fr\/hiolle-industries-maroc\/nous-connaitre\/\" target=\"_self\" class=\"btn icon arrow-right\">Qui sommes-nous ?<span><\/span><\/a>\n                                                                    <\/div>\n                                    <\/div>\n                    <div class=\"txtimg-full--images\">\n                                                                                <img decoding=\"async\" src=\"https:\/\/preprod.hiolle-bedrock.weareled.fr\/app\/uploads\/sites\/10\/2025\/03\/DSC_4457-min-1-scaled.jpg\" alt=\"\">\n                                                                                                    <img decoding=\"async\" src=\"https:\/\/preprod.hiolle-bedrock.weareled.fr\/app\/uploads\/sites\/10\/2025\/03\/DSC_4374-min-scaled.jpg\" alt=\"\">\n                                                <\/div>\n            <\/div>\n<\/section>\n\n    <style>\n        #block_8ebd2d0e2852c05870a5ffaf945bce6f {\n            margin-top: 56px;\n        }\n\n        @media screen and (min-width: 768px) {\n            #block_8ebd2d0e2852c05870a5ffaf945bce6f {\n                margin-top: 96px;\n            }\n        }\n\n        #block_8ebd2d0e2852c05870a5ffaf945bce6f {\n            margin-bottom: 56px;\n        }\n\n        @media screen and (min-width: 768px) {\n            #block_8ebd2d0e2852c05870a5ffaf945bce6f {\n                margin-bottom: 96px;\n            }\n        }\n\n            <\/style>\n        <section class=\"keynumbers-list-steps col-4 maroc\" id=\"block_8ebd2d0e2852c05870a5ffaf945bce6f\">\n        <div class=\"keynumbers-list-steps--container container--large\">\n                                            <div class=\"keynumbers-list-steps--item\">\n                    <div class=\"number-container\">\n                                                    <span class=\"number\">250<\/span>\n                                                <div class=\"mask\"><\/div>\n                                            <\/div>\n                                            <p class=\"legend\">collaborateurs<\/p>\n                                    <\/div>\n                                            <div class=\"keynumbers-list-steps--item\">\n                    <div class=\"number-container\">\n                                                    <span class=\"number\">5 000<\/span>\n                                                <div class=\"mask\"><\/div>\n                                                    <span class=\"suffix\">m\u00b2<\/span>\n                                            <\/div>\n                                            <p class=\"legend\">de surface de production<\/p>\n                                    <\/div>\n                                            <div class=\"keynumbers-list-steps--item\">\n                    <div class=\"number-container\">\n                                                    <span class=\"number\">1 500<\/span>\n                                                <div class=\"mask\"><\/div>\n                                                    <span class=\"suffix\">m\u00b2<\/span>\n                                            <\/div>\n                                            <p class=\"legend\">de surface logistique<\/p>\n                                    <\/div>\n                                            <div class=\"keynumbers-list-steps--item\">\n                    <div class=\"number-container\">\n                                                    <span class=\"number\">400 000<\/span>\n                                                <div class=\"mask\"><\/div>\n                                                    <span class=\"suffix\">+<\/span>\n                                            <\/div>\n                                            <p class=\"legend\">heures de production par an<\/p>\n                                    <\/div>\n                    <\/div>\n    <\/section>\n\n\n    <style>\n        #block_2292f8988a98c8da914fec55cb5ef28e {\n            margin-top: 56px;\n        }\n\n        @media screen and (min-width: 768px) {\n            #block_2292f8988a98c8da914fec55cb5ef28e {\n                margin-top: 96px;\n            }\n        }\n\n        #block_2292f8988a98c8da914fec55cb5ef28e {\n            margin-bottom: 56px;\n        }\n\n        @media screen and (min-width: 768px) {\n            #block_2292f8988a98c8da914fec55cb5ef28e {\n                margin-bottom: 96px;\n            }\n        }\n\n            <\/style>\n    <section class=\"scrolling-txt glue\" id=\"block_2292f8988a98c8da914fec55cb5ef28e\">\n        <div class=\"scrolling-txt--container\">\n            <div class=\"marquee\">\n                <span>Le c\u00e2blage \u00e9lectrique sur-mesure<\/span>\n                <span>Le c\u00e2blage \u00e9lectrique sur-mesure<\/span>\n                <span>Le c\u00e2blage \u00e9lectrique sur-mesure<\/span>\n            <\/div>\n        <\/div>\n    <\/section>\n\n\n    <style>\n        #block_0f2a0e17a147b8f1d060026b02d272ab {\n            margin-top: 56px;\n        }\n\n        @media screen and (min-width: 768px) {\n            #block_0f2a0e17a147b8f1d060026b02d272ab {\n                margin-top: 96px;\n            }\n        }\n\n        #block_0f2a0e17a147b8f1d060026b02d272ab {\n            margin-bottom: 0px;\n        }\n\n        @media screen and (min-width: 768px) {\n            #block_0f2a0e17a147b8f1d060026b02d272ab {\n                margin-bottom: 0px;\n            }\n        }\n\n            <\/style>\n    <section class=\"slider-solutions glue nav-light maroc\" id=\"block_0f2a0e17a147b8f1d060026b02d272ab\">\n        <div class=\"slider-solutions--container\">\n            <div class=\"slider-solutions--header container--large\">\n                                    <div class=\"slider-solutions--title\">\n                        <p class=\"uptitle\">Nos solutions<\/p>\n<h2>L&rsquo;expertise du Groupe HIOLLE au Maroc<\/h2>\n                    <\/div>\n                                            <\/div>\n                            <div class=\"slider-solutions--slider container--large owl-carousel\">\n                                                                    <div class=\"card-solution\">\n                                                            <a href=\"https:\/\/preprod.hiolle-bedrock.weareled.fr\/hiolle-industries-maroc\/solutions-realisations\/production-dequipements-cables\/\" class=\"card-solution--link\"><\/a>\n                                                        <div class=\"card-solution--image\">\n                                <img decoding=\"async\" src=\"https:\/\/preprod.hiolle-bedrock.weareled.fr\/app\/uploads\/sites\/10\/2025\/03\/DSC_4317-min-scaled.jpg\" alt=\"\">\n                            <\/div>\n                            <div class=\"card-solution--content\">\n                                <h4>Production d&rsquo;\u00e9quipements c\u00e2bl\u00e9s<\/h4>\n                                <p>Solutions compl\u00e8tes d&rsquo;\u00e9quipements \u00e9lectriques embarqu\u00e9s<\/p>\n                                                                    <a href=\"https:\/\/preprod.hiolle-bedrock.weareled.fr\/hiolle-industries-maroc\/solutions-realisations\/production-dequipements-cables\/\" class=\"link icon arrow-right\">En savoir plus<\/a>\n                                                            <\/div>\n                        <\/div>\n                                                                    <div class=\"card-solution\">\n                                                            <a href=\"https:\/\/preprod.hiolle-bedrock.weareled.fr\/hiolle-industries-maroc\/solutions-realisations\/prestation-de-service-sur-site-client\/\" class=\"card-solution--link\"><\/a>\n                                                        <div class=\"card-solution--image\">\n                                <img decoding=\"async\" src=\"https:\/\/preprod.hiolle-bedrock.weareled.fr\/app\/uploads\/sites\/10\/2025\/03\/DSC_4395-min-scaled.jpg\" alt=\"\">\n                            <\/div>\n                            <div class=\"card-solution--content\">\n                                <h4>Prestation de service sur site client<\/h4>\n                                <p>Assistance et accompagnement \u00e0 la production sur sites industriels<\/p>\n                                                                    <a href=\"https:\/\/preprod.hiolle-bedrock.weareled.fr\/hiolle-industries-maroc\/solutions-realisations\/prestation-de-service-sur-site-client\/\" class=\"link icon arrow-right\">En savoir plus<\/a>\n                                                            <\/div>\n                        <\/div>\n                                    <\/div>\n                <div class=\"slider-solutions--navigation owl-nav container--large\">\n                    <span class=\"indicator\"><\/span>\n                    <div class=\"slider-solutions--dots owl-dots\"><\/div>\n                <\/div>\n                    <\/div>\n    <\/section>\n\n\n    <style>\n        #block_4d7b6dee4770ea4d85ebbc17f18283ac {\n            margin-top: 56px;\n        }\n\n        @media screen and (min-width: 768px) {\n            #block_4d7b6dee4770ea4d85ebbc17f18283ac {\n                margin-top: 96px;\n            }\n        }\n\n        #block_4d7b6dee4770ea4d85ebbc17f18283ac {\n            margin-bottom: 56px;\n        }\n\n        @media screen and (min-width: 768px) {\n            #block_4d7b6dee4770ea4d85ebbc17f18283ac {\n                margin-bottom: 96px;\n            }\n        }\n\n            <\/style>\n<section class=\"picto-txt-list maroc\" id=\"block_4d7b6dee4770ea4d85ebbc17f18283ac\">\n    <div class=\"picto-txt-list--container container--large\">\n                    <div class=\"picto-txt-list--content\">\n                                    <h2>Nos secteurs d&rsquo;intervention<\/h2>\n<p>HIOLLE INDUSTRIES MAROC intervient sp\u00e9cifiquement aupr\u00e8s des industriels du ferroviaire et de l\u2019a\u00e9ronautique :<\/p>\n                                            <\/div>\n                            <div class=\"picto-txt-list--pictos\">\n                                                        <div class=\"picto-item\">\n                                                    <span class=\"picto\" style=\"--picto: url('https:\/\/preprod.hiolle-bedrock.weareled.fr\/app\/uploads\/sites\/10\/2025\/01\/icon-ferroviaire.svg')\"><\/span>\n                                                                            <span>Ferroviaire<\/span>\n                                            <\/div>\n                                                        <div class=\"picto-item\">\n                                                    <span class=\"picto\" style=\"--picto: url('https:\/\/preprod.hiolle-bedrock.weareled.fr\/app\/uploads\/sites\/10\/2025\/01\/icon-aeronautique.svg')\"><\/span>\n                                                                            <span>A\u00e9ronautique<\/span>\n                                            <\/div>\n                            <\/div>\n            <\/div>\n<\/section>\n\n    <style>\n        #block_f24e97077b9e3bd7a02715a63d83866e {\n            margin-top: 56px;\n        }\n\n        @media screen and (min-width: 768px) {\n            #block_f24e97077b9e3bd7a02715a63d83866e {\n                margin-top: 96px;\n            }\n        }\n\n        #block_f24e97077b9e3bd7a02715a63d83866e {\n            margin-bottom: 56px;\n        }\n\n        @media screen and (min-width: 768px) {\n            #block_f24e97077b9e3bd7a02715a63d83866e {\n                margin-bottom: 96px;\n            }\n        }\n\n            <\/style>\n\n\n    <style>\n        #block_e4f4e136b811a5256e3af73209241744 {\n            margin-top: 56px;\n        }\n\n        @media screen and (min-width: 768px) {\n            #block_e4f4e136b811a5256e3af73209241744 {\n                margin-top: 96px;\n            }\n        }\n\n        #block_e4f4e136b811a5256e3af73209241744 {\n            margin-bottom: 56px;\n        }\n\n        @media screen and (min-width: 768px) {\n            #block_e4f4e136b811a5256e3af73209241744 {\n                margin-bottom: 96px;\n            }\n        }\n\n            <\/style>\n<section class=\"redirection-double maroc\" id=\"block_e4f4e136b811a5256e3af73209241744\">\n        <div class=\"redirection-double--container container--large\">\n                    <div class=\"background\">\n                                                    <h3>Vous souhaitez prendre contact avec nous ?<\/h3>\n<p>Une question ? Une demande particuli\u00e8re ? Un projet ? Contactez-nous d\u00e8s aujourd\u2019hui, nous nous ferons un plaisir de vous r\u00e9pondre dans les plus brefs d\u00e9lais.<\/p>\n                                                    <a href=\"https:\/\/preprod.hiolle-bedrock.weareled.fr\/hiolle-industries-maroc\/contactez-nous\/\" target=\"\" class=\"btn secondary icon arrow-right\">Nous contacter<span><\/span><\/a>\n                            <\/div>\n                            <div class=\"light\">\n                                    <h3>Envie de rejoindre l\u2019aventure HIOLLE Industries\u00a0Maroc ?<\/h3>\n<p>Rejoignez un mouvement en constante \u00e9volution, dans une entreprise familiale et conviviale !<\/p>\n                                                    <a href=\"https:\/\/preprod.hiolle-bedrock.weareled.fr\/hiolle-industries-maroc\/nous-rejoindre\/\" target=\"\" class=\"btn icon arrow-right\">Consulter les offres<span><\/span><\/a>\n                            <\/div>\n            <\/div>\n<\/section>","protected":false},"excerpt":{"rendered":"","protected":false},"author":1,"featured_media":0,"parent":0,"menu_order":0,"comment_status":"closed","ping_status":"closed","template":"","meta":{"_acf_changed":false,"_seopress_robots_primary_cat":"","_seopress_titles_title":"","_seopress_titles_desc":"","_seopress_robots_index":"","footnotes":""},"class_list":["post-19","page","type-page","status-publish","hentry"],"acf":[],"lang":"fr","translations":{"fr":19},"pll_sync_post":[],"_links":{"self":[{"href":"https:\/\/preprod.hiolle-bedrock.weareled.fr\/hiolle-industries-maroc\/wp-json\/wp\/v2\/pages\/19","targetHints":{"allow":["GET"]}}],"collection":[{"href":"https:\/\/preprod.hiolle-bedrock.weareled.fr\/hiolle-industries-maroc\/wp-json\/wp\/v2\/pages"}],"about":[{"href":"https:\/\/preprod.hiolle-bedrock.weareled.fr\/hiolle-industries-maroc\/wp-json\/wp\/v2\/types\/page"}],"author":[{"embeddable":true,"href":"https:\/\/preprod.hiolle-bedrock.weareled.fr\/hiolle-industries-maroc\/wp-json\/wp\/v2\/users\/1"}],"replies":[{"embeddable":true,"href":"https:\/\/preprod.hiolle-bedrock.weareled.fr\/hiolle-industries-maroc\/wp-json\/wp\/v2\/comments?post=19"}],"version-history":[{"count":21,"href":"https:\/\/preprod.hiolle-bedrock.weareled.fr\/hiolle-industries-maroc\/wp-json\/wp\/v2\/pages\/19\/revisions"}],"predecessor-version":[{"id":893,"href":"https:\/\/preprod.hiolle-bedrock.weareled.fr\/hiolle-industries-maroc\/wp-json\/wp\/v2\/pages\/19\/revisions\/893"}],"wp:attachment":[{"href":"https:\/\/preprod.hiolle-bedrock.weareled.fr\/hiolle-industries-maroc\/wp-json\/wp\/v2\/media?parent=19"}],"curies":[{"name":"wp","href":"https:\/\/api.w.org\/{rel}","templated":true}]}}