{"id":37,"date":"2024-10-15T11:06:07","date_gmt":"2024-10-15T09:06:07","guid":{"rendered":"https:\/\/preprod.hiolle-bedrock.weareled.fr\/hiolle-logistique\/?page_id=37"},"modified":"2025-07-29T16:27:27","modified_gmt":"2025-07-29T14:27:27","slug":"solutions-realisations","status":"publish","type":"page","link":"https:\/\/preprod.hiolle-bedrock.weareled.fr\/hiolle-industries-maroc\/solutions-realisations\/","title":{"rendered":"Solutions &amp; r\u00e9alisations"},"content":{"rendered":"    <style>\n        #block_1b75b56fa2cb4ea5984477a0fe636903 {\n            margin-top: 0px;\n        }\n\n        @media screen and (min-width: 768px) {\n            #block_1b75b56fa2cb4ea5984477a0fe636903 {\n                margin-top: 0px;\n            }\n        }\n\n        #block_1b75b56fa2cb4ea5984477a0fe636903 {\n            margin-bottom: 56px;\n        }\n\n        @media screen and (min-width: 768px) {\n            #block_1b75b56fa2cb4ea5984477a0fe636903 {\n                margin-bottom: 96px;\n            }\n        }\n\n            <\/style>\n<section class=\"hero hero--secondary\" id=\"block_1b75b56fa2cb4ea5984477a0fe636903\">\n    <div class=\"hero--container\">\n                    <div class=\"hero--img\">\n                <img decoding=\"async\" src=\"https:\/\/preprod.hiolle-bedrock.weareled.fr\/app\/uploads\/sites\/10\/2025\/03\/DSC_4446-min-scaled.jpg\" alt=\"\">\n            <\/div>\n                <div class=\"hero--container-content\">\n                                                    <div class=\"hero--content\">\n                    <p class=\"uptitle\">Solutions &amp; r\u00e9alisations<\/p>\n<h1>Des solutions \u00e9lectriques industrielles sur-mesure<\/h1>\n<p>HIOLLE INDUSTRIES MAROC intervient sp\u00e9cifiquement aupr\u00e8s des industriels du ferroviaire et de l\u2019a\u00e9ronautique.<\/p>\n                <\/div>\n                                <\/div>\n    <\/div>\n<\/section>\n\n    <style>\n        #block_e6b8fd9a281fe8441dcfd031e1f42308 {\n            margin-top: 56px;\n        }\n\n        @media screen and (min-width: 768px) {\n            #block_e6b8fd9a281fe8441dcfd031e1f42308 {\n                margin-top: 96px;\n            }\n        }\n\n        #block_e6b8fd9a281fe8441dcfd031e1f42308 {\n            margin-bottom: 56px;\n        }\n\n        @media screen and (min-width: 768px) {\n            #block_e6b8fd9a281fe8441dcfd031e1f42308 {\n                margin-bottom: 96px;\n            }\n        }\n\n            <\/style>\n    <section class=\"solutions-list\" id=\"block_e6b8fd9a281fe8441dcfd031e1f42308\">\n        <div class=\"solutions-list--container container--large\">\n                            <div class=\"solutions-list--title\">\n                    <h2>Les <span style=\"color: #d98400\">solutions<\/span> de<\/h2>\n<h2>HIOLLE INDUSTRIES MAROC<\/h2>\n                <\/div>\n                        <div class=\"solutions-list--cards-solution\">\n                                                    <div class=\"card-solution--item   is-page-link\" data-count=\"1\" data-solution=\"production-dequipements-cables\">\n                                                    <div class=\"card-solution--item-img\">\n                                <a href=\"https:\/\/preprod.hiolle-bedrock.weareled.fr\/hiolle-industries-maroc\/solutions-realisations\/production-dequipements-cables\/\"><img decoding=\"async\" src=\"https:\/\/preprod.hiolle-bedrock.weareled.fr\/app\/uploads\/sites\/10\/2025\/03\/DSC_4317-min-scaled.jpg\" alt=\"image de fond de la carte\"><\/a>\n                            <\/div>\n                                                <div class=\"card-solution--item-inner\">\n                            <h4><a href=\"https:\/\/preprod.hiolle-bedrock.weareled.fr\/hiolle-industries-maroc\/solutions-realisations\/production-dequipements-cables\/\">Production d&rsquo;\u00e9quipements c\u00e2bl\u00e9s<\/a><\/h4>\n                            <p>Solutions compl\u00e8tes d&rsquo;\u00e9quipements \u00e9lectriques embarqu\u00e9s<\/p>\n                            <a href=\"https:\/\/preprod.hiolle-bedrock.weareled.fr\/hiolle-industries-maroc\/solutions-realisations\/production-dequipements-cables\/\" class=\"link dark icon arrow-right\">En savoir plus<\/a>\n                                                    <\/div>\n                    <\/div>\n                                                                            <div class=\"card-solution--item   is-page-link\" data-count=\"2\" data-solution=\"prestation-de-service-sur-site-client\">\n                                                    <div class=\"card-solution--item-img\">\n                                <a href=\"https:\/\/preprod.hiolle-bedrock.weareled.fr\/hiolle-industries-maroc\/solutions-realisations\/prestation-de-service-sur-site-client\/\"><img decoding=\"async\" src=\"https:\/\/preprod.hiolle-bedrock.weareled.fr\/app\/uploads\/sites\/10\/2025\/03\/DSC_4395-min-scaled.jpg\" alt=\"image de fond de la carte\"><\/a>\n                            <\/div>\n                                                <div class=\"card-solution--item-inner\">\n                            <h4><a href=\"https:\/\/preprod.hiolle-bedrock.weareled.fr\/hiolle-industries-maroc\/solutions-realisations\/prestation-de-service-sur-site-client\/\">Prestation de service sur site client<\/a><\/h4>\n                            <p>Assistance et accompagnement \u00e0 la production sur sites industriels<\/p>\n                            <a href=\"https:\/\/preprod.hiolle-bedrock.weareled.fr\/hiolle-industries-maroc\/solutions-realisations\/prestation-de-service-sur-site-client\/\" class=\"link dark icon arrow-right\">En savoir plus<\/a>\n                                                    <\/div>\n                    <\/div>\n                                                                    <\/div>\n                    <\/div>\n    <\/section>\n\n\n    <style>\n        #block_a0ab83493c146c24df49c798a03470ba {\n            margin-top: 56px;\n        }\n\n        @media screen and (min-width: 768px) {\n            #block_a0ab83493c146c24df49c798a03470ba {\n                margin-top: 96px;\n            }\n        }\n\n        #block_a0ab83493c146c24df49c798a03470ba {\n            margin-bottom: 56px;\n        }\n\n        @media screen and (min-width: 768px) {\n            #block_a0ab83493c146c24df49c798a03470ba {\n                margin-bottom: 96px;\n            }\n        }\n\n            <\/style>\n<section class=\"slider-logos glue\" id=\"block_a0ab83493c146c24df49c798a03470ba\">\n    <div class=\"slider-logos--container container\">\n                            <div class=\"slider-logos--title\">\n                <h3>Ils nous font <span style=\"color: #d98400\">confiance !<\/span><\/h3>\n                            <\/div>\n                            <div class=\"slider-logos--content-container\">\n                <div class=\"slider-logos--content\">\n                    <div class=\"slider-logos--content-item\">\n                                                                                                                <img decoding=\"async\" src=\"https:\/\/preprod.hiolle-bedrock.weareled.fr\/app\/uploads\/sites\/10\/2025\/03\/Alstom_logo.svg.png\" alt=\"\">\n                                                                                                                                            <img decoding=\"async\" src=\"https:\/\/preprod.hiolle-bedrock.weareled.fr\/app\/uploads\/sites\/10\/2025\/03\/Logo-oncf.png\" alt=\"\">\n                                                                                                                                            <img decoding=\"async\" src=\"https:\/\/preprod.hiolle-bedrock.weareled.fr\/app\/uploads\/sites\/10\/2025\/03\/CAF.png\" alt=\"\">\n                                                                        <\/div>\n                <\/div>\n            <\/div>\n            <\/div>\n<\/section>\n\n    <style>\n        #block_5c2356edd727d7105d3ef317561f8d95 {\n            margin-top: 56px;\n        }\n\n        @media screen and (min-width: 768px) {\n            #block_5c2356edd727d7105d3ef317561f8d95 {\n                margin-top: 96px;\n            }\n        }\n\n        #block_5c2356edd727d7105d3ef317561f8d95 {\n            margin-bottom: 56px;\n        }\n\n        @media screen and (min-width: 768px) {\n            #block_5c2356edd727d7105d3ef317561f8d95 {\n                margin-bottom: 96px;\n            }\n        }\n\n            <\/style>\n\n\n    <style>\n        #block_b103f4afdee3cf5f6f61e4d3371a7beb {\n            margin-top: 56px;\n        }\n\n        @media screen and (min-width: 768px) {\n            #block_b103f4afdee3cf5f6f61e4d3371a7beb {\n                margin-top: 96px;\n            }\n        }\n\n        #block_b103f4afdee3cf5f6f61e4d3371a7beb {\n            margin-bottom: 56px;\n        }\n\n        @media screen and (min-width: 768px) {\n            #block_b103f4afdee3cf5f6f61e4d3371a7beb {\n                margin-bottom: 96px;\n            }\n        }\n\n            <\/style>\n<section class=\"redirection-double maroc\" id=\"block_b103f4afdee3cf5f6f61e4d3371a7beb\">\n        <div class=\"redirection-double--container container--large\">\n                    <div class=\"background\">\n                                                    <h3>Vous souhaitez prendre contact avec nous ?<\/h3>\n<p>Une question ? Une demande particuli\u00e8re ? Un projet ? Contactez-nous d\u00e8s aujourd\u2019hui, nous nous ferons un plaisir de vous r\u00e9pondre dans les plus brefs d\u00e9lais.<\/p>\n                                                    <a href=\"https:\/\/preprod.hiolle-bedrock.weareled.fr\/hiolle-industries-maroc\/contactez-nous\/\" target=\"\" class=\"btn secondary icon arrow-right\">Nous contacter<span><\/span><\/a>\n                            <\/div>\n                            <div class=\"light\">\n                                    <h3>Envie de rejoindre l\u2019aventure HIOLLE Industries Maroc ?<\/h3>\n<p>Rejoignez un mouvement en constante \u00e9volution, dans une entreprise familiale et conviviale !<\/p>\n                                                    <a href=\"https:\/\/preprod.hiolle-bedrock.weareled.fr\/hiolle-industries-maroc\/nous-rejoindre\/\" target=\"\" class=\"btn icon arrow-right\">Consulter les offres<span><\/span><\/a>\n                            <\/div>\n            <\/div>\n<\/section>","protected":false},"excerpt":{"rendered":"","protected":false},"author":1,"featured_media":0,"parent":0,"menu_order":0,"comment_status":"closed","ping_status":"closed","template":"","meta":{"_acf_changed":false,"_seopress_robots_primary_cat":"","_seopress_titles_title":"","_seopress_titles_desc":"","_seopress_robots_index":"","footnotes":""},"class_list":["post-37","page","type-page","status-publish","hentry"],"acf":[],"lang":"fr","translations":{"fr":37},"pll_sync_post":[],"_links":{"self":[{"href":"https:\/\/preprod.hiolle-bedrock.weareled.fr\/hiolle-industries-maroc\/wp-json\/wp\/v2\/pages\/37","targetHints":{"allow":["GET"]}}],"collection":[{"href":"https:\/\/preprod.hiolle-bedrock.weareled.fr\/hiolle-industries-maroc\/wp-json\/wp\/v2\/pages"}],"about":[{"href":"https:\/\/preprod.hiolle-bedrock.weareled.fr\/hiolle-industries-maroc\/wp-json\/wp\/v2\/types\/page"}],"author":[{"embeddable":true,"href":"https:\/\/preprod.hiolle-bedrock.weareled.fr\/hiolle-industries-maroc\/wp-json\/wp\/v2\/users\/1"}],"replies":[{"embeddable":true,"href":"https:\/\/preprod.hiolle-bedrock.weareled.fr\/hiolle-industries-maroc\/wp-json\/wp\/v2\/comments?post=37"}],"version-history":[{"count":12,"href":"https:\/\/preprod.hiolle-bedrock.weareled.fr\/hiolle-industries-maroc\/wp-json\/wp\/v2\/pages\/37\/revisions"}],"predecessor-version":[{"id":582,"href":"https:\/\/preprod.hiolle-bedrock.weareled.fr\/hiolle-industries-maroc\/wp-json\/wp\/v2\/pages\/37\/revisions\/582"}],"wp:attachment":[{"href":"https:\/\/preprod.hiolle-bedrock.weareled.fr\/hiolle-industries-maroc\/wp-json\/wp\/v2\/media?parent=37"}],"curies":[{"name":"wp","href":"https:\/\/api.w.org\/{rel}","templated":true}]}}