{"id":42,"date":"2024-10-15T11:07:01","date_gmt":"2024-10-15T09:07:01","guid":{"rendered":"https:\/\/preprod.hiolle-bedrock.weareled.fr\/hiolle-logistique\/?page_id=42"},"modified":"2025-12-02T11:54:35","modified_gmt":"2025-12-02T10:54:35","slug":"nous-rejoindre","status":"publish","type":"page","link":"https:\/\/preprod.hiolle-bedrock.weareled.fr\/hiolle-industries-maroc\/nous-rejoindre\/","title":{"rendered":"Nous rejoindre"},"content":{"rendered":"    <style>\n        #block_8e8460e1f56ab273ae11366bdbe9fead {\n            margin-top: 0px;\n        }\n\n        @media screen and (min-width: 768px) {\n            #block_8e8460e1f56ab273ae11366bdbe9fead {\n                margin-top: 0px;\n            }\n        }\n\n        #block_8e8460e1f56ab273ae11366bdbe9fead {\n            margin-bottom: 56px;\n        }\n\n        @media screen and (min-width: 768px) {\n            #block_8e8460e1f56ab273ae11366bdbe9fead {\n                margin-bottom: 96px;\n            }\n        }\n\n            <\/style>\n<section class=\"hero hero--secondary\" id=\"block_8e8460e1f56ab273ae11366bdbe9fead\">\n    <div class=\"hero--container\">\n                    <div class=\"hero--img\">\n                <img decoding=\"async\" src=\"https:\/\/preprod.hiolle-bedrock.weareled.fr\/app\/uploads\/sites\/10\/2025\/03\/DSC_4402-min-scaled-e1741885811622.jpg\" alt=\"\">\n            <\/div>\n                <div class=\"hero--container-content\">\n                                                    <div class=\"hero--content\">\n                    <p class=\"uptitle\">Nous rejoindre<\/p>\n<h1>Nos offres d&#8217;emploi<\/h1>\n<p>Rejoindre HIOLLE INDUSTRIES MAROC, c\u2019est rejoindre une entreprise experte en c\u00e2blage \u00e9lectrique industriel sur-mesure et b\u00e9n\u00e9ficier des opportunit\u00e9s d\u2019un Groupe international.<\/p>\n                <\/div>\n                                <\/div>\n    <\/div>\n<\/section>\n\n    <style>\n        #block_09dce9c2a5445340b78e4e7556cbdae3 {\n            margin-top: 0px;\n        }\n\n        @media screen and (min-width: 768px) {\n            #block_09dce9c2a5445340b78e4e7556cbdae3 {\n                margin-top: 0px;\n            }\n        }\n\n        #block_09dce9c2a5445340b78e4e7556cbdae3 {\n            margin-bottom: 0px;\n        }\n\n        @media screen and (min-width: 768px) {\n            #block_09dce9c2a5445340b78e4e7556cbdae3 {\n                margin-bottom: 0px;\n            }\n        }\n\n            <\/style>\n    <section class=\"filters-offers filters\">\n        <div class=\"filters-offers--container container--large\">\n            <h4>Filtrer les offres<\/h4>\n            <div class=\"filters-offers--filters\">\n                <input type=\"hidden\" name=\"current-site\" id=\"current-site\" value=\"HIOLLE INDUSTRIES MAROC\">\n                <div class=\"filters-offers--search filters-offers--more-search is-custom-select\">\n                                                        <\/div>\n                <div class=\"filters-offers--more-search is-custom-select\">\n                                            <div>\n                            <label for=\"service\">Rechercher un d\u00e9partement<\/label>\n                            <select name=\"service\" id=\"service\">\n                                <option value=\"\">Production, Ressources humaines, &#8230;<\/option>\n                                                                                                                                                                                                                                                                                                                                                                                    <option value=\"achats\">Achats \/ Approvisionnement<\/option>\n                                                                            <option value=\"approvisionnement---adv\">Administratif \/ Administration des ventes<\/option>\n                                                                            <option value=\"bureau-d-etudes\">Bureau d&rsquo;\u00e9tudes<\/option>\n                                                                            <option value=\"technico-commercial\">Commerce<\/option>\n                                                                            <option value=\"direction\">Direction<\/option>\n                                                                            <option value=\"encadrement-de-production---d-equipe---de-chantier\">Encadrement de production \/ d&rsquo;\u00e9quipe \/ de chantier<\/option>\n                                                                            <option value=\"fonctions-supports--rh--comptabilite--hse--communication--controle-de-gestion--informatique-\">Fonctions supports (RH, comptabilit\u00e9, HSE, Juridique, Communication, contr\u00f4le de gestion, informatique)<\/option>\n                                                                            <option value=\"formation\">Formation<\/option>\n                                                                            <option value=\"projets\">Gestion de projets<\/option>\n                                                                            <option value=\"ingenierie\">Ing\u00e9nierie et op\u00e9rations hydrauliques<\/option>\n                                                                            <option value=\"logistique\">Logistique<\/option>\n                                                                            <option value=\"methodes\">M\u00e9thodes<\/option>\n                                                                            <option value=\"production\">Production (atelier \/ chantier)<\/option>\n                                                                            <option value=\"qualite\">Qualit\u00e9<\/option>\n                                                                                                                                                                                                                                                                                                                                                                                                                <\/select>\n                        <\/div>\n                                                            <div>\n                        <label for=\"city\">Localisation<\/label>\n                        <div class=\"location-search\">\n                            <input id=\"input-address\" type=\"text\" placeholder=\"Ville, code postal, d\u00e9partement, ...\">\n                            <button id=\"geocoder_result\" class=\"geocoder-result\"><\/button>\n                            <select name=\"distance\" id=\"distance\">\n                                <option value=\"20\">20 km<\/option>\n                                <option value=\"50\" selected>50 km<\/option>\n                            <\/select>\n                        <\/div>\n                    <\/div>\n                                            <div>\n                            <label for=\"type-de-contrat\">Type de contrat<\/label>\n                            <select name=\"type-de-contrat\" id=\"type-de-contrat\">\n                                <option value=\"\">CDI, CDD, Alternance, Stage, int\u00e9rim<\/option>\n                                                                    <option value=\"CDI\">CDI<\/option>\n                                                                    <option value=\"APPRENTICESHIP\">APPRENTICESHIP<\/option>\n                                                            <\/select>\n                        <\/div>\n                                    <\/div>\n            <\/div>\n                            <div class=\"filters-offers--results\">\n                    <button class=\"link dark icon refresh reverse\">R\u00e9initialiser les filtres<\/button>\n                    <div class=\"num-results\">\n                        <span class=\"num\">0<\/span>\n                        <span>r\u00e9sultat<\/span>\n                    <\/div>\n                <\/div>\n                    <\/div>\n    <\/section>\n    <script>\n        const searchInput = document.getElementById(\"input-address\");\n        const resultList = document.getElementById(\"geocoder_result\");\n\n        let citiesCache = null;\n        let depsCache = null;\n\n        const escapeRegExp = (s) => s.replace(\/[.*+?^${}()|[\\]\\\\]\/g, \"\\\\$&\");\n\n        const loadData = async () => {\n            if (!citiesCache) {\n                const res = await fetch(\"https:\/\/preprod.hiolle-bedrock.weareled.fr\/app\/mu-plugins\/app-core\/GutenbergBlocks\/ListOffresEmplois\/villefrance.json\");\n                citiesCache = await res.json();\n            }\n            if (!depsCache) {\n                const res = await fetch(\"https:\/\/preprod.hiolle-bedrock.weareled.fr\/app\/mu-plugins\/app-core\/GutenbergBlocks\/ListOffresEmplois\/departement.json\");\n                depsCache = await res.json();\n            }\n        };\n\n        const searchcountry = async (searchBox) => {\n            await loadData();\n\n            const q = (searchBox || \"\").trim();\n            if (!q.length) {\n                resultList.classList.remove(\"show\");\n                resultList.innerHTML = \"\";\n                return;\n            }\n\n            const regex = new RegExp(`^${escapeRegExp(q)}`, \"i\");\n\n            const cityMatches = citiesCache\n                .filter(c => regex.test(c.Nom_commune) || regex.test(String(c.Code_postal)))\n                .slice(0, 10)\n                .map(c => ({\n                    type: \"city\",\n                    label: `${c.Code_postal} - ${c.Nom_commune}`,\n                    gps: c.coordonnees_gps ?? \"\"\n                }));\n\n            const depMatches = (depsCache.features || [])\n                .filter(f => regex.test(f?.properties?.nom || \"\") || regex.test(String(f?.properties?.code || \"\")))\n                .slice(0, 10)\n                .map(f => ({\n                    type: \"dep\",\n                    label: `${f.properties.code} - ${f.properties.nom}`,\n                    depcode: f.properties.code\n                }));\n\n            outputHtml([...cityMatches, ...depMatches]);\n        };\n\n        const outputHtml = (items) => {\n            if (!items.length) {\n                resultList.classList.remove('show');\n                resultList.innerHTML = '';\n                return;\n            }\n\n            resultList.classList.add('show');\n\n            resultList.innerHTML = items.map(item => `\n    <div id=\"result-item\"\n         class=\"list-group-item list-group-item-action\"\n         data-type=\"${item.type}\"\n         ${item.type === 'city' ? `data-gps=\"${item.gps}\"` : `data-depcode=\"${item.depcode}\"`}>\n      ${item.label}\n    <\/div>\n  `).join('');\n        };\n\n        searchInput.addEventListener('input', () => {\n            if (searchInput.value.length >= 3) searchcountry(searchInput.value)\n            else fits = [];\n            resultList.classList.remove('show');\n            resultList.innerHTML = '';\n        });\n    <\/script>\n    <section class=\"offers-list\">\n        <div class=\"offers-list--list container--large\">\n                        <section class=\"title no-offer-found visible\">\n                                    <div class=\"title--container container--large\">\n                        <p class=\"uptitle\">Aucune offre trouv\u00e9e<\/p>\n<h2>Mince, nous n&rsquo;avons pas d&rsquo;offre qui correspond \u00e0 votre recherche.<\/h2>\n<p>Essayez d&rsquo;autres filtres, parcourez toutes les offres d&#8217;emploi ou cliquez <a href=\"https:\/\/taleez.com\/apply\/sp\/groupe-hiolle-industries\"><strong>ICI<\/strong> pour nous envoyer une candidature spontan\u00e9e !<\/a><\/p>\n                                            <\/div>\n                            <\/section>\n        <\/div>\n            <\/section>\n\n\n    <style>\n        #block_3d62907e440d0efb4e1050b9f444d108 {\n            margin-top: 56px;\n        }\n\n        @media screen and (min-width: 768px) {\n            #block_3d62907e440d0efb4e1050b9f444d108 {\n                margin-top: 96px;\n            }\n        }\n\n        #block_3d62907e440d0efb4e1050b9f444d108 {\n            margin-bottom: 56px;\n        }\n\n        @media screen and (min-width: 768px) {\n            #block_3d62907e440d0efb4e1050b9f444d108 {\n                margin-bottom: 96px;\n            }\n        }\n\n            <\/style>\n<section class=\"redirection-full maroc\" id=\"block_3d62907e440d0efb4e1050b9f444d108\">\n    <div class=\"redirection-full--container container--large\">\n        <div class=\"redirection-full--content\">\n                            <div class=\"redirection-full--inner\">\n                    <h2>Vous n&rsquo;avez pas trouv\u00e9 ce que vous cherchiez ?<\/h2>\n<p>Postulez de fa\u00e7on spontan\u00e9e, nous \u00e9tudierons votre candidature !<\/p>\n                <\/div>\n                                        <a href=\"https:\/\/taleez.com\/apply\/sp\/groupe-hiolle-industries\" target=\"_blank\" class=\"btn secondary icon arrow-right\">Envoyer une candidature spontan\u00e9e<span><\/span><\/a>\n                    <\/div>\n    <\/div>\n<\/section>\n\n    <style>\n        #block_cdbae3ed0abaca4b46e5b21433b6f19e {\n            margin-top: 56px;\n        }\n\n        @media screen and (min-width: 768px) {\n            #block_cdbae3ed0abaca4b46e5b21433b6f19e {\n                margin-top: 96px;\n            }\n        }\n\n        #block_cdbae3ed0abaca4b46e5b21433b6f19e {\n            margin-bottom: 56px;\n        }\n\n        @media screen and (min-width: 768px) {\n            #block_cdbae3ed0abaca4b46e5b21433b6f19e {\n                margin-bottom: 96px;\n            }\n        }\n\n            <\/style>\n<section class=\"redirection-double maroc\" id=\"block_cdbae3ed0abaca4b46e5b21433b6f19e\">\n        <div class=\"redirection-double--container container--large\">\n                    <div class=\"background\">\n                                                    <h3>Vous souhaitez voir les autres offres du Groupe HIOLLE ?<\/h3>\n<p>Explorez l&rsquo;ensemble des opportunit\u00e9s d&#8217;emploi dans les filiales du Groupe et trouvez l&rsquo;offre qui vous correspond, dans un environnement dynamique et en pleine croissance.<\/p>\n                                                    <a href=\"https:\/\/preprod.hiolle-bedrock.weareled.fr\/wp\/nos-offres-demploi\/\" target=\"_blank\" class=\"btn secondary icon arrow-top-right\">Voir toutes les offres<span><\/span><\/a>\n                            <\/div>\n                            <div class=\"light\">\n                                    <h3>Pourquoi rejoindre<br \/>\nle Groupe HIOLLE ?<\/h3>\n<p>Au sein du Groupe HIOLLE, innovation et expertise se conjuguent pour faire grandir nos talents et construire ensemble l&rsquo;industrie de demain.<\/p>\n                                                    <a href=\"https:\/\/preprod.hiolle-bedrock.weareled.fr\/wp\/emplois-carrieres\/\" target=\"\" class=\"btn icon arrow-right\">En savoir plus<span><\/span><\/a>\n                            <\/div>\n            <\/div>\n<\/section>","protected":false},"excerpt":{"rendered":"","protected":false},"author":1,"featured_media":0,"parent":0,"menu_order":0,"comment_status":"closed","ping_status":"closed","template":"","meta":{"_acf_changed":false,"_seopress_robots_primary_cat":"","_seopress_titles_title":"","_seopress_titles_desc":"","_seopress_robots_index":"","footnotes":""},"class_list":["post-42","page","type-page","status-publish","hentry"],"acf":[],"lang":"fr","translations":{"fr":42},"pll_sync_post":[],"_links":{"self":[{"href":"https:\/\/preprod.hiolle-bedrock.weareled.fr\/hiolle-industries-maroc\/wp-json\/wp\/v2\/pages\/42","targetHints":{"allow":["GET"]}}],"collection":[{"href":"https:\/\/preprod.hiolle-bedrock.weareled.fr\/hiolle-industries-maroc\/wp-json\/wp\/v2\/pages"}],"about":[{"href":"https:\/\/preprod.hiolle-bedrock.weareled.fr\/hiolle-industries-maroc\/wp-json\/wp\/v2\/types\/page"}],"author":[{"embeddable":true,"href":"https:\/\/preprod.hiolle-bedrock.weareled.fr\/hiolle-industries-maroc\/wp-json\/wp\/v2\/users\/1"}],"replies":[{"embeddable":true,"href":"https:\/\/preprod.hiolle-bedrock.weareled.fr\/hiolle-industries-maroc\/wp-json\/wp\/v2\/comments?post=42"}],"version-history":[{"count":17,"href":"https:\/\/preprod.hiolle-bedrock.weareled.fr\/hiolle-industries-maroc\/wp-json\/wp\/v2\/pages\/42\/revisions"}],"predecessor-version":[{"id":869,"href":"https:\/\/preprod.hiolle-bedrock.weareled.fr\/hiolle-industries-maroc\/wp-json\/wp\/v2\/pages\/42\/revisions\/869"}],"wp:attachment":[{"href":"https:\/\/preprod.hiolle-bedrock.weareled.fr\/hiolle-industries-maroc\/wp-json\/wp\/v2\/media?parent=42"}],"curies":[{"name":"wp","href":"https:\/\/api.w.org\/{rel}","templated":true}]}}