{"id":16,"date":"2024-10-15T10:27:03","date_gmt":"2024-10-15T08:27:03","guid":{"rendered":"https:\/\/preprod.hiolle-bedrock.weareled.fr\/hiolle-logistique\/?page_id=16"},"modified":"2026-03-16T16:33:12","modified_gmt":"2026-03-16T15:33:12","slug":"accueil","status":"publish","type":"page","link":"https:\/\/preprod.hiolle-bedrock.weareled.fr\/hiolle-logistique\/","title":{"rendered":"Accueil"},"content":{"rendered":"    <style>\n        #block_af004aee00af7ef93d68579de4dedf88 {\n            margin-top: 0px;\n        }\n\n        @media screen and (min-width: 768px) {\n            #block_af004aee00af7ef93d68579de4dedf88 {\n                margin-top: 0px;\n            }\n        }\n\n        #block_af004aee00af7ef93d68579de4dedf88 {\n            margin-bottom: 0px;\n        }\n\n        @media screen and (min-width: 768px) {\n            #block_af004aee00af7ef93d68579de4dedf88 {\n                margin-bottom: 0px;\n            }\n        }\n\n            <\/style>\n<section class=\"hero-video\" id=\"block_af004aee00af7ef93d68579de4dedf88\">\n    <div class=\"hero-video--container\">\n                \n                    <video src=\"https:\/\/preprod.hiolle-bedrock.weareled.fr\/app\/uploads\/sites\/3\/2025\/12\/HIOLLE-LOGISTIQUE-10s.mp4\" autoplay loop muted playsinline webkit-playsinline><\/video>\n                <div class=\"hero-video--overlay\"><\/div>\n        <div class=\"hero-video--content\">\n                            <h1><b>La plateforme multimodale au service de l\u2019industrie<\/b><\/h1>\n<p>HIOLLE LOGISTIQUE est une filiale du Groupe HIOLLE, sp\u00e9cialis\u00e9e dans la logistique sur-mesure :<br \/>\nmanutention, stockage et prestations de services.<\/p>\n                        <div class=\"hero-video--buttons\">\n                                    <a href=\"https:\/\/preprod.hiolle-bedrock.weareled.fr\/hiolle-logistique\/solutions-realisations\/\" class=\"btn icon arrow-right secondary \">D\u00e9couvrir nos solutions <span><\/span><\/a>\n                                \n                    <a href=\"https:\/\/youtu.be\/qikoiAXR-mA\" class=\"btn video-play icon play tertiary-dark\">Lire la vid\u00e9o<span><\/span><\/a>\n                            <\/div>\n                            <div data-hide-on-vendor-consent=\"youtube\">\n                    <span id=\"cookie-message\">Veuillez accepter les cookies pour lire la vid\u00e9o<\/span>\n                    <button onclick=\"window.axeptioSDK.requestConsent('youtube')\" id=\"accept-cookies\" class=\"btn primary\">J&rsquo;accepte<\/button>\n                <\/div>\n                    <\/div>\n                    <button id=\"playVideo\" class=\"play-video-button\"><\/button>\n            <\/div>\n<\/section>\n\n\n    <style>\n        #block_9a32797fbdb363ac6090d6b4f85d8102 {\n            margin-top: 56px;\n        }\n\n        @media screen and (min-width: 768px) {\n            #block_9a32797fbdb363ac6090d6b4f85d8102 {\n                margin-top: 96px;\n            }\n        }\n\n        #block_9a32797fbdb363ac6090d6b4f85d8102 {\n            margin-bottom: 56px;\n        }\n\n        @media screen and (min-width: 768px) {\n            #block_9a32797fbdb363ac6090d6b4f85d8102 {\n                margin-bottom: 96px;\n            }\n        }\n\n            <\/style>\n<section class=\"txtimg-full ligne\" id=\"block_9a32797fbdb363ac6090d6b4f85d8102\">\n    <div class=\"txtimg-full--container container--large\">\n        <div class=\"title--container\">\n                                                <div class=\"title--title\">\n                        <p class=\"uptitle\">Nous conna\u00eetre<\/p>\n<h2><b>Expert de la logistique industrielle<\/b><\/h2>\n                    <\/div>\n                                                    <div class=\"title--content\">\n                                                    <p>HIOLLE LOGISTIQUE fait partie du Groupe HIOLLE, Groupe familial fran\u00e7ais sp\u00e9cialiste des services \u00e0 l\u2019industrie. Depuis sa cr\u00e9ation en 1988, HIOLLE LOGISTIQUE propose une offre de services compl\u00e8te de gestion de l\u2019acheminement, de stockage, de la manutention, de la maintenance et de la gestion inventori\u00e9e pour les grands acteurs des secteurs industriel, ferroviaire et marchand.<\/p>\n<p>Bas\u00e9e \u00e0 Trith Saint L\u00e9ger (59), la plateforme logistique est situ\u00e9e en plein c\u0153ur de l\u2019Europe et accessible par voies fluviale, routi\u00e8re et ferroviaire.<\/p>\n                                                                            <a href=\"https:\/\/preprod.hiolle-bedrock.weareled.fr\/hiolle-logistique\/nous-connaitre\/\" target=\"_self\" class=\"btn icon arrow-right\">Qui sommes-nous ?<span><\/span><\/a>\n                                                                    <\/div>\n                                    <\/div>\n                    <div class=\"txtimg-full--images\">\n                                                                                <img decoding=\"async\" src=\"https:\/\/preprod.hiolle-bedrock.weareled.fr\/app\/uploads\/sites\/3\/2025\/01\/HIOLLE_LOGISTIQUE_061-e1741032731856.jpg\" alt=\"\">\n                                                                                                    <img decoding=\"async\" src=\"https:\/\/preprod.hiolle-bedrock.weareled.fr\/app\/uploads\/sites\/3\/2025\/01\/HIOLLE_LOGISTIQUE_022-min-e1741038909795.jpg\" alt=\"\">\n                                                <\/div>\n            <\/div>\n<\/section>\n\n    <style>\n        #block_2c0bbe0278a4c0352ad540c16074495c {\n            margin-top: 56px;\n        }\n\n        @media screen and (min-width: 768px) {\n            #block_2c0bbe0278a4c0352ad540c16074495c {\n                margin-top: 96px;\n            }\n        }\n\n        #block_2c0bbe0278a4c0352ad540c16074495c {\n            margin-bottom: 56px;\n        }\n\n        @media screen and (min-width: 768px) {\n            #block_2c0bbe0278a4c0352ad540c16074495c {\n                margin-bottom: 96px;\n            }\n        }\n\n            <\/style>\n        <section class=\"keynumbers-list-steps col-4 \" id=\"block_2c0bbe0278a4c0352ad540c16074495c\">\n        <div class=\"keynumbers-list-steps--container container--large\">\n                                            <div class=\"keynumbers-list-steps--item\">\n                    <div class=\"number-container\">\n                                                    <span class=\"number\">40<\/span>\n                                                <div class=\"mask\"><\/div>\n                                                    <span class=\"suffix\">ans<\/span>\n                                            <\/div>\n                                            <p class=\"legend\">d&rsquo;exp\u00e9rience<\/p>\n                                    <\/div>\n                                            <div class=\"keynumbers-list-steps--item\">\n                    <div class=\"number-container\">\n                                                    <span class=\"number\">22<\/span>\n                                                <div class=\"mask\"><\/div>\n                                                    <span class=\"suffix\">ha<\/span>\n                                            <\/div>\n                                            <p class=\"legend\">Raccord\u00e9s au r\u00e9seau national ferr\u00e9 via un embranchement priv\u00e9<\/p>\n                                    <\/div>\n                                            <div class=\"keynumbers-list-steps--item\">\n                    <div class=\"number-container\">\n                                                    <span class=\"number\">3<\/span>\n                                                <div class=\"mask\"><\/div>\n                                            <\/div>\n                                            <p class=\"legend\">types d\u2019affr\u00e8tements<\/p>\n                                    <\/div>\n                                            <div class=\"keynumbers-list-steps--item\">\n                    <div class=\"number-container\">\n                                                    <span class=\"number\">88 000<\/span>\n                                                <div class=\"mask\"><\/div>\n                                                    <span class=\"suffix\">m\u00b2<\/span>\n                                            <\/div>\n                                            <p class=\"legend\">couverts <\/p>\n                                    <\/div>\n                    <\/div>\n    <\/section>\n\n\n    <style>\n        #block_6adbea2d002203cbde61d16709963404 {\n            margin-top: 56px;\n        }\n\n        @media screen and (min-width: 768px) {\n            #block_6adbea2d002203cbde61d16709963404 {\n                margin-top: 96px;\n            }\n        }\n\n        #block_6adbea2d002203cbde61d16709963404 {\n            margin-bottom: 56px;\n        }\n\n        @media screen and (min-width: 768px) {\n            #block_6adbea2d002203cbde61d16709963404 {\n                margin-bottom: 96px;\n            }\n        }\n\n            <\/style>\n    <section class=\"scrolling-txt glue\" id=\"block_6adbea2d002203cbde61d16709963404\">\n        <div class=\"scrolling-txt--container\">\n            <div class=\"marquee\">\n                <span>La logistique industrielle sur-mesure<\/span>\n                <span>La logistique industrielle sur-mesure<\/span>\n                <span>La logistique industrielle sur-mesure<\/span>\n            <\/div>\n        <\/div>\n    <\/section>\n\n\n    <style>\n        #block_f30c432a43fca97458fe16ce2d762357 {\n            margin-top: 56px;\n        }\n\n        @media screen and (min-width: 768px) {\n            #block_f30c432a43fca97458fe16ce2d762357 {\n                margin-top: 96px;\n            }\n        }\n\n        #block_f30c432a43fca97458fe16ce2d762357 {\n            margin-bottom: 0px;\n        }\n\n        @media screen and (min-width: 768px) {\n            #block_f30c432a43fca97458fe16ce2d762357 {\n                margin-bottom: 0px;\n            }\n        }\n\n            <\/style>\n    <section class=\"slider-solutions glue nav-light \" id=\"block_f30c432a43fca97458fe16ce2d762357\">\n        <div class=\"slider-solutions--container\">\n            <div class=\"slider-solutions--header container--large\">\n                                    <div class=\"slider-solutions--title\">\n                        <p class=\"uptitle\">Nos solutions<\/p>\n<h2><b>Des solutions logistiques sur-mesure<\/b><\/h2>\n<p>&nbsp;<\/p>\n                    <\/div>\n                                                    <a href=\"https:\/\/preprod.hiolle-bedrock.weareled.fr\/hiolle-logistique\/solutions-realisations\/\" target=\"_self\" class=\"link icon arrow-right\">Voir toutes nos solutions<\/a>\n                            <\/div>\n                            <div class=\"slider-solutions--slider container--large owl-carousel\">\n                                                                    <div class=\"card-solution\">\n                                                            <a href=\"https:\/\/preprod.hiolle-bedrock.weareled.fr\/hiolle-logistique\/solutions-realisations\/logistique-industrielle\/\" class=\"card-solution--link\"><\/a>\n                                                        <div class=\"card-solution--image\">\n                                <img decoding=\"async\" src=\"https:\/\/preprod.hiolle-bedrock.weareled.fr\/app\/uploads\/sites\/3\/2025\/01\/HIOLLE_LOGISTIQUE_044-e1737752423631.jpg\" alt=\"\">\n                            <\/div>\n                            <div class=\"card-solution--content\">\n                                <h4>Logistique industrielle<\/h4>\n                                <p>Maintien en conditions d\u2019exploitation optimales du mat\u00e9riel industriel et mise \u00e0 disposition des clients \u00e0 J+2.<\/p>\n                                                                    <a href=\"https:\/\/preprod.hiolle-bedrock.weareled.fr\/hiolle-logistique\/solutions-realisations\/logistique-industrielle\/\" class=\"link icon arrow-right\">En savoir plus<\/a>\n                                                            <\/div>\n                        <\/div>\n                                                                    <div class=\"card-solution\">\n                                                            <a href=\"https:\/\/preprod.hiolle-bedrock.weareled.fr\/hiolle-logistique\/solutions-realisations\/logistique-marchande\/\" class=\"card-solution--link\"><\/a>\n                                                        <div class=\"card-solution--image\">\n                                <img decoding=\"async\" src=\"https:\/\/preprod.hiolle-bedrock.weareled.fr\/app\/uploads\/sites\/3\/2025\/01\/HIOLLE_LOGISTIQUE_003.jpg\" alt=\"\">\n                            <\/div>\n                            <div class=\"card-solution--content\">\n                                <h4>Logistique marchande<\/h4>\n                                <p>R\u00e9ception des marchandises et mise en stock inventori\u00e9, pr\u00e9paration des commandes et organisations de l\u2019exp\u00e9dition pour les clients importateurs.<\/p>\n                                                                    <a href=\"https:\/\/preprod.hiolle-bedrock.weareled.fr\/hiolle-logistique\/solutions-realisations\/logistique-marchande\/\" class=\"link icon arrow-right\">En savoir plus<\/a>\n                                                            <\/div>\n                        <\/div>\n                                                                    <div class=\"card-solution\">\n                                                            <a href=\"https:\/\/preprod.hiolle-bedrock.weareled.fr\/hiolle-logistique\/solutions-realisations\/logistique-ferroviaire\/\" class=\"card-solution--link\"><\/a>\n                                                        <div class=\"card-solution--image\">\n                                <img decoding=\"async\" src=\"https:\/\/preprod.hiolle-bedrock.weareled.fr\/app\/uploads\/sites\/3\/2026\/03\/HIOLLE_LOGISTIQUE_063-e1773660601709.jpg\" alt=\"\">\n                            <\/div>\n                            <div class=\"card-solution--content\">\n                                <h4>Logistique ferroviaire<\/h4>\n                                <p>Maintien en \u00e9tat de fonctionnement optimal du mat\u00e9riel ferroviaire (roulant et organes) et mise \u00e0 disposition des clients \u00e0 J+2.<\/p>\n                                                                    <a href=\"https:\/\/preprod.hiolle-bedrock.weareled.fr\/hiolle-logistique\/solutions-realisations\/logistique-ferroviaire\/\" class=\"link icon arrow-right\">En savoir plus<\/a>\n                                                            <\/div>\n                        <\/div>\n                                    <\/div>\n                <div class=\"slider-solutions--navigation owl-nav container--large\">\n                    <span class=\"indicator\"><\/span>\n                    <div class=\"slider-solutions--dots owl-dots\"><\/div>\n                <\/div>\n                    <\/div>\n    <\/section>\n\n\n    <style>\n        #block_d230265907b73343e41f18e6a36426cf {\n            margin-top: 56px;\n        }\n\n        @media screen and (min-width: 768px) {\n            #block_d230265907b73343e41f18e6a36426cf {\n                margin-top: 96px;\n            }\n        }\n\n        #block_d230265907b73343e41f18e6a36426cf {\n            margin-bottom: 56px;\n        }\n\n        @media screen and (min-width: 768px) {\n            #block_d230265907b73343e41f18e6a36426cf {\n                margin-bottom: 96px;\n            }\n        }\n\n            <\/style>\n<section class=\"picto-txt-list \" id=\"block_d230265907b73343e41f18e6a36426cf\">\n    <div class=\"picto-txt-list--container container--large\">\n                    <div class=\"picto-txt-list--content\">\n                                    <h2>Nos secteurs d&rsquo;intervention<\/h2>\n<p>HIOLLE LOGISTIQUE intervient principalement dans deux secteurs industriels, ainsi qu\u2019aupr\u00e8s des acteurs du retail :<\/p>\n                                                    <a href=\"https:\/\/preprod.hiolle-bedrock.weareled.fr\/hiolle-logistique\/contactez-nous\/\" class=\"btn icon arrow-right\">Contactez-nous<span><\/span><\/a>\n                            <\/div>\n                            <div class=\"picto-txt-list--pictos\">\n                                                        <div class=\"picto-item\">\n                                                    <span class=\"picto\" style=\"--picto: url('https:\/\/preprod.hiolle-bedrock.weareled.fr\/app\/uploads\/sites\/3\/2024\/10\/Icon-23.svg')\"><\/span>\n                                                                            <span>Ferroviaire<\/span>\n                                            <\/div>\n                                                        <div class=\"picto-item\">\n                                                    <span class=\"picto\" style=\"--picto: url('https:\/\/preprod.hiolle-bedrock.weareled.fr\/app\/uploads\/sites\/3\/2025\/03\/factory-300x300-1.png')\"><\/span>\n                                                                            <span>Industrie<\/span>\n                                            <\/div>\n                                                        <div class=\"picto-item\">\n                                                    <span class=\"picto\" style=\"--picto: url('https:\/\/preprod.hiolle-bedrock.weareled.fr\/app\/uploads\/sites\/3\/2025\/03\/icons8-retail-50.png')\"><\/span>\n                                                                            <span>Retail<\/span>\n                                            <\/div>\n                            <\/div>\n            <\/div>\n<\/section>\n\n    <style>\n        #block_ecdf3b07acec114f4ded4e99dd732b81 {\n            margin-top: 56px;\n        }\n\n        @media screen and (min-width: 768px) {\n            #block_ecdf3b07acec114f4ded4e99dd732b81 {\n                margin-top: 96px;\n            }\n        }\n\n        #block_ecdf3b07acec114f4ded4e99dd732b81 {\n            margin-bottom: 56px;\n        }\n\n        @media screen and (min-width: 768px) {\n            #block_ecdf3b07acec114f4ded4e99dd732b81 {\n                margin-bottom: 96px;\n            }\n        }\n\n            <\/style>\n    <section class=\"slider-actualites glue nav-medium \" id=\"block_ecdf3b07acec114f4ded4e99dd732b81\">\n                <div class=\"slider-actualites--container\">\n            <div class=\"slider-actualites--header container--large\">\n                                    <div class=\"slider-actualites--title\">\n                        <p class=\"uptitle\">Nos actualit\u00e9s<\/p>\n<h2>Nos <span style=\"color: #009cde\">derni\u00e8res actualit\u00e9s<\/span><\/h2>\n<p>&nbsp;<\/p>\n                    <\/div>\n                                                    <a href=\"https:\/\/preprod.hiolle-bedrock.weareled.fr\/hiolle-logistique\/nos-actualites\/\" class=\"link dark icon arrow-right\">Voir toutes les actualit\u00e9s<\/a>\n                            <\/div>\n            <div class=\"slider-actualites--slider container--large owl-carousel\">\n                                                        <div class=\"card-actuality\">\n                        <a href=\"https:\/\/preprod.hiolle-bedrock.weareled.fr\/hiolle-logistique\/stockage-industriel-et-gestion-des-surplus-de-production\/\" class=\"card-actuality--link\"><\/a>\n                        <div class=\"card-actuality--image\">\n                                                            <img decoding=\"async\" src=\"https:\/\/preprod.hiolle-bedrock.weareled.fr\/app\/uploads\/sites\/3\/2026\/03\/HIOLLE_LOGISTIQUE_047-3-2.jpg\" alt=\"\">\n                                                                                        <div class=\"card-actuality--categories\">\n                                                                            <span class=\"category\">Expertise<\/span>\n                                                                    <\/div>\n                                                    <\/div>\n                        <div class=\"card-actuality--content\">\n                            <div class=\"card-actuality--title\">\n                                                                                                                    <span class=\"tag\">HIOLLE LOGISTIQUE<\/span>\n                                                                                                    <h5>Stockage industriel et gestion des surplus de production<\/h5>\n                            <\/div>\n                                                        <div class=\"card-actuality--footer\">\n                                <span class=\"date\">16 mars 2026<\/span>\n                                <span class=\"arrow-btn light-green\"><span><\/span><\/span>\n                            <\/div>\n                        <\/div>\n                    <\/div>\n                                                        <div class=\"card-actuality\">\n                        <a href=\"https:\/\/preprod.hiolle-bedrock.weareled.fr\/hiolle-logistique\/renouvellement-de-notre-certification-iso-9001\/\" class=\"card-actuality--link\"><\/a>\n                        <div class=\"card-actuality--image\">\n                                                            <img decoding=\"async\" src=\"https:\/\/preprod.hiolle-bedrock.weareled.fr\/app\/uploads\/sites\/3\/2026\/03\/Renouvellement-ISO-9001-7-2-3.png\" alt=\"\">\n                                                                                        <div class=\"card-actuality--categories\">\n                                                                            <span class=\"category\">Qualit\u00e9<\/span>\n                                                                            <span class=\"category\">RSE<\/span>\n                                                                    <\/div>\n                                                    <\/div>\n                        <div class=\"card-actuality--content\">\n                            <div class=\"card-actuality--title\">\n                                                                                                                    <span class=\"tag\">HIOLLE LOGISTIQUE<\/span>\n                                                                                                    <h5>Renouvellement de notre certification ISO 9001<\/h5>\n                            <\/div>\n                                                        <div class=\"card-actuality--footer\">\n                                <span class=\"date\">29 janvier 2026<\/span>\n                                <span class=\"arrow-btn light-green\"><span><\/span><\/span>\n                            <\/div>\n                        <\/div>\n                    <\/div>\n                            <\/div>\n            <div class=\"slider-actualites--navigation owl-nav container--large\">\n                <span class=\"indicator\"><\/span>\n                <div class=\"slider-actualites--dots owl-dots\"><\/div>\n            <\/div>\n        <\/div>\n    <\/section>\n\n\n    <style>\n        #block_fb38ae12468dfe3e0abab519275d0fec {\n            margin-top: 56px;\n        }\n\n        @media screen and (min-width: 768px) {\n            #block_fb38ae12468dfe3e0abab519275d0fec {\n                margin-top: 96px;\n            }\n        }\n\n        #block_fb38ae12468dfe3e0abab519275d0fec {\n            margin-bottom: 56px;\n        }\n\n        @media screen and (min-width: 768px) {\n            #block_fb38ae12468dfe3e0abab519275d0fec {\n                margin-bottom: 96px;\n            }\n        }\n\n            <\/style>\n<section class=\"redirection-double \" id=\"block_fb38ae12468dfe3e0abab519275d0fec\">\n        <div class=\"redirection-double--container container--large\">\n                    <div class=\"background\">\n                                                    <h3>Vous souhaitez prendre contact avec nous ?<\/h3>\n<p>Une question ? Une demande particuli\u00e8re ? Un projet ? Contactez-nous d\u00e8s aujourd\u2019hui, nous nous ferons un plaisir de vous r\u00e9pondre dans les plus brefs d\u00e9lais.<\/p>\n                                                    <a href=\"https:\/\/preprod.hiolle-bedrock.weareled.fr\/hiolle-logistique\/contactez-nous\/\" target=\"\" class=\"btn secondary icon arrow-right\">Nous contacter<span><\/span><\/a>\n                            <\/div>\n                            <div class=\"light\">\n                                    <h3>Envie de rejoindre l\u2019aventure HIOLLE LOGISTIQUE ?<\/h3>\n<p>Rejoignez un mouvement en constante \u00e9volution, dans une entreprise familiale et conviviale !<\/p>\n                                                    <a href=\"https:\/\/preprod.hiolle-bedrock.weareled.fr\/hiolle-logistique\/nous-rejoindre\/\" target=\"\" class=\"btn icon arrow-right\">Consulter les offres<span><\/span><\/a>\n                            <\/div>\n            <\/div>\n<\/section>","protected":false},"excerpt":{"rendered":"","protected":false},"author":1,"featured_media":0,"parent":0,"menu_order":0,"comment_status":"closed","ping_status":"closed","template":"","meta":{"_acf_changed":false,"_seopress_robots_primary_cat":"","_seopress_titles_title":"","_seopress_titles_desc":"","_seopress_robots_index":"","footnotes":""},"class_list":["post-16","page","type-page","status-publish","hentry"],"acf":[],"lang":"fr","translations":{"fr":16,"en":23},"pll_sync_post":[],"_links":{"self":[{"href":"https:\/\/preprod.hiolle-bedrock.weareled.fr\/hiolle-logistique\/wp-json\/wp\/v2\/pages\/16","targetHints":{"allow":["GET"]}}],"collection":[{"href":"https:\/\/preprod.hiolle-bedrock.weareled.fr\/hiolle-logistique\/wp-json\/wp\/v2\/pages"}],"about":[{"href":"https:\/\/preprod.hiolle-bedrock.weareled.fr\/hiolle-logistique\/wp-json\/wp\/v2\/types\/page"}],"author":[{"embeddable":true,"href":"https:\/\/preprod.hiolle-bedrock.weareled.fr\/hiolle-logistique\/wp-json\/wp\/v2\/users\/1"}],"replies":[{"embeddable":true,"href":"https:\/\/preprod.hiolle-bedrock.weareled.fr\/hiolle-logistique\/wp-json\/wp\/v2\/comments?post=16"}],"version-history":[{"count":29,"href":"https:\/\/preprod.hiolle-bedrock.weareled.fr\/hiolle-logistique\/wp-json\/wp\/v2\/pages\/16\/revisions"}],"predecessor-version":[{"id":899,"href":"https:\/\/preprod.hiolle-bedrock.weareled.fr\/hiolle-logistique\/wp-json\/wp\/v2\/pages\/16\/revisions\/899"}],"wp:attachment":[{"href":"https:\/\/preprod.hiolle-bedrock.weareled.fr\/hiolle-logistique\/wp-json\/wp\/v2\/media?parent=16"}],"curies":[{"name":"wp","href":"https:\/\/api.w.org\/{rel}","templated":true}]}}