{"id":214,"date":"2025-01-13T15:36:07","date_gmt":"2025-01-13T14:36:07","guid":{"rendered":"https:\/\/preprod.hiolle-bedrock.weareled.fr\/hiolle-logistique\/?page_id=214"},"modified":"2025-07-29T12:03:09","modified_gmt":"2025-07-29T10:03:09","slug":"logistique-industrielle","status":"publish","type":"page","link":"https:\/\/preprod.hiolle-bedrock.weareled.fr\/hiolle-logistique\/solutions-realisations\/logistique-industrielle\/","title":{"rendered":"Logistique industrielle"},"content":{"rendered":"    <style>\n        #block_036cc0103d475f9743cad6b6da0d8edc {\n            margin-top: 0px;\n        }\n\n        @media screen and (min-width: 768px) {\n            #block_036cc0103d475f9743cad6b6da0d8edc {\n                margin-top: 0px;\n            }\n        }\n\n        #block_036cc0103d475f9743cad6b6da0d8edc {\n            margin-bottom: 56px;\n        }\n\n        @media screen and (min-width: 768px) {\n            #block_036cc0103d475f9743cad6b6da0d8edc {\n                margin-bottom: 96px;\n            }\n        }\n\n            <\/style>\n<section class=\"hero hero--secondary\" id=\"block_036cc0103d475f9743cad6b6da0d8edc\">\n    <div class=\"hero--container\">\n                    <div class=\"hero--img\">\n                <img decoding=\"async\" src=\"https:\/\/preprod.hiolle-bedrock.weareled.fr\/app\/uploads\/sites\/3\/2025\/01\/HIOLLE_LOGISTIQUE_044-min.jpg\" alt=\"Stockage et manutention de tubes industriels\">\n            <\/div>\n                <div class=\"hero--container-content\">\n                            <div class=\"hero--breadcrumb\">\n                    <nav  aria-label=\"Fil d&#039;Ariane\"><ol class=\"breadcrumb\" itemscope itemtype=\"https:\/\/schema.org\/BreadcrumbList\"><li class=\"breadcrumb-item active\" aria-current=\"page\" itemprop=\"itemListElement\" itemscope itemtype=\"https:\/\/schema.org\/ListItem\"><span itemprop=\"name\">Accueil<\/span><meta itemprop=\"position\" content=\"1\"><\/li><\/ol><\/nav>                <\/div>\n                                                    <div class=\"hero--content\">\n                    <p class=\"uptitle\">Solutions &amp; r\u00e9alisations<\/p>\n<h1>Logistique industrielle<\/h1>\n<p>Maintien en conditions d\u2019exploitation optimales du mat\u00e9riel industriel et mise \u00e0 disposition des clients \u00e0 J+2.<\/p>\n                <\/div>\n                                <\/div>\n    <\/div>\n<\/section>\n\n    <style>\n        #block_53d88baeea44753d9a66cbdc1818a2ff {\n            margin-top: 8px;\n        }\n\n        @media screen and (min-width: 768px) {\n            #block_53d88baeea44753d9a66cbdc1818a2ff {\n                margin-top: 24px;\n            }\n        }\n\n        #block_53d88baeea44753d9a66cbdc1818a2ff {\n            margin-bottom: 56px;\n        }\n\n        @media screen and (min-width: 768px) {\n            #block_53d88baeea44753d9a66cbdc1818a2ff {\n                margin-bottom: 80px;\n            }\n        }\n\n            <\/style>\n<section class=\"simplified-nav\" id=\"block_53d88baeea44753d9a66cbdc1818a2ff\">\n    <div class=\"simplified-nav--container container--large\">\n                    <div class=\"simplified-nav--label\">\n                <p>Nos solutions<\/p>\n            <\/div>\n                \n                    <div class=\"simplified-nav--select is-custom-select\">\n                                                    <select onchange=\"window.location=this.value\">\n                                                                                                                                                                                                        <\/select>\n                            <\/div>\n            <\/div>\n<\/section>\n\n    <style>\n        #block_37f9ac9145eb7370df77bda9cc45718d {\n            margin-top: 56px;\n        }\n\n        @media screen and (min-width: 768px) {\n            #block_37f9ac9145eb7370df77bda9cc45718d {\n                margin-top: 80px;\n            }\n        }\n\n        #block_37f9ac9145eb7370df77bda9cc45718d {\n            margin-bottom: 56px;\n        }\n\n        @media screen and (min-width: 768px) {\n            #block_37f9ac9145eb7370df77bda9cc45718d {\n                margin-bottom: 96px;\n            }\n        }\n\n            <\/style>\n<section class=\"expertises-list\" id=\"block_37f9ac9145eb7370df77bda9cc45718d\">\n            <div class=\"expertises-list--title container--large\">\n            <h2><span style=\"color: #0057b8\">Nos produits et services<\/span><\/h2>\n        <\/div>\n                <div class=\"expertises-list--list container--large\">\n                                            <div class=\"card-expertise\">\n                                            <div class=\"card-expertise--image\">\n                            <img decoding=\"async\" src=\"https:\/\/preprod.hiolle-bedrock.weareled.fr\/app\/uploads\/sites\/3\/2025\/01\/HIOLLE_LOGISTIQUE_037-min.jpg\" alt=\"Manutention du mat\u00e9riel stock\u00e9\">\n                            <span class=\"legend\"><\/span>\n                        <\/div>\n                                        <div class=\"card-expertise--content\">\n                                                    <h4>Manutention du mat\u00e9riel <\/h4>\n                                                                                                    <p>Prise en charge du mat\u00e9riel.<\/p>\n                                            <\/div>\n                    <!-- <a href=\"#\"><\/a> -->\n                <\/div>\n                                            <div class=\"card-expertise\">\n                                            <div class=\"card-expertise--image\">\n                            <img decoding=\"async\" src=\"https:\/\/preprod.hiolle-bedrock.weareled.fr\/app\/uploads\/sites\/3\/2025\/01\/HIOLLE_LOGISTIQUE_044-min.jpg\" alt=\"Stockage et manutention de tubes industriels\">\n                            <span class=\"legend\"><\/span>\n                        <\/div>\n                                        <div class=\"card-expertise--content\">\n                                                    <h4>Stockage pr\u00e9cautionneux<\/h4>\n                                                                                                    <p>Stockage du mat\u00e9riel dans les conditions optimales.<\/p>\n                                            <\/div>\n                    <!-- <a href=\"#\"><\/a> -->\n                <\/div>\n                                            <div class=\"card-expertise\">\n                                            <div class=\"card-expertise--image\">\n                            <img decoding=\"async\" src=\"https:\/\/preprod.hiolle-bedrock.weareled.fr\/app\/uploads\/sites\/3\/2025\/01\/HIOLLE_LOGISTIQUE_008.jpg\" alt=\"Collaborateur en train de scanner et inventorier les produit\">\n                            <span class=\"legend\"><\/span>\n                        <\/div>\n                                        <div class=\"card-expertise--content\">\n                                                    <h4>Gestion inventori\u00e9e des mat\u00e9riels stock\u00e9s<\/h4>\n                                                                                                    <p>Gestion informatique du stock.<\/p>\n                                            <\/div>\n                    <!-- <a href=\"#\"><\/a> -->\n                <\/div>\n                                            <div class=\"card-expertise\">\n                                            <div class=\"card-expertise--image\">\n                            <img decoding=\"async\" src=\"https:\/\/preprod.hiolle-bedrock.weareled.fr\/app\/uploads\/sites\/3\/2025\/01\/HIOLLE_LOGISTIQUE_015.jpg\" alt=\"Collaborateur qui reconditionne une palette\">\n                            <span class=\"legend\"><\/span>\n                        <\/div>\n                                        <div class=\"card-expertise--content\">\n                                                    <h4>Reconditionnement et \u00e9tiquetage<\/h4>\n                                                                                                    <p>Conditionnement et \u00e9tiquetage du mat\u00e9riel pour envoi. <\/p>\n                                            <\/div>\n                    <!-- <a href=\"#\"><\/a> -->\n                <\/div>\n                    <\/div>\n    <\/section>\n\n    <style>\n        #block_e002ea5fe9c93da99e0c21ba04e39cab {\n            margin-top: 56px;\n        }\n\n        @media screen and (min-width: 768px) {\n            #block_e002ea5fe9c93da99e0c21ba04e39cab {\n                margin-top: 96px;\n            }\n        }\n\n        #block_e002ea5fe9c93da99e0c21ba04e39cab {\n            margin-bottom: 56px;\n        }\n\n        @media screen and (min-width: 768px) {\n            #block_e002ea5fe9c93da99e0c21ba04e39cab {\n                margin-bottom: 96px;\n            }\n        }\n\n            <\/style>\n\n\n    <style>\n        #block_81ed19376ada3639145ec53fdcb955c4 {\n            margin-top: 56px;\n        }\n\n        @media screen and (min-width: 768px) {\n            #block_81ed19376ada3639145ec53fdcb955c4 {\n                margin-top: 96px;\n            }\n        }\n\n        #block_81ed19376ada3639145ec53fdcb955c4 {\n            margin-bottom: 56px;\n        }\n\n        @media screen and (min-width: 768px) {\n            #block_81ed19376ada3639145ec53fdcb955c4 {\n                margin-bottom: 96px;\n            }\n        }\n\n            <\/style>\n<section class=\"redirection-double \" id=\"block_81ed19376ada3639145ec53fdcb955c4\">\n        <div class=\"redirection-double--container container--large\">\n                    <div class=\"background\">\n                                                    <h3>Vous souhaitez prendre contact avec nous ?<\/h3>\n<p>Une question ? Une demande particuli\u00e8re ? Un projet ? Contactez-nous d\u00e8s aujourd\u2019hui, nous nous ferons un plaisir de vous r\u00e9pondre dans les plus brefs d\u00e9lais.<\/p>\n                                                    <a href=\"https:\/\/preprod.hiolle-bedrock.weareled.fr\/hiolle-logistique\/contactez-nous\/\" target=\"\" class=\"btn secondary icon arrow-right\">Nous contacter<span><\/span><\/a>\n                            <\/div>\n                            <div class=\"light\">\n                                    <h3>D\u00e9couvrez nos autres solutions !<\/h3>\n<p>HIOLLE LOGISTIQUE d\u00e9veloppe des solutions sp\u00e9cifiques pour le secteur marchand et le secteur ferroviaire.<\/p>\n                                                    <a href=\"https:\/\/preprod.hiolle-bedrock.weareled.fr\/hiolle-logistique\/solutions-realisations\/\" target=\"\" class=\"btn icon arrow-right\">Voir nos solutions<span><\/span><\/a>\n                            <\/div>\n            <\/div>\n<\/section>","protected":false},"excerpt":{"rendered":"<p>Maintien en conditions d\u2019exploitation optimales du mat\u00e9riel industriel et mise \u00e0 disposition des clients \u00e0 J+2.<\/p>\n","protected":false},"author":3,"featured_media":245,"parent":37,"menu_order":1,"comment_status":"closed","ping_status":"closed","template":"","meta":{"_acf_changed":false,"_seopress_robots_primary_cat":"","_seopress_titles_title":"","_seopress_titles_desc":"","_seopress_robots_index":"","footnotes":""},"class_list":["post-214","page","type-page","status-publish","has-post-thumbnail","hentry"],"acf":[],"lang":"fr","translations":{"fr":214},"pll_sync_post":[],"_links":{"self":[{"href":"https:\/\/preprod.hiolle-bedrock.weareled.fr\/hiolle-logistique\/wp-json\/wp\/v2\/pages\/214","targetHints":{"allow":["GET"]}}],"collection":[{"href":"https:\/\/preprod.hiolle-bedrock.weareled.fr\/hiolle-logistique\/wp-json\/wp\/v2\/pages"}],"about":[{"href":"https:\/\/preprod.hiolle-bedrock.weareled.fr\/hiolle-logistique\/wp-json\/wp\/v2\/types\/page"}],"author":[{"embeddable":true,"href":"https:\/\/preprod.hiolle-bedrock.weareled.fr\/hiolle-logistique\/wp-json\/wp\/v2\/users\/3"}],"replies":[{"embeddable":true,"href":"https:\/\/preprod.hiolle-bedrock.weareled.fr\/hiolle-logistique\/wp-json\/wp\/v2\/comments?post=214"}],"version-history":[{"count":11,"href":"https:\/\/preprod.hiolle-bedrock.weareled.fr\/hiolle-logistique\/wp-json\/wp\/v2\/pages\/214\/revisions"}],"predecessor-version":[{"id":480,"href":"https:\/\/preprod.hiolle-bedrock.weareled.fr\/hiolle-logistique\/wp-json\/wp\/v2\/pages\/214\/revisions\/480"}],"up":[{"embeddable":true,"href":"https:\/\/preprod.hiolle-bedrock.weareled.fr\/hiolle-logistique\/wp-json\/wp\/v2\/pages\/37"}],"wp:featuredmedia":[{"embeddable":true,"href":"https:\/\/preprod.hiolle-bedrock.weareled.fr\/hiolle-logistique\/wp-json\/wp\/v2\/media\/245"}],"wp:attachment":[{"href":"https:\/\/preprod.hiolle-bedrock.weareled.fr\/hiolle-logistique\/wp-json\/wp\/v2\/media?parent=214"}],"curies":[{"name":"wp","href":"https:\/\/api.w.org\/{rel}","templated":true}]}}