{"id":219,"date":"2025-01-13T15:40:07","date_gmt":"2025-01-13T14:40:07","guid":{"rendered":"https:\/\/preprod.hiolle-bedrock.weareled.fr\/hiolle-logistique\/?page_id=219"},"modified":"2026-03-16T14:15:18","modified_gmt":"2026-03-16T13:15:18","slug":"logistique-ferroviaire","status":"publish","type":"page","link":"https:\/\/preprod.hiolle-bedrock.weareled.fr\/hiolle-logistique\/solutions-realisations\/logistique-ferroviaire\/","title":{"rendered":"Logistique ferroviaire"},"content":{"rendered":"    <style>\n        #block_909c68a79d5e4b5c31906227e5bbcc8e {\n            margin-top: 0px;\n        }\n\n        @media screen and (min-width: 768px) {\n            #block_909c68a79d5e4b5c31906227e5bbcc8e {\n                margin-top: 0px;\n            }\n        }\n\n        #block_909c68a79d5e4b5c31906227e5bbcc8e {\n            margin-bottom: 56px;\n        }\n\n        @media screen and (min-width: 768px) {\n            #block_909c68a79d5e4b5c31906227e5bbcc8e {\n                margin-bottom: 96px;\n            }\n        }\n\n            <\/style>\n<section class=\"hero hero--secondary\" id=\"block_909c68a79d5e4b5c31906227e5bbcc8e\">\n    <div class=\"hero--container\">\n                    <div class=\"hero--img\">\n                <img decoding=\"async\" src=\"https:\/\/preprod.hiolle-bedrock.weareled.fr\/app\/uploads\/sites\/3\/2026\/03\/HIOLLE_LOGISTIQUE_063-e1773660601709.jpg\" alt=\"\">\n            <\/div>\n                <div class=\"hero--container-content\">\n                            <div class=\"hero--breadcrumb\">\n                    <nav  aria-label=\"Fil d&#039;Ariane\"><ol class=\"breadcrumb\" itemscope itemtype=\"https:\/\/schema.org\/BreadcrumbList\"><li class=\"breadcrumb-item active\" aria-current=\"page\" itemprop=\"itemListElement\" itemscope itemtype=\"https:\/\/schema.org\/ListItem\"><span itemprop=\"name\">Accueil<\/span><meta itemprop=\"position\" content=\"1\"><\/li><\/ol><\/nav>                <\/div>\n                                                    <div class=\"hero--content\">\n                    <p class=\"uptitle\">Solutions &amp; r\u00e9alisations<\/p>\n<h1>Logistique ferroviaire<\/h1>\n<p>Maintien en \u00e9tat de fonctionnement optimal du mat\u00e9riel ferroviaire (roulant et organes) et mise \u00e0 disposition des clients \u00e0 J+2.<\/p>\n                <\/div>\n                                <\/div>\n    <\/div>\n<\/section>\n\n    <style>\n        #block_29af08e8fe3fc3af44aee78d63e79708 {\n            margin-top: 8px;\n        }\n\n        @media screen and (min-width: 768px) {\n            #block_29af08e8fe3fc3af44aee78d63e79708 {\n                margin-top: 24px;\n            }\n        }\n\n        #block_29af08e8fe3fc3af44aee78d63e79708 {\n            margin-bottom: 56px;\n        }\n\n        @media screen and (min-width: 768px) {\n            #block_29af08e8fe3fc3af44aee78d63e79708 {\n                margin-bottom: 80px;\n            }\n        }\n\n            <\/style>\n<section class=\"simplified-nav\" id=\"block_29af08e8fe3fc3af44aee78d63e79708\">\n    <div class=\"simplified-nav--container container--large\">\n                    <div class=\"simplified-nav--label\">\n                <p>Nos solutions<\/p>\n            <\/div>\n                \n                    <div class=\"simplified-nav--select is-custom-select\">\n                                                    <select onchange=\"window.location=this.value\">\n                                                                                                                                                                                                        <\/select>\n                            <\/div>\n            <\/div>\n<\/section>\n\n    <style>\n        #block_6276651ac7a494e0c24cf3e452bba5e7 {\n            margin-top: 56px;\n        }\n\n        @media screen and (min-width: 768px) {\n            #block_6276651ac7a494e0c24cf3e452bba5e7 {\n                margin-top: 80px;\n            }\n        }\n\n        #block_6276651ac7a494e0c24cf3e452bba5e7 {\n            margin-bottom: 56px;\n        }\n\n        @media screen and (min-width: 768px) {\n            #block_6276651ac7a494e0c24cf3e452bba5e7 {\n                margin-bottom: 96px;\n            }\n        }\n\n            <\/style>\n<section class=\"expertises-list\" id=\"block_6276651ac7a494e0c24cf3e452bba5e7\">\n            <div class=\"expertises-list--title container--large\">\n            <h2>Nos produits et services<\/h2>\n        <\/div>\n                <div class=\"expertises-list--list container--large\">\n                                            <div class=\"card-expertise\">\n                                            <div class=\"card-expertise--image\">\n                            <img decoding=\"async\" src=\"https:\/\/preprod.hiolle-bedrock.weareled.fr\/app\/uploads\/sites\/3\/2025\/03\/GROUPE_HIOLLE_030.jpg\" alt=\"\">\n                            <span class=\"legend\"><\/span>\n                        <\/div>\n                                        <div class=\"card-expertise--content\">\n                                                    <h4>Gestion de l\u2019acheminement<\/h4>\n                                                                                                    <p>Gestion de l\u2019acheminement des mat\u00e9riels depuis et vers notre site.<\/p>\n                                            <\/div>\n                    <!-- <a href=\"#\"><\/a> -->\n                <\/div>\n                                            <div class=\"card-expertise\">\n                                            <div class=\"card-expertise--image\">\n                            <img decoding=\"async\" src=\"https:\/\/preprod.hiolle-bedrock.weareled.fr\/app\/uploads\/sites\/3\/2025\/03\/IMG_1572.jpg\" alt=\"\">\n                            <span class=\"legend\"><\/span>\n                        <\/div>\n                                        <div class=\"card-expertise--content\">\n                                                    <h4>R\u00e9ception et exp\u00e9dition des convois<\/h4>\n                                                                                                    <p>R\u00e9ception et exp\u00e9dition des convois.<\/p>\n                                            <\/div>\n                    <!-- <a href=\"#\"><\/a> -->\n                <\/div>\n                                            <div class=\"card-expertise\">\n                                            <div class=\"card-expertise--image\">\n                            <img decoding=\"async\" src=\"https:\/\/preprod.hiolle-bedrock.weareled.fr\/app\/uploads\/sites\/3\/2025\/03\/IMG_6076-min.jpg\" alt=\"\">\n                            <span class=\"legend\"><\/span>\n                        <\/div>\n                                        <div class=\"card-expertise--content\">\n                                                    <h4>Maintenance curative du mat\u00e9riel<\/h4>\n                                                                                                    <p>Maintenance curative du mat\u00e9riel ferroviaire stock\u00e9.<\/p>\n                                            <\/div>\n                    <!-- <a href=\"#\"><\/a> -->\n                <\/div>\n                                            <div class=\"card-expertise\">\n                                            <div class=\"card-expertise--image\">\n                            <img decoding=\"async\" src=\"https:\/\/preprod.hiolle-bedrock.weareled.fr\/app\/uploads\/sites\/3\/2025\/03\/IMG_6088-Copie.jpg\" alt=\"\">\n                            <span class=\"legend\"><\/span>\n                        <\/div>\n                                        <div class=\"card-expertise--content\">\n                                                    <h4>Stockage de rames et locomotives<\/h4>\n                                                                                                    <p>Stockage du mat\u00e9riel roulant en int\u00e9rieur dans les conditions optimales \u00e0 son fonctionnement<\/p>\n                                            <\/div>\n                    <!-- <a href=\"#\"><\/a> -->\n                <\/div>\n                                            <div class=\"card-expertise\">\n                                            <div class=\"card-expertise--image\">\n                            <img decoding=\"async\" src=\"https:\/\/preprod.hiolle-bedrock.weareled.fr\/app\/uploads\/sites\/3\/2026\/03\/Stockage-bogies-e1773660765704.jpeg\" alt=\"\">\n                            <span class=\"legend\"><\/span>\n                        <\/div>\n                                        <div class=\"card-expertise--content\">\n                                                    <h4>Stockage de composants ferroviaires<\/h4>\n                                                                                                    <p>Stockage de bogies en int\u00e9rieur<\/p>\n                                            <\/div>\n                    <!-- <a href=\"#\"><\/a> -->\n                <\/div>\n                                            <div class=\"card-expertise\">\n                                            <div class=\"card-expertise--image\">\n                            <img decoding=\"async\" src=\"https:\/\/preprod.hiolle-bedrock.weareled.fr\/app\/uploads\/sites\/3\/2025\/01\/HIOLLE_LOGISTIQUE_024-1.jpg\" alt=\"Collaborateur en poste\">\n                            <span class=\"legend\"><\/span>\n                        <\/div>\n                                        <div class=\"card-expertise--content\">\n                                                    <h4>Maintien en bon \u00e9tat d\u2019exploitation<\/h4>\n                                                                                                    <p>Maintien en bon \u00e9tat d\u2019exploitation du mat\u00e9riel roulant (huilage de pi\u00e8ces, mise sous tension\u2026).<\/p>\n                                            <\/div>\n                    <!-- <a href=\"#\"><\/a> -->\n                <\/div>\n                                            <div class=\"card-expertise\">\n                                            <div class=\"card-expertise--image\">\n                            <img decoding=\"async\" src=\"https:\/\/preprod.hiolle-bedrock.weareled.fr\/app\/uploads\/sites\/3\/2025\/01\/HIOLLE_LOGISTIQUE_061-e1741032731856.jpg\" alt=\"\">\n                            <span class=\"legend\"><\/span>\n                        <\/div>\n                                        <div class=\"card-expertise--content\">\n                                                    <h4>Mise \u00e0 disposition de pi\u00e8ces de rechange<\/h4>\n                                                                                                    <p>Mise \u00e0 disposition des pi\u00e8ces de rechange ferrroviaires pour assurer le fonctionnement du mat\u00e9riel roulant en cours d\u2019exploitation.<\/p>\n                                            <\/div>\n                    <!-- <a href=\"#\"><\/a> -->\n                <\/div>\n                    <\/div>\n    <\/section>\n\n    <style>\n        #block_efe2499a64c672e7dd61afe43701c375 {\n            margin-top: 56px;\n        }\n\n        @media screen and (min-width: 768px) {\n            #block_efe2499a64c672e7dd61afe43701c375 {\n                margin-top: 96px;\n            }\n        }\n\n        #block_efe2499a64c672e7dd61afe43701c375 {\n            margin-bottom: 56px;\n        }\n\n        @media screen and (min-width: 768px) {\n            #block_efe2499a64c672e7dd61afe43701c375 {\n                margin-bottom: 96px;\n            }\n        }\n\n            <\/style>\n\n\n    <style>\n        #block_8021af0082e9a5198e882ba8439cfab6 {\n            margin-top: 56px;\n        }\n\n        @media screen and (min-width: 768px) {\n            #block_8021af0082e9a5198e882ba8439cfab6 {\n                margin-top: 96px;\n            }\n        }\n\n        #block_8021af0082e9a5198e882ba8439cfab6 {\n            margin-bottom: 56px;\n        }\n\n        @media screen and (min-width: 768px) {\n            #block_8021af0082e9a5198e882ba8439cfab6 {\n                margin-bottom: 96px;\n            }\n        }\n\n            <\/style>\n<section class=\"redirection-double \" id=\"block_8021af0082e9a5198e882ba8439cfab6\">\n        <div class=\"redirection-double--container container--large\">\n                    <div class=\"background\">\n                                                    <h3>Vous souhaitez prendre contact avec nous ?<\/h3>\n<p>Une question ? Une demande particuli\u00e8re ? Un projet ? Contactez-nous d\u00e8s aujourd\u2019hui, nous nous ferons un plaisir de vous r\u00e9pondre dans les plus brefs d\u00e9lais.<\/p>\n                                                    <a href=\"https:\/\/preprod.hiolle-bedrock.weareled.fr\/hiolle-logistique\/contactez-nous\/\" target=\"\" class=\"btn secondary icon arrow-right\">Nous contacter<span><\/span><\/a>\n                            <\/div>\n                            <div class=\"light\">\n                                    <h3>D\u00e9couvrez nos autres solutions !<\/h3>\n<p>HIOLLE LOGISTIQUE d\u00e9veloppe des solutions sp\u00e9cifiques pour les industriels et le secteur marchand.<\/p>\n                                                    <a href=\"https:\/\/preprod.hiolle-bedrock.weareled.fr\/hiolle-logistique\/solutions-realisations\/\" target=\"\" class=\"btn icon arrow-right\">Voir nos solutions<span><\/span><\/a>\n                            <\/div>\n            <\/div>\n<\/section>","protected":false},"excerpt":{"rendered":"<p>Maintien en \u00e9tat de fonctionnement optimal du mat\u00e9riel ferroviaire (roulant et organes) et mise \u00e0 disposition des clients \u00e0 J+2.<\/p>\n","protected":false},"author":3,"featured_media":837,"parent":37,"menu_order":3,"comment_status":"closed","ping_status":"closed","template":"","meta":{"_acf_changed":false,"_seopress_robots_primary_cat":"","_seopress_titles_title":"","_seopress_titles_desc":"","_seopress_robots_index":"","footnotes":""},"class_list":["post-219","page","type-page","status-publish","has-post-thumbnail","hentry"],"acf":[],"lang":"fr","translations":{"fr":219},"pll_sync_post":[],"_links":{"self":[{"href":"https:\/\/preprod.hiolle-bedrock.weareled.fr\/hiolle-logistique\/wp-json\/wp\/v2\/pages\/219","targetHints":{"allow":["GET"]}}],"collection":[{"href":"https:\/\/preprod.hiolle-bedrock.weareled.fr\/hiolle-logistique\/wp-json\/wp\/v2\/pages"}],"about":[{"href":"https:\/\/preprod.hiolle-bedrock.weareled.fr\/hiolle-logistique\/wp-json\/wp\/v2\/types\/page"}],"author":[{"embeddable":true,"href":"https:\/\/preprod.hiolle-bedrock.weareled.fr\/hiolle-logistique\/wp-json\/wp\/v2\/users\/3"}],"replies":[{"embeddable":true,"href":"https:\/\/preprod.hiolle-bedrock.weareled.fr\/hiolle-logistique\/wp-json\/wp\/v2\/comments?post=219"}],"version-history":[{"count":18,"href":"https:\/\/preprod.hiolle-bedrock.weareled.fr\/hiolle-logistique\/wp-json\/wp\/v2\/pages\/219\/revisions"}],"predecessor-version":[{"id":844,"href":"https:\/\/preprod.hiolle-bedrock.weareled.fr\/hiolle-logistique\/wp-json\/wp\/v2\/pages\/219\/revisions\/844"}],"up":[{"embeddable":true,"href":"https:\/\/preprod.hiolle-bedrock.weareled.fr\/hiolle-logistique\/wp-json\/wp\/v2\/pages\/37"}],"wp:featuredmedia":[{"embeddable":true,"href":"https:\/\/preprod.hiolle-bedrock.weareled.fr\/hiolle-logistique\/wp-json\/wp\/v2\/media\/837"}],"wp:attachment":[{"href":"https:\/\/preprod.hiolle-bedrock.weareled.fr\/hiolle-logistique\/wp-json\/wp\/v2\/media?parent=219"}],"curies":[{"name":"wp","href":"https:\/\/api.w.org\/{rel}","templated":true}]}}