{"id":224,"date":"2025-01-13T15:43:24","date_gmt":"2025-01-13T14:43:24","guid":{"rendered":"https:\/\/preprod.hiolle-bedrock.weareled.fr\/hiolle-logistique\/?page_id=224"},"modified":"2025-08-13T11:19:28","modified_gmt":"2025-08-13T09:19:28","slug":"logistique-marchande","status":"publish","type":"page","link":"https:\/\/preprod.hiolle-bedrock.weareled.fr\/hiolle-logistique\/solutions-realisations\/logistique-marchande\/","title":{"rendered":"Logistique marchande"},"content":{"rendered":"    <style>\n        #block_acfa5f4b3598f454d5a381621c07531b {\n            margin-top: 0px;\n        }\n\n        @media screen and (min-width: 768px) {\n            #block_acfa5f4b3598f454d5a381621c07531b {\n                margin-top: 0px;\n            }\n        }\n\n        #block_acfa5f4b3598f454d5a381621c07531b {\n            margin-bottom: 56px;\n        }\n\n        @media screen and (min-width: 768px) {\n            #block_acfa5f4b3598f454d5a381621c07531b {\n                margin-bottom: 96px;\n            }\n        }\n\n            <\/style>\n<section class=\"hero hero--secondary\" id=\"block_acfa5f4b3598f454d5a381621c07531b\">\n    <div class=\"hero--container\">\n                    <div class=\"hero--img\">\n                <img decoding=\"async\" src=\"https:\/\/preprod.hiolle-bedrock.weareled.fr\/app\/uploads\/sites\/3\/2025\/03\/HIOLLE_LOGISTIQUE_003.jpg\" alt=\"\">\n            <\/div>\n                <div class=\"hero--container-content\">\n                            <div class=\"hero--breadcrumb\">\n                    <nav  aria-label=\"Fil d&#039;Ariane\"><ol class=\"breadcrumb\" itemscope itemtype=\"https:\/\/schema.org\/BreadcrumbList\"><li class=\"breadcrumb-item active\" aria-current=\"page\" itemprop=\"itemListElement\" itemscope itemtype=\"https:\/\/schema.org\/ListItem\"><span itemprop=\"name\">Accueil<\/span><meta itemprop=\"position\" content=\"1\"><\/li><\/ol><\/nav>                <\/div>\n                                                    <div class=\"hero--content\">\n                    <p class=\"uptitle\">Solutions &amp; r\u00e9alisations<\/p>\n<h1>Logistique marchande<\/h1>\n<p><span style=\"font-weight: 400\">R\u00e9ception des marchandises et mise en stock inventori\u00e9, pr\u00e9paration des commandes et organisations de l\u2019exp\u00e9dition pour les clients importateurs.<\/span><\/p>\n                <\/div>\n                                <\/div>\n    <\/div>\n<\/section>\n\n    <style>\n        #block_584390d80e67a8683bae49a15c3c23b7 {\n            margin-top: 8px;\n        }\n\n        @media screen and (min-width: 768px) {\n            #block_584390d80e67a8683bae49a15c3c23b7 {\n                margin-top: 24px;\n            }\n        }\n\n        #block_584390d80e67a8683bae49a15c3c23b7 {\n            margin-bottom: 56px;\n        }\n\n        @media screen and (min-width: 768px) {\n            #block_584390d80e67a8683bae49a15c3c23b7 {\n                margin-bottom: 80px;\n            }\n        }\n\n            <\/style>\n<section class=\"simplified-nav\" id=\"block_584390d80e67a8683bae49a15c3c23b7\">\n    <div class=\"simplified-nav--container container--large\">\n                    <div class=\"simplified-nav--label\">\n                <p>Nos solutions<\/p>\n            <\/div>\n                \n                    <div class=\"simplified-nav--select is-custom-select\">\n                                                    <select onchange=\"window.location=this.value\">\n                                                                                                                                                                                                        <\/select>\n                            <\/div>\n            <\/div>\n<\/section>\n\n    <style>\n        #block_2cbc3e4c055caaab89fbd279c62f055c {\n            margin-top: 56px;\n        }\n\n        @media screen and (min-width: 768px) {\n            #block_2cbc3e4c055caaab89fbd279c62f055c {\n                margin-top: 80px;\n            }\n        }\n\n        #block_2cbc3e4c055caaab89fbd279c62f055c {\n            margin-bottom: 56px;\n        }\n\n        @media screen and (min-width: 768px) {\n            #block_2cbc3e4c055caaab89fbd279c62f055c {\n                margin-bottom: 96px;\n            }\n        }\n\n            <\/style>\n<section class=\"expertises-list\" id=\"block_2cbc3e4c055caaab89fbd279c62f055c\">\n            <div class=\"expertises-list--title container--large\">\n            <h2>Nos produits et services<\/h2>\n        <\/div>\n                <div class=\"expertises-list--list container--large\">\n                                            <div class=\"card-expertise\">\n                                            <div class=\"card-expertise--image\">\n                            <img decoding=\"async\" src=\"https:\/\/preprod.hiolle-bedrock.weareled.fr\/app\/uploads\/sites\/3\/2025\/03\/HIOLLE_LOGISTIQUE_001-min.jpg\" alt=\"\">\n                            <span class=\"legend\"><\/span>\n                        <\/div>\n                                        <div class=\"card-expertise--content\">\n                                                    <h4>Manutention du mat\u00e9riel<\/h4>\n                                                                                                    <p>Prise en charge du mat\u00e9riel.<\/p>\n                                            <\/div>\n                    <!-- <a href=\"#\"><\/a> -->\n                <\/div>\n                                            <div class=\"card-expertise\">\n                                            <div class=\"card-expertise--image\">\n                            <img decoding=\"async\" src=\"https:\/\/preprod.hiolle-bedrock.weareled.fr\/app\/uploads\/sites\/3\/2025\/01\/HIOLLE_LOGISTIQUE_017-min.jpg\" alt=\"\">\n                            <span class=\"legend\"><\/span>\n                        <\/div>\n                                        <div class=\"card-expertise--content\">\n                                                    <h4>Stockage pr\u00e9cautionneux<\/h4>\n                                                                                                    <p>Stockage du mat\u00e9riel dans les conditions optimales.<\/p>\n                                            <\/div>\n                    <!-- <a href=\"#\"><\/a> -->\n                <\/div>\n                                            <div class=\"card-expertise\">\n                                            <div class=\"card-expertise--image\">\n                            <img decoding=\"async\" src=\"https:\/\/preprod.hiolle-bedrock.weareled.fr\/app\/uploads\/sites\/3\/2025\/01\/HIOLLE_LOGISTIQUE_008.jpg\" alt=\"Collaborateur en train de scanner et inventorier les produit\">\n                            <span class=\"legend\"><\/span>\n                        <\/div>\n                                        <div class=\"card-expertise--content\">\n                                                    <h4>Gestion inventori\u00e9e des mat\u00e9riels stock\u00e9s<\/h4>\n                                                                                                    <p>Gestion informatique du stock.<\/p>\n                                            <\/div>\n                    <!-- <a href=\"#\"><\/a> -->\n                <\/div>\n                                            <div class=\"card-expertise\">\n                                            <div class=\"card-expertise--image\">\n                            <img decoding=\"async\" src=\"https:\/\/preprod.hiolle-bedrock.weareled.fr\/app\/uploads\/sites\/3\/2025\/01\/HIOLLE_LOGISTIQUE_015.jpg\" alt=\"Collaborateur qui reconditionne une palette\">\n                            <span class=\"legend\"><\/span>\n                        <\/div>\n                                        <div class=\"card-expertise--content\">\n                                                    <h4>Reconditionnement et \u00e9tiquetage<\/h4>\n                                                                                                    <p>Conditionnement et \u00e9tiquetage du mat\u00e9riel pour envoi. <\/p>\n                                            <\/div>\n                    <!-- <a href=\"#\"><\/a> -->\n                <\/div>\n                    <\/div>\n    <\/section>\n\n    <style>\n        #block_561f188fd89d1edf9003150f22b02e1c {\n            margin-top: 56px;\n        }\n\n        @media screen and (min-width: 768px) {\n            #block_561f188fd89d1edf9003150f22b02e1c {\n                margin-top: 96px;\n            }\n        }\n\n        #block_561f188fd89d1edf9003150f22b02e1c {\n            margin-bottom: 56px;\n        }\n\n        @media screen and (min-width: 768px) {\n            #block_561f188fd89d1edf9003150f22b02e1c {\n                margin-bottom: 96px;\n            }\n        }\n\n            <\/style>\n\n\n    <style>\n        #block_e7a2eb3bde82de8f197aae2b031d40b0 {\n            margin-top: 56px;\n        }\n\n        @media screen and (min-width: 768px) {\n            #block_e7a2eb3bde82de8f197aae2b031d40b0 {\n                margin-top: 96px;\n            }\n        }\n\n        #block_e7a2eb3bde82de8f197aae2b031d40b0 {\n            margin-bottom: 56px;\n        }\n\n        @media screen and (min-width: 768px) {\n            #block_e7a2eb3bde82de8f197aae2b031d40b0 {\n                margin-bottom: 96px;\n            }\n        }\n\n            <\/style>\n<section class=\"redirection-double \" id=\"block_e7a2eb3bde82de8f197aae2b031d40b0\">\n        <div class=\"redirection-double--container container--large\">\n                    <div class=\"background\">\n                                                    <h3>Vous souhaitez prendre contact avec nous ?<\/h3>\n<p>Une question ? Une demande particuli\u00e8re ? Un projet ? Contactez-nous d\u00e8s aujourd\u2019hui, nous nous ferons un plaisir de vous r\u00e9pondre dans les plus brefs d\u00e9lais.<\/p>\n                                                    <a href=\"https:\/\/preprod.hiolle-bedrock.weareled.fr\/hiolle-logistique\/contactez-nous\/\" target=\"\" class=\"btn secondary icon arrow-right\">Nous contacter<span><\/span><\/a>\n                            <\/div>\n                            <div class=\"light\">\n                                    <h3>D\u00e9couvrez nos autres solutions !<\/h3>\n<p>HIOLLE LOGISTIQUE d\u00e9veloppe des solutions sp\u00e9cifiques pour les industriels et le secteur ferroviaire.<\/p>\n                                                    <a href=\"https:\/\/preprod.hiolle-bedrock.weareled.fr\/hiolle-logistique\/solutions-realisations\/\" target=\"\" class=\"btn icon arrow-right\">Voir nos solutions<span><\/span><\/a>\n                            <\/div>\n            <\/div>\n<\/section>","protected":false},"excerpt":{"rendered":"<p>R\u00e9ception des marchandises et mise en stock inventori\u00e9, pr\u00e9paration des commandes et organisations de l\u2019exp\u00e9dition pour les clients importateurs.<\/p>\n","protected":false},"author":3,"featured_media":161,"parent":37,"menu_order":2,"comment_status":"closed","ping_status":"closed","template":"","meta":{"_acf_changed":false,"_seopress_robots_primary_cat":"","_seopress_titles_title":"","_seopress_titles_desc":"","_seopress_robots_index":"","footnotes":""},"class_list":["post-224","page","type-page","status-publish","has-post-thumbnail","hentry"],"acf":[],"lang":"fr","translations":{"fr":224},"pll_sync_post":[],"_links":{"self":[{"href":"https:\/\/preprod.hiolle-bedrock.weareled.fr\/hiolle-logistique\/wp-json\/wp\/v2\/pages\/224","targetHints":{"allow":["GET"]}}],"collection":[{"href":"https:\/\/preprod.hiolle-bedrock.weareled.fr\/hiolle-logistique\/wp-json\/wp\/v2\/pages"}],"about":[{"href":"https:\/\/preprod.hiolle-bedrock.weareled.fr\/hiolle-logistique\/wp-json\/wp\/v2\/types\/page"}],"author":[{"embeddable":true,"href":"https:\/\/preprod.hiolle-bedrock.weareled.fr\/hiolle-logistique\/wp-json\/wp\/v2\/users\/3"}],"replies":[{"embeddable":true,"href":"https:\/\/preprod.hiolle-bedrock.weareled.fr\/hiolle-logistique\/wp-json\/wp\/v2\/comments?post=224"}],"version-history":[{"count":7,"href":"https:\/\/preprod.hiolle-bedrock.weareled.fr\/hiolle-logistique\/wp-json\/wp\/v2\/pages\/224\/revisions"}],"predecessor-version":[{"id":495,"href":"https:\/\/preprod.hiolle-bedrock.weareled.fr\/hiolle-logistique\/wp-json\/wp\/v2\/pages\/224\/revisions\/495"}],"up":[{"embeddable":true,"href":"https:\/\/preprod.hiolle-bedrock.weareled.fr\/hiolle-logistique\/wp-json\/wp\/v2\/pages\/37"}],"wp:featuredmedia":[{"embeddable":true,"href":"https:\/\/preprod.hiolle-bedrock.weareled.fr\/hiolle-logistique\/wp-json\/wp\/v2\/media\/161"}],"wp:attachment":[{"href":"https:\/\/preprod.hiolle-bedrock.weareled.fr\/hiolle-logistique\/wp-json\/wp\/v2\/media?parent=224"}],"curies":[{"name":"wp","href":"https:\/\/api.w.org\/{rel}","templated":true}]}}