{"id":37,"date":"2024-10-15T11:06:07","date_gmt":"2024-10-15T09:06:07","guid":{"rendered":"https:\/\/preprod.hiolle-bedrock.weareled.fr\/hiolle-logistique\/?page_id=37"},"modified":"2025-11-03T10:10:30","modified_gmt":"2025-11-03T09:10:30","slug":"solutions-realisations","status":"publish","type":"page","link":"https:\/\/preprod.hiolle-bedrock.weareled.fr\/hiolle-logistique\/solutions-realisations\/","title":{"rendered":"Solutions &amp; r\u00e9alisations"},"content":{"rendered":"    <style>\n        #block_aa11f27ea3b716c1f8c23a88baa75f15 {\n            margin-top: 0px;\n        }\n\n        @media screen and (min-width: 768px) {\n            #block_aa11f27ea3b716c1f8c23a88baa75f15 {\n                margin-top: 0px;\n            }\n        }\n\n        #block_aa11f27ea3b716c1f8c23a88baa75f15 {\n            margin-bottom: 56px;\n        }\n\n        @media screen and (min-width: 768px) {\n            #block_aa11f27ea3b716c1f8c23a88baa75f15 {\n                margin-bottom: 96px;\n            }\n        }\n\n            <\/style>\n<section class=\"hero hero--secondary\" id=\"block_aa11f27ea3b716c1f8c23a88baa75f15\">\n    <div class=\"hero--container\">\n                    <div class=\"hero--img\">\n                <img decoding=\"async\" src=\"https:\/\/preprod.hiolle-bedrock.weareled.fr\/app\/uploads\/sites\/3\/2025\/01\/HIOLLE_LOGISTIQUE_022-min-e1741038909795.jpg\" alt=\"\">\n            <\/div>\n                <div class=\"hero--container-content\">\n                                                    <div class=\"hero--content\">\n                    <p class=\"uptitle\">Solutions &amp; r\u00e9alisations<\/p>\n<h1>Des solutions logistiques<br \/>\nsur-mesure<\/h1>\n<p>HIOLLE LOGISTIQUE propose des solutions compl\u00e8tes de stockage, manutention, maintenance et services d\u00e9di\u00e9s.<\/p>\n                <\/div>\n                                <\/div>\n    <\/div>\n<\/section>\n\n    <style>\n        #block_ea5859fd4a77a2941d4d44f7eba98e98 {\n            margin-top: 56px;\n        }\n\n        @media screen and (min-width: 768px) {\n            #block_ea5859fd4a77a2941d4d44f7eba98e98 {\n                margin-top: 96px;\n            }\n        }\n\n        #block_ea5859fd4a77a2941d4d44f7eba98e98 {\n            margin-bottom: 56px;\n        }\n\n        @media screen and (min-width: 768px) {\n            #block_ea5859fd4a77a2941d4d44f7eba98e98 {\n                margin-bottom: 96px;\n            }\n        }\n\n            <\/style>\n    <section class=\"solutions-list\" id=\"block_ea5859fd4a77a2941d4d44f7eba98e98\">\n        <div class=\"solutions-list--container container--large\">\n                        <div class=\"solutions-list--cards-solution\">\n                                                    <div class=\"card-solution--item   is-page-link\" data-count=\"1\" data-solution=\"logistique-industrielle\">\n                                                    <div class=\"card-solution--item-img\">\n                                <a href=\"https:\/\/preprod.hiolle-bedrock.weareled.fr\/hiolle-logistique\/solutions-realisations\/logistique-industrielle\/\"><img decoding=\"async\" src=\"https:\/\/preprod.hiolle-bedrock.weareled.fr\/app\/uploads\/sites\/3\/2025\/01\/HIOLLE_LOGISTIQUE_044-e1737752423631.jpg\" alt=\"image de fond de la carte\"><\/a>\n                            <\/div>\n                                                <div class=\"card-solution--item-inner\">\n                            <h4><a href=\"https:\/\/preprod.hiolle-bedrock.weareled.fr\/hiolle-logistique\/solutions-realisations\/logistique-industrielle\/\">Logistique industrielle<\/a><\/h4>\n                            <p>Maintien en conditions d\u2019exploitation optimales du mat\u00e9riel industriel et mise \u00e0 disposition des clients \u00e0 J+2.<\/p>\n                            <a href=\"https:\/\/preprod.hiolle-bedrock.weareled.fr\/hiolle-logistique\/solutions-realisations\/logistique-industrielle\/\" class=\"link dark icon arrow-right\">En savoir plus<\/a>\n                                                    <\/div>\n                    <\/div>\n                                                                            <div class=\"card-solution--item   is-page-link\" data-count=\"2\" data-solution=\"logistique-marchande\">\n                                                    <div class=\"card-solution--item-img\">\n                                <a href=\"https:\/\/preprod.hiolle-bedrock.weareled.fr\/hiolle-logistique\/solutions-realisations\/logistique-marchande\/\"><img decoding=\"async\" src=\"https:\/\/preprod.hiolle-bedrock.weareled.fr\/app\/uploads\/sites\/3\/2025\/01\/HIOLLE_LOGISTIQUE_003.jpg\" alt=\"image de fond de la carte\"><\/a>\n                            <\/div>\n                                                <div class=\"card-solution--item-inner\">\n                            <h4><a href=\"https:\/\/preprod.hiolle-bedrock.weareled.fr\/hiolle-logistique\/solutions-realisations\/logistique-marchande\/\">Logistique marchande<\/a><\/h4>\n                            <p>R\u00e9ception des marchandises et mise en stock inventori\u00e9, pr\u00e9paration des commandes et organisations de l\u2019exp\u00e9dition pour les clients importateurs.<\/p>\n                            <a href=\"https:\/\/preprod.hiolle-bedrock.weareled.fr\/hiolle-logistique\/solutions-realisations\/logistique-marchande\/\" class=\"link dark icon arrow-right\">En savoir plus<\/a>\n                                                    <\/div>\n                    <\/div>\n                                                                            <div class=\"card-solution--item   is-page-link\" data-count=\"3\" data-solution=\"logistique-ferroviaire\">\n                                                    <div class=\"card-solution--item-img\">\n                                <a href=\"https:\/\/preprod.hiolle-bedrock.weareled.fr\/hiolle-logistique\/solutions-realisations\/logistique-ferroviaire\/\"><img decoding=\"async\" src=\"https:\/\/preprod.hiolle-bedrock.weareled.fr\/app\/uploads\/sites\/3\/2026\/03\/HIOLLE_LOGISTIQUE_063-e1773660601709.jpg\" alt=\"image de fond de la carte\"><\/a>\n                            <\/div>\n                                                <div class=\"card-solution--item-inner\">\n                            <h4><a href=\"https:\/\/preprod.hiolle-bedrock.weareled.fr\/hiolle-logistique\/solutions-realisations\/logistique-ferroviaire\/\">Logistique ferroviaire<\/a><\/h4>\n                            <p>Maintien en \u00e9tat de fonctionnement optimal du mat\u00e9riel ferroviaire (roulant et organes) et mise \u00e0 disposition des clients \u00e0 J+2.<\/p>\n                            <a href=\"https:\/\/preprod.hiolle-bedrock.weareled.fr\/hiolle-logistique\/solutions-realisations\/logistique-ferroviaire\/\" class=\"link dark icon arrow-right\">En savoir plus<\/a>\n                                                    <\/div>\n                    <\/div>\n                                                                    <\/div>\n                    <\/div>\n    <\/section>\n\n\n    <style>\n        #block_3073aee8e83752cafb6b619ecb8267ab {\n            margin-top: 56px;\n        }\n\n        @media screen and (min-width: 768px) {\n            #block_3073aee8e83752cafb6b619ecb8267ab {\n                margin-top: 96px;\n            }\n        }\n\n        #block_3073aee8e83752cafb6b619ecb8267ab {\n            margin-bottom: 56px;\n        }\n\n        @media screen and (min-width: 768px) {\n            #block_3073aee8e83752cafb6b619ecb8267ab {\n                margin-bottom: 96px;\n            }\n        }\n\n            <\/style>\n<section class=\"slider-logos glue\" id=\"block_3073aee8e83752cafb6b619ecb8267ab\">\n    <div class=\"slider-logos--container container\">\n                            <div class=\"slider-logos--title\">\n                <h3>Ils nous font <span style=\"color: #009cde\">confiance !<\/span><\/h3>\n                            <\/div>\n                            <div class=\"slider-logos--content-container\">\n                <div class=\"slider-logos--content\">\n                    <div class=\"slider-logos--content-item\">\n                                                                                                                <img decoding=\"async\" src=\"https:\/\/preprod.hiolle-bedrock.weareled.fr\/app\/uploads\/sites\/3\/2025\/03\/ratp_0.png\" alt=\"\">\n                                                                                                                                            <img decoding=\"async\" src=\"https:\/\/preprod.hiolle-bedrock.weareled.fr\/app\/uploads\/sites\/3\/2025\/03\/Akiem_CMJN-1.jpg\" alt=\"\">\n                                                                                                                                            <img decoding=\"async\" src=\"https:\/\/preprod.hiolle-bedrock.weareled.fr\/app\/uploads\/sites\/3\/2025\/03\/Logo_SNCF_2011.svg.png\" alt=\"\">\n                                                                                                                                            <img decoding=\"async\" src=\"https:\/\/preprod.hiolle-bedrock.weareled.fr\/app\/uploads\/sites\/3\/2025\/03\/Vallourec_Logo.jpg\" alt=\"\">\n                                                                                                                                            <img decoding=\"async\" src=\"https:\/\/preprod.hiolle-bedrock.weareled.fr\/app\/uploads\/sites\/3\/2025\/03\/logo-alma-2025-cmjn-1.png\" alt=\"\">\n                                                                        <\/div>\n                <\/div>\n            <\/div>\n            <\/div>\n<\/section>\n\n    <style>\n        #block_5cc94407efc67fd10e828c717357723e {\n            margin-top: 56px;\n        }\n\n        @media screen and (min-width: 768px) {\n            #block_5cc94407efc67fd10e828c717357723e {\n                margin-top: 96px;\n            }\n        }\n\n        #block_5cc94407efc67fd10e828c717357723e {\n            margin-bottom: 56px;\n        }\n\n        @media screen and (min-width: 768px) {\n            #block_5cc94407efc67fd10e828c717357723e {\n                margin-bottom: 96px;\n            }\n        }\n\n            <\/style>\n\n\n    <style>\n        #block_20363513eb88acd520e27fff169f8d8d {\n            margin-top: 56px;\n        }\n\n        @media screen and (min-width: 768px) {\n            #block_20363513eb88acd520e27fff169f8d8d {\n                margin-top: 96px;\n            }\n        }\n\n        #block_20363513eb88acd520e27fff169f8d8d {\n            margin-bottom: 56px;\n        }\n\n        @media screen and (min-width: 768px) {\n            #block_20363513eb88acd520e27fff169f8d8d {\n                margin-bottom: 96px;\n            }\n        }\n\n            <\/style>\n<section class=\"redirection-double \" id=\"block_20363513eb88acd520e27fff169f8d8d\">\n        <div class=\"redirection-double--container container--large\">\n                    <div class=\"background\">\n                                                    <h3>Vous souhaitez prendre contact avec nous ?<\/h3>\n<p>Une question ? Une demande particuli\u00e8re ? Un projet ? Contactez-nous d\u00e8s aujourd\u2019hui, nous nous ferons un plaisir de vous r\u00e9pondre dans les plus brefs d\u00e9lais.<\/p>\n                                                    <a href=\"https:\/\/preprod.hiolle-bedrock.weareled.fr\/hiolle-logistique\/contactez-nous\/\" target=\"\" class=\"btn secondary icon arrow-right\">Nous contacter<span><\/span><\/a>\n                            <\/div>\n                            <div class=\"light\">\n                                    <h3>Envie de rejoindre l\u2019aventure HIOLLE Logistique ?<\/h3>\n<p>Rejoignez un mouvement en constante \u00e9volution, dans une entreprise familiale et conviviale !<\/p>\n                                                    <a href=\"https:\/\/preprod.hiolle-bedrock.weareled.fr\/hiolle-logistique\/nous-rejoindre\/\" target=\"\" class=\"btn icon arrow-right\">Consulter les offres<span><\/span><\/a>\n                            <\/div>\n            <\/div>\n<\/section>","protected":false},"excerpt":{"rendered":"","protected":false},"author":1,"featured_media":0,"parent":0,"menu_order":0,"comment_status":"closed","ping_status":"closed","template":"","meta":{"_acf_changed":false,"_seopress_robots_primary_cat":"","_seopress_titles_title":"","_seopress_titles_desc":"","_seopress_robots_index":"","footnotes":""},"class_list":["post-37","page","type-page","status-publish","hentry"],"acf":[],"lang":"fr","translations":{"fr":37},"pll_sync_post":[],"_links":{"self":[{"href":"https:\/\/preprod.hiolle-bedrock.weareled.fr\/hiolle-logistique\/wp-json\/wp\/v2\/pages\/37","targetHints":{"allow":["GET"]}}],"collection":[{"href":"https:\/\/preprod.hiolle-bedrock.weareled.fr\/hiolle-logistique\/wp-json\/wp\/v2\/pages"}],"about":[{"href":"https:\/\/preprod.hiolle-bedrock.weareled.fr\/hiolle-logistique\/wp-json\/wp\/v2\/types\/page"}],"author":[{"embeddable":true,"href":"https:\/\/preprod.hiolle-bedrock.weareled.fr\/hiolle-logistique\/wp-json\/wp\/v2\/users\/1"}],"replies":[{"embeddable":true,"href":"https:\/\/preprod.hiolle-bedrock.weareled.fr\/hiolle-logistique\/wp-json\/wp\/v2\/comments?post=37"}],"version-history":[{"count":21,"href":"https:\/\/preprod.hiolle-bedrock.weareled.fr\/hiolle-logistique\/wp-json\/wp\/v2\/pages\/37\/revisions"}],"predecessor-version":[{"id":714,"href":"https:\/\/preprod.hiolle-bedrock.weareled.fr\/hiolle-logistique\/wp-json\/wp\/v2\/pages\/37\/revisions\/714"}],"wp:attachment":[{"href":"https:\/\/preprod.hiolle-bedrock.weareled.fr\/hiolle-logistique\/wp-json\/wp\/v2\/media?parent=37"}],"curies":[{"name":"wp","href":"https:\/\/api.w.org\/{rel}","templated":true}]}}