{"id":739,"date":"2025-11-26T17:09:39","date_gmt":"2025-11-26T16:09:39","guid":{"rendered":"https:\/\/preprod.hiolle-bedrock.weareled.fr\/hiolle-logistique\/?page_id=739"},"modified":"2025-11-26T17:09:39","modified_gmt":"2025-11-26T16:09:39","slug":"confirmation-contact","status":"publish","type":"page","link":"https:\/\/preprod.hiolle-bedrock.weareled.fr\/hiolle-logistique\/confirmation-contact\/","title":{"rendered":"Confirmation contact"},"content":{"rendered":"    <style>\n        #block_bb021be9994de94096d3ec1a09d33192 {\n            margin-top: 56px;\n        }\n\n        @media screen and (min-width: 768px) {\n            #block_bb021be9994de94096d3ec1a09d33192 {\n                margin-top: 96px;\n            }\n        }\n\n        #block_bb021be9994de94096d3ec1a09d33192 {\n            margin-bottom: 0px;\n        }\n\n        @media screen and (min-width: 768px) {\n            #block_bb021be9994de94096d3ec1a09d33192 {\n                margin-bottom: 0px;\n            }\n        }\n\n            <\/style>\n<section class=\"redirection-mask\" id=\"block_bb021be9994de94096d3ec1a09d33192\">\n    <div class=\"redirection-mask--container\">\n        <div class=\"redirection-mask--content\">\n                            <div>\n                    <p class=\"uptitle\">Votre message a bien \u00e9t\u00e9 envoy\u00e9<\/p>\n<p>Merci de nous avoir contact\u00e9 ! Nous vous r\u00e9pondrons dans les plus brefs d\u00e9lais.<\/p>\n<p>&nbsp;<\/p>\n<p>L&rsquo;\u00e9quipe HIOLLE Logistique<\/p>\n                <\/div>\n                                            <\/div>\n            <\/div>\n<\/section>\n\n\n<p><\/p>\n","protected":false},"excerpt":{"rendered":"","protected":false},"author":5,"featured_media":0,"parent":0,"menu_order":0,"comment_status":"closed","ping_status":"closed","template":"","meta":{"_acf_changed":false,"_seopress_robots_primary_cat":"","_seopress_titles_title":"","_seopress_titles_desc":"","_seopress_robots_index":"","footnotes":""},"class_list":["post-739","page","type-page","status-publish","hentry"],"acf":[],"lang":"fr","translations":{"fr":739},"pll_sync_post":[],"_links":{"self":[{"href":"https:\/\/preprod.hiolle-bedrock.weareled.fr\/hiolle-logistique\/wp-json\/wp\/v2\/pages\/739","targetHints":{"allow":["GET"]}}],"collection":[{"href":"https:\/\/preprod.hiolle-bedrock.weareled.fr\/hiolle-logistique\/wp-json\/wp\/v2\/pages"}],"about":[{"href":"https:\/\/preprod.hiolle-bedrock.weareled.fr\/hiolle-logistique\/wp-json\/wp\/v2\/types\/page"}],"author":[{"embeddable":true,"href":"https:\/\/preprod.hiolle-bedrock.weareled.fr\/hiolle-logistique\/wp-json\/wp\/v2\/users\/5"}],"replies":[{"embeddable":true,"href":"https:\/\/preprod.hiolle-bedrock.weareled.fr\/hiolle-logistique\/wp-json\/wp\/v2\/comments?post=739"}],"version-history":[{"count":1,"href":"https:\/\/preprod.hiolle-bedrock.weareled.fr\/hiolle-logistique\/wp-json\/wp\/v2\/pages\/739\/revisions"}],"predecessor-version":[{"id":742,"href":"https:\/\/preprod.hiolle-bedrock.weareled.fr\/hiolle-logistique\/wp-json\/wp\/v2\/pages\/739\/revisions\/742"}],"wp:attachment":[{"href":"https:\/\/preprod.hiolle-bedrock.weareled.fr\/hiolle-logistique\/wp-json\/wp\/v2\/media?parent=739"}],"curies":[{"name":"wp","href":"https:\/\/api.w.org\/{rel}","templated":true}]}}