{"id":1498,"date":"2025-08-19T11:08:47","date_gmt":"2025-08-19T09:08:47","guid":{"rendered":"https:\/\/preprod.hiolle-bedrock.weareled.fr\/hiolle-technologies\/?page_id=1498"},"modified":"2025-08-19T11:13:10","modified_gmt":"2025-08-19T09:13:10","slug":"mentions-legales","status":"publish","type":"page","link":"https:\/\/preprod.hiolle-bedrock.weareled.fr\/hiolle-technologies\/mentions-legales\/","title":{"rendered":"Mentions l\u00e9gales"},"content":{"rendered":"    <style>\n        #block_f9bc4920a8ea4008bac100a2fb57c732:not(.blue) {\n            margin-top: 56px;\n        }\n\n        @media screen and (min-width: 768px) {\n            #block_f9bc4920a8ea4008bac100a2fb57c732:not(.blue) {\n                margin-top: 96px;\n            }\n        }\n\n        #block_f9bc4920a8ea4008bac100a2fb57c732:not(.blue) {\n            margin-bottom: 56px;\n        }\n\n        @media screen and (min-width: 768px) {\n            #block_f9bc4920a8ea4008bac100a2fb57c732:not(.blue) {\n                margin-bottom: 96px;\n            }\n        }\n\n        #block_f9bc4920a8ea4008bac100a2fb57c732.blue {\n            padding-top: 56px;\n        }\n\n        @media screen and (min-width: 768px) {\n            #block_f9bc4920a8ea4008bac100a2fb57c732.blue {\n                padding-top: 96px;\n            }\n        }\n\n        #block_f9bc4920a8ea4008bac100a2fb57c732.blue {\n            padding-bottom: 56px;\n        }\n\n        @media screen and (min-width: 768px) {\n            #block_f9bc4920a8ea4008bac100a2fb57c732.blue {\n                padding-bottom: 96px;\n            }\n        }\n\n            <\/style>\n<section class=\"title blue  \" id=\"block_f9bc4920a8ea4008bac100a2fb57c732\">\n        <div class=\"title--container container--large\">\n                                    <h2>Mentions l\u00e9gales<\/h2>\n                                    <\/div>\n<\/section>\n\n    <style>\n        #block_b170fffe76424f95041397fe0d4ea9e7:not(.blue) {\n            margin-top: 56px;\n        }\n\n        @media screen and (min-width: 768px) {\n            #block_b170fffe76424f95041397fe0d4ea9e7:not(.blue) {\n                margin-top: 80px;\n            }\n        }\n\n        #block_b170fffe76424f95041397fe0d4ea9e7:not(.blue) {\n            margin-bottom: 56px;\n        }\n\n        @media screen and (min-width: 768px) {\n            #block_b170fffe76424f95041397fe0d4ea9e7:not(.blue) {\n                margin-bottom: 80px;\n            }\n        }\n\n        #block_b170fffe76424f95041397fe0d4ea9e7.blue {\n            padding-top: 56px;\n        }\n\n        @media screen and (min-width: 768px) {\n            #block_b170fffe76424f95041397fe0d4ea9e7.blue {\n                padding-top: 80px;\n            }\n        }\n\n        #block_b170fffe76424f95041397fe0d4ea9e7.blue {\n            padding-bottom: 56px;\n        }\n\n        @media screen and (min-width: 768px) {\n            #block_b170fffe76424f95041397fe0d4ea9e7.blue {\n                padding-bottom: 80px;\n            }\n        }\n\n            <\/style>\n<section class=\"txt-content   \" id=\"block_b170fffe76424f95041397fe0d4ea9e7\">\n    <div class=\"txt-content--container container--large\">\n                    <div class=\"txt-content--content\">\n                <h2>1. Identification<\/h2>\n<p>Le site <a href=\"http:\/\/www.hiolle-technologies.fr\">www.hiolle-technologies.fr<\/a> est la propri\u00e9t\u00e9 de HIOLLE DEVELOPPEMENT Soci\u00e9t\u00e9 par actions simplifi\u00e9e au capital social de 17 360 200,00 euros<br \/>\nImmatricul\u00e9e au RCS de Valenciennes sous le num\u00e9ro 452 485 485<br \/>\nSi\u00e8ge social : 54 rue Ernest Macarez 59300 Valenciennes<\/p>\n<p>T\u00e9l. : +33 (0)3 27 47 50 00<\/p>\n<p>Directrice de la publication du site : Mme V\u00e9ronique HIOLLE, en qualit\u00e9 de Directrice G\u00e9n\u00e9rale D\u00e9l\u00e9gu\u00e9e<\/p>\n            <\/div>\n                                    <\/div>\n<\/section>\n\n    <style>\n        #block_fa73f85058b23e0b03351a0fad87d34a:not(.blue) {\n            margin-top: 56px;\n        }\n\n        @media screen and (min-width: 768px) {\n            #block_fa73f85058b23e0b03351a0fad87d34a:not(.blue) {\n                margin-top: 80px;\n            }\n        }\n\n        #block_fa73f85058b23e0b03351a0fad87d34a:not(.blue) {\n            margin-bottom: 56px;\n        }\n\n        @media screen and (min-width: 768px) {\n            #block_fa73f85058b23e0b03351a0fad87d34a:not(.blue) {\n                margin-bottom: 80px;\n            }\n        }\n\n        #block_fa73f85058b23e0b03351a0fad87d34a.blue {\n            padding-top: 56px;\n        }\n\n        @media screen and (min-width: 768px) {\n            #block_fa73f85058b23e0b03351a0fad87d34a.blue {\n                padding-top: 80px;\n            }\n        }\n\n        #block_fa73f85058b23e0b03351a0fad87d34a.blue {\n            padding-bottom: 56px;\n        }\n\n        @media screen and (min-width: 768px) {\n            #block_fa73f85058b23e0b03351a0fad87d34a.blue {\n                padding-bottom: 80px;\n            }\n        }\n\n            <\/style>\n<section class=\"txt-content   \" id=\"block_fa73f85058b23e0b03351a0fad87d34a\">\n    <div class=\"txt-content--container container--large\">\n                    <div class=\"txt-content--content\">\n                <h2>2. R\u00e9alisation et h\u00e9bergement<\/h2>\n<p>Le site <a href=\"http:\/\/www.hiolle-technologies.fr\">www.hiolle-technologies.fr<\/a>\u00a0est r\u00e9alis\u00e9 par la soci\u00e9t\u00e9\u00a0<a href=\"https:\/\/weareled.fr\/\">Les Enchanteurs Digital\u00a0<\/a>et h\u00e9berg\u00e9 sur les serveurs de la soci\u00e9t\u00e9 OVH en France.<\/p>\n<p>Si\u00e8ge social\u00a0: 2 rue Kellermann, 59100 Roubaix &#8211; FRANCE<\/p>\n<p><b>HIOLLE Technologies <\/b>se r\u00e9serve le droit de modifier, mettre \u00e0 jour, r\u00e9silier, suspendre ou interrompre \u00e0 tout moment, pour toutes raisons et \u00e0 sa seule discr\u00e9tion, l\u2019acc\u00e8s \u00e0 tout ou partie du site, y compris le contenu, les fonctionnalit\u00e9s ou les heures de disponibilit\u00e9 sans pr\u00e9avis. L\u2019ensemble de ces modifications s\u2019imposent aux internautes qui doivent consulter r\u00e9guli\u00e8rement les pr\u00e9sentes mentions l\u00e9gales.<\/p>\n            <\/div>\n                                    <\/div>\n<\/section>\n\n    <style>\n        #block_52ce5e82d378eb02e0ef365c07db6a86:not(.blue) {\n            margin-top: 56px;\n        }\n\n        @media screen and (min-width: 768px) {\n            #block_52ce5e82d378eb02e0ef365c07db6a86:not(.blue) {\n                margin-top: 80px;\n            }\n        }\n\n        #block_52ce5e82d378eb02e0ef365c07db6a86:not(.blue) {\n            margin-bottom: 56px;\n        }\n\n        @media screen and (min-width: 768px) {\n            #block_52ce5e82d378eb02e0ef365c07db6a86:not(.blue) {\n                margin-bottom: 80px;\n            }\n        }\n\n        #block_52ce5e82d378eb02e0ef365c07db6a86.blue {\n            padding-top: 56px;\n        }\n\n        @media screen and (min-width: 768px) {\n            #block_52ce5e82d378eb02e0ef365c07db6a86.blue {\n                padding-top: 80px;\n            }\n        }\n\n        #block_52ce5e82d378eb02e0ef365c07db6a86.blue {\n            padding-bottom: 56px;\n        }\n\n        @media screen and (min-width: 768px) {\n            #block_52ce5e82d378eb02e0ef365c07db6a86.blue {\n                padding-bottom: 80px;\n            }\n        }\n\n            <\/style>\n<section class=\"txt-content   \" id=\"block_52ce5e82d378eb02e0ef365c07db6a86\">\n    <div class=\"txt-content--container container--large\">\n                    <div class=\"txt-content--content\">\n                <h2><strong>3. Droits de propri\u00e9t\u00e9 intellectuelle<\/strong><\/h2>\n<p><strong><b>HIOLLE Immobilier<\/b><\/strong> avise les internautes que de nombreux \u00e9l\u00e9ments de son site web (notamment, textes, slogans, arborescence, logiciels, animations, photographies, illustrations, images, sch\u00e9mas, repr\u00e9sentations graphiques, logos, etc\u2026) sont prot\u00e9g\u00e9s par la l\u00e9gislation sur le droit d\u2019auteur, sur les dessins et mod\u00e8les et sur les marques. Les \u00e9l\u00e9ments ainsi prot\u00e9g\u00e9s sont d\u2019une mani\u00e8re g\u00e9n\u00e9rale, la propri\u00e9t\u00e9 de <b>HIOLLE Technologies<\/b>\u00a0ou ses filiales sauf mention contraire. Elle est titulaire du nom de domaine <a href=\"http:\/\/www.hiolle-technologies.fr\">www.hiolle-technologies.fr<\/a><\/p>\n<p>A ce titre, toute reproduction, repr\u00e9sentation, utilisation, adaptation, modification, incorporation, traduction, commercialisation, totale ou partielle, effectu\u00e9e \u00e0 partir des \u00e9l\u00e9ments du pr\u00e9sent site par quelque proc\u00e9d\u00e9 et sur quelque support que ce soit (papier, \u00e9lectronique\u2026), sans l&rsquo;autorisation \u00e9crite pr\u00e9alable de <b>HIOLLE Technologies<\/b>, est interdite et prohib\u00e9e au sens de l&rsquo;article L.713-2 du Code de la propri\u00e9t\u00e9 intellectuelle, hormis les exceptions vis\u00e9es \u00e0 l\u2019article L122.5 du code de la propri\u00e9t\u00e9 intellectuelle, sous peine de constituer un d\u00e9lit de contrefa\u00e7on de droit d\u2019auteur, et\/ou de dessins et mod\u00e8les, et\/ou de marques, sanctionn\u00e9 par les articles L.335-2 et suivants du Code de la propri\u00e9t\u00e9 intellectuelle. Il en est de m\u00eame des bases de donn\u00e9es figurant sur le pr\u00e9sent site web, qui sont prot\u00e9g\u00e9es par les dispositions de la loi du 1er juillet 1998 portant transposition dans le Code de la propri\u00e9t\u00e9 intellectuelle de la directive europ\u00e9enne du 11 mars 1996 relative \u00e0 la protection juridique des bases de donn\u00e9es.<\/p>\n            <\/div>\n                                    <\/div>\n<\/section>\n\n    <style>\n        #block_75e45debd7e23edf7d6ac129d9bd4f3c:not(.blue) {\n            margin-top: 56px;\n        }\n\n        @media screen and (min-width: 768px) {\n            #block_75e45debd7e23edf7d6ac129d9bd4f3c:not(.blue) {\n                margin-top: 80px;\n            }\n        }\n\n        #block_75e45debd7e23edf7d6ac129d9bd4f3c:not(.blue) {\n            margin-bottom: 56px;\n        }\n\n        @media screen and (min-width: 768px) {\n            #block_75e45debd7e23edf7d6ac129d9bd4f3c:not(.blue) {\n                margin-bottom: 80px;\n            }\n        }\n\n        #block_75e45debd7e23edf7d6ac129d9bd4f3c.blue {\n            padding-top: 56px;\n        }\n\n        @media screen and (min-width: 768px) {\n            #block_75e45debd7e23edf7d6ac129d9bd4f3c.blue {\n                padding-top: 80px;\n            }\n        }\n\n        #block_75e45debd7e23edf7d6ac129d9bd4f3c.blue {\n            padding-bottom: 56px;\n        }\n\n        @media screen and (min-width: 768px) {\n            #block_75e45debd7e23edf7d6ac129d9bd4f3c.blue {\n                padding-bottom: 80px;\n            }\n        }\n\n            <\/style>\n<section class=\"txt-content   \" id=\"block_75e45debd7e23edf7d6ac129d9bd4f3c\">\n    <div class=\"txt-content--container container--large\">\n                    <div class=\"txt-content--content\">\n                <h2><strong>4. <\/strong><strong>Collecte de donn\u00e9es personnelles<\/strong><\/h2>\n<p>La consultation du site <a href=\"http:\/\/www.hiolle-technologies.fr\">www.hiolle-technologies.fr<\/a> possible sans que l\u2019internaute ait \u00e0 r\u00e9v\u00e9ler son identit\u00e9 ou toute autre information \u00e0 caract\u00e8re personnel le concernant. Toutefois, la collecte de telles informations peut \u00eatre n\u00e9cessaire pour r\u00e9pondre aux demandes des internautes.<\/p>\n<p>Les informations personnelles communiqu\u00e9es par l\u2019internaute \u00e0 <b>HIOLLE Technologies<\/b>\u00a0sont uniquement utilis\u00e9es pour communiquer avec celui-ci. Elles sont confidentielles et sont trait\u00e9es comme telles. <b>HIOLLE Immobilier<\/b>\u00a0est seule responsable de la collecte et du traitement de ces donn\u00e9es personnelles. Aucune de ces informations ne sera communiqu\u00e9e ou c\u00e9d\u00e9e \u00e0 des tiers.<\/p>\n<p>Vous pouvez consulter notre <a href=\"https:\/\/preprod.hiolle-bedrock.weareled.fr\/hiolle-technologies\/politique-de-confidentialite-et-dutilisation-des-cookies\/\"><strong>politique de confidentialit\u00e9<\/strong><\/a> pour en savoir plus sur la collecte, l&rsquo;utilisation et la protection de vos donn\u00e9es.<\/p>\n            <\/div>\n                                    <\/div>\n<\/section>\n\n    <style>\n        #block_565e673c73f1515e324cbbf3e94fb883:not(.blue) {\n            margin-top: 56px;\n        }\n\n        @media screen and (min-width: 768px) {\n            #block_565e673c73f1515e324cbbf3e94fb883:not(.blue) {\n                margin-top: 80px;\n            }\n        }\n\n        #block_565e673c73f1515e324cbbf3e94fb883:not(.blue) {\n            margin-bottom: 56px;\n        }\n\n        @media screen and (min-width: 768px) {\n            #block_565e673c73f1515e324cbbf3e94fb883:not(.blue) {\n                margin-bottom: 80px;\n            }\n        }\n\n        #block_565e673c73f1515e324cbbf3e94fb883.blue {\n            padding-top: 56px;\n        }\n\n        @media screen and (min-width: 768px) {\n            #block_565e673c73f1515e324cbbf3e94fb883.blue {\n                padding-top: 80px;\n            }\n        }\n\n        #block_565e673c73f1515e324cbbf3e94fb883.blue {\n            padding-bottom: 56px;\n        }\n\n        @media screen and (min-width: 768px) {\n            #block_565e673c73f1515e324cbbf3e94fb883.blue {\n                padding-bottom: 80px;\n            }\n        }\n\n            <\/style>\n<section class=\"txt-content   \" id=\"block_565e673c73f1515e324cbbf3e94fb883\">\n    <div class=\"txt-content--container container--large\">\n                    <div class=\"txt-content--content\">\n                <h2><strong>5. <\/strong><strong>Cookies<\/strong><\/h2>\n<p>Ce site utilise des cookies pour am\u00e9liorer l&rsquo;exp\u00e9rience de navigation et fournir des fonctionnalit\u00e9s personnalis\u00e9es. Vous pouvez accepter ou refuser l&rsquo;utilisation de cookies conform\u00e9ment \u00e0 notre politique en mati\u00e8re de cookies. Vous pouvez modifier vos pr\u00e9f\u00e9rences de cookies dans les param\u00e8tres de votre navigateur. Pour plus de pr\u00e9cisions sur l\u2019utilisation des cookies sur ce site internet vous pouvez consulter notre<strong><a href=\"https:\/\/preprod.hiolle-bedrock.weareled.fr\/hiolle-technologies\/politique-de-confidentialite-et-dutilisation-des-cookies\/\"> politique de confidentialit\u00e9 et d\u2019utilisation des cookies<\/a>.<\/strong><\/p>\n            <\/div>\n                                    <\/div>\n<\/section>\n\n    <style>\n        #block_752aa4ccf42e4a384308a2f826d4cc0e:not(.blue) {\n            margin-top: 56px;\n        }\n\n        @media screen and (min-width: 768px) {\n            #block_752aa4ccf42e4a384308a2f826d4cc0e:not(.blue) {\n                margin-top: 80px;\n            }\n        }\n\n        #block_752aa4ccf42e4a384308a2f826d4cc0e:not(.blue) {\n            margin-bottom: 56px;\n        }\n\n        @media screen and (min-width: 768px) {\n            #block_752aa4ccf42e4a384308a2f826d4cc0e:not(.blue) {\n                margin-bottom: 80px;\n            }\n        }\n\n        #block_752aa4ccf42e4a384308a2f826d4cc0e.blue {\n            padding-top: 56px;\n        }\n\n        @media screen and (min-width: 768px) {\n            #block_752aa4ccf42e4a384308a2f826d4cc0e.blue {\n                padding-top: 80px;\n            }\n        }\n\n        #block_752aa4ccf42e4a384308a2f826d4cc0e.blue {\n            padding-bottom: 56px;\n        }\n\n        @media screen and (min-width: 768px) {\n            #block_752aa4ccf42e4a384308a2f826d4cc0e.blue {\n                padding-bottom: 80px;\n            }\n        }\n\n            <\/style>\n<section class=\"txt-content   \" id=\"block_752aa4ccf42e4a384308a2f826d4cc0e\">\n    <div class=\"txt-content--container container--large\">\n                    <div class=\"txt-content--content\">\n                <h2><strong>6. <\/strong><strong>Responsabilit\u00e9<\/strong><\/h2>\n<p>L\u2019ensemble des informations accessibles via le site <a href=\"http:\/\/www.hiolle-technologies.fr\">www.hiolle-technologies.fr<\/a>\u00a0sont fournies en l\u2019\u00e9tat. <b>HIOLLE Technologies<\/b>\u00a0s&rsquo;efforce d&rsquo;assurer au mieux de ses possibilit\u00e9s l&rsquo;exactitude et la mise \u00e0 jour des informations diffus\u00e9es sur son site web. Elle n\u2019est responsable ni de l\u2019inexactitude, ni des erreurs, ni des omissions contenues sur ce site.<\/p>\n<p>&nbsp;<\/p>\n<p><b>HIOLLE Technologies<\/b> ne donne aucune garantie, explicite ou implicite, et n\u2019assume aucune responsabilit\u00e9 qui pourrait r\u00e9sulter de l\u2019acc\u00e8s ou de l\u2019utilisation de ce site incluant toutes d\u00e9t\u00e9riorations ou virus qui pourraient infecter l\u2019\u00e9quipement informatique ou tout autre bien de l\u2019internaute.<\/p>\n<p><b>HIOLLE Technologies<\/b>\u00a0ne pourra \u00eatre tenue responsable pour quelque dommage que ce soit, direct ou indirect (notamment pr\u00e9judice mat\u00e9riel, perte de donn\u00e9es ou de programme ou pr\u00e9judice financier\u2026), quelles qu\u2019en soient les causes, origines, natures ou cons\u00e9quences, provoqu\u00e9s \u00e0 raison de l\u2019acc\u00e8s de quiconque au pr\u00e9sent site ou de l\u2019impossibilit\u00e9 d\u2019y acc\u00e9der, de m\u00eame que l\u2019utilisation du pr\u00e9sent site ou de sites qui lui sont li\u00e9s.<\/p>\n<p><b>HIOLLE Technologies<\/b>\u00a0ne ma\u00eetrise pas les risques li\u00e9s au fonctionnement d&rsquo;Internet et attire l&rsquo;attention des internautes sur l&rsquo;existence d&rsquo;\u00e9ventuels risques en terme de confidentialit\u00e9 des donn\u00e9es transitant via ce r\u00e9seau.<\/p>\n<p><b>HIOLLE Technologies<\/b>\u00a0rappelle que les informations publi\u00e9es sur son site web ont un caract\u00e8re g\u00e9n\u00e9ral et n\u2019ont pas de valeur contractuelle.<\/p>\n<p>L\u2019internaute utilise le pr\u00e9sent site sous sa seule et enti\u00e8re responsabilit\u00e9. Il s\u2019engage \u00e0 ne transmettre sur le site aucune information pouvant entra\u00eener une responsabilit\u00e9 civile ou p\u00e9nale et s\u2019engage \u00e0 ce titre \u00e0 ne pas divulguer via ce site des informations ill\u00e9gales, contraires \u00e0 l\u2019ordre public ou diffamatoires.<\/p>\n<p>Les sites web ext\u00e9rieurs \u00e0 la soci\u00e9t\u00e9 <b>HIOLLE Technologies<\/b>\u00a0ayant un lien hypertexte avec le pr\u00e9sent site, ne sont pas sous contr\u00f4le de <b>HIOLLE Technologies<\/b>\u00a0qui d\u00e9cline par cons\u00e9quent toute responsabilit\u00e9 quant \u00e0 leur contenu et aux \u00e9ventuels dommages qu&rsquo;ils pourraient causer. L&rsquo;acc\u00e8s \u00e0 ces sites se fait sous votre enti\u00e8re responsabilit\u00e9.<\/p>\n            <\/div>\n                                    <\/div>\n<\/section>\n\n    <style>\n        #block_ed428207f9010cb0242f8d7cf4dedd9a:not(.blue) {\n            margin-top: 56px;\n        }\n\n        @media screen and (min-width: 768px) {\n            #block_ed428207f9010cb0242f8d7cf4dedd9a:not(.blue) {\n                margin-top: 80px;\n            }\n        }\n\n        #block_ed428207f9010cb0242f8d7cf4dedd9a:not(.blue) {\n            margin-bottom: 56px;\n        }\n\n        @media screen and (min-width: 768px) {\n            #block_ed428207f9010cb0242f8d7cf4dedd9a:not(.blue) {\n                margin-bottom: 80px;\n            }\n        }\n\n        #block_ed428207f9010cb0242f8d7cf4dedd9a.blue {\n            padding-top: 56px;\n        }\n\n        @media screen and (min-width: 768px) {\n            #block_ed428207f9010cb0242f8d7cf4dedd9a.blue {\n                padding-top: 80px;\n            }\n        }\n\n        #block_ed428207f9010cb0242f8d7cf4dedd9a.blue {\n            padding-bottom: 56px;\n        }\n\n        @media screen and (min-width: 768px) {\n            #block_ed428207f9010cb0242f8d7cf4dedd9a.blue {\n                padding-bottom: 80px;\n            }\n        }\n\n            <\/style>\n<section class=\"txt-content   \" id=\"block_ed428207f9010cb0242f8d7cf4dedd9a\">\n    <div class=\"txt-content--container container--large\">\n                    <div class=\"txt-content--content\">\n                <h2><strong>7. <\/strong><strong>Droit applicable<\/strong><\/h2>\n<p>Le site internet <a href=\"http:\/\/www.hiolle-technologies.fr\">www.hiolle-technologies.fr<\/a>\u00a0et les pr\u00e9sentes conditions g\u00e9n\u00e9rales sont soumis au droit fran\u00e7ais et sont r\u00e9dig\u00e9s en fran\u00e7ais.<\/p>\n<p>Pour tout litige, il est fait attribution exclusive de juridiction aux tribunaux comp\u00e9tents du ressort du lieu du si\u00e8ge social de la soci\u00e9t\u00e9 HIOLLE DEVELOPPEMENT.<\/p>\n            <\/div>\n                                    <\/div>\n<\/section>","protected":false},"excerpt":{"rendered":"","protected":false},"author":3,"featured_media":0,"parent":0,"menu_order":0,"comment_status":"closed","ping_status":"closed","template":"","meta":{"_acf_changed":false,"_seopress_robots_primary_cat":"","_seopress_titles_title":"","_seopress_titles_desc":"","_seopress_robots_index":"","footnotes":""},"class_list":["post-1498","page","type-page","status-publish","hentry"],"acf":[],"lang":"fr","translations":{"fr":1498},"pll_sync_post":[],"_links":{"self":[{"href":"https:\/\/preprod.hiolle-bedrock.weareled.fr\/hiolle-technologies\/wp-json\/wp\/v2\/pages\/1498","targetHints":{"allow":["GET"]}}],"collection":[{"href":"https:\/\/preprod.hiolle-bedrock.weareled.fr\/hiolle-technologies\/wp-json\/wp\/v2\/pages"}],"about":[{"href":"https:\/\/preprod.hiolle-bedrock.weareled.fr\/hiolle-technologies\/wp-json\/wp\/v2\/types\/page"}],"author":[{"embeddable":true,"href":"https:\/\/preprod.hiolle-bedrock.weareled.fr\/hiolle-technologies\/wp-json\/wp\/v2\/users\/3"}],"replies":[{"embeddable":true,"href":"https:\/\/preprod.hiolle-bedrock.weareled.fr\/hiolle-technologies\/wp-json\/wp\/v2\/comments?post=1498"}],"version-history":[{"count":3,"href":"https:\/\/preprod.hiolle-bedrock.weareled.fr\/hiolle-technologies\/wp-json\/wp\/v2\/pages\/1498\/revisions"}],"predecessor-version":[{"id":1509,"href":"https:\/\/preprod.hiolle-bedrock.weareled.fr\/hiolle-technologies\/wp-json\/wp\/v2\/pages\/1498\/revisions\/1509"}],"wp:attachment":[{"href":"https:\/\/preprod.hiolle-bedrock.weareled.fr\/hiolle-technologies\/wp-json\/wp\/v2\/media?parent=1498"}],"curies":[{"name":"wp","href":"https:\/\/api.w.org\/{rel}","templated":true}]}}