{"id":1512,"date":"2025-08-19T16:31:02","date_gmt":"2025-08-19T14:31:02","guid":{"rendered":"https:\/\/preprod.hiolle-bedrock.weareled.fr\/hiolle-technologies\/?page_id=1512"},"modified":"2025-08-19T16:31:02","modified_gmt":"2025-08-19T14:31:02","slug":"plan-de-site","status":"publish","type":"page","link":"https:\/\/preprod.hiolle-bedrock.weareled.fr\/hiolle-technologies\/plan-de-site\/","title":{"rendered":"Plan de site"},"content":{"rendered":"<div class=\"wrap-html-sitemap sp-html-sitemap\"><div class=\"sp-wrap-cpt\"><h2 class=\"sp-cpt-name\">Pages<\/h2><ul class=\"sp-list-posts sp-cpt-hierarchical\"><li class=\"page_item page-item-5\"><a href=\"https:\/\/preprod.hiolle-bedrock.weareled.fr\/hiolle-technologies\/\">Accueil<\/a><\/li><li class=\"page_item page-item-12\"><a href=\"https:\/\/preprod.hiolle-bedrock.weareled.fr\/hiolle-technologies\/qui-sommes-nous\/\">Nous conna\u00eetre &#8211; Qui sommes-nous<\/a><\/li><li class=\"page_item page-item-19\"><a href=\"https:\/\/preprod.hiolle-bedrock.weareled.fr\/hiolle-technologies\/notre-demarche-rse\/\">Nous conna\u00eetre &#8211; Notre d\u00e9marche RSE<\/a><\/li><li class=\"page_item page-item-24\"><a href=\"https:\/\/preprod.hiolle-bedrock.weareled.fr\/hiolle-technologies\/solutions-realisations\/\">Solutions &amp; r\u00e9alisations<\/a><ul class='children'><li class=\"page_item page-item-194\"><a href=\"https:\/\/preprod.hiolle-bedrock.weareled.fr\/hiolle-technologies\/solutions-realisations\/cablage-dequipements-electriques\/\">Conception, fabrication et int\u00e9gration d&rsquo;\u00e9quipements \u00e9lectriques<\/a><ul class='children'><li class=\"page_item page-item-28\"><a href=\"https:\/\/preprod.hiolle-bedrock.weareled.fr\/hiolle-technologies\/solutions-realisations\/cablage-dequipements-electriques\/equipements-electriques-embarques\/\">\u00c9quipements \u00e9lectriques embarqu\u00e9s<\/a><\/li><li class=\"page_item page-item-207\"><a href=\"https:\/\/preprod.hiolle-bedrock.weareled.fr\/hiolle-technologies\/solutions-realisations\/cablage-dequipements-electriques\/armoires-electriques-sur-mesure\/\">Armoires \u00e9lectriques sur-mesure<\/a><\/li><\/ul><\/li><li class=\"page_item page-item-211\"><a href=\"https:\/\/preprod.hiolle-bedrock.weareled.fr\/hiolle-technologies\/solutions-realisations\/conception-fabrication-et-integration-densembles-electroniques\/\">Conception, fabrication et int\u00e9gration d&rsquo;ensembles \u00e9lectroniques<\/a><ul class='children'><li class=\"page_item page-item-215\"><a href=\"https:\/\/preprod.hiolle-bedrock.weareled.fr\/hiolle-technologies\/solutions-realisations\/conception-fabrication-et-integration-densembles-electroniques\/cartes-electroniques\/\">Cartes et int\u00e9gration \u00e9lectroniques<\/a><\/li><li class=\"page_item page-item-219\"><a href=\"https:\/\/preprod.hiolle-bedrock.weareled.fr\/hiolle-technologies\/solutions-realisations\/conception-fabrication-et-integration-densembles-electroniques\/bancs-de-tests\/\">Bancs de tests standards ou sp\u00e9cifiques<\/a><\/li><\/ul><\/li><li class=\"page_item page-item-223\"><a href=\"https:\/\/preprod.hiolle-bedrock.weareled.fr\/hiolle-technologies\/solutions-realisations\/conception-fabrication-de-machines-speciales-et-integration-robotique\/\">Conception, fabrication de machines sp\u00e9ciales et int\u00e9gration robotique<\/a><ul class='children'><li class=\"page_item page-item-227\"><a href=\"https:\/\/preprod.hiolle-bedrock.weareled.fr\/hiolle-technologies\/solutions-realisations\/conception-fabrication-de-machines-speciales-et-integration-robotique\/ilots-robotises\/\">Automatisation de chaine de production et robotique<\/a><\/li><li class=\"page_item page-item-231\"><a href=\"https:\/\/preprod.hiolle-bedrock.weareled.fr\/hiolle-technologies\/solutions-realisations\/conception-fabrication-de-machines-speciales-et-integration-robotique\/postes-dassemblage\/\">Conception de machines sp\u00e9ciales sur mesure<\/a><\/li><\/ul><\/li><li class=\"page_item page-item-243\"><a href=\"https:\/\/preprod.hiolle-bedrock.weareled.fr\/hiolle-technologies\/solutions-realisations\/maintenance-et-reparation\/\">Maintenance et r\u00e9paration<\/a><\/li><li class=\"page_item page-item-259\"><a href=\"https:\/\/preprod.hiolle-bedrock.weareled.fr\/hiolle-technologies\/solutions-realisations\/negoce-de-materiel-et-equipements-electriques\/\">Distribution d&rsquo;\u00e9quipements \u00e9lectriques<\/a><\/li><\/ul><\/li><li class=\"page_item page-item-34\"><a href=\"https:\/\/preprod.hiolle-bedrock.weareled.fr\/hiolle-technologies\/nous-rejoindre\/\">Nous rejoindre<\/a><\/li><li class=\"page_item page-item-40\"><a href=\"https:\/\/preprod.hiolle-bedrock.weareled.fr\/hiolle-technologies\/nos-actualites\/\">Nos actualit\u00e9s<\/a><\/li><li class=\"page_item page-item-45\"><a href=\"https:\/\/preprod.hiolle-bedrock.weareled.fr\/hiolle-technologies\/contactez-nous\/\">Contactez-nous<\/a><\/li><li class=\"page_item page-item-1498\"><a href=\"https:\/\/preprod.hiolle-bedrock.weareled.fr\/hiolle-technologies\/mentions-legales\/\">Mentions l\u00e9gales<\/a><\/li><li class=\"page_item page-item-1502\"><a href=\"https:\/\/preprod.hiolle-bedrock.weareled.fr\/hiolle-technologies\/politique-de-confidentialite-et-dutilisation-des-cookies\/\">Politique de confidentialit\u00e9 et d&rsquo;utilisation des cookies<\/a><\/li><li class=\"page_item page-item-1512\"><a href=\"https:\/\/preprod.hiolle-bedrock.weareled.fr\/hiolle-technologies\/plan-de-site\/\">Plan de site<\/a><\/li><li class=\"page_item page-item-2478\"><a href=\"https:\/\/preprod.hiolle-bedrock.weareled.fr\/hiolle-technologies\/nos-savoir-faire-en-video\/\">Nos savoir-faire en vid\u00e9o<\/a><\/li><li class=\"page_item page-item-247\"><a href=\"https:\/\/preprod.hiolle-bedrock.weareled.fr\/hiolle-technologies\/solutions-realisations\/maintenance-et-reparation__trashed\/sav\/\">SAV<\/a><\/li><\/ul><\/div><div class=\"sp-wrap-cpt\"><h2 class=\"sp-cpt-name\">Articles<\/h2><ul class=\"sp-list-posts\"><li><a href=\"https:\/\/preprod.hiolle-bedrock.weareled.fr\/hiolle-technologies\/renovation-robotique-hiolle-technologies-a-remis-en-etat-135-robots\/\">R\u00e9novation robotique d&rsquo;ampleur !<\/a> - 26 janvier 2025<\/li><li><a href=\"https:\/\/preprod.hiolle-bedrock.weareled.fr\/hiolle-technologies\/une-collaboration-inter-filiales-reussie\/\">Une collaboration inter-filiales r\u00e9ussie !<\/a> - 17 mars 2025<\/li><li><a href=\"https:\/\/preprod.hiolle-bedrock.weareled.fr\/hiolle-technologies\/retour-en-images-sur-nos-chantiers-estivaux\/\">Retour en images sur nos chantiers estivaux<\/a> - 12 ao\u00fbt 2025<\/li><li><a href=\"https:\/\/preprod.hiolle-bedrock.weareled.fr\/hiolle-technologies\/travaux-de-desimpermeabilisation-des-cours-decoles\/\">Travaux de d\u00e9simperm\u00e9abilisation et de renaturation des cours d\u2019\u00e9coles<\/a> - 26 ao\u00fbt 2025<\/li><li><a href=\"https:\/\/preprod.hiolle-bedrock.weareled.fr\/hiolle-technologies\/un-projet-de-chaudronnerie-sur-mesure\/\">Un projet de chaudronnerie sur-mesure !<\/a> - 26 ao\u00fbt 2025<\/li><li><a href=\"https:\/\/preprod.hiolle-bedrock.weareled.fr\/hiolle-technologies\/supervision-dune-installation-a-taiwan\/\">Supervision d&rsquo;une installation \u00e0 Ta\u00efwan<\/a> - 26 ao\u00fbt 2025<\/li><li><a href=\"https:\/\/preprod.hiolle-bedrock.weareled.fr\/hiolle-technologies\/nos-chiffres-cles-2024-sont-disponibles\/\">Nos chiffres cl\u00e9s 2024 sont disponibles !<\/a> - 23 octobre 2025<\/li><li><a href=\"https:\/\/preprod.hiolle-bedrock.weareled.fr\/hiolle-technologies\/lapprentissage-fait-son-grand-retour\/\">L&rsquo;apprentissage fait son grand retour !<\/a> - 5 d\u00e9cembre 2025<\/li><li><a href=\"https:\/\/preprod.hiolle-bedrock.weareled.fr\/hiolle-technologies\/renouvellement-de-notre-certification-iso-9001\/\">Renouvellement de notre certification ISO 9001<\/a> - 29 janvier 2026<\/li><li><a href=\"https:\/\/preprod.hiolle-bedrock.weareled.fr\/hiolle-technologies\/bilan-de-la-periode-estivale-de-belles-realisations-et-des-clients-satisfaits-3\/\">Bilan de la p\u00e9riode estivale : de belles r\u00e9alisations et des clients satisfaits !<\/a> - 3 mars 2026<\/li><li><a href=\"https:\/\/preprod.hiolle-bedrock.weareled.fr\/hiolle-technologies\/publication-de-lindex-egalite-professionnelle-femmes-hommes-pour-lannee-2026\/\">Publication de l&rsquo;index \u00e9galit\u00e9 professionnelle femmes-hommes pour l&rsquo;ann\u00e9e 2026<\/a> - 3 mars 2026<\/li><li><a href=\"https:\/\/preprod.hiolle-bedrock.weareled.fr\/hiolle-technologies\/stockage-industriel-et-gestion-des-surplus-de-production\/\">Stockage industriel et gestion des surplus de production<\/a> - 16 mars 2026<\/li><li><a href=\"https:\/\/preprod.hiolle-bedrock.weareled.fr\/hiolle-technologies\/demontage-dun-pont-roulant-bipoutre-de-10t-une-operation-securisee-et-maitrisee\/\">D\u00e9montage d\u2019un pont roulant bipoutre de 10T<\/a> - 16 mars 2026<\/li><li><a href=\"https:\/\/preprod.hiolle-bedrock.weareled.fr\/hiolle-technologies\/premiere-mission-pour-amodiag-senegal-2\/\">Premi\u00e8re mission pour Amodiag S\u00e9n\u00e9gal !<\/a> - 16 mars 2026<\/li><li><a href=\"https:\/\/preprod.hiolle-bedrock.weareled.fr\/hiolle-technologies\/hiolle-technologies-participe-au-salon-global-industrie-2026\/\">Rendez-vous \u00e0 Global Industrie<\/a> - 20 mars 2026<\/li><li><a href=\"https:\/\/preprod.hiolle-bedrock.weareled.fr\/hiolle-technologies\/pro-formation-demenage-a-quarouble\/\">PRO Formation d\u00e9m\u00e9nage \u00e0 Quarouble !<\/a> - 31 mars 2026<\/li><\/ul><\/div><\/div>\n","protected":false},"excerpt":{"rendered":"","protected":false},"author":1,"featured_media":0,"parent":0,"menu_order":0,"comment_status":"closed","ping_status":"closed","template":"","meta":{"_acf_changed":false,"_seopress_robots_primary_cat":"","_seopress_titles_title":"","_seopress_titles_desc":"","_seopress_robots_index":"","footnotes":""},"class_list":["post-1512","page","type-page","status-publish","hentry"],"acf":[],"lang":"fr","translations":{"fr":1512},"pll_sync_post":[],"_links":{"self":[{"href":"https:\/\/preprod.hiolle-bedrock.weareled.fr\/hiolle-technologies\/wp-json\/wp\/v2\/pages\/1512","targetHints":{"allow":["GET"]}}],"collection":[{"href":"https:\/\/preprod.hiolle-bedrock.weareled.fr\/hiolle-technologies\/wp-json\/wp\/v2\/pages"}],"about":[{"href":"https:\/\/preprod.hiolle-bedrock.weareled.fr\/hiolle-technologies\/wp-json\/wp\/v2\/types\/page"}],"author":[{"embeddable":true,"href":"https:\/\/preprod.hiolle-bedrock.weareled.fr\/hiolle-technologies\/wp-json\/wp\/v2\/users\/1"}],"replies":[{"embeddable":true,"href":"https:\/\/preprod.hiolle-bedrock.weareled.fr\/hiolle-technologies\/wp-json\/wp\/v2\/comments?post=1512"}],"version-history":[{"count":1,"href":"https:\/\/preprod.hiolle-bedrock.weareled.fr\/hiolle-technologies\/wp-json\/wp\/v2\/pages\/1512\/revisions"}],"predecessor-version":[{"id":1515,"href":"https:\/\/preprod.hiolle-bedrock.weareled.fr\/hiolle-technologies\/wp-json\/wp\/v2\/pages\/1512\/revisions\/1515"}],"wp:attachment":[{"href":"https:\/\/preprod.hiolle-bedrock.weareled.fr\/hiolle-technologies\/wp-json\/wp\/v2\/media?parent=1512"}],"curies":[{"name":"wp","href":"https:\/\/api.w.org\/{rel}","templated":true}]}}