{"id":19,"date":"2024-08-27T15:49:05","date_gmt":"2024-08-27T13:49:05","guid":{"rendered":"https:\/\/preprod.hiolle-bedrock.weareled.fr\/hiolle-technologies\/?page_id=19"},"modified":"2025-10-27T11:22:03","modified_gmt":"2025-10-27T10:22:03","slug":"notre-demarche-rse","status":"publish","type":"page","link":"https:\/\/preprod.hiolle-bedrock.weareled.fr\/hiolle-technologies\/notre-demarche-rse\/","title":{"rendered":"Nous conna\u00eetre &#8211; Notre d\u00e9marche RSE"},"content":{"rendered":"    <style>\n        #block_a867eed1ea2a451359fa018c975b0374 {\n            margin-top: 0px;\n        }\n\n        @media screen and (min-width: 768px) {\n            #block_a867eed1ea2a451359fa018c975b0374 {\n                margin-top: 0px;\n            }\n        }\n\n        #block_a867eed1ea2a451359fa018c975b0374 {\n            margin-bottom: 56px;\n        }\n\n        @media screen and (min-width: 768px) {\n            #block_a867eed1ea2a451359fa018c975b0374 {\n                margin-bottom: 96px;\n            }\n        }\n\n            <\/style>\n<section class=\"hero hero--secondary\" id=\"block_a867eed1ea2a451359fa018c975b0374\">\n    <div class=\"hero--container\">\n                    <div class=\"hero--img\">\n                <img decoding=\"async\" src=\"https:\/\/preprod.hiolle-bedrock.weareled.fr\/app\/uploads\/sites\/2\/2025\/08\/1720109423824-min.png\" alt=\"\">\n            <\/div>\n                <div class=\"hero--container-content\">\n                            <div class=\"hero--breadcrumb\">\n                    <nav  aria-label=\"Fil d&#039;Ariane\"><ol class=\"breadcrumb\" itemscope itemtype=\"https:\/\/schema.org\/BreadcrumbList\"><li class=\"breadcrumb-item active\" aria-current=\"page\" itemprop=\"itemListElement\" itemscope itemtype=\"https:\/\/schema.org\/ListItem\"><span itemprop=\"name\">Accueil<\/span><meta itemprop=\"position\" content=\"1\"><\/li><\/ol><\/nav>                <\/div>\n                                                    <div class=\"hero--content\">\n                    <p>Nous conna\u00eetre<\/p>\n<h1>Notre d\u00e9marche RSE<\/h1>\n<p>Engag\u00e9s pour un d\u00e9veloppement durable et \u00e9thique, nous int\u00e9grons des pratiques responsables \u00e0 chaque niveau de notre activit\u00e9, que ce soit en mati\u00e8re environnementale, sociale ou \u00e9conomique.<\/p>\n                <\/div>\n                                <\/div>\n    <\/div>\n<\/section>\n\n    <style>\n        #block_51e383c0be54c65631fd03978c7f3643:not(.blue) {\n            margin-top: 56px;\n        }\n\n        @media screen and (min-width: 768px) {\n            #block_51e383c0be54c65631fd03978c7f3643:not(.blue) {\n                margin-top: 96px;\n            }\n        }\n\n        #block_51e383c0be54c65631fd03978c7f3643:not(.blue) {\n            margin-bottom: 56px;\n        }\n\n        @media screen and (min-width: 768px) {\n            #block_51e383c0be54c65631fd03978c7f3643:not(.blue) {\n                margin-bottom: 96px;\n            }\n        }\n\n        #block_51e383c0be54c65631fd03978c7f3643.blue {\n            padding-top: 56px;\n        }\n\n        @media screen and (min-width: 768px) {\n            #block_51e383c0be54c65631fd03978c7f3643.blue {\n                padding-top: 96px;\n            }\n        }\n\n        #block_51e383c0be54c65631fd03978c7f3643.blue {\n            padding-bottom: 56px;\n        }\n\n        @media screen and (min-width: 768px) {\n            #block_51e383c0be54c65631fd03978c7f3643.blue {\n                padding-bottom: 96px;\n            }\n        }\n\n            <\/style>\n<section class=\"title   \" id=\"block_51e383c0be54c65631fd03978c7f3643\">\n        <div class=\"title--container container--large\">\n                                    <h2>Industriel et Responsable<\/h2>\n<p class=\"cvGsUA direction-ltr align-justify para-style-body\"><span class=\"a_GcMg font-feature-liga-off font-feature-clig-off font-feature-calt-off text-decoration-none text-strikethrough-none\">Nous croyons qu\u2019une entreprise responsable se construit par des actes concrets c\u2019est pourquoi nous avons choisi de structurer nos engagements autour de trois piliers essentiels :<\/span><\/p>\n<p>&nbsp;<\/p>\n                                    <\/div>\n<\/section>\n\n    <style>\n        #block_8c49116bcdd1b52db82cbd3919399f65:not(.medium-blue):not(.primary-blue) {\n            margin-top: 56px;\n        }\n\n        @media screen and (min-width: 768px) {\n            #block_8c49116bcdd1b52db82cbd3919399f65:not(.medium-blue):not(.primary-blue) {\n                margin-top: 96px;\n            }\n        }\n\n        #block_8c49116bcdd1b52db82cbd3919399f65:not(.medium-blue):not(.primary-blue) {\n            margin-bottom: 56px;\n        }\n\n        @media screen and (min-width: 768px) {\n            #block_8c49116bcdd1b52db82cbd3919399f65:not(.medium-blue):not(.primary-blue) {\n                margin-bottom: 96px;\n            }\n        }\n\n        #block_8c49116bcdd1b52db82cbd3919399f65.primary-blue,\n        #block_8c49116bcdd1b52db82cbd3919399f65.medium-blue {\n            padding-top: 56px;\n        }\n\n        @media screen and (min-width: 768px) {\n\n            #block_8c49116bcdd1b52db82cbd3919399f65.primary-blue,\n            #block_8c49116bcdd1b52db82cbd3919399f65.medium-blue {\n                padding-top: 96px;\n            }\n        }\n\n        #block_8c49116bcdd1b52db82cbd3919399f65.primary-blue,\n        #block_8c49116bcdd1b52db82cbd3919399f65.medium-blue {\n            padding-bottom: 56px;\n        }\n\n        @media screen and (min-width: 768px) {\n\n            #block_8c49116bcdd1b52db82cbd3919399f65.primary-blue,\n            #block_8c49116bcdd1b52db82cbd3919399f65.medium-blue {\n                padding-bottom: 96px;\n            }\n        }\n\n            <\/style>\n<section class=\"txt-img   \" id=\"block_8c49116bcdd1b52db82cbd3919399f65\" >\n        <div class=\"txt-img--container container--large\">\n                    <div class=\"txt-img--content\">\n                                    <h2>Notre Politique Environnementale<\/h2>\n<p>HIOLLE Technologies s\u2019engage \u00e0 r\u00e9duire son empreinte environnementale \u00e0 chaque \u00e9tape de ses processus de production et \u00e0 contribuer activement \u00e0 la transition \u00e9nerg\u00e9tique et \u00e9cologique de ses secteurs d\u2019activit\u00e9. Nous reconnaissons que le respect des normes environnementales n\u2019est pas seulement une obligation l\u00e9gale, mais \u00e9galement un levier d\u2019innovation et de comp\u00e9titivit\u00e9.<\/p>\n<p>3 grands axes strat\u00e9giques structurent notre Politique Environnementale pour en assurer une mise en \u0153uvre efficace :<\/p>\n<ul>\n<li>La gestion durable des ressources<\/li>\n<li>La r\u00e9duction de l\u2019empreinte carbone<\/li>\n<li>La sensibilisation et la formation des collaborateurs<\/li>\n<\/ul>\n                                                    <a href=\"https:\/\/preprod.hiolle-bedrock.weareled.fr\/app\/uploads\/sites\/2\/2025\/08\/Politique-Environnementale-2025-signee.pdf\" target=\"_blank\" class=\"btn   icon arrow-right\">\n                        Lire la politique                        <span><\/span>\n                    <\/a>\n                            <\/div>\n                            <div class=\"txt-img--images\">\n                <img decoding=\"async\" src=\"https:\/\/preprod.hiolle-bedrock.weareled.fr\/app\/uploads\/sites\/2\/2025\/08\/HIOLLE_PROUVY_096.jpg\" alt=\"\">\n                            <\/div>\n            <\/div>\n<\/section>\n\n    <style>\n        #block_cdd59e4442a122ec7daff5a486f3c87a:not(.medium-blue):not(.primary-blue) {\n            margin-top: 56px;\n        }\n\n        @media screen and (min-width: 768px) {\n            #block_cdd59e4442a122ec7daff5a486f3c87a:not(.medium-blue):not(.primary-blue) {\n                margin-top: 96px;\n            }\n        }\n\n        #block_cdd59e4442a122ec7daff5a486f3c87a:not(.medium-blue):not(.primary-blue) {\n            margin-bottom: 56px;\n        }\n\n        @media screen and (min-width: 768px) {\n            #block_cdd59e4442a122ec7daff5a486f3c87a:not(.medium-blue):not(.primary-blue) {\n                margin-bottom: 96px;\n            }\n        }\n\n        #block_cdd59e4442a122ec7daff5a486f3c87a.primary-blue,\n        #block_cdd59e4442a122ec7daff5a486f3c87a.medium-blue {\n            padding-top: 56px;\n        }\n\n        @media screen and (min-width: 768px) {\n\n            #block_cdd59e4442a122ec7daff5a486f3c87a.primary-blue,\n            #block_cdd59e4442a122ec7daff5a486f3c87a.medium-blue {\n                padding-top: 96px;\n            }\n        }\n\n        #block_cdd59e4442a122ec7daff5a486f3c87a.primary-blue,\n        #block_cdd59e4442a122ec7daff5a486f3c87a.medium-blue {\n            padding-bottom: 56px;\n        }\n\n        @media screen and (min-width: 768px) {\n\n            #block_cdd59e4442a122ec7daff5a486f3c87a.primary-blue,\n            #block_cdd59e4442a122ec7daff5a486f3c87a.medium-blue {\n                padding-bottom: 96px;\n            }\n        }\n\n            <\/style>\n<section class=\"txt-img  reverse medium-blue\" id=\"block_cdd59e4442a122ec7daff5a486f3c87a\" >\n        <div class=\"txt-img--container container--large\">\n                    <div class=\"txt-img--content\">\n                                    <h2>Notre Politique Sociale et Droits de l&rsquo;Homme<\/h2>\n<p>Nous croyons qu\u2019il est important d\u2019offrir \u00e0 nos collaborateurs un environnement stimulant, des perspectives d\u2019\u00e9volution motivantes, ainsi que la possibilit\u00e9 de changer les choses.<br \/>\nNous encourageons un climat d\u2019ouverture, de courage, de g\u00e9n\u00e9rosit\u00e9 et de respect, pour que chaque collaborateur se sente libre d\u2019exprimer ses questions, ses id\u00e9es et ses pr\u00e9occupations.<\/p>\n<p>6 grands axes strat\u00e9giques structurent notre Politique Sociale et Droits Humains pour en assurer une mise en \u0153uvre efficace :<\/p>\n<ul>\n<li>Sant\u00e9 et s\u00e9curit\u00e9<\/li>\n<li>Diversit\u00e9, \u00e9quit\u00e9 et inclusion<\/li>\n<li>Formation et gestion de carri\u00e8re<\/li>\n<li>Dialogue social<\/li>\n<li>Conditions de travail<\/li>\n<li>Travail forc\u00e9 et travail des enfants<\/li>\n<\/ul>\n                                                    <a href=\"https:\/\/preprod.hiolle-bedrock.weareled.fr\/app\/uploads\/sites\/2\/2025\/08\/Politique-Sociale-et-Droits-Humains-et-Securite-signee.pdf\" target=\"_blank\" class=\"btn tertiary-light  icon arrow-right\">\n                        Lire la politique                        <span><\/span>\n                    <\/a>\n                            <\/div>\n                            <div class=\"txt-img--images\">\n                <img decoding=\"async\" src=\"https:\/\/preprod.hiolle-bedrock.weareled.fr\/app\/uploads\/sites\/2\/2025\/01\/HIOLLE_OSNY_027.jpg\" alt=\"\">\n                            <\/div>\n            <\/div>\n<\/section>\n\n    <style>\n        #block_a6622e167c474ed5d2ae7dd83d23f8ea:not(.medium-blue):not(.primary-blue) {\n            margin-top: 56px;\n        }\n\n        @media screen and (min-width: 768px) {\n            #block_a6622e167c474ed5d2ae7dd83d23f8ea:not(.medium-blue):not(.primary-blue) {\n                margin-top: 96px;\n            }\n        }\n\n        #block_a6622e167c474ed5d2ae7dd83d23f8ea:not(.medium-blue):not(.primary-blue) {\n            margin-bottom: 56px;\n        }\n\n        @media screen and (min-width: 768px) {\n            #block_a6622e167c474ed5d2ae7dd83d23f8ea:not(.medium-blue):not(.primary-blue) {\n                margin-bottom: 96px;\n            }\n        }\n\n        #block_a6622e167c474ed5d2ae7dd83d23f8ea.primary-blue,\n        #block_a6622e167c474ed5d2ae7dd83d23f8ea.medium-blue {\n            padding-top: 56px;\n        }\n\n        @media screen and (min-width: 768px) {\n\n            #block_a6622e167c474ed5d2ae7dd83d23f8ea.primary-blue,\n            #block_a6622e167c474ed5d2ae7dd83d23f8ea.medium-blue {\n                padding-top: 96px;\n            }\n        }\n\n        #block_a6622e167c474ed5d2ae7dd83d23f8ea.primary-blue,\n        #block_a6622e167c474ed5d2ae7dd83d23f8ea.medium-blue {\n            padding-bottom: 56px;\n        }\n\n        @media screen and (min-width: 768px) {\n\n            #block_a6622e167c474ed5d2ae7dd83d23f8ea.primary-blue,\n            #block_a6622e167c474ed5d2ae7dd83d23f8ea.medium-blue {\n                padding-bottom: 96px;\n            }\n        }\n\n            <\/style>\n<section class=\"txt-img   \" id=\"block_a6622e167c474ed5d2ae7dd83d23f8ea\" >\n        <div class=\"txt-img--container container--large\">\n                    <div class=\"txt-img--content\">\n                                    <h2>Notre Politique d&rsquo;Achats Responsables<\/h2>\n<p class=\"cvGsUA direction-ltr align-justify para-style-body\"><span class=\"a_GcMg font-feature-liga-off font-feature-clig-off font-feature-calt-off text-decoration-none text-strikethrough-none\">Nous reconnaissons l\u2019importance de travailler avec des fournisseurs qui partagent nos valeurs et notre engagement envers des pratiques durables, \u00e9thiques et socialement responsables.<\/span><\/p>\n<p class=\"cvGsUA direction-ltr align-justify para-style-body\"><span class=\"a_GcMg font-feature-liga-off font-feature-clig-off font-feature-calt-off text-decoration-none text-strikethrough-none\">Cette politique d&rsquo;Achats Responsables s\u2019applique \u00e0 l\u2019ensemble des acteurs de la supply chain : les services achats, les chefs de projet, les sous-traitants, les fournisseurs et les clients.<\/span><\/p>\n<p>3 axes strat\u00e9giques structurent cette politique permettant ainsi de r\u00e9duire l\u2019impact environnemental de ces achats en favorisant les produits et services \u00e9co-responsables :<\/p>\n<ul>\n<li>La s\u00e9lection de fournisseurs durables<\/li>\n<li>La r\u00e9duction de l\u2019empreinte carbone et le recyclage des d\u00e9chets<\/li>\n<li>L\u2019\u00e9thique<\/li>\n<\/ul>\n                                                    <a href=\"https:\/\/preprod.hiolle-bedrock.weareled.fr\/app\/uploads\/sites\/2\/2025\/08\/Politique-Achats-Responsables-2025-signee.pdf\" target=\"_blank\" class=\"btn   icon arrow-right\">\n                        Lire la politique                        <span><\/span>\n                    <\/a>\n                            <\/div>\n                            <div class=\"txt-img--images\">\n                <img decoding=\"async\" src=\"https:\/\/preprod.hiolle-bedrock.weareled.fr\/app\/uploads\/sites\/2\/2024\/10\/Politique-achats-resp.jpg\" alt=\"\">\n                            <\/div>\n            <\/div>\n<\/section>\n\n    <style>\n        #block_0735e6a591e266f4bf9c875db7a25571:not(.blue) {\n            margin-top: 56px;\n        }\n\n        @media screen and (min-width: 768px) {\n            #block_0735e6a591e266f4bf9c875db7a25571:not(.blue) {\n                margin-top: 80px;\n            }\n        }\n\n        #block_0735e6a591e266f4bf9c875db7a25571:not(.blue) {\n            margin-bottom: 56px;\n        }\n\n        @media screen and (min-width: 768px) {\n            #block_0735e6a591e266f4bf9c875db7a25571:not(.blue) {\n                margin-bottom: 80px;\n            }\n        }\n\n        #block_0735e6a591e266f4bf9c875db7a25571.blue {\n            padding-top: 56px;\n        }\n\n        @media screen and (min-width: 768px) {\n            #block_0735e6a591e266f4bf9c875db7a25571.blue {\n                padding-top: 80px;\n            }\n        }\n\n        #block_0735e6a591e266f4bf9c875db7a25571.blue {\n            padding-bottom: 56px;\n        }\n\n        @media screen and (min-width: 768px) {\n            #block_0735e6a591e266f4bf9c875db7a25571.blue {\n                padding-bottom: 80px;\n            }\n        }\n\n            <\/style>\n<section class=\"quote blue\" id=\"block_0735e6a591e266f4bf9c875db7a25571\">\n    <div class=\"quote--container container--large\">\n                    <blockquote>\n                <p>\u00ab\u00a0Les risques li\u00e9s \u00e0 l\u2019\u00e9thique, \u00e0 l\u2019environnement, au travail et aux droits de l\u2019homme sont aujourd\u2019hui des questions cruciales dans nos partenariats commerciaux et \u00eatre en capacit\u00e9 de fournir les preuves demand\u00e9es par certains de nos donneurs d\u2019ordres est essentiel.\u00a0\u00bb<\/p>\n            <\/blockquote>\n                            <div class=\"name-infos\">\n                                    <div class=\"name-infos--img\">\n                        <img decoding=\"async\" src=\"https:\/\/preprod.hiolle-bedrock.weareled.fr\/app\/uploads\/sites\/2\/2024\/10\/Copie-de-Thierry-CAPON2.jpg\" alt=\"\">\n                    <\/div>\n                                <div class=\"name-infos--name\">\n                                            <p class=\"name\">Thierry CAPON<\/p>\n                                                                <p class=\"function\">Directeur RSE HIOLLE Technologies<\/p>\n                                    <\/div>\n            <\/div>\n            <\/div>\n<\/section>\n\n    <style>\n        #block_1f0ebdcceb84550d0c963a8b1e029798:not(.medium-blue):not(.primary-blue) {\n            margin-top: 56px;\n        }\n\n        @media screen and (min-width: 768px) {\n            #block_1f0ebdcceb84550d0c963a8b1e029798:not(.medium-blue):not(.primary-blue) {\n                margin-top: 96px;\n            }\n        }\n\n        #block_1f0ebdcceb84550d0c963a8b1e029798:not(.medium-blue):not(.primary-blue) {\n            margin-bottom: 56px;\n        }\n\n        @media screen and (min-width: 768px) {\n            #block_1f0ebdcceb84550d0c963a8b1e029798:not(.medium-blue):not(.primary-blue) {\n                margin-bottom: 96px;\n            }\n        }\n\n        #block_1f0ebdcceb84550d0c963a8b1e029798.primary-blue,\n        #block_1f0ebdcceb84550d0c963a8b1e029798.medium-blue {\n            padding-top: 56px;\n        }\n\n        @media screen and (min-width: 768px) {\n\n            #block_1f0ebdcceb84550d0c963a8b1e029798.primary-blue,\n            #block_1f0ebdcceb84550d0c963a8b1e029798.medium-blue {\n                padding-top: 96px;\n            }\n        }\n\n        #block_1f0ebdcceb84550d0c963a8b1e029798.primary-blue,\n        #block_1f0ebdcceb84550d0c963a8b1e029798.medium-blue {\n            padding-bottom: 56px;\n        }\n\n        @media screen and (min-width: 768px) {\n\n            #block_1f0ebdcceb84550d0c963a8b1e029798.primary-blue,\n            #block_1f0ebdcceb84550d0c963a8b1e029798.medium-blue {\n                padding-bottom: 96px;\n            }\n        }\n\n            <\/style>\n<section class=\"txt-img  reverse \" id=\"block_1f0ebdcceb84550d0c963a8b1e029798\" >\n        <div class=\"txt-img--container container--large\">\n                    <div class=\"txt-img--content\">\n                                    <h2>Notre certification Ecovadis<\/h2>\n<p class=\"cvGsUA direction-ltr align-justify para-style-body\"><span class=\"a_GcMg font-feature-liga-off font-feature-clig-off font-feature-calt-off text-decoration-none text-strikethrough-none\">La certification ECOVADIS, reconnue mondialement, fournit une \u00e9valuation fiable des pratiques des entreprises, attribue une notation et devient une \u00e9tape importante \u00e0 inclure \u00e0 toute strat\u00e9gie RSE.<\/span><\/p>\n<p class=\"cvGsUA direction-ltr align-justify para-style-body\"><span class=\"a_GcMg font-feature-liga-off font-feature-clig-off font-feature-calt-off text-decoration-none text-strikethrough-none\">Elle donne aux entreprises une vision globale de leurs performances en mati\u00e8re de d\u00e9veloppement durable, elle leur permet d&rsquo;\u00e9valuer et de partager leurs performances actuelles et ce qu\u2019elles doivent faire pour s\u2019am\u00e9liorer.<\/span><\/p>\n<p><span class=\"a_GcMg font-feature-liga-off font-feature-clig-off font-feature-calt-off text-decoration-none text-strikethrough-none\">L&rsquo;\u00e9valuation ECOVADIS de HIOLLE Technologies se base sur un questionnaire adapt\u00e9 \u00e0 nos activit\u00e9s, qui couvre 21 crit\u00e8res de durabilit\u00e9 r\u00e9partis dans quatre domaines : environnement, social, \u00e9thique et achats responsables.<\/span><\/p>\n                                            <\/div>\n                            <div class=\"txt-img--images\">\n                <img decoding=\"async\" src=\"https:\/\/preprod.hiolle-bedrock.weareled.fr\/app\/uploads\/sites\/2\/2024\/10\/Politique-environnementale-2.jpg\" alt=\"\">\n                                    <div class=\"txt-img--images-logo\">\n                        <img decoding=\"async\" src=\"https:\/\/preprod.hiolle-bedrock.weareled.fr\/app\/uploads\/sites\/2\/2025\/10\/Ecovadis-bronze.jpg\" alt=\"\" class=\"logo\">\n                    <\/div>\n                            <\/div>\n            <\/div>\n<\/section>\n\n    <style>\n        #block_523a6e8bd1e1e1321d701436afc07e5b:not(.blue) {\n            margin-top: 56px;\n        }\n\n        @media screen and (min-width: 768px) {\n            #block_523a6e8bd1e1e1321d701436afc07e5b:not(.blue) {\n                margin-top: 96px;\n            }\n        }\n\n        #block_523a6e8bd1e1e1321d701436afc07e5b:not(.blue) {\n            margin-bottom: 56px;\n        }\n\n        @media screen and (min-width: 768px) {\n            #block_523a6e8bd1e1e1321d701436afc07e5b:not(.blue) {\n                margin-bottom: 96px;\n            }\n        }\n\n        #block_523a6e8bd1e1e1321d701436afc07e5b.blue {\n            padding-top: 56px;\n        }\n\n        @media screen and (min-width: 768px) {\n            #block_523a6e8bd1e1e1321d701436afc07e5b.blue {\n                padding-top: 96px;\n            }\n        }\n\n        #block_523a6e8bd1e1e1321d701436afc07e5b.blue {\n            padding-bottom: 56px;\n        }\n\n        @media screen and (min-width: 768px) {\n            #block_523a6e8bd1e1e1321d701436afc07e5b.blue {\n                padding-bottom: 96px;\n            }\n        }\n\n            <\/style>\n<section class=\"redirection-reduced \" id=\"block_523a6e8bd1e1e1321d701436afc07e5b\">\n    <div class=\"redirection-reduced--container container--large\">\n                    <h4>Vous souhaitez en savoir plus sur notre d\u00e9marche RSE ?<\/h4>\n                            <a href=\"https:\/\/preprod.hiolle-bedrock.weareled.fr\/app\/uploads\/2024\/09\/Rapport-dact.-et-dev-2023-2024_compressed.pdf\" target=\"_self\" class=\"btn secondary icon arrow-right\">Consulter le rapport RSE<span><\/span><\/a>\n            <\/div>\n<\/section>\n\n    <style>\n        #block_b2dfd0c62bdf35ce1f4f2bae39b7bce2 {\n            margin-top: 56px;\n        }\n\n        @media screen and (min-width: 768px) {\n            #block_b2dfd0c62bdf35ce1f4f2bae39b7bce2 {\n                margin-top: 96px;\n            }\n        }\n\n        #block_b2dfd0c62bdf35ce1f4f2bae39b7bce2 {\n            margin-bottom: 56px;\n        }\n\n        @media screen and (min-width: 768px) {\n            #block_b2dfd0c62bdf35ce1f4f2bae39b7bce2 {\n                margin-bottom: 96px;\n            }\n        }\n\n            <\/style>\n","protected":false},"excerpt":{"rendered":"","protected":false},"author":1,"featured_media":0,"parent":0,"menu_order":0,"comment_status":"closed","ping_status":"closed","template":"","meta":{"_acf_changed":false,"_seopress_robots_primary_cat":"","_seopress_titles_title":"","_seopress_titles_desc":"","_seopress_robots_index":"","footnotes":""},"class_list":["post-19","page","type-page","status-publish","hentry"],"acf":[],"lang":"fr","translations":{"fr":19},"pll_sync_post":[],"_links":{"self":[{"href":"https:\/\/preprod.hiolle-bedrock.weareled.fr\/hiolle-technologies\/wp-json\/wp\/v2\/pages\/19","targetHints":{"allow":["GET"]}}],"collection":[{"href":"https:\/\/preprod.hiolle-bedrock.weareled.fr\/hiolle-technologies\/wp-json\/wp\/v2\/pages"}],"about":[{"href":"https:\/\/preprod.hiolle-bedrock.weareled.fr\/hiolle-technologies\/wp-json\/wp\/v2\/types\/page"}],"author":[{"embeddable":true,"href":"https:\/\/preprod.hiolle-bedrock.weareled.fr\/hiolle-technologies\/wp-json\/wp\/v2\/users\/1"}],"replies":[{"embeddable":true,"href":"https:\/\/preprod.hiolle-bedrock.weareled.fr\/hiolle-technologies\/wp-json\/wp\/v2\/comments?post=19"}],"version-history":[{"count":57,"href":"https:\/\/preprod.hiolle-bedrock.weareled.fr\/hiolle-technologies\/wp-json\/wp\/v2\/pages\/19\/revisions"}],"predecessor-version":[{"id":1881,"href":"https:\/\/preprod.hiolle-bedrock.weareled.fr\/hiolle-technologies\/wp-json\/wp\/v2\/pages\/19\/revisions\/1881"}],"wp:attachment":[{"href":"https:\/\/preprod.hiolle-bedrock.weareled.fr\/hiolle-technologies\/wp-json\/wp\/v2\/media?parent=19"}],"curies":[{"name":"wp","href":"https:\/\/api.w.org\/{rel}","templated":true}]}}