{"id":207,"date":"2024-09-25T14:40:11","date_gmt":"2024-09-25T12:40:11","guid":{"rendered":"https:\/\/preprod.hiolle-bedrock.weareled.fr\/hiolle-technologies\/?page_id=207"},"modified":"2026-03-17T12:20:51","modified_gmt":"2026-03-17T11:20:51","slug":"armoires-electriques-sur-mesure","status":"publish","type":"page","link":"https:\/\/preprod.hiolle-bedrock.weareled.fr\/hiolle-technologies\/solutions-realisations\/cablage-dequipements-electriques\/armoires-electriques-sur-mesure\/","title":{"rendered":"Armoires \u00e9lectriques sur-mesure"},"content":{"rendered":"    <style>\n        #block_83fb972d099f0e52306fdfeb61b7c575 {\n            margin-top: 0px;\n        }\n\n        @media screen and (min-width: 768px) {\n            #block_83fb972d099f0e52306fdfeb61b7c575 {\n                margin-top: 0px;\n            }\n        }\n\n        #block_83fb972d099f0e52306fdfeb61b7c575 {\n            margin-bottom: 56px;\n        }\n\n        @media screen and (min-width: 768px) {\n            #block_83fb972d099f0e52306fdfeb61b7c575 {\n                margin-bottom: 96px;\n            }\n        }\n\n            <\/style>\n<section class=\"hero hero--secondary\" id=\"block_83fb972d099f0e52306fdfeb61b7c575\">\n    <div class=\"hero--container\">\n                    <div class=\"hero--img\">\n                <img decoding=\"async\" src=\"https:\/\/preprod.hiolle-bedrock.weareled.fr\/app\/uploads\/sites\/2\/2024\/10\/HIOLLE_TECHNO_ST_Q_060-1.jpg\" alt=\"\">\n            <\/div>\n                <div class=\"hero--container-content\">\n                            <div class=\"hero--breadcrumb\">\n                    <nav  aria-label=\"Fil d&#039;Ariane\"><ol class=\"breadcrumb\" itemscope itemtype=\"https:\/\/schema.org\/BreadcrumbList\"><li class=\"breadcrumb-item active\" aria-current=\"page\" itemprop=\"itemListElement\" itemscope itemtype=\"https:\/\/schema.org\/ListItem\"><span itemprop=\"name\">Accueil<\/span><meta itemprop=\"position\" content=\"1\"><\/li><\/ol><\/nav>                <\/div>\n                                                    <div class=\"hero--content\">\n                    <p class=\"uptitle\">Solutions &amp; r\u00e9alisations<\/p>\n<h1>Armoires \u00e9lectriques<\/h1>\n<h1>sur-mesure<\/h1>\n<p>Conception, fabrication, test et installation d&rsquo;armoires et tableaux \u00e9lectriques sur-mesure<\/p>\n                <\/div>\n                                <\/div>\n    <\/div>\n<\/section>\n\n    <style>\n        #block_64ff47aee8a7afa7909cefec2351f759 {\n            margin-top: 8px;\n        }\n\n        @media screen and (min-width: 768px) {\n            #block_64ff47aee8a7afa7909cefec2351f759 {\n                margin-top: 24px;\n            }\n        }\n\n        #block_64ff47aee8a7afa7909cefec2351f759 {\n            margin-bottom: 56px;\n        }\n\n        @media screen and (min-width: 768px) {\n            #block_64ff47aee8a7afa7909cefec2351f759 {\n                margin-bottom: 80px;\n            }\n        }\n\n            <\/style>\n<section class=\"simplified-nav\" id=\"block_64ff47aee8a7afa7909cefec2351f759\">\n    <div class=\"simplified-nav--container container--large\">\n                    <div class=\"simplified-nav--label\">\n                <p>Nos solutions<\/p>\n            <\/div>\n                \n                    <div class=\"simplified-nav--select is-custom-select\">\n                                                    <select onchange=\"window.location=this.value\">\n                                                                                                                                                                                            <option                                     value=\"https:\/\/preprod.hiolle-bedrock.weareled.fr\/hiolle-technologies\/solutions-realisations\/conception-fabrication-de-machines-speciales-et-integration-robotique\/\">\n                                    Conception, fabrication de machines sp\u00e9ciales et int\u00e9gration robotique                                <\/option>\n\n                                                                                                                                                                                                                        <option                                     value=\"https:\/\/preprod.hiolle-bedrock.weareled.fr\/hiolle-technologies\/solutions-realisations\/conception-fabrication-et-integration-densembles-electroniques\/\">\n                                    Conception, fabrication et int\u00e9gration d&rsquo;ensembles \u00e9lectroniques                                <\/option>\n\n                                                                                                                                                                                                                        <option selected                                    value=\"https:\/\/preprod.hiolle-bedrock.weareled.fr\/hiolle-technologies\/solutions-realisations\/cablage-dequipements-electriques\/\">\n                                    Conception, fabrication et int\u00e9gration d&rsquo;\u00e9quipements \u00e9lectriques                                <\/option>\n\n                                                                                                                                                                                <\/select>\n                            <\/div>\n            <\/div>\n<\/section>\n\n    <style>\n        #block_7884708698675eafc45786ed11eb4209 {\n            margin-top: 56px;\n        }\n\n        @media screen and (min-width: 768px) {\n            #block_7884708698675eafc45786ed11eb4209 {\n                margin-top: 80px;\n            }\n        }\n\n        #block_7884708698675eafc45786ed11eb4209 {\n            margin-bottom: 56px;\n        }\n\n        @media screen and (min-width: 768px) {\n            #block_7884708698675eafc45786ed11eb4209 {\n                margin-bottom: 96px;\n            }\n        }\n\n            <\/style>\n<section class=\"expertises-list\" id=\"block_7884708698675eafc45786ed11eb4209\">\n            <div class=\"expertises-list--title container--large\">\n            <h2>Nos produits et services<\/h2>\n        <\/div>\n                <div class=\"expertises-list--list container--large\">\n                                            <div class=\"card-expertise\">\n                                            <div class=\"card-expertise--image\">\n                            <img decoding=\"async\" src=\"https:\/\/preprod.hiolle-bedrock.weareled.fr\/app\/uploads\/sites\/2\/2026\/03\/Armoire_controle_commande.jpg\" alt=\"\">\n                            <span class=\"legend\"><\/span>\n                        <\/div>\n                                        <div class=\"card-expertise--content\">\n                                                    <h4>Armoires \u00e9lectriques industrielles basse tension<\/h4>\n                                                                                                    <p>Conception et fabrication d\u2019armoires de contr\u00f4le commande, de distribution, de puissance et convertisseurs d&rsquo;\u00e9nergie.<\/p>\n                                            <\/div>\n                    <!-- <a href=\"#\"><\/a> -->\n                <\/div>\n                                            <div class=\"card-expertise\">\n                                            <div class=\"card-expertise--image\">\n                            <img decoding=\"async\" src=\"https:\/\/preprod.hiolle-bedrock.weareled.fr\/app\/uploads\/sites\/2\/2026\/03\/Coffret_UL.jpg\" alt=\"\">\n                            <span class=\"legend\"><\/span>\n                        <\/div>\n                                        <div class=\"card-expertise--content\">\n                                                    <h4>Coffrets \u00e9lectriques et tableaux \u00e9lectriques<\/h4>\n                                                                                                    <p>Conception et fabrication de coffrets et tableaux \u00e9lectriques sur-mesure pour l\u2019industrie dont des coffrets certifi\u00e9s UL.<br \/>\r\n<\/p>\n                                            <\/div>\n                    <!-- <a href=\"#\"><\/a> -->\n                <\/div>\n                                            <div class=\"card-expertise\">\n                                            <div class=\"card-expertise--image\">\n                            <img decoding=\"async\" src=\"https:\/\/preprod.hiolle-bedrock.weareled.fr\/app\/uploads\/sites\/2\/2026\/03\/TGBT.jpg\" alt=\"\">\n                            <span class=\"legend\"><\/span>\n                        <\/div>\n                                        <div class=\"card-expertise--content\">\n                                                    <h4>Tableaux G\u00e9n\u00e9raux Basse Tension<\/h4>\n                                                                                                    <p>Conception et fabrication de tableaux de distribution \u00e9lectrique pour les sites industriels (TGBT)<br \/>\r\n<\/p>\n                                            <\/div>\n                    <!-- <a href=\"#\"><\/a> -->\n                <\/div>\n                    <\/div>\n    <\/section>\n\n    <style>\n        #block_0d1be94c5d8f8102e5090b043b9dca9d {\n            margin-top: 56px;\n        }\n\n        @media screen and (min-width: 768px) {\n            #block_0d1be94c5d8f8102e5090b043b9dca9d {\n                margin-top: 96px;\n            }\n        }\n\n        #block_0d1be94c5d8f8102e5090b043b9dca9d {\n            margin-bottom: 56px;\n        }\n\n        @media screen and (min-width: 768px) {\n            #block_0d1be94c5d8f8102e5090b043b9dca9d {\n                margin-bottom: 96px;\n            }\n        }\n\n            <\/style>\n    <section class=\"slider-actualites glue nav-medium \" id=\"block_0d1be94c5d8f8102e5090b043b9dca9d\">\n                <div class=\"slider-actualites--container\">\n            <div class=\"slider-actualites--header container--large\">\n                                    <div class=\"slider-actualites--title\">\n                        <p class=\"uptitle\">Nos actualit\u00e9s<\/p>\n<h2>D\u00e9couvrez toutes <span style=\"color: #009cde\">nos derni\u00e8res r\u00e9alisations\u00a0<\/span><\/h2>\n                    <\/div>\n                                                    <a href=\"https:\/\/preprod.hiolle-bedrock.weareled.fr\/hiolle-technologies\/nos-actualites\/\" class=\"link dark icon arrow-right\">Voir toutes les actualit\u00e9s<\/a>\n                            <\/div>\n            <div class=\"slider-actualites--slider container--large owl-carousel\">\n                                                        <div class=\"card-actuality\">\n                        <a href=\"https:\/\/preprod.hiolle-bedrock.weareled.fr\/hiolle-technologies\/une-collaboration-inter-filiales-reussie\/\" class=\"card-actuality--link\"><\/a>\n                        <div class=\"card-actuality--image\">\n                                                            <img decoding=\"async\" src=\"https:\/\/preprod.hiolle-bedrock.weareled.fr\/app\/uploads\/sites\/2\/2025\/10\/HIOLLE_PROUVY_090-min-2-1.jpg\" alt=\"\">\n                                                                                        <div class=\"card-actuality--categories\">\n                                                                            <span class=\"category\">R\u00e9alisations<\/span>\n                                                                    <\/div>\n                                                    <\/div>\n                        <div class=\"card-actuality--content\">\n                            <div class=\"card-actuality--title\">\n                                                                                                                                                            <span class=\"tag\">HIOLLE TECHNOLOGIES<\/span>\n                                                                                                                                            <h5>Une collaboration inter-filiales r\u00e9ussie !<\/h5>\n                            <\/div>\n                                                        <div class=\"card-actuality--footer\">\n                                <span class=\"date\">17 mars 2025<\/span>\n                                <span class=\"arrow-btn light-green\"><span><\/span><\/span>\n                            <\/div>\n                        <\/div>\n                    <\/div>\n                                                        <div class=\"card-actuality\">\n                        <a href=\"https:\/\/preprod.hiolle-bedrock.weareled.fr\/hiolle-technologies\/renovation-robotique-hiolle-technologies-a-remis-en-etat-135-robots\/\" class=\"card-actuality--link\"><\/a>\n                        <div class=\"card-actuality--image\">\n                                                            <img decoding=\"async\" src=\"https:\/\/preprod.hiolle-bedrock.weareled.fr\/app\/uploads\/sites\/2\/2024\/09\/HIOLLE_TECHNO_ST_Q_067.jpg\" alt=\"\">\n                                                                                        <div class=\"card-actuality--categories\">\n                                                                            <span class=\"category\">R\u00e9alisations<\/span>\n                                                                    <\/div>\n                                                    <\/div>\n                        <div class=\"card-actuality--content\">\n                            <div class=\"card-actuality--title\">\n                                                                                                                    <span class=\"tag\">HIOLLE TECHNOLOGIES<\/span>\n                                                                                                    <h5>R\u00e9novation robotique d&rsquo;ampleur !<\/h5>\n                            <\/div>\n                                                        <div class=\"card-actuality--footer\">\n                                <span class=\"date\">26 janvier 2025<\/span>\n                                <span class=\"arrow-btn light-green\"><span><\/span><\/span>\n                            <\/div>\n                        <\/div>\n                    <\/div>\n                            <\/div>\n            <div class=\"slider-actualites--navigation owl-nav container--large\">\n                <span class=\"indicator\"><\/span>\n                <div class=\"slider-actualites--dots owl-dots\"><\/div>\n            <\/div>\n        <\/div>\n    <\/section>\n\n\n    <style>\n        #block_be10219737417024b3b9e6f78244319d {\n            margin-top: 56px;\n        }\n\n        @media screen and (min-width: 768px) {\n            #block_be10219737417024b3b9e6f78244319d {\n                margin-top: 96px;\n            }\n        }\n\n        #block_be10219737417024b3b9e6f78244319d {\n            margin-bottom: 56px;\n        }\n\n        @media screen and (min-width: 768px) {\n            #block_be10219737417024b3b9e6f78244319d {\n                margin-bottom: 96px;\n            }\n        }\n\n            <\/style>\n<section class=\"redirection-double \" id=\"block_be10219737417024b3b9e6f78244319d\">\n        <div class=\"redirection-double--container container--large\">\n                    <div class=\"background\">\n                                                    <h3>Vous souhaitez prendre contact avec nous ?<\/h3>\n<p>Une question ? Une demande particuli\u00e8re ? Un projet ? Contactez-nous d\u00e8s aujourd\u2019hui, nous nous ferons un plaisir de vous r\u00e9pondre dans les plus brefs d\u00e9lais.<\/p>\n                                                    <a href=\"https:\/\/preprod.hiolle-bedrock.weareled.fr\/hiolle-technologies\/contactez-nous\/\" target=\"\" class=\"btn secondary icon arrow-right\">Nous contacter<span><\/span><\/a>\n                            <\/div>\n                            <div class=\"light\">\n                                    <h3>D\u00e9couvrez nos autres solutions !<\/h3>\n<p>Nos \u00e9quipes sont \u00e9galement sp\u00e9cialis\u00e9es dans le c\u00e2blage \u00e9lectrique, les machines sp\u00e9ciales et l&rsquo;int\u00e9gration robotique.<\/p>\n                                                    <a href=\"https:\/\/preprod.hiolle-bedrock.weareled.fr\/hiolle-technologies\/solutions-realisations\/\" target=\"\" class=\"btn icon arrow-right\">Voir toutes nos solutions<span><\/span><\/a>\n                            <\/div>\n            <\/div>\n<\/section>","protected":false},"excerpt":{"rendered":"<p>Conception, fabrication et installation d&rsquo;armoires basse tension<\/p>\n","protected":false},"author":1,"featured_media":834,"parent":194,"menu_order":2,"comment_status":"closed","ping_status":"closed","template":"","meta":{"_acf_changed":false,"_seopress_robots_primary_cat":"","_seopress_titles_title":"Armoires \u00e9lectriques sur-mesure","_seopress_titles_desc":"","_seopress_robots_index":"","footnotes":""},"class_list":["post-207","page","type-page","status-publish","has-post-thumbnail","hentry"],"acf":[],"lang":"fr","translations":{"fr":207},"pll_sync_post":[],"_links":{"self":[{"href":"https:\/\/preprod.hiolle-bedrock.weareled.fr\/hiolle-technologies\/wp-json\/wp\/v2\/pages\/207","targetHints":{"allow":["GET"]}}],"collection":[{"href":"https:\/\/preprod.hiolle-bedrock.weareled.fr\/hiolle-technologies\/wp-json\/wp\/v2\/pages"}],"about":[{"href":"https:\/\/preprod.hiolle-bedrock.weareled.fr\/hiolle-technologies\/wp-json\/wp\/v2\/types\/page"}],"author":[{"embeddable":true,"href":"https:\/\/preprod.hiolle-bedrock.weareled.fr\/hiolle-technologies\/wp-json\/wp\/v2\/users\/1"}],"replies":[{"embeddable":true,"href":"https:\/\/preprod.hiolle-bedrock.weareled.fr\/hiolle-technologies\/wp-json\/wp\/v2\/comments?post=207"}],"version-history":[{"count":26,"href":"https:\/\/preprod.hiolle-bedrock.weareled.fr\/hiolle-technologies\/wp-json\/wp\/v2\/pages\/207\/revisions"}],"predecessor-version":[{"id":2388,"href":"https:\/\/preprod.hiolle-bedrock.weareled.fr\/hiolle-technologies\/wp-json\/wp\/v2\/pages\/207\/revisions\/2388"}],"up":[{"embeddable":true,"href":"https:\/\/preprod.hiolle-bedrock.weareled.fr\/hiolle-technologies\/wp-json\/wp\/v2\/pages\/194"}],"wp:featuredmedia":[{"embeddable":true,"href":"https:\/\/preprod.hiolle-bedrock.weareled.fr\/hiolle-technologies\/wp-json\/wp\/v2\/media\/834"}],"wp:attachment":[{"href":"https:\/\/preprod.hiolle-bedrock.weareled.fr\/hiolle-technologies\/wp-json\/wp\/v2\/media?parent=207"}],"curies":[{"name":"wp","href":"https:\/\/api.w.org\/{rel}","templated":true}]}}