{"id":219,"date":"2024-09-25T14:43:59","date_gmt":"2024-09-25T12:43:59","guid":{"rendered":"https:\/\/preprod.hiolle-bedrock.weareled.fr\/hiolle-technologies\/?page_id=219"},"modified":"2026-03-19T15:22:55","modified_gmt":"2026-03-19T14:22:55","slug":"bancs-de-tests","status":"publish","type":"page","link":"https:\/\/preprod.hiolle-bedrock.weareled.fr\/hiolle-technologies\/solutions-realisations\/conception-fabrication-et-integration-densembles-electroniques\/bancs-de-tests\/","title":{"rendered":"Bancs de tests standards ou sp\u00e9cifiques"},"content":{"rendered":"    <style>\n        #block_6b2c444173c4076aa9d6b5788a3bc3f3 {\n            margin-top: 0px;\n        }\n\n        @media screen and (min-width: 768px) {\n            #block_6b2c444173c4076aa9d6b5788a3bc3f3 {\n                margin-top: 0px;\n            }\n        }\n\n        #block_6b2c444173c4076aa9d6b5788a3bc3f3 {\n            margin-bottom: 56px;\n        }\n\n        @media screen and (min-width: 768px) {\n            #block_6b2c444173c4076aa9d6b5788a3bc3f3 {\n                margin-bottom: 96px;\n            }\n        }\n\n            <\/style>\n<section class=\"hero hero--secondary\" id=\"block_6b2c444173c4076aa9d6b5788a3bc3f3\">\n    <div class=\"hero--container\">\n                    <div class=\"hero--img\">\n                <img decoding=\"async\" src=\"https:\/\/preprod.hiolle-bedrock.weareled.fr\/app\/uploads\/sites\/2\/2024\/10\/HIOLLE_ERQUINGHEM_053.jpg\" alt=\"\">\n            <\/div>\n                <div class=\"hero--container-content\">\n                            <div class=\"hero--breadcrumb\">\n                    <nav  aria-label=\"Fil d&#039;Ariane\"><ol class=\"breadcrumb\" itemscope itemtype=\"https:\/\/schema.org\/BreadcrumbList\"><li class=\"breadcrumb-item active\" aria-current=\"page\" itemprop=\"itemListElement\" itemscope itemtype=\"https:\/\/schema.org\/ListItem\"><span itemprop=\"name\">Accueil<\/span><meta itemprop=\"position\" content=\"1\"><\/li><\/ol><\/nav>                <\/div>\n                                                    <div class=\"hero--content\">\n                    <p class=\"uptitle\">Solutions &amp; r\u00e9alisations<\/p>\n<h1>Bancs de tests standards<br \/>\nou sp\u00e9cifiques<\/h1>\n<p>Conception et fabrication de bancs de tests pour tester nos solutions \u00e9lectroniques ou con\u00e7ues par nos clients<\/p>\n                <\/div>\n                                <\/div>\n    <\/div>\n<\/section>\n\n    <style>\n        #block_29af08e8fe3fc3af44aee78d63e79708 {\n            margin-top: 8px;\n        }\n\n        @media screen and (min-width: 768px) {\n            #block_29af08e8fe3fc3af44aee78d63e79708 {\n                margin-top: 24px;\n            }\n        }\n\n        #block_29af08e8fe3fc3af44aee78d63e79708 {\n            margin-bottom: 56px;\n        }\n\n        @media screen and (min-width: 768px) {\n            #block_29af08e8fe3fc3af44aee78d63e79708 {\n                margin-bottom: 80px;\n            }\n        }\n\n            <\/style>\n<section class=\"simplified-nav\" id=\"block_29af08e8fe3fc3af44aee78d63e79708\">\n    <div class=\"simplified-nav--container container--large\">\n                    <div class=\"simplified-nav--label\">\n                <p>Nos solutions<\/p>\n            <\/div>\n                \n                    <div class=\"simplified-nav--select is-custom-select\">\n                                                    <select onchange=\"window.location=this.value\">\n                                                                                                                                                                                            <option                                     value=\"https:\/\/preprod.hiolle-bedrock.weareled.fr\/hiolle-technologies\/solutions-realisations\/conception-fabrication-de-machines-speciales-et-integration-robotique\/\">\n                                    Conception, fabrication de machines sp\u00e9ciales et int\u00e9gration robotique                                <\/option>\n\n                                                                                                                                                                                                                        <option selected                                    value=\"https:\/\/preprod.hiolle-bedrock.weareled.fr\/hiolle-technologies\/solutions-realisations\/conception-fabrication-et-integration-densembles-electroniques\/\">\n                                    Conception, fabrication et int\u00e9gration d&rsquo;ensembles \u00e9lectroniques                                <\/option>\n\n                                                                                                                                                                                                                        <option                                     value=\"https:\/\/preprod.hiolle-bedrock.weareled.fr\/hiolle-technologies\/solutions-realisations\/cablage-dequipements-electriques\/\">\n                                    Conception, fabrication et int\u00e9gration d&rsquo;\u00e9quipements \u00e9lectriques                                <\/option>\n\n                                                                                                                                                                                <\/select>\n                            <\/div>\n            <\/div>\n<\/section>\n\n    <style>\n        #block_a7aca9d5a366f34ccd3fe43ab6b61875 {\n            margin-top: 56px;\n        }\n\n        @media screen and (min-width: 768px) {\n            #block_a7aca9d5a366f34ccd3fe43ab6b61875 {\n                margin-top: 80px;\n            }\n        }\n\n        #block_a7aca9d5a366f34ccd3fe43ab6b61875 {\n            margin-bottom: 56px;\n        }\n\n        @media screen and (min-width: 768px) {\n            #block_a7aca9d5a366f34ccd3fe43ab6b61875 {\n                margin-bottom: 96px;\n            }\n        }\n\n            <\/style>\n<section class=\"expertises-list\" id=\"block_a7aca9d5a366f34ccd3fe43ab6b61875\">\n            <div class=\"expertises-list--title container--large\">\n            <h2>Nos produits et services<\/h2>\n        <\/div>\n                <div class=\"expertises-list--list container--large\">\n                                            <div class=\"card-expertise\">\n                                            <div class=\"card-expertise--image\">\n                            <img decoding=\"async\" src=\"https:\/\/preprod.hiolle-bedrock.weareled.fr\/app\/uploads\/sites\/2\/2024\/10\/HIOLLE_ERQUINGHEM_052.jpg\" alt=\"\">\n                            <span class=\"legend\"><\/span>\n                        <\/div>\n                                        <div class=\"card-expertise--content\">\n                                                    <h4>Bancs de tests<\/h4>\n                                                                                                    <p>Conception et assemblage de bancs de tests sur-mesure afin de r\u00e9aliser des tests de continuit\u00e9 \u00e9lectrique, des tests en di\u00e9lectrique 1000VAC, des tests fonctionnels &#8230;<br \/>\r\n<\/p>\n                                            <\/div>\n                    <!-- <a href=\"#\"><\/a> -->\n                <\/div>\n                                            <div class=\"card-expertise\">\n                                            <div class=\"card-expertise--image\">\n                            <img decoding=\"async\" src=\"https:\/\/preprod.hiolle-bedrock.weareled.fr\/app\/uploads\/sites\/2\/2024\/10\/HIOLLE_ERQUINGHEM_041.jpg\" alt=\"\">\n                            <span class=\"legend\"><\/span>\n                        <\/div>\n                                        <div class=\"card-expertise--content\">\n                                                    <h4>Certification CE &#8211; Int\u00e9gration des contraintes normatives <\/h4>\n                                                                                                    <p>Int\u00e9gration dans les tests de contraintes r\u00e9glementaires et s\u00e9curitaires sp\u00e9cifiques \u00e0 chaque produit, notamment dans le secteur m\u00e9dical<\/p>\n                                            <\/div>\n                    <!-- <a href=\"#\"><\/a> -->\n                <\/div>\n                    <\/div>\n    <\/section>\n\n    <style>\n        #block_64b2886ff37510740244c67a4fdef2fb {\n            margin-top: 56px;\n        }\n\n        @media screen and (min-width: 768px) {\n            #block_64b2886ff37510740244c67a4fdef2fb {\n                margin-top: 96px;\n            }\n        }\n\n        #block_64b2886ff37510740244c67a4fdef2fb {\n            margin-bottom: 56px;\n        }\n\n        @media screen and (min-width: 768px) {\n            #block_64b2886ff37510740244c67a4fdef2fb {\n                margin-bottom: 96px;\n            }\n        }\n\n            <\/style>\n    <section class=\"slider-actualites glue nav-medium \" id=\"block_64b2886ff37510740244c67a4fdef2fb\">\n                <div class=\"slider-actualites--container\">\n            <div class=\"slider-actualites--header container--large\">\n                                    <div class=\"slider-actualites--title\">\n                        <p class=\"uptitle\">Nos actualit\u00e9s<\/p>\n<h2>D\u00e9couvrez toutes <span style=\"color: #009cde\">nos derni\u00e8res r\u00e9alisations\u00a0<\/span><\/h2>\n                    <\/div>\n                                                    <a href=\"https:\/\/preprod.hiolle-bedrock.weareled.fr\/hiolle-technologies\/nos-actualites\/\" class=\"link dark icon arrow-right\">Voir toutes les actualit\u00e9s<\/a>\n                            <\/div>\n            <div class=\"slider-actualites--slider container--large owl-carousel\">\n                                                        <div class=\"card-actuality\">\n                        <a href=\"https:\/\/preprod.hiolle-bedrock.weareled.fr\/hiolle-technologies\/une-collaboration-inter-filiales-reussie\/\" class=\"card-actuality--link\"><\/a>\n                        <div class=\"card-actuality--image\">\n                                                            <img decoding=\"async\" src=\"https:\/\/preprod.hiolle-bedrock.weareled.fr\/app\/uploads\/sites\/2\/2025\/10\/HIOLLE_PROUVY_090-min-2-1.jpg\" alt=\"\">\n                                                                                        <div class=\"card-actuality--categories\">\n                                                                            <span class=\"category\">R\u00e9alisations<\/span>\n                                                                    <\/div>\n                                                    <\/div>\n                        <div class=\"card-actuality--content\">\n                            <div class=\"card-actuality--title\">\n                                                                                                                                                            <span class=\"tag\">HIOLLE TECHNOLOGIES<\/span>\n                                                                                                                                            <h5>Une collaboration inter-filiales r\u00e9ussie !<\/h5>\n                            <\/div>\n                                                        <div class=\"card-actuality--footer\">\n                                <span class=\"date\">17 mars 2025<\/span>\n                                <span class=\"arrow-btn light-green\"><span><\/span><\/span>\n                            <\/div>\n                        <\/div>\n                    <\/div>\n                                                        <div class=\"card-actuality\">\n                        <a href=\"https:\/\/preprod.hiolle-bedrock.weareled.fr\/hiolle-technologies\/renovation-robotique-hiolle-technologies-a-remis-en-etat-135-robots\/\" class=\"card-actuality--link\"><\/a>\n                        <div class=\"card-actuality--image\">\n                                                            <img decoding=\"async\" src=\"https:\/\/preprod.hiolle-bedrock.weareled.fr\/app\/uploads\/sites\/2\/2024\/09\/HIOLLE_TECHNO_ST_Q_067.jpg\" alt=\"\">\n                                                                                        <div class=\"card-actuality--categories\">\n                                                                            <span class=\"category\">R\u00e9alisations<\/span>\n                                                                    <\/div>\n                                                    <\/div>\n                        <div class=\"card-actuality--content\">\n                            <div class=\"card-actuality--title\">\n                                                                                                                    <span class=\"tag\">HIOLLE TECHNOLOGIES<\/span>\n                                                                                                    <h5>R\u00e9novation robotique d&rsquo;ampleur !<\/h5>\n                            <\/div>\n                                                        <div class=\"card-actuality--footer\">\n                                <span class=\"date\">26 janvier 2025<\/span>\n                                <span class=\"arrow-btn light-green\"><span><\/span><\/span>\n                            <\/div>\n                        <\/div>\n                    <\/div>\n                            <\/div>\n            <div class=\"slider-actualites--navigation owl-nav container--large\">\n                <span class=\"indicator\"><\/span>\n                <div class=\"slider-actualites--dots owl-dots\"><\/div>\n            <\/div>\n        <\/div>\n    <\/section>\n\n\n    <style>\n        #block_5c78ec2abf2f20e08641347c83f5837e {\n            margin-top: 56px;\n        }\n\n        @media screen and (min-width: 768px) {\n            #block_5c78ec2abf2f20e08641347c83f5837e {\n                margin-top: 96px;\n            }\n        }\n\n        #block_5c78ec2abf2f20e08641347c83f5837e {\n            margin-bottom: 56px;\n        }\n\n        @media screen and (min-width: 768px) {\n            #block_5c78ec2abf2f20e08641347c83f5837e {\n                margin-bottom: 96px;\n            }\n        }\n\n            <\/style>\n<section class=\"redirection-double \" id=\"block_5c78ec2abf2f20e08641347c83f5837e\">\n        <div class=\"redirection-double--container container--large\">\n                    <div class=\"background\">\n                                                    <h3>Vous souhaitez prendre contact avec nous ?<\/h3>\n<p>Une question ? Une demande particuli\u00e8re ? Un projet ? Contactez-nous d\u00e8s aujourd\u2019hui, nous nous ferons un plaisir de vous r\u00e9pondre dans les plus brefs d\u00e9lais.<\/p>\n                                                    <a href=\"https:\/\/preprod.hiolle-bedrock.weareled.fr\/hiolle-technologies\/contactez-nous\/\" target=\"\" class=\"btn secondary icon arrow-right\">Nous contacter<span><\/span><\/a>\n                            <\/div>\n                            <div class=\"light\">\n                                    <h3>D\u00e9couvrez nos autres solutions !<\/h3>\n<p>Nos \u00e9quipes sont \u00e9galement sp\u00e9cialis\u00e9es dans la fabrication de machines sp\u00e9ciales et l&rsquo;int\u00e9gration robotique.<\/p>\n                                                    <a href=\"https:\/\/preprod.hiolle-bedrock.weareled.fr\/hiolle-technologies\/solutions-realisations\/\" target=\"\" class=\"btn icon arrow-right\">Voir toutes nos solutions<span><\/span><\/a>\n                            <\/div>\n            <\/div>\n<\/section>","protected":false},"excerpt":{"rendered":"<p>Conception et fabrication de bancs de tests pour tester vos produits en conditions r\u00e9elles<\/p>\n","protected":false},"author":1,"featured_media":662,"parent":211,"menu_order":0,"comment_status":"closed","ping_status":"closed","template":"","meta":{"_acf_changed":false,"_seopress_robots_primary_cat":"","_seopress_titles_title":"Bancs de tests","_seopress_titles_desc":"","_seopress_robots_index":"","footnotes":""},"class_list":["post-219","page","type-page","status-publish","has-post-thumbnail","hentry"],"acf":[],"lang":"fr","translations":{"fr":219},"pll_sync_post":[],"_links":{"self":[{"href":"https:\/\/preprod.hiolle-bedrock.weareled.fr\/hiolle-technologies\/wp-json\/wp\/v2\/pages\/219","targetHints":{"allow":["GET"]}}],"collection":[{"href":"https:\/\/preprod.hiolle-bedrock.weareled.fr\/hiolle-technologies\/wp-json\/wp\/v2\/pages"}],"about":[{"href":"https:\/\/preprod.hiolle-bedrock.weareled.fr\/hiolle-technologies\/wp-json\/wp\/v2\/types\/page"}],"author":[{"embeddable":true,"href":"https:\/\/preprod.hiolle-bedrock.weareled.fr\/hiolle-technologies\/wp-json\/wp\/v2\/users\/1"}],"replies":[{"embeddable":true,"href":"https:\/\/preprod.hiolle-bedrock.weareled.fr\/hiolle-technologies\/wp-json\/wp\/v2\/comments?post=219"}],"version-history":[{"count":29,"href":"https:\/\/preprod.hiolle-bedrock.weareled.fr\/hiolle-technologies\/wp-json\/wp\/v2\/pages\/219\/revisions"}],"predecessor-version":[{"id":2546,"href":"https:\/\/preprod.hiolle-bedrock.weareled.fr\/hiolle-technologies\/wp-json\/wp\/v2\/pages\/219\/revisions\/2546"}],"up":[{"embeddable":true,"href":"https:\/\/preprod.hiolle-bedrock.weareled.fr\/hiolle-technologies\/wp-json\/wp\/v2\/pages\/211"}],"wp:featuredmedia":[{"embeddable":true,"href":"https:\/\/preprod.hiolle-bedrock.weareled.fr\/hiolle-technologies\/wp-json\/wp\/v2\/media\/662"}],"wp:attachment":[{"href":"https:\/\/preprod.hiolle-bedrock.weareled.fr\/hiolle-technologies\/wp-json\/wp\/v2\/media?parent=219"}],"curies":[{"name":"wp","href":"https:\/\/api.w.org\/{rel}","templated":true}]}}