{"id":227,"date":"2024-09-25T14:52:31","date_gmt":"2024-09-25T12:52:31","guid":{"rendered":"https:\/\/preprod.hiolle-bedrock.weareled.fr\/hiolle-technologies\/?page_id=227"},"modified":"2026-03-17T12:21:31","modified_gmt":"2026-03-17T11:21:31","slug":"ilots-robotises","status":"publish","type":"page","link":"https:\/\/preprod.hiolle-bedrock.weareled.fr\/hiolle-technologies\/solutions-realisations\/conception-fabrication-de-machines-speciales-et-integration-robotique\/ilots-robotises\/","title":{"rendered":"Automatisation de chaine de production et robotique"},"content":{"rendered":"    <style>\n        #block_eeaf8cb3bc892d382a6cf9039fbb6374 {\n            margin-top: 0px;\n        }\n\n        @media screen and (min-width: 768px) {\n            #block_eeaf8cb3bc892d382a6cf9039fbb6374 {\n                margin-top: 0px;\n            }\n        }\n\n        #block_eeaf8cb3bc892d382a6cf9039fbb6374 {\n            margin-bottom: 56px;\n        }\n\n        @media screen and (min-width: 768px) {\n            #block_eeaf8cb3bc892d382a6cf9039fbb6374 {\n                margin-bottom: 96px;\n            }\n        }\n\n            <\/style>\n<section class=\"hero hero--secondary\" id=\"block_eeaf8cb3bc892d382a6cf9039fbb6374\">\n    <div class=\"hero--container\">\n                    <div class=\"hero--img\">\n                <img decoding=\"async\" src=\"https:\/\/preprod.hiolle-bedrock.weareled.fr\/app\/uploads\/sites\/2\/2024\/09\/HIOLLE_TECHNO_ST_Q_067.jpg\" alt=\"\">\n            <\/div>\n                <div class=\"hero--container-content\">\n                            <div class=\"hero--breadcrumb\">\n                    <nav  aria-label=\"Fil d&#039;Ariane\"><ol class=\"breadcrumb\" itemscope itemtype=\"https:\/\/schema.org\/BreadcrumbList\"><li class=\"breadcrumb-item active\" aria-current=\"page\" itemprop=\"itemListElement\" itemscope itemtype=\"https:\/\/schema.org\/ListItem\"><span itemprop=\"name\">Accueil<\/span><meta itemprop=\"position\" content=\"1\"><\/li><\/ol><\/nav>                <\/div>\n                                                    <div class=\"hero--content\">\n                    <p class=\"uptitle\">Solutions &amp; r\u00e9alisations<\/p>\n<h1>Automatisation de production et robotique<\/h1>\n<p>Int\u00e9grateur de solutions robotiques et d&rsquo;automatisation industrielle, nous vous aidons \u00e0 automatiser avec pr\u00e9cision vos lignes de production<\/p>\n                <\/div>\n                                <\/div>\n    <\/div>\n<\/section>\n\n    <style>\n        #block_bffdbe2d417c6e0118867b6f79bffaaf {\n            margin-top: 8px;\n        }\n\n        @media screen and (min-width: 768px) {\n            #block_bffdbe2d417c6e0118867b6f79bffaaf {\n                margin-top: 24px;\n            }\n        }\n\n        #block_bffdbe2d417c6e0118867b6f79bffaaf {\n            margin-bottom: 56px;\n        }\n\n        @media screen and (min-width: 768px) {\n            #block_bffdbe2d417c6e0118867b6f79bffaaf {\n                margin-bottom: 80px;\n            }\n        }\n\n            <\/style>\n<section class=\"simplified-nav\" id=\"block_bffdbe2d417c6e0118867b6f79bffaaf\">\n    <div class=\"simplified-nav--container container--large\">\n                    <div class=\"simplified-nav--label\">\n                <p>Nos solutions<\/p>\n            <\/div>\n                \n                    <div class=\"simplified-nav--select is-custom-select\">\n                                                    <select onchange=\"window.location=this.value\">\n                                                                                                                                                                                            <option selected                                    value=\"https:\/\/preprod.hiolle-bedrock.weareled.fr\/hiolle-technologies\/solutions-realisations\/conception-fabrication-de-machines-speciales-et-integration-robotique\/\">\n                                    Conception, fabrication de machines sp\u00e9ciales et int\u00e9gration robotique                                <\/option>\n\n                                                                                                                                                                                                                        <option                                     value=\"https:\/\/preprod.hiolle-bedrock.weareled.fr\/hiolle-technologies\/solutions-realisations\/conception-fabrication-et-integration-densembles-electroniques\/\">\n                                    Conception, fabrication et int\u00e9gration d&rsquo;ensembles \u00e9lectroniques                                <\/option>\n\n                                                                                                                                                                                                                        <option                                     value=\"https:\/\/preprod.hiolle-bedrock.weareled.fr\/hiolle-technologies\/solutions-realisations\/cablage-dequipements-electriques\/\">\n                                    Conception, fabrication et int\u00e9gration d&rsquo;\u00e9quipements \u00e9lectriques                                <\/option>\n\n                                                                                                                                                                                <\/select>\n                            <\/div>\n            <\/div>\n<\/section>\n\n    <style>\n        #block_d375b0887792eee1638eed928fc93015 {\n            margin-top: 56px;\n        }\n\n        @media screen and (min-width: 768px) {\n            #block_d375b0887792eee1638eed928fc93015 {\n                margin-top: 80px;\n            }\n        }\n\n        #block_d375b0887792eee1638eed928fc93015 {\n            margin-bottom: 56px;\n        }\n\n        @media screen and (min-width: 768px) {\n            #block_d375b0887792eee1638eed928fc93015 {\n                margin-bottom: 96px;\n            }\n        }\n\n            <\/style>\n<section class=\"expertises-list\" id=\"block_d375b0887792eee1638eed928fc93015\">\n            <div class=\"expertises-list--title container--large\">\n            <h2>Nos produits et services<\/h2>\n        <\/div>\n                <div class=\"expertises-list--list container--large\">\n                                            <div class=\"card-expertise\">\n                                            <div class=\"card-expertise--image\">\n                            <img decoding=\"async\" src=\"https:\/\/preprod.hiolle-bedrock.weareled.fr\/app\/uploads\/sites\/2\/2025\/08\/C0055.png\" alt=\"\">\n                            <span class=\"legend\"><\/span>\n                        <\/div>\n                                        <div class=\"card-expertise--content\">\n                                                    <h4>Etudes et simulation<\/h4>\n                                                                                                    <p>Mod\u00e9lisation 3D, calcul par \u00e9l\u00e9ments finis et simulation robotique pour valider la faisabilit\u00e9 et optimiser chaque aspect<\/p>\n                                            <\/div>\n                    <!-- <a href=\"#\"><\/a> -->\n                <\/div>\n                                            <div class=\"card-expertise\">\n                                            <div class=\"card-expertise--image\">\n                            <img decoding=\"async\" src=\"https:\/\/preprod.hiolle-bedrock.weareled.fr\/app\/uploads\/sites\/2\/2025\/12\/ilots-robotises-sur-mesure.jpg\" alt=\"\">\n                            <span class=\"legend\"><\/span>\n                        <\/div>\n                                        <div class=\"card-expertise--content\">\n                                                    <h4>Ilots robotis\u00e9s sur mesure<\/h4>\n                                                                                                    <p>Centralisation de plusieurs op\u00e9rations en un espace, am\u00e9lioration de l&rsquo;efficacit\u00e9 \u00e9nerg\u00e9tique, fluidit\u00e9 des mouvements de pi\u00e8ces<\/p>\n                                            <\/div>\n                    <!-- <a href=\"#\"><\/a> -->\n                <\/div>\n                                            <div class=\"card-expertise\">\n                                            <div class=\"card-expertise--image\">\n                            <img decoding=\"async\" src=\"https:\/\/preprod.hiolle-bedrock.weareled.fr\/app\/uploads\/sites\/2\/2025\/12\/robots-industriels-bras-robotises.jpg\" alt=\"\">\n                            <span class=\"legend\"><\/span>\n                        <\/div>\n                                        <div class=\"card-expertise--content\">\n                                                    <h4>Robots industriels et bras robotis\u00e9s<\/h4>\n                                                                                                    <p>Robots articul\u00e9s, polyarticul\u00e9s, cart\u00e9siens et SCARA pour vos op\u00e9rations d&rsquo;assemblage, manipulation, usinage etc<\/p>\n                                            <\/div>\n                    <!-- <a href=\"#\"><\/a> -->\n                <\/div>\n                                            <div class=\"card-expertise\">\n                                            <div class=\"card-expertise--image\">\n                            <img decoding=\"async\" src=\"https:\/\/preprod.hiolle-bedrock.weareled.fr\/app\/uploads\/sites\/2\/2025\/12\/robotique-collaborative.jpg\" alt=\"\">\n                            <span class=\"legend\"><\/span>\n                        <\/div>\n                                        <div class=\"card-expertise--content\">\n                                                    <h4>Robotique collaborative (cobots)<\/h4>\n                                                                                            <\/div>\n                    <!-- <a href=\"#\"><\/a> -->\n                <\/div>\n                                            <div class=\"card-expertise\">\n                                            <div class=\"card-expertise--image\">\n                            <img decoding=\"async\" src=\"https:\/\/preprod.hiolle-bedrock.weareled.fr\/app\/uploads\/sites\/2\/2025\/12\/robotique-par-asservissement-visuel.jpg\" alt=\"\">\n                            <span class=\"legend\"><\/span>\n                        <\/div>\n                                        <div class=\"card-expertise--content\">\n                                                    <h4>Robotique par asservissement visuel<\/h4>\n                                                                                            <\/div>\n                    <!-- <a href=\"#\"><\/a> -->\n                <\/div>\n                                            <div class=\"card-expertise\">\n                                            <div class=\"card-expertise--image\">\n                            <img decoding=\"async\" src=\"https:\/\/preprod.hiolle-bedrock.weareled.fr\/app\/uploads\/sites\/2\/2025\/12\/vehicules-a-guidage-robotise.jpg\" alt=\"\">\n                            <span class=\"legend\"><\/span>\n                        <\/div>\n                                        <div class=\"card-expertise--content\">\n                                                    <h4>V\u00e9hicules \u00e0 guidage robotis\u00e9 (AGV)<\/h4>\n                                                                                                    <p>Association de la mobilit\u00e9 autonome et l&rsquo;intelligence artificielle pour optimiser les flux industriels<\/p>\n                                            <\/div>\n                    <!-- <a href=\"#\"><\/a> -->\n                <\/div>\n                    <\/div>\n    <\/section>\n\n    <style>\n        #block_7f435354a7360975ecf9c2ffcdd67533:not(.medium-blue):not(.primary-blue) {\n            margin-top: 56px;\n        }\n\n        @media screen and (min-width: 768px) {\n            #block_7f435354a7360975ecf9c2ffcdd67533:not(.medium-blue):not(.primary-blue) {\n                margin-top: 96px;\n            }\n        }\n\n        #block_7f435354a7360975ecf9c2ffcdd67533:not(.medium-blue):not(.primary-blue) {\n            margin-bottom: 56px;\n        }\n\n        @media screen and (min-width: 768px) {\n            #block_7f435354a7360975ecf9c2ffcdd67533:not(.medium-blue):not(.primary-blue) {\n                margin-bottom: 96px;\n            }\n        }\n\n        #block_7f435354a7360975ecf9c2ffcdd67533.primary-blue,\n        #block_7f435354a7360975ecf9c2ffcdd67533.medium-blue {\n            padding-top: 56px;\n        }\n\n        @media screen and (min-width: 768px) {\n\n            #block_7f435354a7360975ecf9c2ffcdd67533.primary-blue,\n            #block_7f435354a7360975ecf9c2ffcdd67533.medium-blue {\n                padding-top: 96px;\n            }\n        }\n\n        #block_7f435354a7360975ecf9c2ffcdd67533.primary-blue,\n        #block_7f435354a7360975ecf9c2ffcdd67533.medium-blue {\n            padding-bottom: 56px;\n        }\n\n        @media screen and (min-width: 768px) {\n\n            #block_7f435354a7360975ecf9c2ffcdd67533.primary-blue,\n            #block_7f435354a7360975ecf9c2ffcdd67533.medium-blue {\n                padding-bottom: 96px;\n            }\n        }\n\n            <\/style>\n<section class=\"txt-img  reverse medium-blue\" id=\"block_7f435354a7360975ecf9c2ffcdd67533\" >\n        <div class=\"txt-img--container container--large\">\n                    <div class=\"txt-img--content\">\n                                    <h2>Une expertise industrielle au service de vos objectifs<\/h2>\n<p><span style=\"font-weight: 400\">HIOLLE Technologies accompagne les entreprises<strong> dans leur automatisation robotique industrielle et leur transformation num\u00e9rique.<\/strong> Notre \u00e9quipe d&rsquo;experts, ing\u00e9nieurs et techniciens ma\u00eetrise l&rsquo;int\u00e9gration de bout en bout : d\u00e9finition des besoins, conception m\u00e9canique et \u00e9lectronique avec programmation hors ligne, installation, mise en service et formation de vos \u00e9quipes.<\/span><\/p>\n<p><span style=\"font-weight: 400\">Nous intervenons dans tous les secteurs industriels (automobile, agroalimentaire, \u00e9lectronique, pharmaceutique) avec une m\u00e9thodologie rigoureuse int\u00e9grant mod\u00e9lisation 3D, calcul par \u00e9l\u00e9ments finis, tests en laboratoire et homologation compl\u00e8te. Chaque syst\u00e8me automatis\u00e9 r\u00e9pond aux principaux d\u00e9fis de l&rsquo;industrie moderne.<\/span><\/p>\n<p><span style=\"font-weight: 400\">Partenaire de confiance en France, nous garantissons un accompagnement durable avec service apr\u00e8s-vente r\u00e9actif et maintenance assur\u00e9e. L&rsquo;utilisation de nos solutions robotiques repr\u00e9sente un v\u00e9ritable levier de d\u00e9veloppement durable qui apporte efficacit\u00e9, productivit\u00e9 et comp\u00e9titivit\u00e9.\u00a0<\/span><\/p>\n                                                    <a href=\"https:\/\/preprod.hiolle-bedrock.weareled.fr\/hiolle-technologies\/contactez-nous\/\" target=\"_blank\" class=\"btn tertiary-light  icon arrow-right\">\n                        Contactez notre bureau d&rsquo;\u00e9tudes                        <span><\/span>\n                    <\/a>\n                            <\/div>\n                            <div class=\"txt-img--images\">\n                <img decoding=\"async\" src=\"https:\/\/preprod.hiolle-bedrock.weareled.fr\/app\/uploads\/sites\/2\/2025\/12\/CST_VIRY_004.jpg\" alt=\"\">\n                            <\/div>\n            <\/div>\n<\/section>\n\n    <style>\n        #block_cd7bb3fce513c3de2b4c65e8c446a52f {\n            margin-top: 56px;\n        }\n\n        @media screen and (min-width: 768px) {\n            #block_cd7bb3fce513c3de2b4c65e8c446a52f {\n                margin-top: 96px;\n            }\n        }\n\n        #block_cd7bb3fce513c3de2b4c65e8c446a52f {\n            margin-bottom: 56px;\n        }\n\n        @media screen and (min-width: 768px) {\n            #block_cd7bb3fce513c3de2b4c65e8c446a52f {\n                margin-bottom: 96px;\n            }\n        }\n\n            <\/style>\n    <section class=\"slider-actualites glue nav-medium \" id=\"block_cd7bb3fce513c3de2b4c65e8c446a52f\">\n                <div class=\"slider-actualites--container\">\n            <div class=\"slider-actualites--header container--large\">\n                                    <div class=\"slider-actualites--title\">\n                        <p class=\"uptitle\">Nos actualit\u00e9s<\/p>\n<h2>D\u00e9couvrez toutes <span style=\"color: #009cde\">nos derni\u00e8res r\u00e9alisations\u00a0<\/span><\/h2>\n                    <\/div>\n                                                    <a href=\"https:\/\/preprod.hiolle-bedrock.weareled.fr\/hiolle-technologies\/nos-actualites\/\" class=\"link dark icon arrow-right\">Voir toutes les actualit\u00e9s<\/a>\n                            <\/div>\n            <div class=\"slider-actualites--slider container--large owl-carousel\">\n                                                        <div class=\"card-actuality\">\n                        <a href=\"https:\/\/preprod.hiolle-bedrock.weareled.fr\/hiolle-technologies\/une-collaboration-inter-filiales-reussie\/\" class=\"card-actuality--link\"><\/a>\n                        <div class=\"card-actuality--image\">\n                                                            <img decoding=\"async\" src=\"https:\/\/preprod.hiolle-bedrock.weareled.fr\/app\/uploads\/sites\/2\/2025\/10\/HIOLLE_PROUVY_090-min-2-1.jpg\" alt=\"\">\n                                                                                        <div class=\"card-actuality--categories\">\n                                                                            <span class=\"category\">R\u00e9alisations<\/span>\n                                                                    <\/div>\n                                                    <\/div>\n                        <div class=\"card-actuality--content\">\n                            <div class=\"card-actuality--title\">\n                                                                                                                                                            <span class=\"tag\">HIOLLE TECHNOLOGIES<\/span>\n                                                                                                                                            <h5>Une collaboration inter-filiales r\u00e9ussie !<\/h5>\n                            <\/div>\n                                                        <div class=\"card-actuality--footer\">\n                                <span class=\"date\">17 mars 2025<\/span>\n                                <span class=\"arrow-btn light-green\"><span><\/span><\/span>\n                            <\/div>\n                        <\/div>\n                    <\/div>\n                                                        <div class=\"card-actuality\">\n                        <a href=\"https:\/\/preprod.hiolle-bedrock.weareled.fr\/hiolle-technologies\/renovation-robotique-hiolle-technologies-a-remis-en-etat-135-robots\/\" class=\"card-actuality--link\"><\/a>\n                        <div class=\"card-actuality--image\">\n                                                            <img decoding=\"async\" src=\"https:\/\/preprod.hiolle-bedrock.weareled.fr\/app\/uploads\/sites\/2\/2024\/09\/HIOLLE_TECHNO_ST_Q_067.jpg\" alt=\"\">\n                                                                                        <div class=\"card-actuality--categories\">\n                                                                            <span class=\"category\">R\u00e9alisations<\/span>\n                                                                    <\/div>\n                                                    <\/div>\n                        <div class=\"card-actuality--content\">\n                            <div class=\"card-actuality--title\">\n                                                                                                                    <span class=\"tag\">HIOLLE TECHNOLOGIES<\/span>\n                                                                                                    <h5>R\u00e9novation robotique d&rsquo;ampleur !<\/h5>\n                            <\/div>\n                                                        <div class=\"card-actuality--footer\">\n                                <span class=\"date\">26 janvier 2025<\/span>\n                                <span class=\"arrow-btn light-green\"><span><\/span><\/span>\n                            <\/div>\n                        <\/div>\n                    <\/div>\n                            <\/div>\n            <div class=\"slider-actualites--navigation owl-nav container--large\">\n                <span class=\"indicator\"><\/span>\n                <div class=\"slider-actualites--dots owl-dots\"><\/div>\n            <\/div>\n        <\/div>\n    <\/section>\n\n\n    <style>\n        #block_c396c905422c9c434f382bf54c63e427 {\n            margin-top: 56px;\n        }\n\n        @media screen and (min-width: 768px) {\n            #block_c396c905422c9c434f382bf54c63e427 {\n                margin-top: 96px;\n            }\n        }\n\n        #block_c396c905422c9c434f382bf54c63e427 {\n            margin-bottom: 56px;\n        }\n\n        @media screen and (min-width: 768px) {\n            #block_c396c905422c9c434f382bf54c63e427 {\n                margin-bottom: 96px;\n            }\n        }\n\n            <\/style>\n<section class=\"redirection-double \" id=\"block_c396c905422c9c434f382bf54c63e427\">\n        <div class=\"redirection-double--container container--large\">\n                    <div class=\"background\">\n                                                    <h3>Vous souhaitez prendre contact avec nous ?<\/h3>\n<p>Une question ? Une demande particuli\u00e8re ? Un projet ? Contactez-nous d\u00e8s aujourd\u2019hui, nous nous ferons un plaisir de vous r\u00e9pondre dans les plus brefs d\u00e9lais.<\/p>\n                                                    <a href=\"https:\/\/preprod.hiolle-bedrock.weareled.fr\/hiolle-technologies\/contactez-nous\/\" target=\"\" class=\"btn secondary icon arrow-right\">Nous contacter<span><\/span><\/a>\n                            <\/div>\n                            <div class=\"light\">\n                                    <h3>D\u00e9couvrez nos autres solutions !<\/h3>\n<p>Nous proposons aussi des solutions de c\u00e2blage, d\u2019int\u00e9gration d\u2019\u00e9quipements \u00e9lectroniques et des prestations de services sur sites ou dans nos ateliers.<\/p>\n                                                    <a href=\"https:\/\/preprod.hiolle-bedrock.weareled.fr\/hiolle-technologies\/solutions-realisations\/\" target=\"\" class=\"btn icon arrow-right\">Voir toutes nos solutions<span><\/span><\/a>\n                            <\/div>\n            <\/div>\n<\/section>","protected":false},"excerpt":{"rendered":"<p>Int\u00e9grateur de solutions robotiques et d&rsquo;automatisation industrielle, nous vous aidons \u00e0 automatiser avec pr\u00e9cision vos lignes de production<\/p>\n","protected":false},"author":1,"featured_media":321,"parent":223,"menu_order":0,"comment_status":"closed","ping_status":"closed","template":"","meta":{"_acf_changed":false,"_seopress_robots_primary_cat":"","_seopress_titles_title":"\u00celots robotis\u00e9s","_seopress_titles_desc":"","_seopress_robots_index":"","footnotes":""},"class_list":["post-227","page","type-page","status-publish","has-post-thumbnail","hentry"],"acf":[],"lang":"fr","translations":{"fr":227},"pll_sync_post":[],"_links":{"self":[{"href":"https:\/\/preprod.hiolle-bedrock.weareled.fr\/hiolle-technologies\/wp-json\/wp\/v2\/pages\/227","targetHints":{"allow":["GET"]}}],"collection":[{"href":"https:\/\/preprod.hiolle-bedrock.weareled.fr\/hiolle-technologies\/wp-json\/wp\/v2\/pages"}],"about":[{"href":"https:\/\/preprod.hiolle-bedrock.weareled.fr\/hiolle-technologies\/wp-json\/wp\/v2\/types\/page"}],"author":[{"embeddable":true,"href":"https:\/\/preprod.hiolle-bedrock.weareled.fr\/hiolle-technologies\/wp-json\/wp\/v2\/users\/1"}],"replies":[{"embeddable":true,"href":"https:\/\/preprod.hiolle-bedrock.weareled.fr\/hiolle-technologies\/wp-json\/wp\/v2\/comments?post=227"}],"version-history":[{"count":24,"href":"https:\/\/preprod.hiolle-bedrock.weareled.fr\/hiolle-technologies\/wp-json\/wp\/v2\/pages\/227\/revisions"}],"predecessor-version":[{"id":2389,"href":"https:\/\/preprod.hiolle-bedrock.weareled.fr\/hiolle-technologies\/wp-json\/wp\/v2\/pages\/227\/revisions\/2389"}],"up":[{"embeddable":true,"href":"https:\/\/preprod.hiolle-bedrock.weareled.fr\/hiolle-technologies\/wp-json\/wp\/v2\/pages\/223"}],"wp:featuredmedia":[{"embeddable":true,"href":"https:\/\/preprod.hiolle-bedrock.weareled.fr\/hiolle-technologies\/wp-json\/wp\/v2\/media\/321"}],"wp:attachment":[{"href":"https:\/\/preprod.hiolle-bedrock.weareled.fr\/hiolle-technologies\/wp-json\/wp\/v2\/media?parent=227"}],"curies":[{"name":"wp","href":"https:\/\/api.w.org\/{rel}","templated":true}]}}