{"id":231,"date":"2024-09-25T14:55:25","date_gmt":"2024-09-25T12:55:25","guid":{"rendered":"https:\/\/preprod.hiolle-bedrock.weareled.fr\/hiolle-technologies\/?page_id=231"},"modified":"2026-03-18T11:29:01","modified_gmt":"2026-03-18T10:29:01","slug":"postes-dassemblage","status":"publish","type":"page","link":"https:\/\/preprod.hiolle-bedrock.weareled.fr\/hiolle-technologies\/solutions-realisations\/conception-fabrication-de-machines-speciales-et-integration-robotique\/postes-dassemblage\/","title":{"rendered":"Conception de machines sp\u00e9ciales sur mesure"},"content":{"rendered":"    <style>\n        #block_7f25cda5a70324625e46731276e29752 {\n            margin-top: 0px;\n        }\n\n        @media screen and (min-width: 768px) {\n            #block_7f25cda5a70324625e46731276e29752 {\n                margin-top: 0px;\n            }\n        }\n\n        #block_7f25cda5a70324625e46731276e29752 {\n            margin-bottom: 56px;\n        }\n\n        @media screen and (min-width: 768px) {\n            #block_7f25cda5a70324625e46731276e29752 {\n                margin-bottom: 96px;\n            }\n        }\n\n            <\/style>\n<section class=\"hero hero--secondary\" id=\"block_7f25cda5a70324625e46731276e29752\">\n    <div class=\"hero--container\">\n                    <div class=\"hero--img\">\n                <img decoding=\"async\" src=\"https:\/\/preprod.hiolle-bedrock.weareled.fr\/app\/uploads\/sites\/2\/2025\/01\/CST_VIRY_001.jpg\" alt=\"\">\n            <\/div>\n                <div class=\"hero--container-content\">\n                            <div class=\"hero--breadcrumb\">\n                    <nav  aria-label=\"Fil d&#039;Ariane\"><ol class=\"breadcrumb\" itemscope itemtype=\"https:\/\/schema.org\/BreadcrumbList\"><li class=\"breadcrumb-item active\" aria-current=\"page\" itemprop=\"itemListElement\" itemscope itemtype=\"https:\/\/schema.org\/ListItem\"><span itemprop=\"name\">Accueil<\/span><meta itemprop=\"position\" content=\"1\"><\/li><\/ol><\/nav>                <\/div>\n                                                    <div class=\"hero--content\">\n                    <p class=\"uptitle\">Solutions &amp; r\u00e9alisations<\/p>\n<h1>Conception de machines sp\u00e9ciales sur mesure<\/h1>\n<p>Conception et fabrication de machines sp\u00e9ciales sur mesure, adapt\u00e9es aux besoins du secteur industriel<\/p>\n                <\/div>\n                                <\/div>\n    <\/div>\n<\/section>\n\n    <style>\n        #block_f1198965c8656e9ce3568a4b0afde861 {\n            margin-top: 8px;\n        }\n\n        @media screen and (min-width: 768px) {\n            #block_f1198965c8656e9ce3568a4b0afde861 {\n                margin-top: 24px;\n            }\n        }\n\n        #block_f1198965c8656e9ce3568a4b0afde861 {\n            margin-bottom: 56px;\n        }\n\n        @media screen and (min-width: 768px) {\n            #block_f1198965c8656e9ce3568a4b0afde861 {\n                margin-bottom: 80px;\n            }\n        }\n\n            <\/style>\n<section class=\"simplified-nav\" id=\"block_f1198965c8656e9ce3568a4b0afde861\">\n    <div class=\"simplified-nav--container container--large\">\n                    <div class=\"simplified-nav--label\">\n                <p>Nos solutions<\/p>\n            <\/div>\n                \n                    <div class=\"simplified-nav--select is-custom-select\">\n                                                    <select onchange=\"window.location=this.value\">\n                                                                                                                                                                                            <option selected                                    value=\"https:\/\/preprod.hiolle-bedrock.weareled.fr\/hiolle-technologies\/solutions-realisations\/conception-fabrication-de-machines-speciales-et-integration-robotique\/\">\n                                    Conception, fabrication de machines sp\u00e9ciales et int\u00e9gration robotique                                <\/option>\n\n                                                                                                                                                                                                                        <option                                     value=\"https:\/\/preprod.hiolle-bedrock.weareled.fr\/hiolle-technologies\/solutions-realisations\/conception-fabrication-et-integration-densembles-electroniques\/\">\n                                    Conception, fabrication et int\u00e9gration d&rsquo;ensembles \u00e9lectroniques                                <\/option>\n\n                                                                                                                                                                                                                        <option                                     value=\"https:\/\/preprod.hiolle-bedrock.weareled.fr\/hiolle-technologies\/solutions-realisations\/cablage-dequipements-electriques\/\">\n                                    Conception, fabrication et int\u00e9gration d&rsquo;\u00e9quipements \u00e9lectriques                                <\/option>\n\n                                                                                                                                                                                <\/select>\n                            <\/div>\n            <\/div>\n<\/section>\n\n    <style>\n        #block_86714c953b1aeb79864fa05811677469 {\n            margin-top: 56px;\n        }\n\n        @media screen and (min-width: 768px) {\n            #block_86714c953b1aeb79864fa05811677469 {\n                margin-top: 80px;\n            }\n        }\n\n        #block_86714c953b1aeb79864fa05811677469 {\n            margin-bottom: 56px;\n        }\n\n        @media screen and (min-width: 768px) {\n            #block_86714c953b1aeb79864fa05811677469 {\n                margin-bottom: 96px;\n            }\n        }\n\n            <\/style>\n<section class=\"expertises-list\" id=\"block_86714c953b1aeb79864fa05811677469\">\n            <div class=\"expertises-list--title container--large\">\n            <h2>Nos produits et services<\/h2>\n        <\/div>\n                <div class=\"expertises-list--list container--large\">\n                                            <div class=\"card-expertise\">\n                                            <div class=\"card-expertise--image\">\n                            <img decoding=\"async\" src=\"https:\/\/preprod.hiolle-bedrock.weareled.fr\/app\/uploads\/sites\/2\/2025\/12\/CST_VIRY_032.jpg\" alt=\"\">\n                            <span class=\"legend\"><\/span>\n                        <\/div>\n                                        <div class=\"card-expertise--content\">\n                                                    <h4>Bureau d&rsquo;\u00e9tudes <\/h4>\n                                                                                                    <p>Bureau d&rsquo;\u00e9tude technique pour d\u00e9velopper des solutions industrielles innovantes et parfaitement int\u00e9gr\u00e9es<\/p>\n                                            <\/div>\n                    <!-- <a href=\"#\"><\/a> -->\n                <\/div>\n                                            <div class=\"card-expertise\">\n                                            <div class=\"card-expertise--image\">\n                            <img decoding=\"async\" src=\"https:\/\/preprod.hiolle-bedrock.weareled.fr\/app\/uploads\/sites\/2\/2025\/12\/ligne-complete-de-production-machine-speciale.jpg\" alt=\"\">\n                            <span class=\"legend\"><\/span>\n                        <\/div>\n                                        <div class=\"card-expertise--content\">\n                                                    <h4>Ligne compl\u00e8te de production<\/h4>\n                                                                                                    <p>Syst\u00e8mes automatis\u00e9s cl\u00e9s en main int\u00e9grant assemblage, contr\u00f4le, convoyage et conditionnement<\/p>\n                                            <\/div>\n                    <!-- <a href=\"#\"><\/a> -->\n                <\/div>\n                                            <div class=\"card-expertise\">\n                                            <div class=\"card-expertise--image\">\n                            <img decoding=\"async\" src=\"https:\/\/preprod.hiolle-bedrock.weareled.fr\/app\/uploads\/sites\/2\/2025\/12\/machine-speciale-de-convoyage.png\" alt=\"\">\n                            <span class=\"legend\"><\/span>\n                        <\/div>\n                                        <div class=\"card-expertise--content\">\n                                                    <h4>Machines sp\u00e9ciales de convoyage<\/h4>\n                                                                                                    <p>Equipement sur mesure pour le transfert de produits sp\u00e9cifiques : mat\u00e9riaux fragiles, charges lourdes etc<\/p>\n                                            <\/div>\n                    <!-- <a href=\"#\"><\/a> -->\n                <\/div>\n                                            <div class=\"card-expertise\">\n                                            <div class=\"card-expertise--image\">\n                            <img decoding=\"async\" src=\"https:\/\/preprod.hiolle-bedrock.weareled.fr\/app\/uploads\/sites\/2\/2025\/12\/machine-speciale-d-assemblage.jpg\" alt=\"\">\n                            <span class=\"legend\"><\/span>\n                        <\/div>\n                                        <div class=\"card-expertise--content\">\n                                                    <h4>Machines sp\u00e9ciales d&rsquo;assemblage<\/h4>\n                                                                                                    <p>Syst\u00e8mes automatis\u00e9s ou semi-automatiques pour faciliter et acc\u00e9l\u00e9rer vos op\u00e9rations d&rsquo;assemblage<\/p>\n                                            <\/div>\n                    <!-- <a href=\"#\"><\/a> -->\n                <\/div>\n                                            <div class=\"card-expertise\">\n                                            <div class=\"card-expertise--image\">\n                            <img decoding=\"async\" src=\"https:\/\/preprod.hiolle-bedrock.weareled.fr\/app\/uploads\/sites\/2\/2025\/12\/20210304_0925351.jpg\" alt=\"\">\n                            <span class=\"legend\"><\/span>\n                        <\/div>\n                                        <div class=\"card-expertise--content\">\n                                                    <h4>Machines sp\u00e9ciales de manipulation <\/h4>\n                                                                                                    <p>Machines sp\u00e9ciales sur mesure pour la manipulation de produits : pick &amp; place, convoyeurs, palettisation &#8230;<\/p>\n                                            <\/div>\n                    <!-- <a href=\"#\"><\/a> -->\n                <\/div>\n                                            <div class=\"card-expertise\">\n                                            <div class=\"card-expertise--image\">\n                            <img decoding=\"async\" src=\"https:\/\/preprod.hiolle-bedrock.weareled.fr\/app\/uploads\/sites\/2\/2025\/12\/Realisation.jpg\" alt=\"\">\n                            <span class=\"legend\"><\/span>\n                        <\/div>\n                                        <div class=\"card-expertise--content\">\n                                                    <h4>Machines de contr\u00f4les et de test<\/h4>\n                                                                                                    <p>Des \u00e9quipements automatis\u00e9s de test et de validation, int\u00e9gr\u00e9s aux lignes de production<\/p>\n                                            <\/div>\n                    <!-- <a href=\"#\"><\/a> -->\n                <\/div>\n                                            <div class=\"card-expertise\">\n                                            <div class=\"card-expertise--image\">\n                            <img decoding=\"async\" src=\"https:\/\/preprod.hiolle-bedrock.weareled.fr\/app\/uploads\/sites\/2\/2025\/01\/CST_VIRY_001.jpg\" alt=\"\">\n                            <span class=\"legend\"><\/span>\n                        <\/div>\n                                        <div class=\"card-expertise--content\">\n                                                    <h4>Machines sp\u00e9ciales d&rsquo;usinage<\/h4>\n                                                                                                    <p>Des machines d&rsquo;usinage con\u00e7ues sur mesure pour le fraisage, la d\u00e9coupe, le per\u00e7age de pi\u00e8ces m\u00e9caniques et plus encore<\/p>\n                                            <\/div>\n                    <!-- <a href=\"#\"><\/a> -->\n                <\/div>\n                                            <div class=\"card-expertise\">\n                                            <div class=\"card-expertise--image\">\n                            <img decoding=\"async\" src=\"https:\/\/preprod.hiolle-bedrock.weareled.fr\/app\/uploads\/sites\/2\/2025\/12\/poste-d-assemblage.jpg\" alt=\"\">\n                            <span class=\"legend\"><\/span>\n                        <\/div>\n                                        <div class=\"card-expertise--content\">\n                                                    <h4>Postes d&rsquo;assemblages<\/h4>\n                                                                                                    <p>Manuels, semi-automatiques ou enti\u00e8rement automatis\u00e9s pour une utilisation fluide avec des fonctionnalit\u00e9s optimales<\/p>\n                                            <\/div>\n                    <!-- <a href=\"#\"><\/a> -->\n                <\/div>\n                    <\/div>\n    <\/section>\n\n    <style>\n        #block_ef78a17b84255fbee8c31f0c8b12e924:not(.medium-blue):not(.primary-blue) {\n            margin-top: 56px;\n        }\n\n        @media screen and (min-width: 768px) {\n            #block_ef78a17b84255fbee8c31f0c8b12e924:not(.medium-blue):not(.primary-blue) {\n                margin-top: 96px;\n            }\n        }\n\n        #block_ef78a17b84255fbee8c31f0c8b12e924:not(.medium-blue):not(.primary-blue) {\n            margin-bottom: 56px;\n        }\n\n        @media screen and (min-width: 768px) {\n            #block_ef78a17b84255fbee8c31f0c8b12e924:not(.medium-blue):not(.primary-blue) {\n                margin-bottom: 96px;\n            }\n        }\n\n        #block_ef78a17b84255fbee8c31f0c8b12e924.primary-blue,\n        #block_ef78a17b84255fbee8c31f0c8b12e924.medium-blue {\n            padding-top: 56px;\n        }\n\n        @media screen and (min-width: 768px) {\n\n            #block_ef78a17b84255fbee8c31f0c8b12e924.primary-blue,\n            #block_ef78a17b84255fbee8c31f0c8b12e924.medium-blue {\n                padding-top: 96px;\n            }\n        }\n\n        #block_ef78a17b84255fbee8c31f0c8b12e924.primary-blue,\n        #block_ef78a17b84255fbee8c31f0c8b12e924.medium-blue {\n            padding-bottom: 56px;\n        }\n\n        @media screen and (min-width: 768px) {\n\n            #block_ef78a17b84255fbee8c31f0c8b12e924.primary-blue,\n            #block_ef78a17b84255fbee8c31f0c8b12e924.medium-blue {\n                padding-bottom: 96px;\n            }\n        }\n\n            <\/style>\n<section class=\"txt-img  reverse medium-blue\" id=\"block_ef78a17b84255fbee8c31f0c8b12e924\" >\n        <div class=\"txt-img--container container--large\">\n                    <div class=\"txt-img--content\">\n                                    <h2>Des machines sp\u00e9ciales, livr\u00e9es cl\u00e9s-en-main<\/h2>\n<p><span style=\"font-weight: 400\">HIOLLE Technologies con\u00e7oit des <strong>solutions d&rsquo;automatisation industrielle et de machines sp\u00e9ciales sur mesure, parfaitement adapt\u00e9es \u00e0 vos contraintes de production<\/strong>. Chaque syst\u00e8me garantit un fonctionnement fiable, s\u00e9curis\u00e9 et performant, r\u00e9pondant aux enjeux de comp\u00e9titivit\u00e9 de l&rsquo;industrie moderne.<\/span><\/p>\n<p><span style=\"font-weight: 400\">Notre m\u00e9thodologie structur\u00e9e d\u00e9bute par un cahier des charges pr\u00e9cis, suivi d&rsquo;une \u00e9tude d&rsquo;avant-projet pour \u00e9valuer la faisabilit\u00e9 et mod\u00e9liser votre machine sp\u00e9ciale ou \u00eelot robotis\u00e9. Nos ing\u00e9nieurs dimensionnent ensuite chaque \u00e9l\u00e9ment et \u00e9laborent les plans d\u00e9taill\u00e9s. La phase d&rsquo;ex\u00e9cution finalise les plans de montage avec essais en nos locaux pour garantir conformit\u00e9, performance et s\u00e9curit\u00e9. Nous livrons votre solution cl\u00e9 en main avec documentation compl\u00e8te et formation, puis assurons un accompagnement continu et un service apr\u00e8s-vente r\u00e9actif.<\/span><\/p>\n                                                    <a href=\"https:\/\/preprod.hiolle-bedrock.weareled.fr\/hiolle-technologies\/contactez-nous\/\" target=\"_blank\" class=\"btn tertiary-light  icon arrow-right\">\n                        Parlez-nous de votre projet d&rsquo;int\u00e9gration robotique                        <span><\/span>\n                    <\/a>\n                            <\/div>\n                            <div class=\"txt-img--images\">\n                <img decoding=\"async\" src=\"https:\/\/preprod.hiolle-bedrock.weareled.fr\/app\/uploads\/sites\/2\/2026\/03\/machines-speciales-sur-mesure.jpg\" alt=\"\">\n                            <\/div>\n            <\/div>\n<\/section>\n\n    <style>\n        #block_eabcf33b0ffb9318f8b006d573eaf53a {\n            margin-top: 56px;\n        }\n\n        @media screen and (min-width: 768px) {\n            #block_eabcf33b0ffb9318f8b006d573eaf53a {\n                margin-top: 96px;\n            }\n        }\n\n        #block_eabcf33b0ffb9318f8b006d573eaf53a {\n            margin-bottom: 56px;\n        }\n\n        @media screen and (min-width: 768px) {\n            #block_eabcf33b0ffb9318f8b006d573eaf53a {\n                margin-bottom: 96px;\n            }\n        }\n\n            <\/style>\n    <section class=\"slider-actualites glue nav-medium \" id=\"block_eabcf33b0ffb9318f8b006d573eaf53a\">\n                <div class=\"slider-actualites--container\">\n            <div class=\"slider-actualites--header container--large\">\n                                    <div class=\"slider-actualites--title\">\n                        <p class=\"uptitle\">Nos actualit\u00e9s<\/p>\n<h2>D\u00e9couvrez toutes <span style=\"color: #009cde\">nos derni\u00e8res r\u00e9alisations\u00a0<\/span><\/h2>\n                    <\/div>\n                                                    <a href=\"https:\/\/preprod.hiolle-bedrock.weareled.fr\/hiolle-technologies\/nos-actualites\/\" class=\"link dark icon arrow-right\">Voir toutes les actualit\u00e9s<\/a>\n                            <\/div>\n            <div class=\"slider-actualites--slider container--large owl-carousel\">\n                                                        <div class=\"card-actuality\">\n                        <a href=\"https:\/\/preprod.hiolle-bedrock.weareled.fr\/hiolle-technologies\/une-collaboration-inter-filiales-reussie\/\" class=\"card-actuality--link\"><\/a>\n                        <div class=\"card-actuality--image\">\n                                                            <img decoding=\"async\" src=\"https:\/\/preprod.hiolle-bedrock.weareled.fr\/app\/uploads\/sites\/2\/2025\/10\/HIOLLE_PROUVY_090-min-2-1.jpg\" alt=\"\">\n                                                                                        <div class=\"card-actuality--categories\">\n                                                                            <span class=\"category\">R\u00e9alisations<\/span>\n                                                                    <\/div>\n                                                    <\/div>\n                        <div class=\"card-actuality--content\">\n                            <div class=\"card-actuality--title\">\n                                                                                                                                                            <span class=\"tag\">HIOLLE TECHNOLOGIES<\/span>\n                                                                                                                                            <h5>Une collaboration inter-filiales r\u00e9ussie !<\/h5>\n                            <\/div>\n                                                        <div class=\"card-actuality--footer\">\n                                <span class=\"date\">17 mars 2025<\/span>\n                                <span class=\"arrow-btn light-green\"><span><\/span><\/span>\n                            <\/div>\n                        <\/div>\n                    <\/div>\n                                                        <div class=\"card-actuality\">\n                        <a href=\"https:\/\/preprod.hiolle-bedrock.weareled.fr\/hiolle-technologies\/renovation-robotique-hiolle-technologies-a-remis-en-etat-135-robots\/\" class=\"card-actuality--link\"><\/a>\n                        <div class=\"card-actuality--image\">\n                                                            <img decoding=\"async\" src=\"https:\/\/preprod.hiolle-bedrock.weareled.fr\/app\/uploads\/sites\/2\/2024\/09\/HIOLLE_TECHNO_ST_Q_067.jpg\" alt=\"\">\n                                                                                        <div class=\"card-actuality--categories\">\n                                                                            <span class=\"category\">R\u00e9alisations<\/span>\n                                                                    <\/div>\n                                                    <\/div>\n                        <div class=\"card-actuality--content\">\n                            <div class=\"card-actuality--title\">\n                                                                                                                    <span class=\"tag\">HIOLLE TECHNOLOGIES<\/span>\n                                                                                                    <h5>R\u00e9novation robotique d&rsquo;ampleur !<\/h5>\n                            <\/div>\n                                                        <div class=\"card-actuality--footer\">\n                                <span class=\"date\">26 janvier 2025<\/span>\n                                <span class=\"arrow-btn light-green\"><span><\/span><\/span>\n                            <\/div>\n                        <\/div>\n                    <\/div>\n                            <\/div>\n            <div class=\"slider-actualites--navigation owl-nav container--large\">\n                <span class=\"indicator\"><\/span>\n                <div class=\"slider-actualites--dots owl-dots\"><\/div>\n            <\/div>\n        <\/div>\n    <\/section>\n\n\n    <style>\n        #block_2bacc616299ba76b98894887e5c4785a {\n            margin-top: 56px;\n        }\n\n        @media screen and (min-width: 768px) {\n            #block_2bacc616299ba76b98894887e5c4785a {\n                margin-top: 96px;\n            }\n        }\n\n        #block_2bacc616299ba76b98894887e5c4785a {\n            margin-bottom: 56px;\n        }\n\n        @media screen and (min-width: 768px) {\n            #block_2bacc616299ba76b98894887e5c4785a {\n                margin-bottom: 96px;\n            }\n        }\n\n            <\/style>\n<section class=\"redirection-double \" id=\"block_2bacc616299ba76b98894887e5c4785a\">\n        <div class=\"redirection-double--container container--large\">\n                    <div class=\"background\">\n                                                    <h3>Vous souhaitez prendre contact avec nous ?<\/h3>\n<p>Une question ? Une demande particuli\u00e8re ? Un projet ? Contactez-nous d\u00e8s aujourd\u2019hui, nous nous ferons un plaisir de vous r\u00e9pondre dans les plus brefs d\u00e9lais.<\/p>\n                                                    <a href=\"https:\/\/preprod.hiolle-bedrock.weareled.fr\/hiolle-technologies\/contactez-nous\/\" target=\"\" class=\"btn secondary icon arrow-right\">Nous contacter<span><\/span><\/a>\n                            <\/div>\n                            <div class=\"light\">\n                                    <h3>D\u00e9couvrez nos autres solutions !<\/h3>\n<p>Nos \u00e9quipes sont \u00e9galement sp\u00e9cialis\u00e9es dans la maintenance et r\u00e9paration et le n\u00e9goce de mat\u00e9riel \u00e9lectrique.<\/p>\n                                                    <a href=\"https:\/\/preprod.hiolle-bedrock.weareled.fr\/hiolle-technologies\/solutions-realisations\/\" target=\"\" class=\"btn icon arrow-right\">Voir nos solutions<span><\/span><\/a>\n                            <\/div>\n            <\/div>\n<\/section>","protected":false},"excerpt":{"rendered":"<p>Conception et fabrication de machines sp\u00e9ciales sur mesure, adapt\u00e9es aux besoins du secteur industriel<\/p>\n","protected":false},"author":1,"featured_media":909,"parent":223,"menu_order":0,"comment_status":"closed","ping_status":"closed","template":"","meta":{"_acf_changed":false,"_seopress_robots_primary_cat":"","_seopress_titles_title":"Postes d'assemblage","_seopress_titles_desc":"","_seopress_robots_index":"","footnotes":""},"class_list":["post-231","page","type-page","status-publish","has-post-thumbnail","hentry"],"acf":[],"lang":"fr","translations":{"fr":231},"pll_sync_post":[],"_links":{"self":[{"href":"https:\/\/preprod.hiolle-bedrock.weareled.fr\/hiolle-technologies\/wp-json\/wp\/v2\/pages\/231","targetHints":{"allow":["GET"]}}],"collection":[{"href":"https:\/\/preprod.hiolle-bedrock.weareled.fr\/hiolle-technologies\/wp-json\/wp\/v2\/pages"}],"about":[{"href":"https:\/\/preprod.hiolle-bedrock.weareled.fr\/hiolle-technologies\/wp-json\/wp\/v2\/types\/page"}],"author":[{"embeddable":true,"href":"https:\/\/preprod.hiolle-bedrock.weareled.fr\/hiolle-technologies\/wp-json\/wp\/v2\/users\/1"}],"replies":[{"embeddable":true,"href":"https:\/\/preprod.hiolle-bedrock.weareled.fr\/hiolle-technologies\/wp-json\/wp\/v2\/comments?post=231"}],"version-history":[{"count":32,"href":"https:\/\/preprod.hiolle-bedrock.weareled.fr\/hiolle-technologies\/wp-json\/wp\/v2\/pages\/231\/revisions"}],"predecessor-version":[{"id":2487,"href":"https:\/\/preprod.hiolle-bedrock.weareled.fr\/hiolle-technologies\/wp-json\/wp\/v2\/pages\/231\/revisions\/2487"}],"up":[{"embeddable":true,"href":"https:\/\/preprod.hiolle-bedrock.weareled.fr\/hiolle-technologies\/wp-json\/wp\/v2\/pages\/223"}],"wp:featuredmedia":[{"embeddable":true,"href":"https:\/\/preprod.hiolle-bedrock.weareled.fr\/hiolle-technologies\/wp-json\/wp\/v2\/media\/909"}],"wp:attachment":[{"href":"https:\/\/preprod.hiolle-bedrock.weareled.fr\/hiolle-technologies\/wp-json\/wp\/v2\/media?parent=231"}],"curies":[{"name":"wp","href":"https:\/\/api.w.org\/{rel}","templated":true}]}}