{"id":247,"date":"2024-09-25T15:00:30","date_gmt":"2024-09-25T13:00:30","guid":{"rendered":"https:\/\/preprod.hiolle-bedrock.weareled.fr\/hiolle-technologies\/?page_id=247"},"modified":"2025-10-27T14:06:39","modified_gmt":"2025-10-27T13:06:39","slug":"sav","status":"publish","type":"page","link":"https:\/\/preprod.hiolle-bedrock.weareled.fr\/hiolle-technologies\/solutions-realisations\/maintenance-et-reparation__trashed\/sav\/","title":{"rendered":"SAV"},"content":{"rendered":"    <style>\n        #block_cac9369fb000d94ebea1dd5f632069ae {\n            margin-top: 0px;\n        }\n\n        @media screen and (min-width: 768px) {\n            #block_cac9369fb000d94ebea1dd5f632069ae {\n                margin-top: 0px;\n            }\n        }\n\n        #block_cac9369fb000d94ebea1dd5f632069ae {\n            margin-bottom: 56px;\n        }\n\n        @media screen and (min-width: 768px) {\n            #block_cac9369fb000d94ebea1dd5f632069ae {\n                margin-bottom: 96px;\n            }\n        }\n\n            <\/style>\n<section class=\"hero hero--secondary\" id=\"block_cac9369fb000d94ebea1dd5f632069ae\">\n    <div class=\"hero--container\">\n                    <div class=\"hero--img\">\n                <img decoding=\"async\" src=\"https:\/\/preprod.hiolle-bedrock.weareled.fr\/app\/uploads\/sites\/2\/2025\/10\/HIOLLE_VALENCIENNES_005-e1761570395746.jpg\" alt=\"\">\n            <\/div>\n                <div class=\"hero--container-content\">\n                            <div class=\"hero--breadcrumb\">\n                    <nav  aria-label=\"Fil d&#039;Ariane\"><ol class=\"breadcrumb\" itemscope itemtype=\"https:\/\/schema.org\/BreadcrumbList\"><li class=\"breadcrumb-item active\" aria-current=\"page\" itemprop=\"itemListElement\" itemscope itemtype=\"https:\/\/schema.org\/ListItem\"><span itemprop=\"name\">Accueil<\/span><meta itemprop=\"position\" content=\"1\"><\/li><\/ol><\/nav>                <\/div>\n                                                    <div class=\"hero--content\">\n                    <p class=\"uptitle\">Solutions &amp; r\u00e9alisations<\/p>\n<h1>SAV<\/h1>\n<p>SAV et r\u00e9parations sur sites clients tant sur les aspects \u00e9lectriques que m\u00e9caniques et s\u00e9curitaires.<\/p>\n                <\/div>\n                                <\/div>\n    <\/div>\n<\/section>\n\n    <style>\n        #block_3490f1e260ebac3d62a2ef00f15fcd06 {\n            margin-top: 8px;\n        }\n\n        @media screen and (min-width: 768px) {\n            #block_3490f1e260ebac3d62a2ef00f15fcd06 {\n                margin-top: 24px;\n            }\n        }\n\n        #block_3490f1e260ebac3d62a2ef00f15fcd06 {\n            margin-bottom: 56px;\n        }\n\n        @media screen and (min-width: 768px) {\n            #block_3490f1e260ebac3d62a2ef00f15fcd06 {\n                margin-bottom: 80px;\n            }\n        }\n\n            <\/style>\n<section class=\"simplified-nav\" id=\"block_3490f1e260ebac3d62a2ef00f15fcd06\">\n    <div class=\"simplified-nav--container container--large\">\n                    <div class=\"simplified-nav--label\">\n                <p>Nos solutions<\/p>\n            <\/div>\n                \n                    <div class=\"simplified-nav--select is-custom-select\">\n                                                    <select onchange=\"window.location=this.value\">\n                                                                                                                                                                                            <option                                     value=\"https:\/\/preprod.hiolle-bedrock.weareled.fr\/hiolle-technologies\/solutions-realisations\/conception-fabrication-de-machines-speciales-et-integration-robotique\/\">\n                                    Conception, fabrication de machines sp\u00e9ciales et int\u00e9gration robotique                                <\/option>\n\n                                                                                                                                                                                                                        <option                                     value=\"https:\/\/preprod.hiolle-bedrock.weareled.fr\/hiolle-technologies\/solutions-realisations\/conception-fabrication-et-integration-densembles-electroniques\/\">\n                                    Conception, fabrication et int\u00e9gration d&rsquo;ensembles \u00e9lectroniques                                <\/option>\n\n                                                                                                                                                                                                                        <option                                     value=\"https:\/\/preprod.hiolle-bedrock.weareled.fr\/hiolle-technologies\/solutions-realisations\/cablage-dequipements-electriques\/\">\n                                    Conception, fabrication et int\u00e9gration d&rsquo;\u00e9quipements \u00e9lectriques                                <\/option>\n\n                                                                                                                                                                                <\/select>\n                            <\/div>\n            <\/div>\n<\/section>\n\n    <style>\n        #block_a8d90bee54fd295f6af11794c4c450ce {\n            margin-top: 56px;\n        }\n\n        @media screen and (min-width: 768px) {\n            #block_a8d90bee54fd295f6af11794c4c450ce {\n                margin-top: 80px;\n            }\n        }\n\n        #block_a8d90bee54fd295f6af11794c4c450ce {\n            margin-bottom: 56px;\n        }\n\n        @media screen and (min-width: 768px) {\n            #block_a8d90bee54fd295f6af11794c4c450ce {\n                margin-bottom: 96px;\n            }\n        }\n\n            <\/style>\n<section class=\"expertises-list\" id=\"block_a8d90bee54fd295f6af11794c4c450ce\">\n            <div class=\"expertises-list--title container--large\">\n            <h2>Nos produits et services<\/h2>\n        <\/div>\n                <div class=\"expertises-list--list container--large\">\n                                            <div class=\"card-expertise\">\n                                            <div class=\"card-expertise--image\">\n                            <img decoding=\"async\" src=\"https:\/\/preprod.hiolle-bedrock.weareled.fr\/app\/uploads\/sites\/2\/2025\/10\/DSC00343.png\" alt=\"\">\n                            <span class=\"legend\"><\/span>\n                        <\/div>\n                                        <div class=\"card-expertise--content\">\n                                                    <h4>Mat\u00e9riels \u00e9lectriques\/m\u00e9caniques<\/h4>\n                                                                                                    <p>SAV des mat\u00e9riels embarqu\u00e9s <\/p>\n                                            <\/div>\n                    <!-- <a href=\"#\"><\/a> -->\n                <\/div>\n                                            <div class=\"card-expertise\">\n                                            <div class=\"card-expertise--image\">\n                            <img decoding=\"async\" src=\"https:\/\/preprod.hiolle-bedrock.weareled.fr\/app\/uploads\/sites\/2\/2025\/08\/HIOLLE_VALENCIENNES_001-e1755005012217.jpg\" alt=\"\">\n                            <span class=\"legend\"><\/span>\n                        <\/div>\n                                        <div class=\"card-expertise--content\">\n                                                    <h4>Int\u00e9gration d&rsquo;\u00e9quipements strat\u00e9giques ferroviaire<\/h4>\n                                                                                                    <p>Syst\u00e8mes de gestion des portes, climatisation, syst\u00e8mes d\u2019information voyageurs, bogies &#8230;<br \/>\r\n<\/p>\n                                            <\/div>\n                    <!-- <a href=\"#\"><\/a> -->\n                <\/div>\n                                            <div class=\"card-expertise\">\n                                            <div class=\"card-expertise--image\">\n                            <img decoding=\"async\" src=\"https:\/\/preprod.hiolle-bedrock.weareled.fr\/app\/uploads\/sites\/2\/2025\/08\/HIOLLE_VALENCIENNES_002.jpg\" alt=\"\">\n                            <span class=\"legend\"><\/span>\n                        <\/div>\n                                        <div class=\"card-expertise--content\">\n                                                    <h4>Am\u00e9nagement int\u00e9rieur ferroviaire<\/h4>\n                                                                                                    <p>Remise en \u00e9tat des planchers, si\u00e8ges, rev\u00eatements de sols, baies \u2026 <\/p>\n                                            <\/div>\n                    <!-- <a href=\"#\"><\/a> -->\n                <\/div>\n                                            <div class=\"card-expertise\">\n                                            <div class=\"card-expertise--image\">\n                            <img decoding=\"async\" src=\"https:\/\/preprod.hiolle-bedrock.weareled.fr\/app\/uploads\/sites\/2\/2025\/08\/20210325_083637-2-e1754995280888.png\" alt=\"\">\n                            <span class=\"legend\"><\/span>\n                        <\/div>\n                                        <div class=\"card-expertise--content\">\n                                                    <h4>SAV a\u00e9ronautique<\/h4>\n                                                                                                    <p>Intervention sur sites clients<\/p>\n                                            <\/div>\n                    <!-- <a href=\"#\"><\/a> -->\n                <\/div>\n                                            <div class=\"card-expertise\">\n                                            <div class=\"card-expertise--image\">\n                            <img decoding=\"async\" src=\"https:\/\/preprod.hiolle-bedrock.weareled.fr\/app\/uploads\/sites\/2\/2025\/08\/HIOLLE_VALENCIENNES_042.jpg\" alt=\"\">\n                            <span class=\"legend\"><\/span>\n                        <\/div>\n                                        <div class=\"card-expertise--content\">\n                                                    <h4>Assistance technique<\/h4>\n                                                                                                    <p>Mise en service et d\u00e9pannage des mat\u00e9riels ferroviaires <\/p>\n                                            <\/div>\n                    <!-- <a href=\"#\"><\/a> -->\n                <\/div>\n                                            <div class=\"card-expertise\">\n                                            <div class=\"card-expertise--image\">\n                            <img decoding=\"async\" src=\"https:\/\/preprod.hiolle-bedrock.weareled.fr\/app\/uploads\/sites\/2\/2025\/08\/HIOLLE_VALENCIENNES_046.jpg\" alt=\"\">\n                            <span class=\"legend\"><\/span>\n                        <\/div>\n                                        <div class=\"card-expertise--content\">\n                                                    <h4>Essais statiques et validation des modifications sur mat\u00e9riel roulant<\/h4>\n                                                                                                    <p>Tests et r\u00e9glages suite \u00e0 des op\u00e9rations de SAV, de maintenance ou de retrofit<\/p>\n                                            <\/div>\n                    <!-- <a href=\"#\"><\/a> -->\n                <\/div>\n                    <\/div>\n    <\/section>\n\n    <style>\n        #block_8e50c488aba8556d6d8dc28954ba7bbd {\n            margin-top: 56px;\n        }\n\n        @media screen and (min-width: 768px) {\n            #block_8e50c488aba8556d6d8dc28954ba7bbd {\n                margin-top: 96px;\n            }\n        }\n\n        #block_8e50c488aba8556d6d8dc28954ba7bbd {\n            margin-bottom: 56px;\n        }\n\n        @media screen and (min-width: 768px) {\n            #block_8e50c488aba8556d6d8dc28954ba7bbd {\n                margin-bottom: 96px;\n            }\n        }\n\n            <\/style>\n    <section class=\"slider-actualites glue nav-medium \" id=\"block_8e50c488aba8556d6d8dc28954ba7bbd\">\n                <div class=\"slider-actualites--container\">\n            <div class=\"slider-actualites--header container--large\">\n                                    <div class=\"slider-actualites--title\">\n                        <p class=\"uptitle\">Nos actualit\u00e9s<\/p>\n<h2>D\u00e9couvrez toutes <span style=\"color: #009cde\">nos derni\u00e8res r\u00e9alisations\u00a0<\/span><\/h2>\n                    <\/div>\n                                                    <a href=\"https:\/\/preprod.hiolle-bedrock.weareled.fr\/hiolle-technologies\/nos-actualites\/\" class=\"link dark icon arrow-right\">Voir toutes les actualit\u00e9s<\/a>\n                            <\/div>\n            <div class=\"slider-actualites--slider container--large owl-carousel\">\n                                                        <div class=\"card-actuality\">\n                        <a href=\"https:\/\/preprod.hiolle-bedrock.weareled.fr\/hiolle-technologies\/une-collaboration-inter-filiales-reussie\/\" class=\"card-actuality--link\"><\/a>\n                        <div class=\"card-actuality--image\">\n                                                            <img decoding=\"async\" src=\"https:\/\/preprod.hiolle-bedrock.weareled.fr\/app\/uploads\/sites\/2\/2025\/10\/HIOLLE_PROUVY_090-min-2-1.jpg\" alt=\"\">\n                                                                                        <div class=\"card-actuality--categories\">\n                                                                            <span class=\"category\">R\u00e9alisations<\/span>\n                                                                    <\/div>\n                                                    <\/div>\n                        <div class=\"card-actuality--content\">\n                            <div class=\"card-actuality--title\">\n                                                                                                                                                            <span class=\"tag\">HIOLLE TECHNOLOGIES<\/span>\n                                                                                                                                            <h5>Une collaboration inter-filiales r\u00e9ussie !<\/h5>\n                            <\/div>\n                                                        <div class=\"card-actuality--footer\">\n                                <span class=\"date\">17 mars 2025<\/span>\n                                <span class=\"arrow-btn light-green\"><span><\/span><\/span>\n                            <\/div>\n                        <\/div>\n                    <\/div>\n                                                        <div class=\"card-actuality\">\n                        <a href=\"https:\/\/preprod.hiolle-bedrock.weareled.fr\/hiolle-technologies\/renovation-robotique-hiolle-technologies-a-remis-en-etat-135-robots\/\" class=\"card-actuality--link\"><\/a>\n                        <div class=\"card-actuality--image\">\n                                                            <img decoding=\"async\" src=\"https:\/\/preprod.hiolle-bedrock.weareled.fr\/app\/uploads\/sites\/2\/2024\/09\/HIOLLE_TECHNO_ST_Q_067.jpg\" alt=\"\">\n                                                                                        <div class=\"card-actuality--categories\">\n                                                                            <span class=\"category\">R\u00e9alisations<\/span>\n                                                                    <\/div>\n                                                    <\/div>\n                        <div class=\"card-actuality--content\">\n                            <div class=\"card-actuality--title\">\n                                                                                                                    <span class=\"tag\">HIOLLE TECHNOLOGIES<\/span>\n                                                                                                    <h5>R\u00e9novation robotique d&rsquo;ampleur !<\/h5>\n                            <\/div>\n                                                        <div class=\"card-actuality--footer\">\n                                <span class=\"date\">26 janvier 2025<\/span>\n                                <span class=\"arrow-btn light-green\"><span><\/span><\/span>\n                            <\/div>\n                        <\/div>\n                    <\/div>\n                            <\/div>\n            <div class=\"slider-actualites--navigation owl-nav container--large\">\n                <span class=\"indicator\"><\/span>\n                <div class=\"slider-actualites--dots owl-dots\"><\/div>\n            <\/div>\n        <\/div>\n    <\/section>\n\n\n    <style>\n        #block_6a0bdec2beb10dc2d44b5b730172af03 {\n            margin-top: 56px;\n        }\n\n        @media screen and (min-width: 768px) {\n            #block_6a0bdec2beb10dc2d44b5b730172af03 {\n                margin-top: 96px;\n            }\n        }\n\n        #block_6a0bdec2beb10dc2d44b5b730172af03 {\n            margin-bottom: 56px;\n        }\n\n        @media screen and (min-width: 768px) {\n            #block_6a0bdec2beb10dc2d44b5b730172af03 {\n                margin-bottom: 96px;\n            }\n        }\n\n            <\/style>\n<section class=\"redirection-double \" id=\"block_6a0bdec2beb10dc2d44b5b730172af03\">\n        <div class=\"redirection-double--container container--large\">\n                    <div class=\"background\">\n                                                    <h3>Vous souhaitez prendre contact avec nous ?<\/h3>\n<p>Une question ? Une demande particuli\u00e8re ? Un projet ? Contactez-nous d\u00e8s aujourd\u2019hui, nous nous ferons un plaisir de vous r\u00e9pondre dans les plus brefs d\u00e9lais.<\/p>\n                                                    <a href=\"https:\/\/preprod.hiolle-bedrock.weareled.fr\/hiolle-technologies\/contactez-nous\/\" target=\"\" class=\"btn secondary icon arrow-right\">Nous contacter<span><\/span><\/a>\n                            <\/div>\n                            <div class=\"light\">\n                                    <h3>D\u00e9couvrez nos autres solutions !<\/h3>\n<p>Nous proposons aux industriels des solutions de c\u00e2blage, d\u2019int\u00e9gration d\u2019\u00e9quipements \u00e9lectroniques, \u00e9lectriques et \u00e9lectrotechniques et des prestations de services sur sites ou dans nos ateliers.<\/p>\n                                                    <a href=\"https:\/\/preprod.hiolle-bedrock.weareled.fr\/hiolle-technologies\/solutions-realisations\/\" target=\"\" class=\"btn icon arrow-right\">Voir toutes nos solutions<span><\/span><\/a>\n                            <\/div>\n            <\/div>\n<\/section>","protected":false},"excerpt":{"rendered":"<p>SAV et r\u00e9parations sur sites clients tant sur les aspects \u00e9lectriques que m\u00e9caniques et s\u00e9curitaires.<\/p>\n","protected":false},"author":1,"featured_media":1923,"parent":239,"menu_order":0,"comment_status":"closed","ping_status":"closed","template":"","meta":{"_acf_changed":false,"_seopress_robots_primary_cat":"","_seopress_titles_title":"SAV","_seopress_titles_desc":"","_seopress_robots_index":"","footnotes":""},"class_list":["post-247","page","type-page","status-publish","has-post-thumbnail","hentry"],"acf":[],"lang":"fr","translations":{"fr":247},"pll_sync_post":[],"_links":{"self":[{"href":"https:\/\/preprod.hiolle-bedrock.weareled.fr\/hiolle-technologies\/wp-json\/wp\/v2\/pages\/247","targetHints":{"allow":["GET"]}}],"collection":[{"href":"https:\/\/preprod.hiolle-bedrock.weareled.fr\/hiolle-technologies\/wp-json\/wp\/v2\/pages"}],"about":[{"href":"https:\/\/preprod.hiolle-bedrock.weareled.fr\/hiolle-technologies\/wp-json\/wp\/v2\/types\/page"}],"author":[{"embeddable":true,"href":"https:\/\/preprod.hiolle-bedrock.weareled.fr\/hiolle-technologies\/wp-json\/wp\/v2\/users\/1"}],"replies":[{"embeddable":true,"href":"https:\/\/preprod.hiolle-bedrock.weareled.fr\/hiolle-technologies\/wp-json\/wp\/v2\/comments?post=247"}],"version-history":[{"count":28,"href":"https:\/\/preprod.hiolle-bedrock.weareled.fr\/hiolle-technologies\/wp-json\/wp\/v2\/pages\/247\/revisions"}],"predecessor-version":[{"id":1925,"href":"https:\/\/preprod.hiolle-bedrock.weareled.fr\/hiolle-technologies\/wp-json\/wp\/v2\/pages\/247\/revisions\/1925"}],"up":[{"embeddable":true,"href":"https:\/\/preprod.hiolle-bedrock.weareled.fr\/hiolle-technologies\/wp-json\/wp\/v2\/pages\/239"}],"wp:featuredmedia":[{"embeddable":true,"href":"https:\/\/preprod.hiolle-bedrock.weareled.fr\/hiolle-technologies\/wp-json\/wp\/v2\/media\/1923"}],"wp:attachment":[{"href":"https:\/\/preprod.hiolle-bedrock.weareled.fr\/hiolle-technologies\/wp-json\/wp\/v2\/media?parent=247"}],"curies":[{"name":"wp","href":"https:\/\/api.w.org\/{rel}","templated":true}]}}