{"id":2478,"date":"2026-03-17T15:27:33","date_gmt":"2026-03-17T14:27:33","guid":{"rendered":"https:\/\/preprod.hiolle-bedrock.weareled.fr\/hiolle-technologies\/?page_id=2478"},"modified":"2026-03-18T17:58:57","modified_gmt":"2026-03-18T16:58:57","slug":"nos-savoir-faire-en-video","status":"publish","type":"page","link":"https:\/\/preprod.hiolle-bedrock.weareled.fr\/hiolle-technologies\/nos-savoir-faire-en-video\/","title":{"rendered":"Nos savoir-faire en vid\u00e9o"},"content":{"rendered":"    <style>\n        #block_3432ffa01ab6833283d04331ec09e612 {\n            margin-top: 0px;\n        }\n\n        @media screen and (min-width: 768px) {\n            #block_3432ffa01ab6833283d04331ec09e612 {\n                margin-top: 0px;\n            }\n        }\n\n        #block_3432ffa01ab6833283d04331ec09e612 {\n            margin-bottom: 56px;\n        }\n\n        @media screen and (min-width: 768px) {\n            #block_3432ffa01ab6833283d04331ec09e612 {\n                margin-bottom: 96px;\n            }\n        }\n\n            <\/style>\n<section class=\"hero hero--secondary\" id=\"block_3432ffa01ab6833283d04331ec09e612\">\n    <div class=\"hero--container\">\n                    <div class=\"hero--img\">\n                <img decoding=\"async\" src=\"https:\/\/preprod.hiolle-bedrock.weareled.fr\/app\/uploads\/sites\/2\/2025\/08\/HIOLLE_VALENCIENNES_019-min.jpg\" alt=\"\">\n            <\/div>\n                <div class=\"hero--container-content\">\n                                        <div class=\"hero--back\">\n                    <a href=\"javascript:history.back(-1)\" class=\"link reverse icon chevron-left\">Retour<\/a>\n                <\/div>\n                                        <div class=\"hero--content\">\n                    <p class=\"uptitle\">solutions et r\u00e9alisations<\/p>\n<h1>Nos savoir-faire en vid\u00e9o<\/h1>\n<p>Plongez au c\u0153ur de notre expertise industrielle \u00e0 travers une s\u00e9rie de vid\u00e9os immersives tourn\u00e9es directement dans nos ateliers en France.<\/p>\n                <\/div>\n                                <\/div>\n    <\/div>\n<\/section>\n\n    <style>\n        #block_3a4189b7928758f62de2c67f4d6347b6 {\n            margin-top: 56px;\n        }\n\n        @media screen and (min-width: 768px) {\n            #block_3a4189b7928758f62de2c67f4d6347b6 {\n                margin-top: 96px;\n            }\n        }\n\n        #block_3a4189b7928758f62de2c67f4d6347b6 {\n            margin-bottom: 56px;\n        }\n\n        @media screen and (min-width: 768px) {\n            #block_3a4189b7928758f62de2c67f4d6347b6 {\n                margin-bottom: 96px;\n            }\n        }\n\n            <\/style>\n<section class=\"text-video-redirection \" id=\"block_3a4189b7928758f62de2c67f4d6347b6\">\n    <div class=\"text-video-redirection--container container--large\">\n                    <div class=\"text-video-redirection--video\">\n                                    <video src=\"https:\/\/preprod.hiolle-bedrock.weareled.fr\/app\/uploads\/sites\/2\/2026\/03\/Equipements-Ferroviaires-boucle-10-sec.mp4\" autoplay muted loop><\/video>\n                                                    <a href=\"https:\/\/youtu.be\/JRXJlZCr63A\" class=\"btn corner secondary icon play\" data-lity>Lire la vid\u00e9o<span><\/span><\/a>\n                            <\/div>\n                            <div class=\"text-video-redirection--content\">\n                                    <p class=\"uptitle\"><h2>C\u00e2blage Ferroviaire<\/h2>\n<p data-start=\"0\" data-end=\"365\">Plongez au coeur de nos ateliers et d\u00e9couvrez notre expertise en conception, fabrication et int\u00e9gration d\u2019\u00e9quipements \u00e9lectriques pour le ferroviaire.<\/p>\n<p data-start=\"367\" data-end=\"716\">Gr\u00e2ce \u00e0 des processus ma\u00eetris\u00e9s, des normes strictes et un savoir-faire technique reconnu, nous garantissons des solutions fiables, durables et parfaitement adapt\u00e9es aux exigences du secteur ferroviaire.<\/p>\n<\/p>\n                                            <\/div>\n            <\/div>\n<\/section>\n\n    <style>\n        #block_5f0568dd8dabb1c6096a3c50379793d8 {\n            margin-top: 56px;\n        }\n\n        @media screen and (min-width: 768px) {\n            #block_5f0568dd8dabb1c6096a3c50379793d8 {\n                margin-top: 96px;\n            }\n        }\n\n        #block_5f0568dd8dabb1c6096a3c50379793d8 {\n            margin-bottom: 56px;\n        }\n\n        @media screen and (min-width: 768px) {\n            #block_5f0568dd8dabb1c6096a3c50379793d8 {\n                margin-bottom: 96px;\n            }\n        }\n\n            <\/style>\n<section class=\"text-video-redirection reverse\" id=\"block_5f0568dd8dabb1c6096a3c50379793d8\">\n    <div class=\"text-video-redirection--container container--large\">\n                    <div class=\"text-video-redirection--video\">\n                                    <video src=\"https:\/\/preprod.hiolle-bedrock.weareled.fr\/app\/uploads\/sites\/2\/2026\/03\/Equipements-aeronautiques-boucle-10-sec.mp4\" autoplay muted loop><\/video>\n                                                    <a href=\"https:\/\/youtu.be\/H0_0tNu-WkE\" class=\"btn corner secondary icon play\" data-lity>Lire la vid\u00e9o<span><\/span><\/a>\n                            <\/div>\n                            <div class=\"text-video-redirection--content\">\n                                    <p class=\"uptitle\"><h2>C\u00e2blage A\u00e9ronautique<br \/>\net D\u00e9fense<\/h2>\n<p>D\u00e9couvrez en vid\u00e9o notre expertise en c\u00e2blage et int\u00e9gration d\u2019\u00e9quipements \u00e9lectriques pour l\u2019a\u00e9ronautique, le sport automobile et la d\u00e9fense.<\/p>\n<p>Nous intervenons sur des syst\u00e8mes complexes en a\u00e9ronautique civile et militaire ainsi que dans le sport automobile. Nous assurons \u00e9galement la maintenance et le SAV a\u00e9ronautique.<\/p>\n<\/p>\n                                            <\/div>\n            <\/div>\n<\/section>\n\n    <style>\n        #block_a91b6d2867901554c49e84a47d94cd5b {\n            margin-top: 56px;\n        }\n\n        @media screen and (min-width: 768px) {\n            #block_a91b6d2867901554c49e84a47d94cd5b {\n                margin-top: 96px;\n            }\n        }\n\n        #block_a91b6d2867901554c49e84a47d94cd5b {\n            margin-bottom: 56px;\n        }\n\n        @media screen and (min-width: 768px) {\n            #block_a91b6d2867901554c49e84a47d94cd5b {\n                margin-bottom: 96px;\n            }\n        }\n\n            <\/style>\n<section class=\"text-video-redirection \" id=\"block_a91b6d2867901554c49e84a47d94cd5b\">\n    <div class=\"text-video-redirection--container container--large\">\n                    <div class=\"text-video-redirection--video\">\n                                    <video src=\"https:\/\/preprod.hiolle-bedrock.weareled.fr\/app\/uploads\/sites\/2\/2026\/03\/Integration-Electronique-10-sec.mp4\" autoplay muted loop><\/video>\n                                                    <a href=\"https:\/\/youtu.be\/UukGXfDPRsY\" class=\"btn corner secondary icon play\" data-lity>Lire la vid\u00e9o<span><\/span><\/a>\n                            <\/div>\n                            <div class=\"text-video-redirection--content\">\n                                    <p class=\"uptitle\"><h2>Int\u00e9gration \u00c9lectronique<\/h2>\n<p>D\u00e9couvrez en vid\u00e9o notre expertise en conception de circuits \u00e9lectroniques et en d\u00e9veloppement de cartes et \u00e9quipements sur mesure.<\/p>\n<p>Nous concevons \u00e9galement des bancs de tests \u00e9lectroniques pour valider et fiabiliser vos solutions, qu\u2019elles soient d\u00e9velopp\u00e9es par nos \u00e9quipes ou par vos soins.<\/p>\n<\/p>\n                                            <\/div>\n            <\/div>\n<\/section>\n\n    <style>\n        #block_75efee1dbc8e4d862c77930503df81a9 {\n            margin-top: 56px;\n        }\n\n        @media screen and (min-width: 768px) {\n            #block_75efee1dbc8e4d862c77930503df81a9 {\n                margin-top: 96px;\n            }\n        }\n\n        #block_75efee1dbc8e4d862c77930503df81a9 {\n            margin-bottom: 56px;\n        }\n\n        @media screen and (min-width: 768px) {\n            #block_75efee1dbc8e4d862c77930503df81a9 {\n                margin-bottom: 96px;\n            }\n        }\n\n            <\/style>\n<section class=\"text-video-redirection reverse\" id=\"block_75efee1dbc8e4d862c77930503df81a9\">\n    <div class=\"text-video-redirection--container container--large\">\n                    <div class=\"text-video-redirection--video\">\n                                    <video src=\"https:\/\/preprod.hiolle-bedrock.weareled.fr\/app\/uploads\/sites\/2\/2026\/03\/Armoires-electriques-boucle-10-sec.mp4\" autoplay muted loop><\/video>\n                                                    <a href=\"https:\/\/youtu.be\/tB7iKWT619k\" class=\"btn corner secondary icon play\" data-lity>Lire la vid\u00e9o<span><\/span><\/a>\n                            <\/div>\n                            <div class=\"text-video-redirection--content\">\n                                    <p class=\"uptitle\"><h2>Conception d&rsquo;armoires \u00e9lectriques<\/h2>\n<p>Sp\u00e9cialiste de la conception d\u2019armoires \u00e9lectriques basse tension sur mesure, nous vous accompagnons de l\u2019\u00e9tude \u00e0 l\u2019installation. Nous r\u00e9alisons notamment des coffrets \u00e9lectriques, armoires de puissance, armoires de contr\u00f4le commande et tableaux g\u00e9n\u00e9raux basse tension (TGBT), adapt\u00e9s \u00e0 vos besoins industriels.<\/p>\n<p>Gr\u00e2ce \u00e0 notre expertise technique, nous garantissons des solutions fiables, performantes et conformes aux normes.<\/p>\n<\/p>\n                                            <\/div>\n            <\/div>\n<\/section>\n\n    <style>\n        #block_ab3d7be870f75cf11c102d0c2a81a2b5 {\n            margin-top: 56px;\n        }\n\n        @media screen and (min-width: 768px) {\n            #block_ab3d7be870f75cf11c102d0c2a81a2b5 {\n                margin-top: 96px;\n            }\n        }\n\n        #block_ab3d7be870f75cf11c102d0c2a81a2b5 {\n            margin-bottom: 56px;\n        }\n\n        @media screen and (min-width: 768px) {\n            #block_ab3d7be870f75cf11c102d0c2a81a2b5 {\n                margin-bottom: 96px;\n            }\n        }\n\n            <\/style>\n<section class=\"text-video-redirection \" id=\"block_ab3d7be870f75cf11c102d0c2a81a2b5\">\n    <div class=\"text-video-redirection--container container--large\">\n                    <div class=\"text-video-redirection--video\">\n                                    <video src=\"https:\/\/preprod.hiolle-bedrock.weareled.fr\/app\/uploads\/sites\/2\/2026\/03\/Machines-speciales-et-robotique-boucle.mp4\" autoplay muted loop><\/video>\n                                                    <a href=\"https:\/\/youtu.be\/AUCHwKJjDa8\" class=\"btn corner secondary icon play\" data-lity>Lire la vid\u00e9o<span><\/span><\/a>\n                            <\/div>\n                            <div class=\"text-video-redirection--content\">\n                                    <p class=\"uptitle\"><h2>Machines sp\u00e9ciales<br \/>\net robotique<\/h2>\n<p>Expert en conception et fabrication de machines sp\u00e9ciales sur mesure, nous accompagnons les industriels dans l\u2019automatisation de leurs lignes de production. En tant qu\u2019int\u00e9grateur de solutions robotiques et d\u2019automatisation industrielle, nous concevons des \u00e9quipements performants, pr\u00e9cis et adapt\u00e9s \u00e0 vos contraintes m\u00e9tiers.<\/p>\n<p>De l\u2019\u00e9tude \u00e0 la mise en service, nous d\u00e9veloppons des solutions sur mesure pour optimiser votre productivit\u00e9, am\u00e9liorer la qualit\u00e9 et renforcer la comp\u00e9titivit\u00e9 de votre outil industriel.<\/p>\n<p>&nbsp;<\/p>\n<\/p>\n                                            <\/div>\n            <\/div>\n<\/section>\n\n    <style>\n        #block_c5c5d98122cef76d6216f56697f0382e {\n            margin-top: 56px;\n        }\n\n        @media screen and (min-width: 768px) {\n            #block_c5c5d98122cef76d6216f56697f0382e {\n                margin-top: 96px;\n            }\n        }\n\n        #block_c5c5d98122cef76d6216f56697f0382e {\n            margin-bottom: 56px;\n        }\n\n        @media screen and (min-width: 768px) {\n            #block_c5c5d98122cef76d6216f56697f0382e {\n                margin-bottom: 96px;\n            }\n        }\n\n            <\/style>\n<section class=\"text-video-redirection reverse\" id=\"block_c5c5d98122cef76d6216f56697f0382e\">\n    <div class=\"text-video-redirection--container container--large\">\n                    <div class=\"text-video-redirection--video\">\n                                    <video src=\"https:\/\/preprod.hiolle-bedrock.weareled.fr\/app\/uploads\/sites\/2\/2026\/03\/Maintenance-et-services-ferroviaires-boucle-10-sec.mp4\" autoplay muted loop><\/video>\n                                                    <a href=\"https:\/\/youtu.be\/Nx9LEwLdaQ4\" class=\"btn corner secondary icon play\" data-lity>Lire la vid\u00e9o<span><\/span><\/a>\n                            <\/div>\n                            <div class=\"text-video-redirection--content\">\n                                    <p class=\"uptitle\"><h2>Maintenance et services ferroviaire<\/h2>\n<p>Plongez au coeur de notre Centre de Maintenance Ferroviaire et d\u00e9couvrez nos savoir-faire en op\u00e9rations de maintenance lourde et l\u00e9g\u00e8re pour garantir la performance et la fiabilit\u00e9 de vos mat\u00e9riels roulants. Nous r\u00e9alisons \u00e9galement des projets de r\u00e9trofit afin de moderniser les \u00e9quipements et prolonger leur dur\u00e9e de vie. Intervenants sur sites clients en France et \u00e0 l\u2019international, ainsi que dans nos propres ateliers, nous vous assurons des prestations sur mesure et conformes aux exigences du secteur ferroviaire.<\/p>\n<p>&nbsp;<\/p>\n<\/p>\n                                            <\/div>\n            <\/div>\n<\/section>","protected":false},"excerpt":{"rendered":"<p>Plongez au c\u0153ur de notre expertise industrielle \u00e0 travers une s\u00e9rie de vid\u00e9os immersives tourn\u00e9es directement dans nos ateliers en France.<\/p>\n","protected":false},"author":5,"featured_media":1339,"parent":0,"menu_order":0,"comment_status":"closed","ping_status":"closed","template":"","meta":{"_acf_changed":false,"_seopress_robots_primary_cat":"","_seopress_titles_title":"","_seopress_titles_desc":"","_seopress_robots_index":"","footnotes":""},"class_list":["post-2478","page","type-page","status-publish","has-post-thumbnail","hentry"],"acf":[],"lang":"fr","translations":{"fr":2478},"pll_sync_post":[],"_links":{"self":[{"href":"https:\/\/preprod.hiolle-bedrock.weareled.fr\/hiolle-technologies\/wp-json\/wp\/v2\/pages\/2478","targetHints":{"allow":["GET"]}}],"collection":[{"href":"https:\/\/preprod.hiolle-bedrock.weareled.fr\/hiolle-technologies\/wp-json\/wp\/v2\/pages"}],"about":[{"href":"https:\/\/preprod.hiolle-bedrock.weareled.fr\/hiolle-technologies\/wp-json\/wp\/v2\/types\/page"}],"author":[{"embeddable":true,"href":"https:\/\/preprod.hiolle-bedrock.weareled.fr\/hiolle-technologies\/wp-json\/wp\/v2\/users\/5"}],"replies":[{"embeddable":true,"href":"https:\/\/preprod.hiolle-bedrock.weareled.fr\/hiolle-technologies\/wp-json\/wp\/v2\/comments?post=2478"}],"version-history":[{"count":36,"href":"https:\/\/preprod.hiolle-bedrock.weareled.fr\/hiolle-technologies\/wp-json\/wp\/v2\/pages\/2478\/revisions"}],"predecessor-version":[{"id":2537,"href":"https:\/\/preprod.hiolle-bedrock.weareled.fr\/hiolle-technologies\/wp-json\/wp\/v2\/pages\/2478\/revisions\/2537"}],"wp:featuredmedia":[{"embeddable":true,"href":"https:\/\/preprod.hiolle-bedrock.weareled.fr\/hiolle-technologies\/wp-json\/wp\/v2\/media\/1339"}],"wp:attachment":[{"href":"https:\/\/preprod.hiolle-bedrock.weareled.fr\/hiolle-technologies\/wp-json\/wp\/v2\/media?parent=2478"}],"curies":[{"name":"wp","href":"https:\/\/api.w.org\/{rel}","templated":true}]}}