{"id":28,"date":"2024-08-27T15:50:35","date_gmt":"2024-08-27T13:50:35","guid":{"rendered":"https:\/\/preprod.hiolle-bedrock.weareled.fr\/hiolle-technologies\/?page_id=28"},"modified":"2026-03-17T10:47:09","modified_gmt":"2026-03-17T09:47:09","slug":"equipements-electriques-embarques","status":"publish","type":"page","link":"https:\/\/preprod.hiolle-bedrock.weareled.fr\/hiolle-technologies\/solutions-realisations\/cablage-dequipements-electriques\/equipements-electriques-embarques\/","title":{"rendered":"\u00c9quipements \u00e9lectriques embarqu\u00e9s"},"content":{"rendered":"    <style>\n        #block_406bbe9ebb3cd47a84abaa57ef439374 {\n            margin-top: 0px;\n        }\n\n        @media screen and (min-width: 768px) {\n            #block_406bbe9ebb3cd47a84abaa57ef439374 {\n                margin-top: 0px;\n            }\n        }\n\n        #block_406bbe9ebb3cd47a84abaa57ef439374 {\n            margin-bottom: 56px;\n        }\n\n        @media screen and (min-width: 768px) {\n            #block_406bbe9ebb3cd47a84abaa57ef439374 {\n                margin-bottom: 96px;\n            }\n        }\n\n            <\/style>\n<section class=\"hero hero--secondary\" id=\"block_406bbe9ebb3cd47a84abaa57ef439374\">\n    <div class=\"hero--container\">\n                    <div class=\"hero--img\">\n                <img decoding=\"async\" src=\"https:\/\/preprod.hiolle-bedrock.weareled.fr\/app\/uploads\/sites\/2\/2025\/03\/HIOLLE_TRELIVAN_021-e1741900451985.jpg\" alt=\"\">\n            <\/div>\n                <div class=\"hero--container-content\">\n                            <div class=\"hero--breadcrumb\">\n                    <nav  aria-label=\"Fil d&#039;Ariane\"><ol class=\"breadcrumb\" itemscope itemtype=\"https:\/\/schema.org\/BreadcrumbList\"><li class=\"breadcrumb-item active\" aria-current=\"page\" itemprop=\"itemListElement\" itemscope itemtype=\"https:\/\/schema.org\/ListItem\"><span itemprop=\"name\">Accueil<\/span><meta itemprop=\"position\" content=\"1\"><\/li><\/ol><\/nav>                <\/div>\n                                                    <div class=\"hero--content\">\n                    <p class=\"uptitle\">Solutions &amp; r\u00e9alisations<\/p>\n<h1>\u00c9quipements \u00e9lectriques embarqu\u00e9s<\/h1>\n<p>Des \u00e9quipements embarqu\u00e9s et des c\u00e2blages \u00e9lectriques pour l\u2019a\u00e9ronautique, la d\u00e9fense et ferroviaire<\/p>\n                <\/div>\n                                <\/div>\n    <\/div>\n<\/section>\n\n    <style>\n        #block_4c49f46885a661213c681605a3c25672 {\n            margin-top: 8px;\n        }\n\n        @media screen and (min-width: 768px) {\n            #block_4c49f46885a661213c681605a3c25672 {\n                margin-top: 24px;\n            }\n        }\n\n        #block_4c49f46885a661213c681605a3c25672 {\n            margin-bottom: 56px;\n        }\n\n        @media screen and (min-width: 768px) {\n            #block_4c49f46885a661213c681605a3c25672 {\n                margin-bottom: 80px;\n            }\n        }\n\n            <\/style>\n<section class=\"simplified-nav\" id=\"block_4c49f46885a661213c681605a3c25672\">\n    <div class=\"simplified-nav--container container--large\">\n                    <div class=\"simplified-nav--label\">\n                <p>Nos solutions<\/p>\n            <\/div>\n                \n                    <div class=\"simplified-nav--select is-custom-select\">\n                                                    <select onchange=\"window.location=this.value\">\n                                                                                                                                                                                            <option                                     value=\"https:\/\/preprod.hiolle-bedrock.weareled.fr\/hiolle-technologies\/solutions-realisations\/conception-fabrication-de-machines-speciales-et-integration-robotique\/\">\n                                    Conception, fabrication de machines sp\u00e9ciales et int\u00e9gration robotique                                <\/option>\n\n                                                                                                                                                                                                                        <option                                     value=\"https:\/\/preprod.hiolle-bedrock.weareled.fr\/hiolle-technologies\/solutions-realisations\/conception-fabrication-et-integration-densembles-electroniques\/\">\n                                    Conception, fabrication et int\u00e9gration d&rsquo;ensembles \u00e9lectroniques                                <\/option>\n\n                                                                                                                                                                                                                        <option selected                                    value=\"https:\/\/preprod.hiolle-bedrock.weareled.fr\/hiolle-technologies\/solutions-realisations\/cablage-dequipements-electriques\/\">\n                                    Conception, fabrication et int\u00e9gration d&rsquo;\u00e9quipements \u00e9lectriques                                <\/option>\n\n                                                                                                                                                                                <\/select>\n                            <\/div>\n            <\/div>\n<\/section>\n\n    <style>\n        #block_132ebf17b1ad8bd3bd7b1a1af566d721 {\n            margin-top: 56px;\n        }\n\n        @media screen and (min-width: 768px) {\n            #block_132ebf17b1ad8bd3bd7b1a1af566d721 {\n                margin-top: 80px;\n            }\n        }\n\n        #block_132ebf17b1ad8bd3bd7b1a1af566d721 {\n            margin-bottom: 56px;\n        }\n\n        @media screen and (min-width: 768px) {\n            #block_132ebf17b1ad8bd3bd7b1a1af566d721 {\n                margin-bottom: 96px;\n            }\n        }\n\n            <\/style>\n<section class=\"expertises-list\" id=\"block_132ebf17b1ad8bd3bd7b1a1af566d721\">\n            <div class=\"expertises-list--title container--large\">\n            <h2>Nos produits et services<\/h2>\n        <\/div>\n                <div class=\"expertises-list--list container--large\">\n                                            <div class=\"card-expertise\">\n                                            <div class=\"card-expertise--image\">\n                            <img decoding=\"async\" src=\"https:\/\/preprod.hiolle-bedrock.weareled.fr\/app\/uploads\/sites\/2\/2025\/01\/HIOLLE_OSNY_008.jpg\" alt=\"\">\n                            <span class=\"legend\"><\/span>\n                        <\/div>\n                                        <div class=\"card-expertise--content\">\n                                                    <h4>Faisceaux \u00e9lectriques <\/h4>\n                                                                                                    <p>Production et int\u00e9gration de faisceaux \u00e9lectriques sp\u00e9cifiques (c\u00e2blage ferroviaire, c\u00e2blage a\u00e9ronautique et c\u00e2blage sport automobile)<\/p>\n                                            <\/div>\n                    <!-- <a href=\"#\"><\/a> -->\n                <\/div>\n                                            <div class=\"card-expertise\">\n                                            <div class=\"card-expertise--image\">\n                            <img decoding=\"async\" src=\"https:\/\/preprod.hiolle-bedrock.weareled.fr\/app\/uploads\/sites\/2\/2025\/03\/intercaisses.jpg\" alt=\"\">\n                            <span class=\"legend\"><\/span>\n                        <\/div>\n                                        <div class=\"card-expertise--content\">\n                                                    <h4>Cablots inter caisses<\/h4>\n                                                                                                    <p>C\u00e2blage de c\u00e2blots inter caisse pour le ferroviaire<\/p>\n                                            <\/div>\n                    <!-- <a href=\"#\"><\/a> -->\n                <\/div>\n                                            <div class=\"card-expertise\">\n                                            <div class=\"card-expertise--image\">\n                            <img decoding=\"async\" src=\"https:\/\/preprod.hiolle-bedrock.weareled.fr\/app\/uploads\/sites\/2\/2025\/10\/IMG_6727-min.jpg\" alt=\"\">\n                            <span class=\"legend\"><\/span>\n                        <\/div>\n                                        <div class=\"card-expertise--content\">\n                                                    <h4>Armoires \u00e9lectriques<\/h4>\n                                                                                                    <p>C\u00e2blage et int\u00e9gration de faisceaux et mat\u00e9riels \u00e9lectriques dans des armoires \u00e9lectriques <\/p>\n                                            <\/div>\n                    <!-- <a href=\"#\"><\/a> -->\n                <\/div>\n                                            <div class=\"card-expertise\">\n                                            <div class=\"card-expertise--image\">\n                            <img decoding=\"async\" src=\"https:\/\/preprod.hiolle-bedrock.weareled.fr\/app\/uploads\/sites\/2\/2025\/03\/coffre-voussoir-3.jpeg\" alt=\"\">\n                            <span class=\"legend\"><\/span>\n                        <\/div>\n                                        <div class=\"card-expertise--content\">\n                                                    <h4>Coffrets \u00e9lectriques<\/h4>\n                                                                                                    <p>C\u00e2blage et int\u00e9gration de faisceaux et mat\u00e9riels \u00e9lectriques dans des coffrets \u00e9lectriques embarqu\u00e9s<br \/>\r\n<\/p>\n                                            <\/div>\n                    <!-- <a href=\"#\"><\/a> -->\n                <\/div>\n                                            <div class=\"card-expertise\">\n                                            <div class=\"card-expertise--image\">\n                            <img decoding=\"async\" src=\"https:\/\/preprod.hiolle-bedrock.weareled.fr\/app\/uploads\/sites\/2\/2025\/03\/Armoire-electrique-HT-e1741901037146.jpg\" alt=\"\">\n                            <span class=\"legend\"><\/span>\n                        <\/div>\n                                        <div class=\"card-expertise--content\">\n                                                    <h4>Baies \u00e9lectriques embarqu\u00e9es et infrastructures<\/h4>\n                                                                                                    <p>C\u00e2blage et int\u00e9gration de faisceaux et mat\u00e9riels \u00e9lectriques dans des baies \u00e9lectriques embarqu\u00e9es<\/p>\n                                            <\/div>\n                    <!-- <a href=\"#\"><\/a> -->\n                <\/div>\n                                            <div class=\"card-expertise\">\n                                            <div class=\"card-expertise--image\">\n                            <img decoding=\"async\" src=\"https:\/\/preprod.hiolle-bedrock.weareled.fr\/app\/uploads\/sites\/2\/2025\/03\/pupitre-4.jpeg\" alt=\"\">\n                            <span class=\"legend\"><\/span>\n                        <\/div>\n                                        <div class=\"card-expertise--content\">\n                                                    <h4>Pupitres de conduite<\/h4>\n                                                                                                    <p>Production et int\u00e9gration de pupitres de conduite pour les trains<br \/>\r\n<\/p>\n                                            <\/div>\n                    <!-- <a href=\"#\"><\/a> -->\n                <\/div>\n                                            <div class=\"card-expertise\">\n                                            <div class=\"card-expertise--image\">\n                            <img decoding=\"async\" src=\"https:\/\/preprod.hiolle-bedrock.weareled.fr\/app\/uploads\/sites\/2\/2026\/03\/Cablage_complet_vehicules.jpeg\" alt=\"\">\n                            <span class=\"legend\"><\/span>\n                        <\/div>\n                                        <div class=\"card-expertise--content\">\n                                                    <h4>C\u00e2blage complet sur v\u00e9hicule<\/h4>\n                                                                                                    <p>Int\u00e9gration compl\u00e8te de harnais sur v\u00e9hicule<\/p>\n                                            <\/div>\n                    <!-- <a href=\"#\"><\/a> -->\n                <\/div>\n                                            <div class=\"card-expertise\">\n                                            <div class=\"card-expertise--image\">\n                            <img decoding=\"async\" src=\"https:\/\/preprod.hiolle-bedrock.weareled.fr\/app\/uploads\/sites\/2\/2025\/03\/HIOLLE_OSNY_014.jpg\" alt=\"\">\n                            <span class=\"legend\"><\/span>\n                        <\/div>\n                                        <div class=\"card-expertise--content\">\n                                                    <h4>Tests<\/h4>\n                                                                                                    <p>Tests des faisceaux et mat\u00e9riels \u00e9lectriques avant livraison et int\u00e9gration <\/p>\n                                            <\/div>\n                    <!-- <a href=\"#\"><\/a> -->\n                <\/div>\n                    <\/div>\n    <\/section>\n\n    <style>\n        #block_14536e4e17f6b814480a201491869eae:not(.medium-blue):not(.primary-blue) {\n            margin-top: 56px;\n        }\n\n        @media screen and (min-width: 768px) {\n            #block_14536e4e17f6b814480a201491869eae:not(.medium-blue):not(.primary-blue) {\n                margin-top: 96px;\n            }\n        }\n\n        #block_14536e4e17f6b814480a201491869eae:not(.medium-blue):not(.primary-blue) {\n            margin-bottom: 56px;\n        }\n\n        @media screen and (min-width: 768px) {\n            #block_14536e4e17f6b814480a201491869eae:not(.medium-blue):not(.primary-blue) {\n                margin-bottom: 96px;\n            }\n        }\n\n        #block_14536e4e17f6b814480a201491869eae.primary-blue,\n        #block_14536e4e17f6b814480a201491869eae.medium-blue {\n            padding-top: 56px;\n        }\n\n        @media screen and (min-width: 768px) {\n\n            #block_14536e4e17f6b814480a201491869eae.primary-blue,\n            #block_14536e4e17f6b814480a201491869eae.medium-blue {\n                padding-top: 96px;\n            }\n        }\n\n        #block_14536e4e17f6b814480a201491869eae.primary-blue,\n        #block_14536e4e17f6b814480a201491869eae.medium-blue {\n            padding-bottom: 56px;\n        }\n\n        @media screen and (min-width: 768px) {\n\n            #block_14536e4e17f6b814480a201491869eae.primary-blue,\n            #block_14536e4e17f6b814480a201491869eae.medium-blue {\n                padding-bottom: 96px;\n            }\n        }\n\n            <\/style>\n<section class=\"txt-img  reverse medium-blue\" id=\"block_14536e4e17f6b814480a201491869eae\" >\n        <div class=\"txt-img--container container--large\">\n                    <div class=\"txt-img--content\">\n                                    <h2>Nous sommes \u00e9galement<br \/>\nau Maroc<\/h2>\n<p>Depuis plusieurs ann\u00e9es, notre entreprise entretient une relation \u00e9troite et dynamique avec sa soci\u00e9t\u00e9 s\u0153ur bas\u00e9e au Maroc. Cette collaboration repose sur une vision commune, des valeurs partag\u00e9es et une volont\u00e9 constante d\u2019innover ensemble.<\/p>\n<p>Nourris par un \u00e9change permanent de savoir-faire et <strong>la mise en place de standards communs, <\/strong>nous formons<strong> une chaine de valeur r\u00e9active<\/strong> capable de r\u00e9pondre aux besoins sp\u00e9cifiques de nos clients et capable de proposer<strong> des sch\u00e9mas industriels adapt\u00e9s<\/strong>.<\/p>\n<p>Engag\u00e9e dans une d\u00e9marche qualit\u00e9, HIOLLE INDUSTRIES MAROC est <strong>certifi\u00e9e ISO 9001 et EN 9100<\/strong>.<\/p>\n                                                    <a href=\"https:\/\/preprod.hiolle-bedrock.weareled.fr\/hiolle-industries-maroc\/\" target=\"_blank\" class=\"btn tertiary-light  icon arrow-right\">\n                        D\u00e9couvrir HIOLLE INDUSTRIES MAROC                        <span><\/span>\n                    <\/a>\n                            <\/div>\n                            <div class=\"txt-img--images\">\n                <img decoding=\"async\" src=\"https:\/\/preprod.hiolle-bedrock.weareled.fr\/app\/uploads\/sites\/2\/2025\/08\/DSC_4319-min-scaled.jpg\" alt=\"\">\n                            <\/div>\n            <\/div>\n<\/section>\n\n    <style>\n        #block_3c00476f6336aef9b6101dff1d866969 {\n            margin-top: 56px;\n        }\n\n        @media screen and (min-width: 768px) {\n            #block_3c00476f6336aef9b6101dff1d866969 {\n                margin-top: 96px;\n            }\n        }\n\n        #block_3c00476f6336aef9b6101dff1d866969 {\n            margin-bottom: 56px;\n        }\n\n        @media screen and (min-width: 768px) {\n            #block_3c00476f6336aef9b6101dff1d866969 {\n                margin-bottom: 96px;\n            }\n        }\n\n            <\/style>\n    <section class=\"slider-actualites glue nav-medium \" id=\"block_3c00476f6336aef9b6101dff1d866969\">\n                <div class=\"slider-actualites--container\">\n            <div class=\"slider-actualites--header container--large\">\n                                    <div class=\"slider-actualites--title\">\n                        <p class=\"uptitle\">Nos actualit\u00e9s<\/p>\n<h2>D\u00e9couvrez toutes <span style=\"color: #009cde\">nos derni\u00e8res r\u00e9alisations\u00a0<\/span><\/h2>\n                    <\/div>\n                                                    <a href=\"https:\/\/preprod.hiolle-bedrock.weareled.fr\/hiolle-technologies\/nos-actualites\/\" class=\"link dark icon arrow-right\">Voir toutes les actualit\u00e9s<\/a>\n                            <\/div>\n            <div class=\"slider-actualites--slider container--large owl-carousel\">\n                                                        <div class=\"card-actuality\">\n                        <a href=\"https:\/\/preprod.hiolle-bedrock.weareled.fr\/hiolle-technologies\/une-collaboration-inter-filiales-reussie\/\" class=\"card-actuality--link\"><\/a>\n                        <div class=\"card-actuality--image\">\n                                                            <img decoding=\"async\" src=\"https:\/\/preprod.hiolle-bedrock.weareled.fr\/app\/uploads\/sites\/2\/2025\/10\/HIOLLE_PROUVY_090-min-2-1.jpg\" alt=\"\">\n                                                                                        <div class=\"card-actuality--categories\">\n                                                                            <span class=\"category\">R\u00e9alisations<\/span>\n                                                                    <\/div>\n                                                    <\/div>\n                        <div class=\"card-actuality--content\">\n                            <div class=\"card-actuality--title\">\n                                                                                                                                                            <span class=\"tag\">HIOLLE TECHNOLOGIES<\/span>\n                                                                                                                                            <h5>Une collaboration inter-filiales r\u00e9ussie !<\/h5>\n                            <\/div>\n                                                        <div class=\"card-actuality--footer\">\n                                <span class=\"date\">17 mars 2025<\/span>\n                                <span class=\"arrow-btn light-green\"><span><\/span><\/span>\n                            <\/div>\n                        <\/div>\n                    <\/div>\n                                                        <div class=\"card-actuality\">\n                        <a href=\"https:\/\/preprod.hiolle-bedrock.weareled.fr\/hiolle-technologies\/renovation-robotique-hiolle-technologies-a-remis-en-etat-135-robots\/\" class=\"card-actuality--link\"><\/a>\n                        <div class=\"card-actuality--image\">\n                                                            <img decoding=\"async\" src=\"https:\/\/preprod.hiolle-bedrock.weareled.fr\/app\/uploads\/sites\/2\/2024\/09\/HIOLLE_TECHNO_ST_Q_067.jpg\" alt=\"\">\n                                                                                        <div class=\"card-actuality--categories\">\n                                                                            <span class=\"category\">R\u00e9alisations<\/span>\n                                                                    <\/div>\n                                                    <\/div>\n                        <div class=\"card-actuality--content\">\n                            <div class=\"card-actuality--title\">\n                                                                                                                    <span class=\"tag\">HIOLLE TECHNOLOGIES<\/span>\n                                                                                                    <h5>R\u00e9novation robotique d&rsquo;ampleur !<\/h5>\n                            <\/div>\n                                                        <div class=\"card-actuality--footer\">\n                                <span class=\"date\">26 janvier 2025<\/span>\n                                <span class=\"arrow-btn light-green\"><span><\/span><\/span>\n                            <\/div>\n                        <\/div>\n                    <\/div>\n                            <\/div>\n            <div class=\"slider-actualites--navigation owl-nav container--large\">\n                <span class=\"indicator\"><\/span>\n                <div class=\"slider-actualites--dots owl-dots\"><\/div>\n            <\/div>\n        <\/div>\n    <\/section>\n\n\n    <style>\n        #block_b159394bc3c38f1e84777bf255305935 {\n            margin-top: 56px;\n        }\n\n        @media screen and (min-width: 768px) {\n            #block_b159394bc3c38f1e84777bf255305935 {\n                margin-top: 96px;\n            }\n        }\n\n        #block_b159394bc3c38f1e84777bf255305935 {\n            margin-bottom: 56px;\n        }\n\n        @media screen and (min-width: 768px) {\n            #block_b159394bc3c38f1e84777bf255305935 {\n                margin-bottom: 96px;\n            }\n        }\n\n            <\/style>\n<section class=\"redirection-double \" id=\"block_b159394bc3c38f1e84777bf255305935\">\n        <div class=\"redirection-double--container container--large\">\n                    <div class=\"background\">\n                                                    <h3>Vous souhaitez prendre contact avec nous ?<\/h3>\n<p>Une question ? Une demande particuli\u00e8re ? Un projet ? Contactez-nous d\u00e8s aujourd\u2019hui, nous nous ferons un plaisir de vous r\u00e9pondre dans les plus brefs d\u00e9lais.<\/p>\n                                                    <a href=\"https:\/\/preprod.hiolle-bedrock.weareled.fr\/hiolle-technologies\/contactez-nous\/\" target=\"\" class=\"btn secondary icon arrow-right\">Nous contacter<span><\/span><\/a>\n                            <\/div>\n                            <div class=\"light\">\n                                    <h3>D\u00e9couvrez nos autres solutions !<\/h3>\n<p>Nos \u00e9quipes sont \u00e9galement sp\u00e9cialis\u00e9es dans la conception d&rsquo;ensembles \u00e9lectroniques et la maintenance ferroviaire.<\/p>\n                                                    <a href=\"https:\/\/preprod.hiolle-bedrock.weareled.fr\/hiolle-technologies\/solutions-realisations\/\" target=\"\" class=\"btn icon arrow-right\">Voir toutes nos solutions<span><\/span><\/a>\n                            <\/div>\n            <\/div>\n<\/section>","protected":false},"excerpt":{"rendered":"<p>Pour l\u2019a\u00e9ronautique, la d\u00e9fense et le ferroviaire<\/p>\n","protected":false},"author":1,"featured_media":670,"parent":194,"menu_order":1,"comment_status":"closed","ping_status":"closed","template":"","meta":{"_acf_changed":false,"_seopress_robots_primary_cat":"","_seopress_titles_title":"","_seopress_titles_desc":"","_seopress_robots_index":"","footnotes":""},"class_list":["post-28","page","type-page","status-publish","has-post-thumbnail","hentry"],"acf":[],"lang":"fr","translations":{"fr":28},"pll_sync_post":[],"_links":{"self":[{"href":"https:\/\/preprod.hiolle-bedrock.weareled.fr\/hiolle-technologies\/wp-json\/wp\/v2\/pages\/28","targetHints":{"allow":["GET"]}}],"collection":[{"href":"https:\/\/preprod.hiolle-bedrock.weareled.fr\/hiolle-technologies\/wp-json\/wp\/v2\/pages"}],"about":[{"href":"https:\/\/preprod.hiolle-bedrock.weareled.fr\/hiolle-technologies\/wp-json\/wp\/v2\/types\/page"}],"author":[{"embeddable":true,"href":"https:\/\/preprod.hiolle-bedrock.weareled.fr\/hiolle-technologies\/wp-json\/wp\/v2\/users\/1"}],"replies":[{"embeddable":true,"href":"https:\/\/preprod.hiolle-bedrock.weareled.fr\/hiolle-technologies\/wp-json\/wp\/v2\/comments?post=28"}],"version-history":[{"count":71,"href":"https:\/\/preprod.hiolle-bedrock.weareled.fr\/hiolle-technologies\/wp-json\/wp\/v2\/pages\/28\/revisions"}],"predecessor-version":[{"id":2370,"href":"https:\/\/preprod.hiolle-bedrock.weareled.fr\/hiolle-technologies\/wp-json\/wp\/v2\/pages\/28\/revisions\/2370"}],"up":[{"embeddable":true,"href":"https:\/\/preprod.hiolle-bedrock.weareled.fr\/hiolle-technologies\/wp-json\/wp\/v2\/pages\/194"}],"wp:featuredmedia":[{"embeddable":true,"href":"https:\/\/preprod.hiolle-bedrock.weareled.fr\/hiolle-technologies\/wp-json\/wp\/v2\/media\/670"}],"wp:attachment":[{"href":"https:\/\/preprod.hiolle-bedrock.weareled.fr\/hiolle-technologies\/wp-json\/wp\/v2\/media?parent=28"}],"curies":[{"name":"wp","href":"https:\/\/api.w.org\/{rel}","templated":true}]}}