{"id":24,"date":"2024-08-27T16:01:56","date_gmt":"2024-08-27T14:01:56","guid":{"rendered":"https:\/\/preprod.hiolle-bedrock.weareled.fr\/pro-formation\/?page_id=24"},"modified":"2025-10-30T16:17:13","modified_gmt":"2025-10-30T15:17:13","slug":"hiolle-academy","status":"publish","type":"page","link":"https:\/\/preprod.hiolle-bedrock.weareled.fr\/pro-formation\/hiolle-academy\/","title":{"rendered":"Hiolle Academy"},"content":{"rendered":"    <style>\n        #block_e00baf19ef4900bcefe623c8e150f0d1 {\n            margin-top: 0px;\n        }\n\n        @media screen and (min-width: 768px) {\n            #block_e00baf19ef4900bcefe623c8e150f0d1 {\n                margin-top: 0px;\n            }\n        }\n\n        #block_e00baf19ef4900bcefe623c8e150f0d1 {\n            margin-bottom: 56px;\n        }\n\n        @media screen and (min-width: 768px) {\n            #block_e00baf19ef4900bcefe623c8e150f0d1 {\n                margin-bottom: 96px;\n            }\n        }\n\n            <\/style>\n<section class=\"hero hero--secondary\" id=\"block_e00baf19ef4900bcefe623c8e150f0d1\">\n    <div class=\"hero--container\">\n                    <div class=\"hero--img\">\n                <img decoding=\"async\" src=\"https:\/\/preprod.hiolle-bedrock.weareled.fr\/app\/uploads\/sites\/7\/2024\/10\/PROFORMATION_057.jpg\" alt=\"\">\n            <\/div>\n                <div class=\"hero--container-content\">\n                                                    <div class=\"hero--content\">\n                    <p class=\"uptitle\">Nous conna\u00eetre<\/p>\n<h1>HIOLLE Academy<\/h1>\n<p>La HIOLLE Academy, acad\u00e9mie d\u00e9di\u00e9e \u00e0 la formation en apprentissage de PRO Formation, forme des apprentis aux m\u00e9tiers du c\u00e2blage ferroviaire et a\u00e9ronautique, de la logistique, de l\u2019hygi\u00e8ne et propret\u00e9 et des espaces verts.<\/p>\n                <\/div>\n                                <\/div>\n    <\/div>\n<\/section>\n\n    <style>\n        #block_8efc4b3f9ec9231ebe285fbc373b5455:not(.medium-blue):not(.primary-blue) {\n            margin-top: 56px;\n        }\n\n        @media screen and (min-width: 768px) {\n            #block_8efc4b3f9ec9231ebe285fbc373b5455:not(.medium-blue):not(.primary-blue) {\n                margin-top: 96px;\n            }\n        }\n\n        #block_8efc4b3f9ec9231ebe285fbc373b5455:not(.medium-blue):not(.primary-blue) {\n            margin-bottom: 56px;\n        }\n\n        @media screen and (min-width: 768px) {\n            #block_8efc4b3f9ec9231ebe285fbc373b5455:not(.medium-blue):not(.primary-blue) {\n                margin-bottom: 96px;\n            }\n        }\n\n        #block_8efc4b3f9ec9231ebe285fbc373b5455.primary-blue,\n        #block_8efc4b3f9ec9231ebe285fbc373b5455.medium-blue {\n            padding-top: 56px;\n        }\n\n        @media screen and (min-width: 768px) {\n\n            #block_8efc4b3f9ec9231ebe285fbc373b5455.primary-blue,\n            #block_8efc4b3f9ec9231ebe285fbc373b5455.medium-blue {\n                padding-top: 96px;\n            }\n        }\n\n        #block_8efc4b3f9ec9231ebe285fbc373b5455.primary-blue,\n        #block_8efc4b3f9ec9231ebe285fbc373b5455.medium-blue {\n            padding-bottom: 56px;\n        }\n\n        @media screen and (min-width: 768px) {\n\n            #block_8efc4b3f9ec9231ebe285fbc373b5455.primary-blue,\n            #block_8efc4b3f9ec9231ebe285fbc373b5455.medium-blue {\n                padding-bottom: 96px;\n            }\n        }\n\n            <\/style>\n<section class=\"txt-img   \" id=\"block_8efc4b3f9ec9231ebe285fbc373b5455\" >\n        <div class=\"txt-img--container container--large\">\n                    <div class=\"txt-img--content\">\n                                    <h2>La gen\u00e8se du projet<\/h2>\n<p>Conscients de la difficult\u00e9 croissante \u00e0 recruter des talents qualifi\u00e9s dans les secteurs industriels, nous avons d\u00e9cid\u00e9 de nous engager encore plus dans la formation des jeunes en cr\u00e9ant notre propre Centre de Formation d&rsquo;Apprentis (CFA). \u00c0 l&rsquo;origine, seul le Titre Professionnel MCIEEE (Monteur C\u00e2bleur Int\u00e9grateur en Equipement Electriques et Electrotechniques) \u00e9tait propos\u00e9 en apprentissage, en ad\u00e9quation avec les besoins m\u00e9tiers du Groupe HIOLLE. Depuis, de nouvelles formations sont venues enrichir l&rsquo;offre, comme ouvriers du paysage et agents de propret\u00e9 et d&rsquo;hygi\u00e8ne.<\/p>\n                                                    <a href=\"https:\/\/preprod.hiolle-bedrock.weareled.fr\/pro-formation\/titres-professionnels-et-apprentissage\/\" target=\"_self\" class=\"btn   icon arrow-right\">\n                        Consulter nos formations en apprentissage                        <span><\/span>\n                    <\/a>\n                            <\/div>\n                            <div class=\"txt-img--images\">\n                <img decoding=\"async\" src=\"https:\/\/preprod.hiolle-bedrock.weareled.fr\/app\/uploads\/sites\/7\/2024\/10\/PROFORMATION_066.jpg\" alt=\"\">\n                            <\/div>\n            <\/div>\n<\/section>\n\n    <style>\n        #block_5af28dc7d9e91fc7fb8f6fbb3b4e7e52 {\n            margin-top: 56px;\n        }\n\n        @media screen and (min-width: 768px) {\n            #block_5af28dc7d9e91fc7fb8f6fbb3b4e7e52 {\n                margin-top: 96px;\n            }\n        }\n\n        #block_5af28dc7d9e91fc7fb8f6fbb3b4e7e52 {\n            margin-bottom: 56px;\n        }\n\n        @media screen and (min-width: 768px) {\n            #block_5af28dc7d9e91fc7fb8f6fbb3b4e7e52 {\n                margin-bottom: 96px;\n            }\n        }\n\n            <\/style>\n        <section class=\"keynumbers-list-steps col-4 \" id=\"block_5af28dc7d9e91fc7fb8f6fbb3b4e7e52\">\n        <div class=\"keynumbers-list-steps--container container--large\">\n                                            <div class=\"keynumbers-list-steps--item\">\n                    <div class=\"number-container\">\n                                                    <span class=\"number\">79<\/span>\n                                                <div class=\"mask\"><\/div>\n                                                    <span class=\"suffix\">%<\/span>\n                                            <\/div>\n                                            <p class=\"legend\">de r\u00e9ussite en 2024<\/p>\n                                    <\/div>\n                                            <div class=\"keynumbers-list-steps--item\">\n                    <div class=\"number-container\">\n                                                    <span class=\"number\">75<\/span>\n                                                <div class=\"mask\"><\/div>\n                                                    <span class=\"suffix\">%<\/span>\n                                            <\/div>\n                                            <p class=\"legend\">de r\u00e9ussite pour Ouvrier du paysage en 2024<\/p>\n                                    <\/div>\n                                            <div class=\"keynumbers-list-steps--item\">\n                    <div class=\"number-container\">\n                                                    <span class=\"number\">83<\/span>\n                                                <div class=\"mask\"><\/div>\n                                                    <span class=\"suffix\">%<\/span>\n                                            <\/div>\n                                            <p class=\"legend\">de r\u00e9ussite pour MCIEEE en 2024<\/p>\n                                    <\/div>\n                                            <div class=\"keynumbers-list-steps--item\">\n                    <div class=\"number-container\">\n                                                    <span class=\"number\">24<\/span>\n                                                <div class=\"mask\"><\/div>\n                                            <\/div>\n                                            <p class=\"legend\">candidats en 2024<\/p>\n                                    <\/div>\n                    <\/div>\n    <\/section>\n\n\n    <style>\n        #block_fda3ef43c828e515125737e3e953b9a3:not(.medium-blue):not(.primary-blue) {\n            margin-top: 56px;\n        }\n\n        @media screen and (min-width: 768px) {\n            #block_fda3ef43c828e515125737e3e953b9a3:not(.medium-blue):not(.primary-blue) {\n                margin-top: 96px;\n            }\n        }\n\n        #block_fda3ef43c828e515125737e3e953b9a3:not(.medium-blue):not(.primary-blue) {\n            margin-bottom: 56px;\n        }\n\n        @media screen and (min-width: 768px) {\n            #block_fda3ef43c828e515125737e3e953b9a3:not(.medium-blue):not(.primary-blue) {\n                margin-bottom: 96px;\n            }\n        }\n\n        #block_fda3ef43c828e515125737e3e953b9a3.primary-blue,\n        #block_fda3ef43c828e515125737e3e953b9a3.medium-blue {\n            padding-top: 56px;\n        }\n\n        @media screen and (min-width: 768px) {\n\n            #block_fda3ef43c828e515125737e3e953b9a3.primary-blue,\n            #block_fda3ef43c828e515125737e3e953b9a3.medium-blue {\n                padding-top: 96px;\n            }\n        }\n\n        #block_fda3ef43c828e515125737e3e953b9a3.primary-blue,\n        #block_fda3ef43c828e515125737e3e953b9a3.medium-blue {\n            padding-bottom: 56px;\n        }\n\n        @media screen and (min-width: 768px) {\n\n            #block_fda3ef43c828e515125737e3e953b9a3.primary-blue,\n            #block_fda3ef43c828e515125737e3e953b9a3.medium-blue {\n                padding-bottom: 96px;\n            }\n        }\n\n            <\/style>\n<section class=\"txt-img   medium-blue\" id=\"block_fda3ef43c828e515125737e3e953b9a3\" >\n        <div class=\"txt-img--container container--large\">\n                    <div class=\"txt-img--content\">\n                                    <h2><b>Pourquoi avoir d\u00e9velopp\u00e9 l\u2019apprentissage\u00a0?<\/b><\/h2>\n<p>Les formations en apprentissage offrent une approche unique, alliant th\u00e9orie et pratique, pour un apprentissage concret et directement li\u00e9 aux besoins du march\u00e9. Elles permettent aux apprenants de d\u00e9velopper des comp\u00e9tences sp\u00e9cifiques tout en travaillant dans un environnement r\u00e9el, favorisant ainsi leur insertion professionnelle et leur autonomie. Notre volont\u00e9 est d\u2019anticiper les besoins futurs de personnel qualifi\u00e9 dans des secteurs vari\u00e9s et notamment dans l\u2019industrie.<\/p>\n                                            <\/div>\n                            <div class=\"txt-img--images\">\n                <img decoding=\"async\" src=\"https:\/\/preprod.hiolle-bedrock.weareled.fr\/app\/uploads\/sites\/7\/2024\/10\/PROFORMATION_004.jpg\" alt=\"\">\n                            <\/div>\n            <\/div>\n<\/section>\n\n    <style>\n        #block_2d473e7de97f73cdf3a2bd7a77c76305 {\n            display: flex;\n            flex-direction: column;\n            gap: 32px;\n        }\n\n        @media screen and (min-width: 768px) {\n            #block_2d473e7de97f73cdf3a2bd7a77c76305 {\n                gap: 64px;\n            }\n        }\n\n        #block_2d473e7de97f73cdf3a2bd7a77c76305:not(.blue) {\n            margin-top: 32px;\n        }\n\n        @media screen and (min-width: 768px) {\n            #block_2d473e7de97f73cdf3a2bd7a77c76305:not(.blue) {\n                margin-top: 40px;\n            }\n        }\n\n        #block_2d473e7de97f73cdf3a2bd7a77c76305:not(.blue) {\n            margin-bottom: 32px;\n        }\n\n        @media screen and (min-width: 768px) {\n            #block_2d473e7de97f73cdf3a2bd7a77c76305:not(.blue) {\n                margin-bottom: 40px;\n            }\n        }\n\n        \n        \/** VERSION BLUE *\/\n        #block_2d473e7de97f73cdf3a2bd7a77c76305.blue {\n            background-color: var(--medium-blue);\n        }\n\n        #block_2d473e7de97f73cdf3a2bd7a77c76305.blue {\n            padding-top: 32px;\n        }\n\n        @media screen and (min-width: 768px) {\n            #block_2d473e7de97f73cdf3a2bd7a77c76305.blue {\n                padding-top: 40px;\n            }\n        }\n\n        #block_2d473e7de97f73cdf3a2bd7a77c76305.blue {\n            padding-bottom: 32px;\n        }\n\n        @media screen and (min-width: 768px) {\n            #block_2d473e7de97f73cdf3a2bd7a77c76305.blue {\n                padding-bottom: 40px;\n            }\n        }\n\n            <\/style>\n    <div id=\"block_2d473e7de97f73cdf3a2bd7a77c76305\" class=\"blue \">\n                                <section class=\"pictograms-columns blue  \">\n            <div class=\"pictograms-columns--container container--large\">\n                                                        <div class=\"pictograms-columns--item\">\n                                                                            <h5>Pr\u00e9parer l\u2019avenir<\/h5>\n<p>Les formations en apprentissage permettent de pr\u00e9parer l\u2019avenir et la transmission des savoir-faire et des gestes m\u00e9tiers et ainsi faire face au renouvellement des g\u00e9n\u00e9rations de professionnels.<\/p>\n                                                                        <\/div>\n                                                        <div class=\"pictograms-columns--item\">\n                                                                            <h5>Former des talents qualifi\u00e9s<\/h5>\n<p>La formation en apprentissage, longue et associant enseignements th\u00e9oriques et pratiques sur le terrain, offre une solution id\u00e9ale pour former des talents qualifi\u00e9s aux r\u00e9alit\u00e9s du monde industriel.<\/p>\n                                                                        <\/div>\n                                                        <div class=\"pictograms-columns--item\">\n                                                                            <h5>Faciliter l\u2019int\u00e9gration des futures recrues<\/h5>\n<p>L\u2019alternance offre un tremplin id\u00e9al pour former un potentiel collaborateur tout en facilitant son int\u00e9gration future. Les mois pass\u00e9s dans l\u2019entreprise permettent aux \u00e9l\u00e8ves d\u2019int\u00e9grer les process sp\u00e9cifiques de l\u2019entreprise qui les accueillent et d\u2019\u00eatre ainsi rapidement efficaces en cas d\u2019embauche.<\/p>\n                                                                        <\/div>\n                            <\/div>\n                    <\/section>\n    <\/div>\n\n\n    <style>\n        #block_7bcff65c6c2f980c189d52a279d83557:not(.blue) {\n            margin-top: 56px;\n        }\n\n        @media screen and (min-width: 768px) {\n            #block_7bcff65c6c2f980c189d52a279d83557:not(.blue) {\n                margin-top: 96px;\n            }\n        }\n\n        #block_7bcff65c6c2f980c189d52a279d83557:not(.blue) {\n            margin-bottom: 56px;\n        }\n\n        @media screen and (min-width: 768px) {\n            #block_7bcff65c6c2f980c189d52a279d83557:not(.blue) {\n                margin-bottom: 32px;\n            }\n        }\n\n        #block_7bcff65c6c2f980c189d52a279d83557.blue {\n            padding-top: 56px;\n        }\n\n        @media screen and (min-width: 768px) {\n            #block_7bcff65c6c2f980c189d52a279d83557.blue {\n                padding-top: 96px;\n            }\n        }\n\n        #block_7bcff65c6c2f980c189d52a279d83557.blue {\n            padding-bottom: 56px;\n        }\n\n        @media screen and (min-width: 768px) {\n            #block_7bcff65c6c2f980c189d52a279d83557.blue {\n                padding-bottom: 32px;\n            }\n        }\n\n            <\/style>\n<section class=\"title blue  \" id=\"block_7bcff65c6c2f980c189d52a279d83557\">\n        <div class=\"title--container container--large\">\n                                    <h2>L&rsquo;inauguration en quelques photos<\/h2>\n                                    <\/div>\n<\/section>\n\n    <style>\n        #block_0aea121e2e74006254a19afe668c1b5f:not(.blue) {\n            margin-top: 56px;\n        }\n\n        @media screen and (min-width: 768px) {\n            #block_0aea121e2e74006254a19afe668c1b5f:not(.blue) {\n                margin-top: 32px;\n            }\n        }\n\n        #block_0aea121e2e74006254a19afe668c1b5f:not(.blue) {\n            margin-bottom: 56px;\n        }\n\n        @media screen and (min-width: 768px) {\n            #block_0aea121e2e74006254a19afe668c1b5f:not(.blue) {\n                margin-bottom: 96px;\n            }\n        }\n\n        #block_0aea121e2e74006254a19afe668c1b5f.blue {\n            padding-top: 56px;\n        }\n\n        @media screen and (min-width: 768px) {\n            #block_0aea121e2e74006254a19afe668c1b5f.blue {\n                padding-top: 32px;\n            }\n        }\n\n        #block_0aea121e2e74006254a19afe668c1b5f.blue {\n            padding-bottom: 56px;\n        }\n\n        @media screen and (min-width: 768px) {\n            #block_0aea121e2e74006254a19afe668c1b5f.blue {\n                padding-bottom: 96px;\n            }\n        }\n\n            <\/style>\n    <section class=\"slider-images blue glue nav-dark\" id=\"block_0aea121e2e74006254a19afe668c1b5f\">\n        <div class=\"slider-images--container\">\n            <div class=\"slider-images--slider owl-carousel\">\n                                                        <div>\n                                                    <img decoding=\"async\" src=\"https:\/\/preprod.hiolle-bedrock.weareled.fr\/app\/uploads\/sites\/7\/2025\/10\/HIOLLE_Salon_20220602_002_HD\u00a9HIOLLEbylionelpiquard-min.jpg\" alt=\"\">\n                                                                        <\/div>\n                                                        <div>\n                                                    <img decoding=\"async\" src=\"https:\/\/preprod.hiolle-bedrock.weareled.fr\/app\/uploads\/sites\/7\/2025\/10\/HIOLLE_Salon_20220602_093_HD\u00a9HIOLLEbylionelpiquard-min.jpg\" alt=\"\">\n                                                                        <\/div>\n                                                        <div>\n                                                    <img decoding=\"async\" src=\"https:\/\/preprod.hiolle-bedrock.weareled.fr\/app\/uploads\/sites\/7\/2025\/10\/HIOLLE_Salon_20220602_108_sign\u00a9HIOLLEbylionelpiquard.jpg\" alt=\"\">\n                                                                        <\/div>\n                                                        <div>\n                                                    <img decoding=\"async\" src=\"https:\/\/preprod.hiolle-bedrock.weareled.fr\/app\/uploads\/sites\/7\/2025\/10\/HIOLLE_Salon_20220602_111_HD\u00a9HIOLLEbylionelpiquard-min-scaled.jpg\" alt=\"\">\n                                                                        <\/div>\n                                                        <div>\n                                                    <img decoding=\"async\" src=\"https:\/\/preprod.hiolle-bedrock.weareled.fr\/app\/uploads\/sites\/7\/2025\/10\/HIOLLE_Salon_20220602_112_HD\u00a9HIOLLEbylionelpiquard-min.jpg\" alt=\"\">\n                                                                        <\/div>\n                            <\/div>\n            <div class=\"slider-images--navigation owl-nav\"><\/div>\n        <\/div>\n    <\/section>\n\n\n    <style>\n        #block_8bb0af5fe340e69ff864814290572dc1 {\n            margin-top: 56px;\n        }\n\n        @media screen and (min-width: 768px) {\n            #block_8bb0af5fe340e69ff864814290572dc1 {\n                margin-top: 96px;\n            }\n        }\n\n        #block_8bb0af5fe340e69ff864814290572dc1 {\n            margin-bottom: 56px;\n        }\n\n        @media screen and (min-width: 768px) {\n            #block_8bb0af5fe340e69ff864814290572dc1 {\n                margin-bottom: 96px;\n            }\n        }\n\n            <\/style>\n<section class=\"redirection-full \" id=\"block_8bb0af5fe340e69ff864814290572dc1\">\n    <div class=\"redirection-full--container container--large\">\n        <div class=\"redirection-full--content\">\n                            <div class=\"redirection-full--inner\">\n                    <h2><b>D\u00e9couvrez nos formations dispens\u00e9es en apprentissage !<\/b><\/h2>\n<p>Ma\u00e7on VRD, c\u00e2bleur, logistique, agent d&rsquo;entretien ou encore ouvrier du paysage, d\u00e9couvrez en d\u00e9tail nos formations en apprentissage.<\/p>\n                <\/div>\n                                        <a href=\"https:\/\/preprod.hiolle-bedrock.weareled.fr\/pro-formation\/titres-professionnels-et-apprentissage\/\" target=\"_self\" class=\"btn secondary icon arrow-right\">Voir les formations en apprentissage<span><\/span><\/a>\n                    <\/div>\n    <\/div>\n<\/section>","protected":false},"excerpt":{"rendered":"","protected":false},"author":1,"featured_media":0,"parent":0,"menu_order":0,"comment_status":"closed","ping_status":"closed","template":"","meta":{"_acf_changed":false,"_seopress_robots_primary_cat":"","_seopress_titles_title":"","_seopress_titles_desc":"","_seopress_robots_index":"","footnotes":""},"class_list":["post-24","page","type-page","status-publish","hentry"],"acf":[],"lang":"fr","translations":{"fr":24},"pll_sync_post":[],"_links":{"self":[{"href":"https:\/\/preprod.hiolle-bedrock.weareled.fr\/pro-formation\/wp-json\/wp\/v2\/pages\/24","targetHints":{"allow":["GET"]}}],"collection":[{"href":"https:\/\/preprod.hiolle-bedrock.weareled.fr\/pro-formation\/wp-json\/wp\/v2\/pages"}],"about":[{"href":"https:\/\/preprod.hiolle-bedrock.weareled.fr\/pro-formation\/wp-json\/wp\/v2\/types\/page"}],"author":[{"embeddable":true,"href":"https:\/\/preprod.hiolle-bedrock.weareled.fr\/pro-formation\/wp-json\/wp\/v2\/users\/1"}],"replies":[{"embeddable":true,"href":"https:\/\/preprod.hiolle-bedrock.weareled.fr\/pro-formation\/wp-json\/wp\/v2\/comments?post=24"}],"version-history":[{"count":22,"href":"https:\/\/preprod.hiolle-bedrock.weareled.fr\/pro-formation\/wp-json\/wp\/v2\/pages\/24\/revisions"}],"predecessor-version":[{"id":1330,"href":"https:\/\/preprod.hiolle-bedrock.weareled.fr\/pro-formation\/wp-json\/wp\/v2\/pages\/24\/revisions\/1330"}],"wp:attachment":[{"href":"https:\/\/preprod.hiolle-bedrock.weareled.fr\/pro-formation\/wp-json\/wp\/v2\/media?parent=24"}],"curies":[{"name":"wp","href":"https:\/\/api.w.org\/{rel}","templated":true}]}}