{"id":940,"date":"2025-08-19T16:36:26","date_gmt":"2025-08-19T14:36:26","guid":{"rendered":"https:\/\/preprod.hiolle-bedrock.weareled.fr\/pro-formation\/?page_id=940"},"modified":"2025-08-19T16:36:35","modified_gmt":"2025-08-19T14:36:35","slug":"plan-de-site","status":"publish","type":"page","link":"https:\/\/preprod.hiolle-bedrock.weareled.fr\/pro-formation\/plan-de-site\/","title":{"rendered":"Plan de site"},"content":{"rendered":"<div class=\"wrap-html-sitemap sp-html-sitemap\"><div class=\"sp-wrap-cpt\"><h2 class=\"sp-cpt-name\">Pages<\/h2><ul class=\"sp-list-posts sp-cpt-hierarchical\"><li class=\"page_item page-item-5\"><a href=\"https:\/\/preprod.hiolle-bedrock.weareled.fr\/pro-formation\/\">Accueil<\/a><\/li><li class=\"page_item page-item-12\"><a href=\"https:\/\/preprod.hiolle-bedrock.weareled.fr\/pro-formation\/formations-courtes\/\">Formations courtes<\/a><\/li><li class=\"page_item page-item-16\"><a href=\"https:\/\/preprod.hiolle-bedrock.weareled.fr\/pro-formation\/titres-professionnels-et-apprentissage\/\">Titres professionnels et apprentissage<\/a><\/li><li class=\"page_item page-item-20\"><a href=\"https:\/\/preprod.hiolle-bedrock.weareled.fr\/pro-formation\/nous-connaitre\/\">Nous conna\u00eetre<\/a><\/li><li class=\"page_item page-item-24\"><a href=\"https:\/\/preprod.hiolle-bedrock.weareled.fr\/pro-formation\/hiolle-academy\/\">Hiolle Academy<\/a><\/li><li class=\"page_item page-item-27\"><a href=\"https:\/\/preprod.hiolle-bedrock.weareled.fr\/pro-formation\/informations-pratiques\/\">Informations pratiques<\/a><\/li><li class=\"page_item page-item-35\"><a href=\"https:\/\/preprod.hiolle-bedrock.weareled.fr\/pro-formation\/nos-actualites\/\">Nos actualit\u00e9s<\/a><\/li><li class=\"page_item page-item-39\"><a href=\"https:\/\/preprod.hiolle-bedrock.weareled.fr\/pro-formation\/contactez-nous\/\">Contactez-nous<\/a><\/li><li class=\"page_item page-item-47\"><a href=\"https:\/\/preprod.hiolle-bedrock.weareled.fr\/pro-formation\/mentions-legales\/\">Mentions l\u00e9gales<\/a><\/li><li class=\"page_item page-item-933\"><a href=\"https:\/\/preprod.hiolle-bedrock.weareled.fr\/pro-formation\/politique-de-confidentialite-et-dutilisation-des-cookies\/\">Politique de confidentialit\u00e9 et d&rsquo;utilisation des cookies<\/a><\/li><li class=\"page_item page-item-940\"><a href=\"https:\/\/preprod.hiolle-bedrock.weareled.fr\/pro-formation\/plan-de-site\/\">Plan de site<\/a><\/li><\/ul><\/div><div class=\"sp-wrap-cpt\"><h2 class=\"sp-cpt-name\">Articles<\/h2><ul class=\"sp-list-posts\"><li><a href=\"https:\/\/preprod.hiolle-bedrock.weareled.fr\/pro-formation\/nos-chiffres-cles-2024-sont-disponibles\/\">Nos chiffres cl\u00e9s 2024 sont disponibles !<\/a> - 8 avril 2024<\/li><li><a href=\"https:\/\/preprod.hiolle-bedrock.weareled.fr\/pro-formation\/travaux-de-desimpermeabilisation-des-cours-decoles\/\">Travaux de d\u00e9simperm\u00e9abilisation et de renaturation des cours d\u2019\u00e9coles<\/a> - 26 ao\u00fbt 2025<\/li><li><a href=\"https:\/\/preprod.hiolle-bedrock.weareled.fr\/pro-formation\/une-collaboration-inter-filiales-reussie\/\">Une collaboration inter-filiales r\u00e9ussie !<\/a> - 26 ao\u00fbt 2025<\/li><li><a href=\"https:\/\/preprod.hiolle-bedrock.weareled.fr\/pro-formation\/retour-en-images-sur-nos-chantiers-estivaux\/\">Retour en images sur nos chantiers estivaux<\/a> - 26 ao\u00fbt 2025<\/li><li><a href=\"https:\/\/preprod.hiolle-bedrock.weareled.fr\/pro-formation\/renovation-robotique-hiolle-technologies-a-remis-en-etat-135-robots\/\">R\u00e9novation robotique d&rsquo;ampleur !<\/a> - 26 ao\u00fbt 2025<\/li><li><a href=\"https:\/\/preprod.hiolle-bedrock.weareled.fr\/pro-formation\/un-projet-de-chaudronnerie-sur-mesure\/\">Un projet de chaudronnerie sur-mesure !<\/a> - 26 ao\u00fbt 2025<\/li><li><a href=\"https:\/\/preprod.hiolle-bedrock.weareled.fr\/pro-formation\/supervision-dune-installation-a-taiwan\/\">Supervision d&rsquo;une installation \u00e0 Ta\u00efwan<\/a> - 26 ao\u00fbt 2025<\/li><li><a href=\"https:\/\/preprod.hiolle-bedrock.weareled.fr\/pro-formation\/lapprentissage-fait-son-grand-retour\/\">L&rsquo;apprentissage fait son grand retour !<\/a> - 5 d\u00e9cembre 2025<\/li><li><a href=\"https:\/\/preprod.hiolle-bedrock.weareled.fr\/pro-formation\/renouvellement-de-notre-certification-iso-9001\/\">Renouvellement de notre certification ISO 9001<\/a> - 29 janvier 2026<\/li><li><a href=\"https:\/\/preprod.hiolle-bedrock.weareled.fr\/pro-formation\/bilan-de-la-periode-estivale-de-belles-realisations-et-des-clients-satisfaits-3\/\">Bilan de la p\u00e9riode estivale : de belles r\u00e9alisations et des clients satisfaits !<\/a> - 3 mars 2026<\/li><li><a href=\"https:\/\/preprod.hiolle-bedrock.weareled.fr\/pro-formation\/publication-de-lindex-egalite-professionnelle-femmes-hommes-pour-lannee-2026\/\">Publication de l&rsquo;index \u00e9galit\u00e9 professionnelle femmes-hommes pour l&rsquo;ann\u00e9e 2026<\/a> - 3 mars 2026<\/li><li><a href=\"https:\/\/preprod.hiolle-bedrock.weareled.fr\/pro-formation\/stockage-industriel-et-gestion-des-surplus-de-production\/\">Stockage industriel et gestion des surplus de production<\/a> - 16 mars 2026<\/li><li><a href=\"https:\/\/preprod.hiolle-bedrock.weareled.fr\/pro-formation\/demontage-dun-pont-roulant-bipoutre-de-10t-une-operation-securisee-et-maitrisee\/\">D\u00e9montage d\u2019un pont roulant bipoutre de 10T<\/a> - 16 mars 2026<\/li><li><a href=\"https:\/\/preprod.hiolle-bedrock.weareled.fr\/pro-formation\/premiere-mission-pour-amodiag-senegal-2\/\">Premi\u00e8re mission pour Amodiag S\u00e9n\u00e9gal !<\/a> - 16 mars 2026<\/li><li><a href=\"https:\/\/preprod.hiolle-bedrock.weareled.fr\/pro-formation\/hiolle-technologies-participe-au-salon-global-industrie-2026\/\">Rendez-vous \u00e0 Global Industrie<\/a> - 20 mars 2026<\/li><li><a href=\"https:\/\/preprod.hiolle-bedrock.weareled.fr\/pro-formation\/pro-formation-demenage-a-quarouble\/\">PRO Formation d\u00e9m\u00e9nage \u00e0 Quarouble !<\/a> - 31 mars 2026<\/li><\/ul><\/div><\/div>\n","protected":false},"excerpt":{"rendered":"","protected":false},"author":1,"featured_media":0,"parent":0,"menu_order":0,"comment_status":"closed","ping_status":"closed","template":"","meta":{"_acf_changed":false,"_seopress_robots_primary_cat":"","_seopress_titles_title":"","_seopress_titles_desc":"","_seopress_robots_index":"","footnotes":""},"class_list":["post-940","page","type-page","status-publish","hentry"],"acf":[],"lang":"fr","translations":{"fr":940},"pll_sync_post":[],"_links":{"self":[{"href":"https:\/\/preprod.hiolle-bedrock.weareled.fr\/pro-formation\/wp-json\/wp\/v2\/pages\/940","targetHints":{"allow":["GET"]}}],"collection":[{"href":"https:\/\/preprod.hiolle-bedrock.weareled.fr\/pro-formation\/wp-json\/wp\/v2\/pages"}],"about":[{"href":"https:\/\/preprod.hiolle-bedrock.weareled.fr\/pro-formation\/wp-json\/wp\/v2\/types\/page"}],"author":[{"embeddable":true,"href":"https:\/\/preprod.hiolle-bedrock.weareled.fr\/pro-formation\/wp-json\/wp\/v2\/users\/1"}],"replies":[{"embeddable":true,"href":"https:\/\/preprod.hiolle-bedrock.weareled.fr\/pro-formation\/wp-json\/wp\/v2\/comments?post=940"}],"version-history":[{"count":2,"href":"https:\/\/preprod.hiolle-bedrock.weareled.fr\/pro-formation\/wp-json\/wp\/v2\/pages\/940\/revisions"}],"predecessor-version":[{"id":944,"href":"https:\/\/preprod.hiolle-bedrock.weareled.fr\/pro-formation\/wp-json\/wp\/v2\/pages\/940\/revisions\/944"}],"wp:attachment":[{"href":"https:\/\/preprod.hiolle-bedrock.weareled.fr\/pro-formation\/wp-json\/wp\/v2\/media?parent=940"}],"curies":[{"name":"wp","href":"https:\/\/api.w.org\/{rel}","templated":true}]}}