{"id":189,"date":"2025-01-10T15:21:44","date_gmt":"2025-01-10T14:21:44","guid":{"rendered":"https:\/\/preprod.hiolle-bedrock.weareled.fr\/team-hiolle\/?page_id=189"},"modified":"2026-03-16T17:33:45","modified_gmt":"2026-03-16T16:33:45","slug":"maintenance-industrielle-et-renovation-mecanique","status":"publish","type":"page","link":"https:\/\/preprod.hiolle-bedrock.weareled.fr\/team-hiolle\/solutions-realisations\/maintenance-industrielle-et-renovation-mecanique\/","title":{"rendered":"Maintenance industrielle et fabrication sp\u00e9ciale"},"content":{"rendered":"    <style>\n        #block_4885e2a3af61a3b9b0048e8b796fafd5 {\n            margin-top: 0px;\n        }\n\n        @media screen and (min-width: 768px) {\n            #block_4885e2a3af61a3b9b0048e8b796fafd5 {\n                margin-top: 0px;\n            }\n        }\n\n        #block_4885e2a3af61a3b9b0048e8b796fafd5 {\n            margin-bottom: 56px;\n        }\n\n        @media screen and (min-width: 768px) {\n            #block_4885e2a3af61a3b9b0048e8b796fafd5 {\n                margin-bottom: 96px;\n            }\n        }\n\n            <\/style>\n<section class=\"hero hero--secondary\" id=\"block_4885e2a3af61a3b9b0048e8b796fafd5\">\n    <div class=\"hero--container\">\n                    <div class=\"hero--img\">\n                <img decoding=\"async\" src=\"https:\/\/preprod.hiolle-bedrock.weareled.fr\/app\/uploads\/sites\/4\/2025\/11\/Activite-maintenance-industrielle.jpg\" alt=\"\">\n            <\/div>\n                <div class=\"hero--container-content\">\n                            <div class=\"hero--breadcrumb\">\n                    <nav  aria-label=\"Fil d&#039;Ariane\"><ol class=\"breadcrumb\" itemscope itemtype=\"https:\/\/schema.org\/BreadcrumbList\"><li class=\"breadcrumb-item active\" aria-current=\"page\" itemprop=\"itemListElement\" itemscope itemtype=\"https:\/\/schema.org\/ListItem\"><span itemprop=\"name\">Accueil<\/span><meta itemprop=\"position\" content=\"1\"><\/li><\/ol><\/nav>                <\/div>\n                                                    <div class=\"hero--content\">\n                    <p class=\"uptitle\">Solutions &amp; r\u00e9alisations<\/p>\n<h1><strong>Maintenance industrielle et fabrication sp\u00e9ciale<\/strong><\/h1>\n<p>Maintenance pr\u00e9ventive et curative de vos installations et fabrication d&rsquo;\u00e9quipements ferroviaires.<\/p>\n<p><span style=\"font-weight: 400\">\u00a0<\/span><\/p>\n                <\/div>\n                                <\/div>\n    <\/div>\n<\/section>\n\n    <style>\n        #block_ddbbf8e3b4a81ab185709f4a5d2cfbd7 {\n            margin-top: 8px;\n        }\n\n        @media screen and (min-width: 768px) {\n            #block_ddbbf8e3b4a81ab185709f4a5d2cfbd7 {\n                margin-top: 24px;\n            }\n        }\n\n        #block_ddbbf8e3b4a81ab185709f4a5d2cfbd7 {\n            margin-bottom: 56px;\n        }\n\n        @media screen and (min-width: 768px) {\n            #block_ddbbf8e3b4a81ab185709f4a5d2cfbd7 {\n                margin-bottom: 80px;\n            }\n        }\n\n            <\/style>\n<section class=\"simplified-nav\" id=\"block_ddbbf8e3b4a81ab185709f4a5d2cfbd7\">\n    <div class=\"simplified-nav--container container--large\">\n                    <div class=\"simplified-nav--label\">\n                <p>Nos solutions<\/p>\n            <\/div>\n                \n                    <div class=\"simplified-nav--select is-custom-select\">\n                                                    <select onchange=\"window.location=this.value\">\n                                                                                                                                                                                                                                                            <\/select>\n                            <\/div>\n            <\/div>\n<\/section>\n\n    <style>\n        #block_da2edb1dfd61332e6e55f4c2533a66b4:not(.blue) {\n            margin-top: 56px;\n        }\n\n        @media screen and (min-width: 768px) {\n            #block_da2edb1dfd61332e6e55f4c2533a66b4:not(.blue) {\n                margin-top: 80px;\n            }\n        }\n\n        #block_da2edb1dfd61332e6e55f4c2533a66b4:not(.blue) {\n            margin-bottom: 56px;\n        }\n\n        @media screen and (min-width: 768px) {\n            #block_da2edb1dfd61332e6e55f4c2533a66b4:not(.blue) {\n                margin-bottom: 80px;\n            }\n        }\n\n        #block_da2edb1dfd61332e6e55f4c2533a66b4.blue {\n            padding-top: 56px;\n        }\n\n        @media screen and (min-width: 768px) {\n            #block_da2edb1dfd61332e6e55f4c2533a66b4.blue {\n                padding-top: 80px;\n            }\n        }\n\n        #block_da2edb1dfd61332e6e55f4c2533a66b4.blue {\n            padding-bottom: 56px;\n        }\n\n        @media screen and (min-width: 768px) {\n            #block_da2edb1dfd61332e6e55f4c2533a66b4.blue {\n                padding-bottom: 80px;\n            }\n        }\n\n            <\/style>\n<section class=\"txt-content   blue\" id=\"block_da2edb1dfd61332e6e55f4c2533a66b4\">\n    <div class=\"txt-content--container container--large\">\n                    <div class=\"txt-content--content\">\n                <p data-start=\"141\" data-end=\"331\">Sp\u00e9cialis\u00e9s en <strong data-start=\"156\" data-end=\"184\">maintenance industrielle<\/strong> et en <strong data-start=\"191\" data-end=\"215\">r\u00e9novation m\u00e9canique<\/strong>, nous accompagnons les industriels dans la fiabilit\u00e9 et la p\u00e9rennit\u00e9 de leurs outils de production.<\/p>\n<p data-start=\"333\" data-end=\"517\">Nous intervenons directement sur site pour assurer la <strong data-start=\"387\" data-end=\"425\">maintenance pr\u00e9ventive et curative<\/strong>, limiter les arr\u00eats non planifi\u00e9s et garantir la continuit\u00e9 de vos activit\u00e9s industrielles.<\/p>\n            <\/div>\n                                    <\/div>\n<\/section>\n\n    <style>\n        #block_81ec51db7ccfdf6e74600c8b442b3bfb {\n            margin-top: 56px;\n        }\n\n        @media screen and (min-width: 768px) {\n            #block_81ec51db7ccfdf6e74600c8b442b3bfb {\n                margin-top: 80px;\n            }\n        }\n\n        #block_81ec51db7ccfdf6e74600c8b442b3bfb {\n            margin-bottom: 56px;\n        }\n\n        @media screen and (min-width: 768px) {\n            #block_81ec51db7ccfdf6e74600c8b442b3bfb {\n                margin-bottom: 96px;\n            }\n        }\n\n            <\/style>\n<section class=\"expertises-list\" id=\"block_81ec51db7ccfdf6e74600c8b442b3bfb\">\n            <div class=\"expertises-list--title container--large\">\n            <h2>Nos produits et services<\/h2>\n        <\/div>\n                <div class=\"expertises-list--list container--large\">\n                                            <div class=\"card-expertise\">\n                                            <div class=\"card-expertise--image\">\n                            <img decoding=\"async\" src=\"https:\/\/preprod.hiolle-bedrock.weareled.fr\/app\/uploads\/sites\/4\/2025\/02\/20220705_104927-min-e1740521540715.jpg\" alt=\"\">\n                            <span class=\"legend\"><\/span>\n                        <\/div>\n                                        <div class=\"card-expertise--content\">\n                                                    <h4>Maintenance pr\u00e9ventive travaux d&rsquo;arr\u00eat d&rsquo;usine sur site client<\/h4>\n                                                                                                    <p>La maintenance pr\u00e9ventive permet d\u2019anticiper les pannes et d\u2019optimiser la dur\u00e9e de vie des \u00e9quipements<\/p>\n                                            <\/div>\n                    <!-- <a href=\"#\"><\/a> -->\n                <\/div>\n                                            <div class=\"card-expertise\">\n                                            <div class=\"card-expertise--image\">\n                            <img decoding=\"async\" src=\"https:\/\/preprod.hiolle-bedrock.weareled.fr\/app\/uploads\/sites\/4\/2026\/03\/Travaux-de-maintenance_TEAM.jpg\" alt=\"\">\n                            <span class=\"legend\"><\/span>\n                        <\/div>\n                                        <div class=\"card-expertise--content\">\n                                                    <h4>Maintenance curative et d\u00e9pannage industriel<\/h4>\n                                                                                                    <p>En cas de panne ou de dysfonctionnement, nos \u00e9quipes interviennent rapidement pour assurer la maintenance curative de vos \u00e9quipements industriels<\/p>\n                                            <\/div>\n                    <!-- <a href=\"#\"><\/a> -->\n                <\/div>\n                                            <div class=\"card-expertise\">\n                                            <div class=\"card-expertise--image\">\n                            <img decoding=\"async\" src=\"https:\/\/preprod.hiolle-bedrock.weareled.fr\/app\/uploads\/sites\/4\/2025\/02\/TEAM_016-min.jpg\" alt=\"\">\n                            <span class=\"legend\"><\/span>\n                        <\/div>\n                                        <div class=\"card-expertise--content\">\n                                                    <h4>R\u00e9novation m\u00e9caniques en atelier<\/h4>\n                                                                                                    <p>Des solutions de r\u00e9novations m\u00e9canique pour prolonger la dur\u00e9e de vie de vos machines <\/p>\n                                            <\/div>\n                    <!-- <a href=\"#\"><\/a> -->\n                <\/div>\n                                            <div class=\"card-expertise\">\n                                            <div class=\"card-expertise--image\">\n                            <img decoding=\"async\" src=\"https:\/\/preprod.hiolle-bedrock.weareled.fr\/app\/uploads\/sites\/4\/2025\/01\/TEAM_052.jpg\" alt=\"\">\n                            <span class=\"legend\"><\/span>\n                        <\/div>\n                                        <div class=\"card-expertise--content\">\n                                                    <h4>Fabrication d&rsquo;\u00e9quipements ferroviaires<\/h4>\n                                                                                                    <p>Fabrication et moulage d&rsquo;accessoires d&rsquo;am\u00e9nagements ferroviaires, plinthes &#8230;<\/p>\n                                            <\/div>\n                    <!-- <a href=\"#\"><\/a> -->\n                <\/div>\n                    <\/div>\n    <\/section>\n\n    <style>\n        #block_7d6677244cf3b442119e35b7dece1c2a {\n            margin-top: 56px;\n        }\n\n        @media screen and (min-width: 768px) {\n            #block_7d6677244cf3b442119e35b7dece1c2a {\n                margin-top: 96px;\n            }\n        }\n\n        #block_7d6677244cf3b442119e35b7dece1c2a {\n            margin-bottom: 56px;\n        }\n\n        @media screen and (min-width: 768px) {\n            #block_7d6677244cf3b442119e35b7dece1c2a {\n                margin-bottom: 96px;\n            }\n        }\n\n            <\/style>\n    <section class=\"slider-actualites glue nav-medium \" id=\"block_7d6677244cf3b442119e35b7dece1c2a\">\n                <div class=\"slider-actualites--container\">\n            <div class=\"slider-actualites--header container--large\">\n                                    <div class=\"slider-actualites--title\">\n                        <p class=\"uptitle\">Nos actualit\u00e9s<\/p>\n<h2>D\u00e9couvrez toutes <span style=\"color: #009cde\">nos derni\u00e8res r\u00e9alisations\u00a0<\/span><\/h2>\n                    <\/div>\n                                                    <a href=\"https:\/\/preprod.hiolle-bedrock.weareled.fr\/team-hiolle\/nos-actualites\/\" class=\"link dark icon arrow-right\">Voir toutes les actualit\u00e9s<\/a>\n                            <\/div>\n            <div class=\"slider-actualites--slider container--large owl-carousel\">\n                                                        <div class=\"card-actuality\">\n                        <a href=\"https:\/\/preprod.hiolle-bedrock.weareled.fr\/team-hiolle\/demontage-dun-pont-roulant-bipoutre-de-10t-une-operation-securisee-et-maitrisee\/\" class=\"card-actuality--link\"><\/a>\n                        <div class=\"card-actuality--image\">\n                                                            <img decoding=\"async\" src=\"https:\/\/preprod.hiolle-bedrock.weareled.fr\/app\/uploads\/sites\/4\/2026\/03\/Demontage_palan_central.jpg\" alt=\"\">\n                                                                                        <div class=\"card-actuality--categories\">\n                                                                            <span class=\"category\">R\u00e9alisations<\/span>\n                                                                    <\/div>\n                                                    <\/div>\n                        <div class=\"card-actuality--content\">\n                            <div class=\"card-actuality--title\">\n                                                                                                                    <span class=\"tag\">TEAM<\/span>\n                                                                                                    <h5>D\u00e9montage d\u2019un pont roulant bipoutre de 10T<\/h5>\n                            <\/div>\n                                                        <div class=\"card-actuality--footer\">\n                                <span class=\"date\">16 mars 2026<\/span>\n                                <span class=\"arrow-btn light-green\"><span><\/span><\/span>\n                            <\/div>\n                        <\/div>\n                    <\/div>\n                                                        <div class=\"card-actuality\">\n                        <a href=\"https:\/\/preprod.hiolle-bedrock.weareled.fr\/team-hiolle\/publication-de-lindex-egalite-professionnelle-femmes-hommes-pour-lannee-2026\/\" class=\"card-actuality--link\"><\/a>\n                        <div class=\"card-actuality--image\">\n                                                            <img decoding=\"async\" src=\"https:\/\/preprod.hiolle-bedrock.weareled.fr\/app\/uploads\/sites\/4\/2026\/03\/TEAM_009-1-5-1-2.jpg\" alt=\"\">\n                                                                                        <div class=\"card-actuality--categories\">\n                                                                            <span class=\"category\">Social<\/span>\n                                                                    <\/div>\n                                                    <\/div>\n                        <div class=\"card-actuality--content\">\n                            <div class=\"card-actuality--title\">\n                                                                                                                    <span class=\"tag\">TEAM<\/span>\n                                                                                                    <h5>Publication de l&rsquo;index \u00e9galit\u00e9 professionnelle femmes-hommes pour l&rsquo;ann\u00e9e 2026<\/h5>\n                            <\/div>\n                                                        <div class=\"card-actuality--footer\">\n                                <span class=\"date\">03 mars 2026<\/span>\n                                <span class=\"arrow-btn light-green\"><span><\/span><\/span>\n                            <\/div>\n                        <\/div>\n                    <\/div>\n                                                        <div class=\"card-actuality\">\n                        <a href=\"https:\/\/preprod.hiolle-bedrock.weareled.fr\/team-hiolle\/une-collaboration-inter-filiales-reussie\/\" class=\"card-actuality--link\"><\/a>\n                        <div class=\"card-actuality--image\">\n                                                            <img decoding=\"async\" src=\"https:\/\/preprod.hiolle-bedrock.weareled.fr\/app\/uploads\/sites\/4\/2025\/09\/HIOLLE_PROUVY_090-min-2.jpg\" alt=\"\">\n                                                                                        <div class=\"card-actuality--categories\">\n                                                                            <span class=\"category\">R\u00e9alisations<\/span>\n                                                                    <\/div>\n                                                    <\/div>\n                        <div class=\"card-actuality--content\">\n                            <div class=\"card-actuality--title\">\n                                                                                                                                                                                                    <span class=\"tag\">TEAM<\/span>\n                                                                                                    <h5>Une collaboration inter-filiales r\u00e9ussie !<\/h5>\n                            <\/div>\n                                                        <div class=\"card-actuality--footer\">\n                                <span class=\"date\">18 septembre 2025<\/span>\n                                <span class=\"arrow-btn light-green\"><span><\/span><\/span>\n                            <\/div>\n                        <\/div>\n                    <\/div>\n                                                        <div class=\"card-actuality\">\n                        <a href=\"https:\/\/preprod.hiolle-bedrock.weareled.fr\/team-hiolle\/supervision-dune-installation-a-taiwan\/\" class=\"card-actuality--link\"><\/a>\n                        <div class=\"card-actuality--image\">\n                                                            <img decoding=\"async\" src=\"https:\/\/preprod.hiolle-bedrock.weareled.fr\/app\/uploads\/sites\/4\/2025\/10\/55016769-1ed5-48a7-babb-7cdad900326e.jpg\" alt=\"\">\n                                                                                        <div class=\"card-actuality--categories\">\n                                                                            <span class=\"category\">R\u00e9alisations<\/span>\n                                                                    <\/div>\n                                                    <\/div>\n                        <div class=\"card-actuality--content\">\n                            <div class=\"card-actuality--title\">\n                                                                                                                    <span class=\"tag\">TEAM<\/span>\n                                                                                                    <h5>Supervision d&rsquo;une installation \u00e0 Ta\u00efwan<\/h5>\n                            <\/div>\n                                                        <div class=\"card-actuality--footer\">\n                                <span class=\"date\">15 mai 2025<\/span>\n                                <span class=\"arrow-btn light-green\"><span><\/span><\/span>\n                            <\/div>\n                        <\/div>\n                    <\/div>\n                                                        <div class=\"card-actuality\">\n                        <a href=\"https:\/\/preprod.hiolle-bedrock.weareled.fr\/team-hiolle\/un-projet-de-chaudronnerie-sur-mesure\/\" class=\"card-actuality--link\"><\/a>\n                        <div class=\"card-actuality--image\">\n                                                            <img decoding=\"async\" src=\"https:\/\/preprod.hiolle-bedrock.weareled.fr\/app\/uploads\/sites\/4\/2025\/08\/1743074852728-1-e1756222684163.jpeg\" alt=\"\">\n                                                                                        <div class=\"card-actuality--categories\">\n                                                                            <span class=\"category\">R\u00e9alisations<\/span>\n                                                                    <\/div>\n                                                    <\/div>\n                        <div class=\"card-actuality--content\">\n                            <div class=\"card-actuality--title\">\n                                                                                                                                                            <span class=\"tag\">TEAM<\/span>\n                                                                                                    <h5>Un projet de chaudronnerie sur-mesure !<\/h5>\n                            <\/div>\n                                                        <div class=\"card-actuality--footer\">\n                                <span class=\"date\">26 avril 2025<\/span>\n                                <span class=\"arrow-btn light-green\"><span><\/span><\/span>\n                            <\/div>\n                        <\/div>\n                    <\/div>\n                            <\/div>\n            <div class=\"slider-actualites--navigation owl-nav container--large\">\n                <span class=\"indicator\"><\/span>\n                <div class=\"slider-actualites--dots owl-dots\"><\/div>\n            <\/div>\n        <\/div>\n    <\/section>\n\n\n    <style>\n        #block_d6f74d6d483aef8865990ef8fc9198d7 {\n            margin-top: 56px;\n        }\n\n        @media screen and (min-width: 768px) {\n            #block_d6f74d6d483aef8865990ef8fc9198d7 {\n                margin-top: 96px;\n            }\n        }\n\n        #block_d6f74d6d483aef8865990ef8fc9198d7 {\n            margin-bottom: 56px;\n        }\n\n        @media screen and (min-width: 768px) {\n            #block_d6f74d6d483aef8865990ef8fc9198d7 {\n                margin-bottom: 96px;\n            }\n        }\n\n            <\/style>\n<section class=\"redirection-double \" id=\"block_d6f74d6d483aef8865990ef8fc9198d7\">\n        <div class=\"redirection-double--container container--large\">\n                    <div class=\"background\">\n                                                    <h3>Vous souhaitez prendre contact avec nous ?<\/h3>\n<p>Une question ? Une demande particuli\u00e8re ? Un projet ? Contactez-nous d\u00e8s aujourd\u2019hui, nous nous ferons un plaisir de vous r\u00e9pondre dans les plus brefs d\u00e9lais.<\/p>\n                                                    <a href=\"https:\/\/preprod.hiolle-bedrock.weareled.fr\/team-hiolle\/contactez-nous\/\" target=\"\" class=\"btn secondary icon arrow-right\">Nous contacter<span><\/span><\/a>\n                            <\/div>\n                            <div class=\"light\">\n                                    <h3>D\u00e9couvrez nos autres solutions !<\/h3>\n<p>Nos \u00e9quipes sont \u00e9galement sp\u00e9cialis\u00e9es dans le transfert d&rsquo;outils de production, la fabrication d&rsquo;ouvrages chaudronn\u00e9s et la cr\u00e9ation de lignes de traitement de d\u00e9chets.<\/p>\n                                                    <a href=\"https:\/\/preprod.hiolle-bedrock.weareled.fr\/team-hiolle\/solutions-realisations\/\" target=\"\" class=\"btn icon arrow-right\">Voir nos solutions<span><\/span><\/a>\n                            <\/div>\n            <\/div>\n<\/section>","protected":false},"excerpt":{"rendered":"<p>Maintenance pr\u00e9ventive et curative de vos installations et fabrication d&rsquo;\u00e9quipements ferroviaires.<\/p>\n","protected":false},"author":3,"featured_media":901,"parent":37,"menu_order":3,"comment_status":"closed","ping_status":"closed","template":"","meta":{"_acf_changed":false,"_seopress_robots_primary_cat":"","_seopress_titles_title":"","_seopress_titles_desc":"","_seopress_robots_index":"","footnotes":""},"class_list":["post-189","page","type-page","status-publish","has-post-thumbnail","hentry"],"acf":[],"lang":"fr","translations":{"fr":189},"pll_sync_post":[],"_links":{"self":[{"href":"https:\/\/preprod.hiolle-bedrock.weareled.fr\/team-hiolle\/wp-json\/wp\/v2\/pages\/189","targetHints":{"allow":["GET"]}}],"collection":[{"href":"https:\/\/preprod.hiolle-bedrock.weareled.fr\/team-hiolle\/wp-json\/wp\/v2\/pages"}],"about":[{"href":"https:\/\/preprod.hiolle-bedrock.weareled.fr\/team-hiolle\/wp-json\/wp\/v2\/types\/page"}],"author":[{"embeddable":true,"href":"https:\/\/preprod.hiolle-bedrock.weareled.fr\/team-hiolle\/wp-json\/wp\/v2\/users\/3"}],"replies":[{"embeddable":true,"href":"https:\/\/preprod.hiolle-bedrock.weareled.fr\/team-hiolle\/wp-json\/wp\/v2\/comments?post=189"}],"version-history":[{"count":34,"href":"https:\/\/preprod.hiolle-bedrock.weareled.fr\/team-hiolle\/wp-json\/wp\/v2\/pages\/189\/revisions"}],"predecessor-version":[{"id":1111,"href":"https:\/\/preprod.hiolle-bedrock.weareled.fr\/team-hiolle\/wp-json\/wp\/v2\/pages\/189\/revisions\/1111"}],"up":[{"embeddable":true,"href":"https:\/\/preprod.hiolle-bedrock.weareled.fr\/team-hiolle\/wp-json\/wp\/v2\/pages\/37"}],"wp:featuredmedia":[{"embeddable":true,"href":"https:\/\/preprod.hiolle-bedrock.weareled.fr\/team-hiolle\/wp-json\/wp\/v2\/media\/901"}],"wp:attachment":[{"href":"https:\/\/preprod.hiolle-bedrock.weareled.fr\/team-hiolle\/wp-json\/wp\/v2\/media?parent=189"}],"curies":[{"name":"wp","href":"https:\/\/api.w.org\/{rel}","templated":true}]}}