{"id":197,"date":"2025-01-10T15:58:21","date_gmt":"2025-01-10T14:58:21","guid":{"rendered":"https:\/\/preprod.hiolle-bedrock.weareled.fr\/team-hiolle\/?page_id=197"},"modified":"2026-03-16T17:37:39","modified_gmt":"2026-03-16T16:37:39","slug":"realisation-delements-chaudronnes","status":"publish","type":"page","link":"https:\/\/preprod.hiolle-bedrock.weareled.fr\/team-hiolle\/solutions-realisations\/realisation-delements-chaudronnes\/","title":{"rendered":"R\u00e9alisation d&rsquo;\u00e9l\u00e9ments chaudronn\u00e9s"},"content":{"rendered":"    <style>\n        #block_242db5053fde8f884d3475cecc0a32c0 {\n            margin-top: 0px;\n        }\n\n        @media screen and (min-width: 768px) {\n            #block_242db5053fde8f884d3475cecc0a32c0 {\n                margin-top: 0px;\n            }\n        }\n\n        #block_242db5053fde8f884d3475cecc0a32c0 {\n            margin-bottom: 56px;\n        }\n\n        @media screen and (min-width: 768px) {\n            #block_242db5053fde8f884d3475cecc0a32c0 {\n                margin-bottom: 96px;\n            }\n        }\n\n            <\/style>\n<section class=\"hero hero--secondary\" id=\"block_242db5053fde8f884d3475cecc0a32c0\">\n    <div class=\"hero--container\">\n                    <div class=\"hero--img\">\n                <img decoding=\"async\" src=\"https:\/\/preprod.hiolle-bedrock.weareled.fr\/app\/uploads\/sites\/4\/2025\/02\/IMG_3392-min.jpg\" alt=\"\">\n            <\/div>\n                <div class=\"hero--container-content\">\n                            <div class=\"hero--breadcrumb\">\n                    <nav  aria-label=\"Fil d&#039;Ariane\"><ol class=\"breadcrumb\" itemscope itemtype=\"https:\/\/schema.org\/BreadcrumbList\"><li class=\"breadcrumb-item active\" aria-current=\"page\" itemprop=\"itemListElement\" itemscope itemtype=\"https:\/\/schema.org\/ListItem\"><span itemprop=\"name\">Accueil<\/span><meta itemprop=\"position\" content=\"1\"><\/li><\/ol><\/nav>                <\/div>\n                                                    <div class=\"hero--content\">\n                    <p class=\"uptitle\">Solutions &amp; r\u00e9alisations<\/p>\n<h1>R\u00e9alisation d&rsquo;\u00e9l\u00e9ments chaudronn\u00e9s<\/h1>\n<p><span style=\"font-weight: 400\">\u00c9tudes de r\u00e9alisation, fabrication, montage et installation des ouvrages chaudronn\u00e9s et structures m\u00e9talliques.<\/span><\/p>\n<p><span style=\"font-weight: 400\">\u00a0<\/span><\/p>\n                <\/div>\n                                <\/div>\n    <\/div>\n<\/section>\n\n    <style>\n        #block_8a3ce9378809d759200b6e5d057f3522 {\n            margin-top: 8px;\n        }\n\n        @media screen and (min-width: 768px) {\n            #block_8a3ce9378809d759200b6e5d057f3522 {\n                margin-top: 24px;\n            }\n        }\n\n        #block_8a3ce9378809d759200b6e5d057f3522 {\n            margin-bottom: 56px;\n        }\n\n        @media screen and (min-width: 768px) {\n            #block_8a3ce9378809d759200b6e5d057f3522 {\n                margin-bottom: 80px;\n            }\n        }\n\n            <\/style>\n<section class=\"simplified-nav\" id=\"block_8a3ce9378809d759200b6e5d057f3522\">\n    <div class=\"simplified-nav--container container--large\">\n                    <div class=\"simplified-nav--label\">\n                <p>Nos solutions<\/p>\n            <\/div>\n                \n                    <div class=\"simplified-nav--select is-custom-select\">\n                                                    <select onchange=\"window.location=this.value\">\n                                                                                                                                                                                                                                                            <\/select>\n                            <\/div>\n            <\/div>\n<\/section>\n\n    <style>\n        #block_8cd0bfc134e66d1e65ad3ab4b42c73c6:not(.blue) {\n            margin-top: 56px;\n        }\n\n        @media screen and (min-width: 768px) {\n            #block_8cd0bfc134e66d1e65ad3ab4b42c73c6:not(.blue) {\n                margin-top: 80px;\n            }\n        }\n\n        #block_8cd0bfc134e66d1e65ad3ab4b42c73c6:not(.blue) {\n            margin-bottom: 56px;\n        }\n\n        @media screen and (min-width: 768px) {\n            #block_8cd0bfc134e66d1e65ad3ab4b42c73c6:not(.blue) {\n                margin-bottom: 80px;\n            }\n        }\n\n        #block_8cd0bfc134e66d1e65ad3ab4b42c73c6.blue {\n            padding-top: 56px;\n        }\n\n        @media screen and (min-width: 768px) {\n            #block_8cd0bfc134e66d1e65ad3ab4b42c73c6.blue {\n                padding-top: 80px;\n            }\n        }\n\n        #block_8cd0bfc134e66d1e65ad3ab4b42c73c6.blue {\n            padding-bottom: 56px;\n        }\n\n        @media screen and (min-width: 768px) {\n            #block_8cd0bfc134e66d1e65ad3ab4b42c73c6.blue {\n                padding-bottom: 80px;\n            }\n        }\n\n            <\/style>\n<section class=\"txt-content   blue\" id=\"block_8cd0bfc134e66d1e65ad3ab4b42c73c6\">\n    <div class=\"txt-content--container container--large\">\n                    <div class=\"txt-content--content\">\n                <p data-start=\"305\" data-end=\"509\">Sp\u00e9cialis\u00e9s en <strong>chaudronnerie industrielle<\/strong> et en <strong>fabrication de structures m\u00e9talliques<\/strong>, nous accompagnons les professionnels de l\u2019industrie dans la r\u00e9alisation compl\u00e8te de leurs projets techniques.<\/p>\n<p data-start=\"511\" data-end=\"736\">De <strong>l\u2019\u00e9tude technique \u00e0 la fabrication en atelier<\/strong>, jusqu\u2019au montage et \u00e0 l\u2019installation sur site, nous vous apportons une expertise compl\u00e8te.<\/p>\n            <\/div>\n                                    <\/div>\n<\/section>\n\n    <style>\n        #block_7301f68e7ce947becfd7b9f18fb7f1cb {\n            margin-top: 56px;\n        }\n\n        @media screen and (min-width: 768px) {\n            #block_7301f68e7ce947becfd7b9f18fb7f1cb {\n                margin-top: 80px;\n            }\n        }\n\n        #block_7301f68e7ce947becfd7b9f18fb7f1cb {\n            margin-bottom: 56px;\n        }\n\n        @media screen and (min-width: 768px) {\n            #block_7301f68e7ce947becfd7b9f18fb7f1cb {\n                margin-bottom: 96px;\n            }\n        }\n\n            <\/style>\n<section class=\"expertises-list\" id=\"block_7301f68e7ce947becfd7b9f18fb7f1cb\">\n            <div class=\"expertises-list--title container--large\">\n            <h2>Nos produits et services<\/h2>\n        <\/div>\n                <div class=\"expertises-list--list container--large\">\n                                            <div class=\"card-expertise\">\n                                            <div class=\"card-expertise--image\">\n                            <img decoding=\"async\" src=\"https:\/\/preprod.hiolle-bedrock.weareled.fr\/app\/uploads\/sites\/4\/2025\/01\/TEAM_057-e1753176104715.jpg\" alt=\"Dessin industriel\">\n                            <span class=\"legend\"><\/span>\n                        <\/div>\n                                        <div class=\"card-expertise--content\">\n                                                    <h4>Etudes techniques d&rsquo;ouvrages chaudronn\u00e9s<\/h4>\n                                                                                                    <p>Etudes de r\u00e9alisation sur logiciels 3D\/2D, r\u00e9alisation de plans et simulations<\/p>\n                                            <\/div>\n                    <!-- <a href=\"#\"><\/a> -->\n                <\/div>\n                                            <div class=\"card-expertise\">\n                                            <div class=\"card-expertise--image\">\n                            <img decoding=\"async\" src=\"https:\/\/preprod.hiolle-bedrock.weareled.fr\/app\/uploads\/sites\/4\/2025\/02\/IMG_3392-min.jpg\" alt=\"\">\n                            <span class=\"legend\"><\/span>\n                        <\/div>\n                                        <div class=\"card-expertise--content\">\n                                                    <h4>Fabrication d&rsquo;ouvrages chaudronn\u00e9s et structures m\u00e9talliques<\/h4>\n                                                                                                    <p>El\u00e9ments m\u00e9cano-soud\u00e9s, passerelles et plateformes, gaine de tuyauterie, cyclone, virole <\/p>\n                                            <\/div>\n                    <!-- <a href=\"#\"><\/a> -->\n                <\/div>\n                                            <div class=\"card-expertise\">\n                                            <div class=\"card-expertise--image\">\n                            <img decoding=\"async\" src=\"https:\/\/preprod.hiolle-bedrock.weareled.fr\/app\/uploads\/sites\/4\/2026\/03\/Cheminee-de-sortie-de-ventilation-et-passerelle-dacces.jpeg\" alt=\"\">\n                            <span class=\"legend\"><\/span>\n                        <\/div>\n                                        <div class=\"card-expertise--content\">\n                                                    <h4>Montage et installation sur site<\/h4>\n                                                                                                    <p>Accompagnement dans la modification ou l&rsquo;installation de lignes de production, l&rsquo;adaptation d&rsquo;\u00e9quipements existants et l&rsquo;optimisation d&rsquo;installations.<\/p>\n                                            <\/div>\n                    <!-- <a href=\"#\"><\/a> -->\n                <\/div>\n                    <\/div>\n    <\/section>\n\n    <style>\n        #block_1453458f393fa52000abeb87056f1bed {\n            margin-top: 56px;\n        }\n\n        @media screen and (min-width: 768px) {\n            #block_1453458f393fa52000abeb87056f1bed {\n                margin-top: 80px;\n            }\n        }\n\n        #block_1453458f393fa52000abeb87056f1bed {\n            margin-bottom: 56px;\n        }\n\n        @media screen and (min-width: 768px) {\n            #block_1453458f393fa52000abeb87056f1bed {\n                margin-bottom: 96px;\n            }\n        }\n\n            <\/style>\n<section class=\"expertises-list\" id=\"block_1453458f393fa52000abeb87056f1bed\">\n            <div class=\"expertises-list--title container--large\">\n            <h2>Quelques r\u00e9alisations<\/h2>\n        <\/div>\n                <div class=\"expertises-list--list container--large\">\n                                            <div class=\"card-expertise\">\n                                            <div class=\"card-expertise--image\">\n                            <img decoding=\"async\" src=\"https:\/\/preprod.hiolle-bedrock.weareled.fr\/app\/uploads\/sites\/4\/2025\/07\/IMG_1674-min.jpg\" alt=\"\">\n                            <span class=\"legend\"><\/span>\n                        <\/div>\n                                        <div class=\"card-expertise--content\">\n                                                    <h4>Gaine de tuyauterie<\/h4>\n                                                                                            <\/div>\n                    <!-- <a href=\"#\"><\/a> -->\n                <\/div>\n                                            <div class=\"card-expertise\">\n                                            <div class=\"card-expertise--image\">\n                            <img decoding=\"async\" src=\"https:\/\/preprod.hiolle-bedrock.weareled.fr\/app\/uploads\/sites\/4\/2025\/10\/Nouvelle-image7-min.jpg\" alt=\"\">\n                            <span class=\"legend\"><\/span>\n                        <\/div>\n                                        <div class=\"card-expertise--content\">\n                                                    <h4>Plateforme d&rsquo;acc\u00e8s XXL<\/h4>\n                                                                                            <\/div>\n                    <!-- <a href=\"#\"><\/a> -->\n                <\/div>\n                                            <div class=\"card-expertise\">\n                                            <div class=\"card-expertise--image\">\n                            <img decoding=\"async\" src=\"https:\/\/preprod.hiolle-bedrock.weareled.fr\/app\/uploads\/sites\/4\/2025\/10\/IMG_0627-min.jpg\" alt=\"\">\n                            <span class=\"legend\"><\/span>\n                        <\/div>\n                                        <div class=\"card-expertise--content\">\n                                                    <h4>El\u00e9ment de gaine tuyauterie <\/h4>\n                                                                                            <\/div>\n                    <!-- <a href=\"#\"><\/a> -->\n                <\/div>\n                                            <div class=\"card-expertise\">\n                                            <div class=\"card-expertise--image\">\n                            <img decoding=\"async\" src=\"https:\/\/preprod.hiolle-bedrock.weareled.fr\/app\/uploads\/sites\/4\/2025\/01\/IMG_3724-alcatel-min.jpg\" alt=\"\">\n                            <span class=\"legend\"><\/span>\n                        <\/div>\n                                        <div class=\"card-expertise--content\">\n                                                    <h4>Agrandissement d&rsquo;un site de production<\/h4>\n                                                                                                    <p><br \/>\r\n<\/p>\n                                            <\/div>\n                    <!-- <a href=\"#\"><\/a> -->\n                <\/div>\n                                            <div class=\"card-expertise\">\n                                            <div class=\"card-expertise--image\">\n                            <img decoding=\"async\" src=\"https:\/\/preprod.hiolle-bedrock.weareled.fr\/app\/uploads\/sites\/4\/2025\/10\/IMG_8621-min-scaled.jpg\" alt=\"\">\n                            <span class=\"legend\"><\/span>\n                        <\/div>\n                                        <div class=\"card-expertise--content\">\n                                                    <h4>Tr\u00e9mie<\/h4>\n                                                                                            <\/div>\n                    <!-- <a href=\"#\"><\/a> -->\n                <\/div>\n                    <\/div>\n    <\/section>\n\n    <style>\n        #block_c20bfea81b96cdb0422a32cd8b8ccb5d {\n            margin-top: 56px;\n        }\n\n        @media screen and (min-width: 768px) {\n            #block_c20bfea81b96cdb0422a32cd8b8ccb5d {\n                margin-top: 96px;\n            }\n        }\n\n        #block_c20bfea81b96cdb0422a32cd8b8ccb5d {\n            margin-bottom: 56px;\n        }\n\n        @media screen and (min-width: 768px) {\n            #block_c20bfea81b96cdb0422a32cd8b8ccb5d {\n                margin-bottom: 96px;\n            }\n        }\n\n            <\/style>\n    <section class=\"slider-actualites glue nav-medium \" id=\"block_c20bfea81b96cdb0422a32cd8b8ccb5d\">\n                <div class=\"slider-actualites--container\">\n            <div class=\"slider-actualites--header container--large\">\n                                    <div class=\"slider-actualites--title\">\n                        <p class=\"uptitle\">Nos actualit\u00e9s<\/p>\n<h2>D\u00e9couvrez toutes <span style=\"color: #009cde\">nos derni\u00e8res r\u00e9alisations\u00a0<\/span><\/h2>\n                    <\/div>\n                                                    <a href=\"https:\/\/preprod.hiolle-bedrock.weareled.fr\/team-hiolle\/nos-actualites\/\" class=\"link dark icon arrow-right\">Voir toutes les actualit\u00e9s<\/a>\n                            <\/div>\n            <div class=\"slider-actualites--slider container--large owl-carousel\">\n                                                        <div class=\"card-actuality\">\n                        <a href=\"https:\/\/preprod.hiolle-bedrock.weareled.fr\/team-hiolle\/demontage-dun-pont-roulant-bipoutre-de-10t-une-operation-securisee-et-maitrisee\/\" class=\"card-actuality--link\"><\/a>\n                        <div class=\"card-actuality--image\">\n                                                            <img decoding=\"async\" src=\"https:\/\/preprod.hiolle-bedrock.weareled.fr\/app\/uploads\/sites\/4\/2026\/03\/Demontage_palan_central.jpg\" alt=\"\">\n                                                                                        <div class=\"card-actuality--categories\">\n                                                                            <span class=\"category\">R\u00e9alisations<\/span>\n                                                                    <\/div>\n                                                    <\/div>\n                        <div class=\"card-actuality--content\">\n                            <div class=\"card-actuality--title\">\n                                                                                                                    <span class=\"tag\">TEAM<\/span>\n                                                                                                    <h5>D\u00e9montage d\u2019un pont roulant bipoutre de 10T<\/h5>\n                            <\/div>\n                                                        <div class=\"card-actuality--footer\">\n                                <span class=\"date\">16 mars 2026<\/span>\n                                <span class=\"arrow-btn light-green\"><span><\/span><\/span>\n                            <\/div>\n                        <\/div>\n                    <\/div>\n                                                        <div class=\"card-actuality\">\n                        <a href=\"https:\/\/preprod.hiolle-bedrock.weareled.fr\/team-hiolle\/une-collaboration-inter-filiales-reussie\/\" class=\"card-actuality--link\"><\/a>\n                        <div class=\"card-actuality--image\">\n                                                            <img decoding=\"async\" src=\"https:\/\/preprod.hiolle-bedrock.weareled.fr\/app\/uploads\/sites\/4\/2025\/09\/HIOLLE_PROUVY_090-min-2.jpg\" alt=\"\">\n                                                                                        <div class=\"card-actuality--categories\">\n                                                                            <span class=\"category\">R\u00e9alisations<\/span>\n                                                                    <\/div>\n                                                    <\/div>\n                        <div class=\"card-actuality--content\">\n                            <div class=\"card-actuality--title\">\n                                                                                                                                                                                                    <span class=\"tag\">TEAM<\/span>\n                                                                                                    <h5>Une collaboration inter-filiales r\u00e9ussie !<\/h5>\n                            <\/div>\n                                                        <div class=\"card-actuality--footer\">\n                                <span class=\"date\">18 septembre 2025<\/span>\n                                <span class=\"arrow-btn light-green\"><span><\/span><\/span>\n                            <\/div>\n                        <\/div>\n                    <\/div>\n                                                        <div class=\"card-actuality\">\n                        <a href=\"https:\/\/preprod.hiolle-bedrock.weareled.fr\/team-hiolle\/supervision-dune-installation-a-taiwan\/\" class=\"card-actuality--link\"><\/a>\n                        <div class=\"card-actuality--image\">\n                                                            <img decoding=\"async\" src=\"https:\/\/preprod.hiolle-bedrock.weareled.fr\/app\/uploads\/sites\/4\/2025\/10\/55016769-1ed5-48a7-babb-7cdad900326e.jpg\" alt=\"\">\n                                                                                        <div class=\"card-actuality--categories\">\n                                                                            <span class=\"category\">R\u00e9alisations<\/span>\n                                                                    <\/div>\n                                                    <\/div>\n                        <div class=\"card-actuality--content\">\n                            <div class=\"card-actuality--title\">\n                                                                                                                    <span class=\"tag\">TEAM<\/span>\n                                                                                                    <h5>Supervision d&rsquo;une installation \u00e0 Ta\u00efwan<\/h5>\n                            <\/div>\n                                                        <div class=\"card-actuality--footer\">\n                                <span class=\"date\">15 mai 2025<\/span>\n                                <span class=\"arrow-btn light-green\"><span><\/span><\/span>\n                            <\/div>\n                        <\/div>\n                    <\/div>\n                                                        <div class=\"card-actuality\">\n                        <a href=\"https:\/\/preprod.hiolle-bedrock.weareled.fr\/team-hiolle\/un-projet-de-chaudronnerie-sur-mesure\/\" class=\"card-actuality--link\"><\/a>\n                        <div class=\"card-actuality--image\">\n                                                            <img decoding=\"async\" src=\"https:\/\/preprod.hiolle-bedrock.weareled.fr\/app\/uploads\/sites\/4\/2025\/08\/1743074852728-1-e1756222684163.jpeg\" alt=\"\">\n                                                                                        <div class=\"card-actuality--categories\">\n                                                                            <span class=\"category\">R\u00e9alisations<\/span>\n                                                                    <\/div>\n                                                    <\/div>\n                        <div class=\"card-actuality--content\">\n                            <div class=\"card-actuality--title\">\n                                                                                                                                                            <span class=\"tag\">TEAM<\/span>\n                                                                                                    <h5>Un projet de chaudronnerie sur-mesure !<\/h5>\n                            <\/div>\n                                                        <div class=\"card-actuality--footer\">\n                                <span class=\"date\">26 avril 2025<\/span>\n                                <span class=\"arrow-btn light-green\"><span><\/span><\/span>\n                            <\/div>\n                        <\/div>\n                    <\/div>\n                            <\/div>\n            <div class=\"slider-actualites--navigation owl-nav container--large\">\n                <span class=\"indicator\"><\/span>\n                <div class=\"slider-actualites--dots owl-dots\"><\/div>\n            <\/div>\n        <\/div>\n    <\/section>\n\n\n    <style>\n        #block_f49c7e206d0f85cea806fcc977e5c3f6 {\n            margin-top: 56px;\n        }\n\n        @media screen and (min-width: 768px) {\n            #block_f49c7e206d0f85cea806fcc977e5c3f6 {\n                margin-top: 96px;\n            }\n        }\n\n        #block_f49c7e206d0f85cea806fcc977e5c3f6 {\n            margin-bottom: 56px;\n        }\n\n        @media screen and (min-width: 768px) {\n            #block_f49c7e206d0f85cea806fcc977e5c3f6 {\n                margin-bottom: 96px;\n            }\n        }\n\n            <\/style>\n<section class=\"redirection-double \" id=\"block_f49c7e206d0f85cea806fcc977e5c3f6\">\n        <div class=\"redirection-double--container container--large\">\n                    <div class=\"background\">\n                                                    <h3>Vous souhaitez prendre contact avec nous ?<\/h3>\n<p>Une question ? Une demande particuli\u00e8re ? Un projet ? Contactez-nous d\u00e8s aujourd\u2019hui, nous nous ferons un plaisir de vous r\u00e9pondre dans les plus brefs d\u00e9lais<\/p>\n                                                    <a href=\"https:\/\/preprod.hiolle-bedrock.weareled.fr\/team-hiolle\/contactez-nous\/\" target=\"\" class=\"btn secondary icon arrow-right\">Nous contacter<span><\/span><\/a>\n                            <\/div>\n                            <div class=\"light\">\n                                    <h3>D\u00e9couvrez nos autres solutions !<\/h3>\n<p>Nos \u00e9quipes sont \u00e9galement sp\u00e9cialis\u00e9es dans le transfert d\u2019outils de production, la maintenance industrielle et la cr\u00e9ation de lignes de traitement de d\u00e9chets.<\/p>\n                                                    <a href=\"https:\/\/preprod.hiolle-bedrock.weareled.fr\/team-hiolle\/solutions-realisations\/\" target=\"\" class=\"btn icon arrow-right\">Voir nos solutions<span><\/span><\/a>\n                            <\/div>\n            <\/div>\n<\/section>","protected":false},"excerpt":{"rendered":"<p>\u00c9tudes de r\u00e9alisation, fabrication, montage et installation des ouvrages chaudronn\u00e9s et structures m\u00e9talliques.<\/p>\n","protected":false},"author":3,"featured_media":350,"parent":37,"menu_order":1,"comment_status":"closed","ping_status":"closed","template":"","meta":{"_acf_changed":false,"_seopress_robots_primary_cat":"","_seopress_titles_title":"","_seopress_titles_desc":"","_seopress_robots_index":"","footnotes":""},"class_list":["post-197","page","type-page","status-publish","has-post-thumbnail","hentry"],"acf":[],"lang":"fr","translations":{"fr":197},"pll_sync_post":[],"_links":{"self":[{"href":"https:\/\/preprod.hiolle-bedrock.weareled.fr\/team-hiolle\/wp-json\/wp\/v2\/pages\/197","targetHints":{"allow":["GET"]}}],"collection":[{"href":"https:\/\/preprod.hiolle-bedrock.weareled.fr\/team-hiolle\/wp-json\/wp\/v2\/pages"}],"about":[{"href":"https:\/\/preprod.hiolle-bedrock.weareled.fr\/team-hiolle\/wp-json\/wp\/v2\/types\/page"}],"author":[{"embeddable":true,"href":"https:\/\/preprod.hiolle-bedrock.weareled.fr\/team-hiolle\/wp-json\/wp\/v2\/users\/3"}],"replies":[{"embeddable":true,"href":"https:\/\/preprod.hiolle-bedrock.weareled.fr\/team-hiolle\/wp-json\/wp\/v2\/comments?post=197"}],"version-history":[{"count":49,"href":"https:\/\/preprod.hiolle-bedrock.weareled.fr\/team-hiolle\/wp-json\/wp\/v2\/pages\/197\/revisions"}],"predecessor-version":[{"id":1115,"href":"https:\/\/preprod.hiolle-bedrock.weareled.fr\/team-hiolle\/wp-json\/wp\/v2\/pages\/197\/revisions\/1115"}],"up":[{"embeddable":true,"href":"https:\/\/preprod.hiolle-bedrock.weareled.fr\/team-hiolle\/wp-json\/wp\/v2\/pages\/37"}],"wp:featuredmedia":[{"embeddable":true,"href":"https:\/\/preprod.hiolle-bedrock.weareled.fr\/team-hiolle\/wp-json\/wp\/v2\/media\/350"}],"wp:attachment":[{"href":"https:\/\/preprod.hiolle-bedrock.weareled.fr\/team-hiolle\/wp-json\/wp\/v2\/media?parent=197"}],"curies":[{"name":"wp","href":"https:\/\/api.w.org\/{rel}","templated":true}]}}