{"id":204,"date":"2025-01-10T17:05:27","date_gmt":"2025-01-10T16:05:27","guid":{"rendered":"https:\/\/preprod.hiolle-bedrock.weareled.fr\/team-hiolle\/?page_id=204"},"modified":"2026-03-17T10:14:33","modified_gmt":"2026-03-17T09:14:33","slug":"transfert-et-montage-de-lignes-de-production-et-dunites-completes","status":"publish","type":"page","link":"https:\/\/preprod.hiolle-bedrock.weareled.fr\/team-hiolle\/solutions-realisations\/transfert-et-montage-de-lignes-de-production-et-dunites-completes\/","title":{"rendered":"Transfert et montage de lignes de production et d\u2019unit\u00e9s compl\u00e8tes"},"content":{"rendered":"    <style>\n        #block_b587e6d990979664e850c1ec7478bbae {\n            margin-top: 0px;\n        }\n\n        @media screen and (min-width: 768px) {\n            #block_b587e6d990979664e850c1ec7478bbae {\n                margin-top: 0px;\n            }\n        }\n\n        #block_b587e6d990979664e850c1ec7478bbae {\n            margin-bottom: 56px;\n        }\n\n        @media screen and (min-width: 768px) {\n            #block_b587e6d990979664e850c1ec7478bbae {\n                margin-bottom: 96px;\n            }\n        }\n\n            <\/style>\n<section class=\"hero hero--secondary\" id=\"block_b587e6d990979664e850c1ec7478bbae\">\n    <div class=\"hero--container\">\n                    <div class=\"hero--img\">\n                <img decoding=\"async\" src=\"https:\/\/preprod.hiolle-bedrock.weareled.fr\/app\/uploads\/sites\/4\/2025\/01\/Groupe-hiolle-min.jpg\" alt=\"\">\n            <\/div>\n                <div class=\"hero--container-content\">\n                            <div class=\"hero--breadcrumb\">\n                    <nav  aria-label=\"Fil d&#039;Ariane\"><ol class=\"breadcrumb\" itemscope itemtype=\"https:\/\/schema.org\/BreadcrumbList\"><li class=\"breadcrumb-item active\" aria-current=\"page\" itemprop=\"itemListElement\" itemscope itemtype=\"https:\/\/schema.org\/ListItem\"><span itemprop=\"name\">Accueil<\/span><meta itemprop=\"position\" content=\"1\"><\/li><\/ol><\/nav>                <\/div>\n                                                    <div class=\"hero--content\">\n                    <p class=\"uptitle\">Solutions &amp; r\u00e9alisations<\/p>\n<h1>Transfert et montage de lignes de production et d\u2019unit\u00e9s compl\u00e8tes<\/h1>\n<p>Service cl\u00e9 en main de d\u00e9montage, transport s\u00e9curis\u00e9 et remontage des outils industriels et lignes de production.<\/p>\n<p><span style=\"font-weight: 400\">\u00a0<\/span><\/p>\n                <\/div>\n                                <\/div>\n    <\/div>\n<\/section>\n\n    <style>\n        #block_557053a0257730f1e466780ea0f9249a {\n            margin-top: 8px;\n        }\n\n        @media screen and (min-width: 768px) {\n            #block_557053a0257730f1e466780ea0f9249a {\n                margin-top: 24px;\n            }\n        }\n\n        #block_557053a0257730f1e466780ea0f9249a {\n            margin-bottom: 56px;\n        }\n\n        @media screen and (min-width: 768px) {\n            #block_557053a0257730f1e466780ea0f9249a {\n                margin-bottom: 80px;\n            }\n        }\n\n            <\/style>\n<section class=\"simplified-nav\" id=\"block_557053a0257730f1e466780ea0f9249a\">\n    <div class=\"simplified-nav--container container--large\">\n                    <div class=\"simplified-nav--label\">\n                <p>Nos solutions<\/p>\n            <\/div>\n                \n                    <div class=\"simplified-nav--select is-custom-select\">\n                                                    <select onchange=\"window.location=this.value\">\n                                                                                                                                                                                                                                                            <\/select>\n                            <\/div>\n            <\/div>\n<\/section>\n\n    <style>\n        #block_badc07c519c82e8b442fe78c7d8519ca:not(.blue) {\n            margin-top: 56px;\n        }\n\n        @media screen and (min-width: 768px) {\n            #block_badc07c519c82e8b442fe78c7d8519ca:not(.blue) {\n                margin-top: 80px;\n            }\n        }\n\n        #block_badc07c519c82e8b442fe78c7d8519ca:not(.blue) {\n            margin-bottom: 56px;\n        }\n\n        @media screen and (min-width: 768px) {\n            #block_badc07c519c82e8b442fe78c7d8519ca:not(.blue) {\n                margin-bottom: 80px;\n            }\n        }\n\n        #block_badc07c519c82e8b442fe78c7d8519ca.blue {\n            padding-top: 56px;\n        }\n\n        @media screen and (min-width: 768px) {\n            #block_badc07c519c82e8b442fe78c7d8519ca.blue {\n                padding-top: 80px;\n            }\n        }\n\n        #block_badc07c519c82e8b442fe78c7d8519ca.blue {\n            padding-bottom: 56px;\n        }\n\n        @media screen and (min-width: 768px) {\n            #block_badc07c519c82e8b442fe78c7d8519ca.blue {\n                padding-bottom: 80px;\n            }\n        }\n\n            <\/style>\n<section class=\"txt-content   blue\" id=\"block_badc07c519c82e8b442fe78c7d8519ca\">\n    <div class=\"txt-content--container container--large\">\n                    <div class=\"txt-content--content\">\n                <p data-start=\"172\" data-end=\"405\">Sp\u00e9cialis\u00e9s dans le\u00a0<strong data-start=\"187\" data-end=\"224\">transfert de lignes de production<\/strong> et du <strong data-start=\"231\" data-end=\"275\">montage d\u2019unit\u00e9s industrielles compl\u00e8tes<\/strong>, nous accompagnons les industriels dans leurs projets de relocalisation, d\u2019extension ou de r\u00e9organisation d\u2019outils de production.<\/p>\n<p data-start=\"407\" data-end=\"586\">Nous proposons un <strong data-start=\"425\" data-end=\"448\">service cl\u00e9 en main<\/strong>, int\u00e9grant le d\u00e9montage, le transport s\u00e9curis\u00e9 et le remontage complet de vos \u00e9quipements industriels, en France comme \u00e0 l\u2019international.<\/p>\n            <\/div>\n                                    <\/div>\n<\/section>\n\n    <style>\n        #block_e7d4a06a43aabecab27aa2dac64d1ef9 {\n            margin-top: 56px;\n        }\n\n        @media screen and (min-width: 768px) {\n            #block_e7d4a06a43aabecab27aa2dac64d1ef9 {\n                margin-top: 80px;\n            }\n        }\n\n        #block_e7d4a06a43aabecab27aa2dac64d1ef9 {\n            margin-bottom: 56px;\n        }\n\n        @media screen and (min-width: 768px) {\n            #block_e7d4a06a43aabecab27aa2dac64d1ef9 {\n                margin-bottom: 96px;\n            }\n        }\n\n            <\/style>\n<section class=\"expertises-list\" id=\"block_e7d4a06a43aabecab27aa2dac64d1ef9\">\n            <div class=\"expertises-list--title container--large\">\n            <h2>Nos produits et services<\/h2>\n        <\/div>\n                <div class=\"expertises-list--list container--large\">\n                                            <div class=\"card-expertise\">\n                                        <div class=\"card-expertise--content\">\n                                                    <h4>D\u00e9montage d&rsquo;unit\u00e9s compl\u00e8tes en pr\u00e9servant l&rsquo;int\u00e9grit\u00e9 des \u00e9quipements<\/h4>\n                                                                                            <\/div>\n                    <!-- <a href=\"#\"><\/a> -->\n                <\/div>\n                                            <div class=\"card-expertise\">\n                                            <div class=\"card-expertise--image\">\n                            <img decoding=\"async\" src=\"https:\/\/preprod.hiolle-bedrock.weareled.fr\/app\/uploads\/sites\/4\/2025\/01\/convoyeur-team-min.jpg\" alt=\"\">\n                            <span class=\"legend\"><\/span>\n                        <\/div>\n                                        <div class=\"card-expertise--content\">\n                                                    <h4>Transport s\u00e9curis\u00e9 d&rsquo;\u00e9quipements industriels<\/h4>\n                                                                                            <\/div>\n                    <!-- <a href=\"#\"><\/a> -->\n                <\/div>\n                                            <div class=\"card-expertise\">\n                                            <div class=\"card-expertise--image\">\n                            <img decoding=\"async\" src=\"https:\/\/preprod.hiolle-bedrock.weareled.fr\/app\/uploads\/sites\/4\/2025\/02\/IMG_0552-montage.jpg\" alt=\"\">\n                            <span class=\"legend\"><\/span>\n                        <\/div>\n                                        <div class=\"card-expertise--content\">\n                                                    <h4>Remontage d&rsquo;unit\u00e9s industrielles sur sites clients en France et \u00e0 l&rsquo;international<\/h4>\n                                                                                            <\/div>\n                    <!-- <a href=\"#\"><\/a> -->\n                <\/div>\n                    <\/div>\n    <\/section>\n\n    <style>\n        #block_b50bca090af6c005c1b5ed284cdae363 {\n            margin-top: 56px;\n        }\n\n        @media screen and (min-width: 768px) {\n            #block_b50bca090af6c005c1b5ed284cdae363 {\n                margin-top: 80px;\n            }\n        }\n\n        #block_b50bca090af6c005c1b5ed284cdae363 {\n            margin-bottom: 56px;\n        }\n\n        @media screen and (min-width: 768px) {\n            #block_b50bca090af6c005c1b5ed284cdae363 {\n                margin-bottom: 96px;\n            }\n        }\n\n            <\/style>\n<section class=\"expertises-list\" id=\"block_b50bca090af6c005c1b5ed284cdae363\">\n            <div class=\"expertises-list--title container--large\">\n            <h2>Quelques r\u00e9alisations<\/h2>\n        <\/div>\n                <div class=\"expertises-list--list container--large\">\n                                            <div class=\"card-expertise\">\n                                            <div class=\"card-expertise--image\">\n                            <img decoding=\"async\" src=\"https:\/\/preprod.hiolle-bedrock.weareled.fr\/app\/uploads\/sites\/4\/2025\/01\/Groupe-hiolle-min.jpg\" alt=\"\">\n                            <span class=\"legend\"><\/span>\n                        <\/div>\n                                        <div class=\"card-expertise--content\">\n                                                    <h4>D\u00e9montage d&rsquo;une forge<\/h4>\n                                                                                                    <p>Transfert d&rsquo;\u00e9quipements d&rsquo;une forge dont une presse SPS de 100 tonnes.<\/p>\n                                            <\/div>\n                    <!-- <a href=\"#\"><\/a> -->\n                <\/div>\n                                            <div class=\"card-expertise\">\n                                            <div class=\"card-expertise--image\">\n                            <img decoding=\"async\" src=\"https:\/\/preprod.hiolle-bedrock.weareled.fr\/app\/uploads\/sites\/4\/2025\/07\/55016769-1ed5-48a7-babb-7cdad900326e.jpg\" alt=\"\">\n                            <span class=\"legend\"><\/span>\n                        <\/div>\n                                        <div class=\"card-expertise--content\">\n                                                    <h4>Montage de lignes de production \u00e0 Ta\u00efwan<\/h4>\n                                                                                                    <p>Pr\u00e9montage et supervision du montage m\u00e9canique final de 4 lignes de laminage \u00e0 Ta\u00efwan.<\/p>\n                                            <\/div>\n                    <!-- <a href=\"#\"><\/a> -->\n                <\/div>\n                    <\/div>\n    <\/section>\n\n    <style>\n        #block_6d2d83dde87904eab9a85fd15f75a721 {\n            margin-top: 56px;\n        }\n\n        @media screen and (min-width: 768px) {\n            #block_6d2d83dde87904eab9a85fd15f75a721 {\n                margin-top: 96px;\n            }\n        }\n\n        #block_6d2d83dde87904eab9a85fd15f75a721 {\n            margin-bottom: 56px;\n        }\n\n        @media screen and (min-width: 768px) {\n            #block_6d2d83dde87904eab9a85fd15f75a721 {\n                margin-bottom: 96px;\n            }\n        }\n\n            <\/style>\n    <section class=\"slider-actualites glue nav-medium \" id=\"block_6d2d83dde87904eab9a85fd15f75a721\">\n                <div class=\"slider-actualites--container\">\n            <div class=\"slider-actualites--header container--large\">\n                                    <div class=\"slider-actualites--title\">\n                        <p class=\"uptitle\">Nos actualit\u00e9s<\/p>\n<h2>D\u00e9couvrez toutes <span style=\"color: #009cde\">nos derni\u00e8res r\u00e9alisations\u00a0<\/span><\/h2>\n                    <\/div>\n                                                    <a href=\"https:\/\/preprod.hiolle-bedrock.weareled.fr\/team-hiolle\/nos-actualites\/\" class=\"link dark icon arrow-right\">Voir toutes les actualit\u00e9s<\/a>\n                            <\/div>\n            <div class=\"slider-actualites--slider container--large owl-carousel\">\n                                                        <div class=\"card-actuality\">\n                        <a href=\"https:\/\/preprod.hiolle-bedrock.weareled.fr\/team-hiolle\/demontage-dun-pont-roulant-bipoutre-de-10t-une-operation-securisee-et-maitrisee\/\" class=\"card-actuality--link\"><\/a>\n                        <div class=\"card-actuality--image\">\n                                                            <img decoding=\"async\" src=\"https:\/\/preprod.hiolle-bedrock.weareled.fr\/app\/uploads\/sites\/4\/2026\/03\/Demontage_palan_central.jpg\" alt=\"\">\n                                                                                        <div class=\"card-actuality--categories\">\n                                                                            <span class=\"category\">R\u00e9alisations<\/span>\n                                                                    <\/div>\n                                                    <\/div>\n                        <div class=\"card-actuality--content\">\n                            <div class=\"card-actuality--title\">\n                                                                                                                    <span class=\"tag\">TEAM<\/span>\n                                                                                                    <h5>D\u00e9montage d\u2019un pont roulant bipoutre de 10T<\/h5>\n                            <\/div>\n                                                        <div class=\"card-actuality--footer\">\n                                <span class=\"date\">16 mars 2026<\/span>\n                                <span class=\"arrow-btn light-green\"><span><\/span><\/span>\n                            <\/div>\n                        <\/div>\n                    <\/div>\n                                                        <div class=\"card-actuality\">\n                        <a href=\"https:\/\/preprod.hiolle-bedrock.weareled.fr\/team-hiolle\/une-collaboration-inter-filiales-reussie\/\" class=\"card-actuality--link\"><\/a>\n                        <div class=\"card-actuality--image\">\n                                                            <img decoding=\"async\" src=\"https:\/\/preprod.hiolle-bedrock.weareled.fr\/app\/uploads\/sites\/4\/2025\/09\/HIOLLE_PROUVY_090-min-2.jpg\" alt=\"\">\n                                                                                        <div class=\"card-actuality--categories\">\n                                                                            <span class=\"category\">R\u00e9alisations<\/span>\n                                                                    <\/div>\n                                                    <\/div>\n                        <div class=\"card-actuality--content\">\n                            <div class=\"card-actuality--title\">\n                                                                                                                                                                                                    <span class=\"tag\">TEAM<\/span>\n                                                                                                    <h5>Une collaboration inter-filiales r\u00e9ussie !<\/h5>\n                            <\/div>\n                                                        <div class=\"card-actuality--footer\">\n                                <span class=\"date\">18 septembre 2025<\/span>\n                                <span class=\"arrow-btn light-green\"><span><\/span><\/span>\n                            <\/div>\n                        <\/div>\n                    <\/div>\n                                                        <div class=\"card-actuality\">\n                        <a href=\"https:\/\/preprod.hiolle-bedrock.weareled.fr\/team-hiolle\/supervision-dune-installation-a-taiwan\/\" class=\"card-actuality--link\"><\/a>\n                        <div class=\"card-actuality--image\">\n                                                            <img decoding=\"async\" src=\"https:\/\/preprod.hiolle-bedrock.weareled.fr\/app\/uploads\/sites\/4\/2025\/10\/55016769-1ed5-48a7-babb-7cdad900326e.jpg\" alt=\"\">\n                                                                                        <div class=\"card-actuality--categories\">\n                                                                            <span class=\"category\">R\u00e9alisations<\/span>\n                                                                    <\/div>\n                                                    <\/div>\n                        <div class=\"card-actuality--content\">\n                            <div class=\"card-actuality--title\">\n                                                                                                                    <span class=\"tag\">TEAM<\/span>\n                                                                                                    <h5>Supervision d&rsquo;une installation \u00e0 Ta\u00efwan<\/h5>\n                            <\/div>\n                                                        <div class=\"card-actuality--footer\">\n                                <span class=\"date\">15 mai 2025<\/span>\n                                <span class=\"arrow-btn light-green\"><span><\/span><\/span>\n                            <\/div>\n                        <\/div>\n                    <\/div>\n                                                        <div class=\"card-actuality\">\n                        <a href=\"https:\/\/preprod.hiolle-bedrock.weareled.fr\/team-hiolle\/un-projet-de-chaudronnerie-sur-mesure\/\" class=\"card-actuality--link\"><\/a>\n                        <div class=\"card-actuality--image\">\n                                                            <img decoding=\"async\" src=\"https:\/\/preprod.hiolle-bedrock.weareled.fr\/app\/uploads\/sites\/4\/2025\/08\/1743074852728-1-e1756222684163.jpeg\" alt=\"\">\n                                                                                        <div class=\"card-actuality--categories\">\n                                                                            <span class=\"category\">R\u00e9alisations<\/span>\n                                                                    <\/div>\n                                                    <\/div>\n                        <div class=\"card-actuality--content\">\n                            <div class=\"card-actuality--title\">\n                                                                                                                                                            <span class=\"tag\">TEAM<\/span>\n                                                                                                    <h5>Un projet de chaudronnerie sur-mesure !<\/h5>\n                            <\/div>\n                                                        <div class=\"card-actuality--footer\">\n                                <span class=\"date\">26 avril 2025<\/span>\n                                <span class=\"arrow-btn light-green\"><span><\/span><\/span>\n                            <\/div>\n                        <\/div>\n                    <\/div>\n                            <\/div>\n            <div class=\"slider-actualites--navigation owl-nav container--large\">\n                <span class=\"indicator\"><\/span>\n                <div class=\"slider-actualites--dots owl-dots\"><\/div>\n            <\/div>\n        <\/div>\n    <\/section>\n\n\n    <style>\n        #block_cdb6f713e4c0871adb06f625a904f446 {\n            margin-top: 56px;\n        }\n\n        @media screen and (min-width: 768px) {\n            #block_cdb6f713e4c0871adb06f625a904f446 {\n                margin-top: 96px;\n            }\n        }\n\n        #block_cdb6f713e4c0871adb06f625a904f446 {\n            margin-bottom: 56px;\n        }\n\n        @media screen and (min-width: 768px) {\n            #block_cdb6f713e4c0871adb06f625a904f446 {\n                margin-bottom: 96px;\n            }\n        }\n\n            <\/style>\n<section class=\"redirection-double \" id=\"block_cdb6f713e4c0871adb06f625a904f446\">\n        <div class=\"redirection-double--container container--large\">\n                    <div class=\"background\">\n                                                    <h3>Vous souhaitez prendre contact avec nous ?<\/h3>\n<p>Une question ? Une demande particuli\u00e8re ? Un projet ? Contactez-nous d\u00e8s aujourd\u2019hui, nous nous ferons un plaisir de vous r\u00e9pondre dans les plus brefs d\u00e9lais.<\/p>\n                                                    <a href=\"https:\/\/preprod.hiolle-bedrock.weareled.fr\/team-hiolle\/contactez-nous\/\" target=\"\" class=\"btn secondary icon arrow-right\">Nous contacter<span><\/span><\/a>\n                            <\/div>\n                            <div class=\"light\">\n                                    <h3>D\u00e9couvrez nos autres solutions !<\/h3>\n<p>Nos \u00e9quipes sont \u00e9galement sp\u00e9cialis\u00e9es dans la maintenance industrielle, la fabrication d&rsquo;ouvrages chaudronn\u00e9s et la cr\u00e9ation de lignes de traitement de d\u00e9chets.<\/p>\n                                                    <a href=\"https:\/\/preprod.hiolle-bedrock.weareled.fr\/team-hiolle\/solutions-realisations\/\" target=\"\" class=\"btn icon arrow-right\">Voir nos solutions<span><\/span><\/a>\n                            <\/div>\n            <\/div>\n<\/section>","protected":false},"excerpt":{"rendered":"<p>Service cl\u00e9 en main de d\u00e9montage, transport et remontage des outils industriels et lignes de production.<\/p>\n","protected":false},"author":3,"featured_media":245,"parent":37,"menu_order":4,"comment_status":"closed","ping_status":"closed","template":"","meta":{"_acf_changed":false,"_seopress_robots_primary_cat":"","_seopress_titles_title":"","_seopress_titles_desc":"","_seopress_robots_index":"","footnotes":""},"class_list":["post-204","page","type-page","status-publish","has-post-thumbnail","hentry"],"acf":[],"lang":"fr","translations":{"fr":204},"pll_sync_post":[],"_links":{"self":[{"href":"https:\/\/preprod.hiolle-bedrock.weareled.fr\/team-hiolle\/wp-json\/wp\/v2\/pages\/204","targetHints":{"allow":["GET"]}}],"collection":[{"href":"https:\/\/preprod.hiolle-bedrock.weareled.fr\/team-hiolle\/wp-json\/wp\/v2\/pages"}],"about":[{"href":"https:\/\/preprod.hiolle-bedrock.weareled.fr\/team-hiolle\/wp-json\/wp\/v2\/types\/page"}],"author":[{"embeddable":true,"href":"https:\/\/preprod.hiolle-bedrock.weareled.fr\/team-hiolle\/wp-json\/wp\/v2\/users\/3"}],"replies":[{"embeddable":true,"href":"https:\/\/preprod.hiolle-bedrock.weareled.fr\/team-hiolle\/wp-json\/wp\/v2\/comments?post=204"}],"version-history":[{"count":23,"href":"https:\/\/preprod.hiolle-bedrock.weareled.fr\/team-hiolle\/wp-json\/wp\/v2\/pages\/204\/revisions"}],"predecessor-version":[{"id":1144,"href":"https:\/\/preprod.hiolle-bedrock.weareled.fr\/team-hiolle\/wp-json\/wp\/v2\/pages\/204\/revisions\/1144"}],"up":[{"embeddable":true,"href":"https:\/\/preprod.hiolle-bedrock.weareled.fr\/team-hiolle\/wp-json\/wp\/v2\/pages\/37"}],"wp:featuredmedia":[{"embeddable":true,"href":"https:\/\/preprod.hiolle-bedrock.weareled.fr\/team-hiolle\/wp-json\/wp\/v2\/media\/245"}],"wp:attachment":[{"href":"https:\/\/preprod.hiolle-bedrock.weareled.fr\/team-hiolle\/wp-json\/wp\/v2\/media?parent=204"}],"curies":[{"name":"wp","href":"https:\/\/api.w.org\/{rel}","templated":true}]}}