{"id":37,"date":"2024-10-15T11:06:07","date_gmt":"2024-10-15T09:06:07","guid":{"rendered":"https:\/\/preprod.hiolle-bedrock.weareled.fr\/hiolle-logistique\/?page_id=37"},"modified":"2026-03-05T10:18:21","modified_gmt":"2026-03-05T09:18:21","slug":"solutions-realisations","status":"publish","type":"page","link":"https:\/\/preprod.hiolle-bedrock.weareled.fr\/team-hiolle\/solutions-realisations\/","title":{"rendered":"Solutions &amp; r\u00e9alisations"},"content":{"rendered":"    <style>\n        #block_cb8189c83d7e855b8bb460ee6681a63b {\n            margin-top: 0px;\n        }\n\n        @media screen and (min-width: 768px) {\n            #block_cb8189c83d7e855b8bb460ee6681a63b {\n                margin-top: 0px;\n            }\n        }\n\n        #block_cb8189c83d7e855b8bb460ee6681a63b {\n            margin-bottom: 56px;\n        }\n\n        @media screen and (min-width: 768px) {\n            #block_cb8189c83d7e855b8bb460ee6681a63b {\n                margin-bottom: 96px;\n            }\n        }\n\n            <\/style>\n<section class=\"hero hero--secondary\" id=\"block_cb8189c83d7e855b8bb460ee6681a63b\">\n    <div class=\"hero--container\">\n                    <div class=\"hero--img\">\n                <img decoding=\"async\" src=\"https:\/\/preprod.hiolle-bedrock.weareled.fr\/app\/uploads\/sites\/4\/2025\/01\/TEAM_029-e1740522765651.jpg\" alt=\"Soudeur\">\n            <\/div>\n                <div class=\"hero--container-content\">\n                                                    <div class=\"hero--content\">\n                    <p class=\"uptitle\">Solutions &amp; r\u00e9alisations<\/p>\n<h1>Des \u00e9tudes \u00e0 l\u2019installation d\u2019outils de production<\/h1>\n<p>TEAM propose des solutions compl\u00e8tes d\u2019\u00e9tudes de process , de fabrication, d\u2019installation, de maintenance et de transfert d\u2019outils industriels pour les diff\u00e9rents secteurs de l\u2019industrie.<\/p>\n                <\/div>\n                                <\/div>\n    <\/div>\n<\/section>\n\n    <style>\n        #block_2050abdd49fe4b37eb81da97434b87f4 {\n            margin-top: 56px;\n        }\n\n        @media screen and (min-width: 768px) {\n            #block_2050abdd49fe4b37eb81da97434b87f4 {\n                margin-top: 96px;\n            }\n        }\n\n        #block_2050abdd49fe4b37eb81da97434b87f4 {\n            margin-bottom: 56px;\n        }\n\n        @media screen and (min-width: 768px) {\n            #block_2050abdd49fe4b37eb81da97434b87f4 {\n                margin-bottom: 96px;\n            }\n        }\n\n            <\/style>\n    <section class=\"solutions-list\" id=\"block_2050abdd49fe4b37eb81da97434b87f4\">\n        <div class=\"solutions-list--container container--large\">\n                            <div class=\"solutions-list--title\">\n                    <h2>Les <span style=\"color: #009cde\">solutions<\/span> de TEAM<\/h2>\n                <\/div>\n                        <div class=\"solutions-list--cards-solution\">\n                                                    <div class=\"card-solution--item   is-page-link\" data-count=\"1\" data-solution=\"realisation-delements-chaudronnes\">\n                                                    <div class=\"card-solution--item-img\">\n                                <a href=\"https:\/\/preprod.hiolle-bedrock.weareled.fr\/team-hiolle\/solutions-realisations\/realisation-delements-chaudronnes\/\"><img decoding=\"async\" src=\"https:\/\/preprod.hiolle-bedrock.weareled.fr\/app\/uploads\/sites\/4\/2025\/02\/IMG_3392-min.jpg\" alt=\"image de fond de la carte\"><\/a>\n                            <\/div>\n                                                <div class=\"card-solution--item-inner\">\n                            <h4><a href=\"https:\/\/preprod.hiolle-bedrock.weareled.fr\/team-hiolle\/solutions-realisations\/realisation-delements-chaudronnes\/\">R\u00e9alisation d&rsquo;\u00e9l\u00e9ments chaudronn\u00e9s<\/a><\/h4>\n                            <p>\u00c9tudes de r\u00e9alisation, fabrication, montage et installation des ouvrages chaudronn\u00e9s et structures m\u00e9talliques.<\/p>\n                            <a href=\"https:\/\/preprod.hiolle-bedrock.weareled.fr\/team-hiolle\/solutions-realisations\/realisation-delements-chaudronnes\/\" class=\"link dark icon arrow-right\">En savoir plus<\/a>\n                                                    <\/div>\n                    <\/div>\n                                                                            <div class=\"card-solution--item   is-page-link\" data-count=\"2\" data-solution=\"realisation-de-ligne-de-traitement-de-dechets\">\n                                                    <div class=\"card-solution--item-img\">\n                                <a href=\"https:\/\/preprod.hiolle-bedrock.weareled.fr\/team-hiolle\/solutions-realisations\/realisation-de-ligne-de-traitement-de-dechets\/\"><img decoding=\"async\" src=\"https:\/\/preprod.hiolle-bedrock.weareled.fr\/app\/uploads\/sites\/4\/2025\/07\/1-scaled.jpg\" alt=\"image de fond de la carte\"><\/a>\n                            <\/div>\n                                                <div class=\"card-solution--item-inner\">\n                            <h4><a href=\"https:\/\/preprod.hiolle-bedrock.weareled.fr\/team-hiolle\/solutions-realisations\/realisation-de-ligne-de-traitement-de-dechets\/\">R\u00e9alisation de lignes de traitement de d\u00e9chets<\/a><\/h4>\n                            <p>Etudes, fabrication et montage de lignes pour le traitement des d\u00e9chets en fin de vie et m\u00e9taux<\/p>\n                            <a href=\"https:\/\/preprod.hiolle-bedrock.weareled.fr\/team-hiolle\/solutions-realisations\/realisation-de-ligne-de-traitement-de-dechets\/\" class=\"link dark icon arrow-right\">En savoir plus<\/a>\n                                                    <\/div>\n                    <\/div>\n                                                                            <div class=\"card-solution--item   is-page-link\" data-count=\"3\" data-solution=\"maintenance-industrielle-et-renovation-mecanique\">\n                                                    <div class=\"card-solution--item-img\">\n                                <a href=\"https:\/\/preprod.hiolle-bedrock.weareled.fr\/team-hiolle\/solutions-realisations\/maintenance-industrielle-et-renovation-mecanique\/\"><img decoding=\"async\" src=\"https:\/\/preprod.hiolle-bedrock.weareled.fr\/app\/uploads\/sites\/4\/2025\/11\/Activite-maintenance-industrielle.jpg\" alt=\"image de fond de la carte\"><\/a>\n                            <\/div>\n                                                <div class=\"card-solution--item-inner\">\n                            <h4><a href=\"https:\/\/preprod.hiolle-bedrock.weareled.fr\/team-hiolle\/solutions-realisations\/maintenance-industrielle-et-renovation-mecanique\/\">Maintenance industrielle et fabrication sp\u00e9ciale<\/a><\/h4>\n                            <p>Maintenance pr\u00e9ventive et curative de vos installations et fabrication d&rsquo;\u00e9quipements ferroviaires.<\/p>\n                            <a href=\"https:\/\/preprod.hiolle-bedrock.weareled.fr\/team-hiolle\/solutions-realisations\/maintenance-industrielle-et-renovation-mecanique\/\" class=\"link dark icon arrow-right\">En savoir plus<\/a>\n                                                    <\/div>\n                    <\/div>\n                                                                            <div class=\"card-solution--item   is-page-link\" data-count=\"4\" data-solution=\"transfert-et-montage-de-lignes-de-production-et-dunites-completes\">\n                                                    <div class=\"card-solution--item-img\">\n                                <a href=\"https:\/\/preprod.hiolle-bedrock.weareled.fr\/team-hiolle\/solutions-realisations\/transfert-et-montage-de-lignes-de-production-et-dunites-completes\/\"><img decoding=\"async\" src=\"https:\/\/preprod.hiolle-bedrock.weareled.fr\/app\/uploads\/sites\/4\/2025\/01\/Groupe-hiolle-min.jpg\" alt=\"image de fond de la carte\"><\/a>\n                            <\/div>\n                                                <div class=\"card-solution--item-inner\">\n                            <h4><a href=\"https:\/\/preprod.hiolle-bedrock.weareled.fr\/team-hiolle\/solutions-realisations\/transfert-et-montage-de-lignes-de-production-et-dunites-completes\/\">Transfert et montage de lignes de production et d\u2019unit\u00e9s compl\u00e8tes<\/a><\/h4>\n                            <p>Service cl\u00e9 en main de d\u00e9montage, transport et remontage des outils industriels et lignes de production.<\/p>\n                            <a href=\"https:\/\/preprod.hiolle-bedrock.weareled.fr\/team-hiolle\/solutions-realisations\/transfert-et-montage-de-lignes-de-production-et-dunites-completes\/\" class=\"link dark icon arrow-right\">En savoir plus<\/a>\n                                                    <\/div>\n                    <\/div>\n                                                                    <\/div>\n                    <\/div>\n    <\/section>\n\n\n    <style>\n        #block_28ab1f4c495355800399184f077d04ed {\n            margin-top: 56px;\n        }\n\n        @media screen and (min-width: 768px) {\n            #block_28ab1f4c495355800399184f077d04ed {\n                margin-top: 96px;\n            }\n        }\n\n        #block_28ab1f4c495355800399184f077d04ed {\n            margin-bottom: 56px;\n        }\n\n        @media screen and (min-width: 768px) {\n            #block_28ab1f4c495355800399184f077d04ed {\n                margin-bottom: 96px;\n            }\n        }\n\n            <\/style>\n<section class=\"slider-logos glue\" id=\"block_28ab1f4c495355800399184f077d04ed\">\n    <div class=\"slider-logos--container container\">\n                            <div class=\"slider-logos--title\">\n                <h3>Ils nous font <span style=\"color: #009cde\">confiance !<\/span><\/h3>\n                            <\/div>\n                            <div class=\"slider-logos--content-container\">\n                <div class=\"slider-logos--content\">\n                    <div class=\"slider-logos--content-item\">\n                                                                                                                <img decoding=\"async\" src=\"https:\/\/preprod.hiolle-bedrock.weareled.fr\/app\/uploads\/sites\/4\/2025\/03\/DBG.PA_BIG-0775818b.png\" alt=\"\">\n                                                                                                                                            <img decoding=\"async\" src=\"https:\/\/preprod.hiolle-bedrock.weareled.fr\/app\/uploads\/sites\/4\/2025\/06\/General_Electric_logo.svg.png\" alt=\"\">\n                                                                                                                                            <img decoding=\"async\" src=\"https:\/\/preprod.hiolle-bedrock.weareled.fr\/app\/uploads\/sites\/4\/2025\/03\/paprec_logotype_h_rgb_plan-de-travail-1-300x122-1-1.jpg\" alt=\"\">\n                                                                                                                                            <img decoding=\"async\" src=\"https:\/\/preprod.hiolle-bedrock.weareled.fr\/app\/uploads\/sites\/4\/2025\/03\/Logo_of_Alcatel_Submarine_Networks.png\" alt=\"\">\n                                                                                                                                            <img decoding=\"async\" src=\"https:\/\/preprod.hiolle-bedrock.weareled.fr\/app\/uploads\/sites\/4\/2025\/03\/Logo_SNCF_2011.svg.png\" alt=\"\">\n                                                                                                                                            <img decoding=\"async\" src=\"https:\/\/preprod.hiolle-bedrock.weareled.fr\/app\/uploads\/sites\/4\/2025\/03\/METABADER_SA_Logo-scaled.jpg\" alt=\"\">\n                                                                                                                                            <img decoding=\"async\" src=\"https:\/\/preprod.hiolle-bedrock.weareled.fr\/app\/uploads\/sites\/4\/2025\/03\/6K3P3GF6EBMSPOKNH3Z6YA7XLQ.jpg\" alt=\"\">\n                                                                                                                                            <img decoding=\"async\" src=\"https:\/\/preprod.hiolle-bedrock.weareled.fr\/app\/uploads\/sites\/4\/2025\/03\/logo-jeumont.png\" alt=\"\">\n                                                                        <\/div>\n                <\/div>\n            <\/div>\n            <\/div>\n<\/section>\n\n    <style>\n        #block_a1fffb28b8787c2e13ed701dc7f15e34 {\n            margin-top: 56px;\n        }\n\n        @media screen and (min-width: 768px) {\n            #block_a1fffb28b8787c2e13ed701dc7f15e34 {\n                margin-top: 96px;\n            }\n        }\n\n        #block_a1fffb28b8787c2e13ed701dc7f15e34 {\n            margin-bottom: 56px;\n        }\n\n        @media screen and (min-width: 768px) {\n            #block_a1fffb28b8787c2e13ed701dc7f15e34 {\n                margin-bottom: 96px;\n            }\n        }\n\n            <\/style>\n    <section class=\"slider-actualites glue nav-medium \" id=\"block_a1fffb28b8787c2e13ed701dc7f15e34\">\n                <div class=\"slider-actualites--container\">\n            <div class=\"slider-actualites--header container--large\">\n                                    <div class=\"slider-actualites--title\">\n                        <p class=\"uptitle\">Nos actualit\u00e9s<\/p>\n<h2>D\u00e9couvrez toutes <span style=\"color: #009cde\">nos derni\u00e8res r\u00e9alisations\u00a0<\/span><\/h2>\n                    <\/div>\n                                                    <a href=\"https:\/\/preprod.hiolle-bedrock.weareled.fr\/team-hiolle\/nos-actualites\/\" class=\"link dark icon arrow-right\">Voir tous les actualit\u00e9s<\/a>\n                            <\/div>\n            <div class=\"slider-actualites--slider container--large owl-carousel\">\n                                                        <div class=\"card-actuality\">\n                        <a href=\"https:\/\/preprod.hiolle-bedrock.weareled.fr\/team-hiolle\/demontage-dun-pont-roulant-bipoutre-de-10t-une-operation-securisee-et-maitrisee\/\" class=\"card-actuality--link\"><\/a>\n                        <div class=\"card-actuality--image\">\n                                                            <img decoding=\"async\" src=\"https:\/\/preprod.hiolle-bedrock.weareled.fr\/app\/uploads\/sites\/4\/2026\/03\/Demontage_palan_central.jpg\" alt=\"\">\n                                                                                        <div class=\"card-actuality--categories\">\n                                                                            <span class=\"category\">R\u00e9alisations<\/span>\n                                                                    <\/div>\n                                                    <\/div>\n                        <div class=\"card-actuality--content\">\n                            <div class=\"card-actuality--title\">\n                                                                                                                    <span class=\"tag\">TEAM<\/span>\n                                                                                                    <h5>D\u00e9montage d\u2019un pont roulant bipoutre de 10T<\/h5>\n                            <\/div>\n                                                        <div class=\"card-actuality--footer\">\n                                <span class=\"date\">16 mars 2026<\/span>\n                                <span class=\"arrow-btn light-green\"><span><\/span><\/span>\n                            <\/div>\n                        <\/div>\n                    <\/div>\n                                                        <div class=\"card-actuality\">\n                        <a href=\"https:\/\/preprod.hiolle-bedrock.weareled.fr\/team-hiolle\/une-collaboration-inter-filiales-reussie\/\" class=\"card-actuality--link\"><\/a>\n                        <div class=\"card-actuality--image\">\n                                                            <img decoding=\"async\" src=\"https:\/\/preprod.hiolle-bedrock.weareled.fr\/app\/uploads\/sites\/4\/2025\/09\/HIOLLE_PROUVY_090-min-2.jpg\" alt=\"\">\n                                                                                        <div class=\"card-actuality--categories\">\n                                                                            <span class=\"category\">R\u00e9alisations<\/span>\n                                                                    <\/div>\n                                                    <\/div>\n                        <div class=\"card-actuality--content\">\n                            <div class=\"card-actuality--title\">\n                                                                                                                                                                                                    <span class=\"tag\">TEAM<\/span>\n                                                                                                    <h5>Une collaboration inter-filiales r\u00e9ussie !<\/h5>\n                            <\/div>\n                                                        <div class=\"card-actuality--footer\">\n                                <span class=\"date\">18 septembre 2025<\/span>\n                                <span class=\"arrow-btn light-green\"><span><\/span><\/span>\n                            <\/div>\n                        <\/div>\n                    <\/div>\n                                                        <div class=\"card-actuality\">\n                        <a href=\"https:\/\/preprod.hiolle-bedrock.weareled.fr\/team-hiolle\/supervision-dune-installation-a-taiwan\/\" class=\"card-actuality--link\"><\/a>\n                        <div class=\"card-actuality--image\">\n                                                            <img decoding=\"async\" src=\"https:\/\/preprod.hiolle-bedrock.weareled.fr\/app\/uploads\/sites\/4\/2025\/10\/55016769-1ed5-48a7-babb-7cdad900326e.jpg\" alt=\"\">\n                                                                                        <div class=\"card-actuality--categories\">\n                                                                            <span class=\"category\">R\u00e9alisations<\/span>\n                                                                    <\/div>\n                                                    <\/div>\n                        <div class=\"card-actuality--content\">\n                            <div class=\"card-actuality--title\">\n                                                                                                                    <span class=\"tag\">TEAM<\/span>\n                                                                                                    <h5>Supervision d&rsquo;une installation \u00e0 Ta\u00efwan<\/h5>\n                            <\/div>\n                                                        <div class=\"card-actuality--footer\">\n                                <span class=\"date\">15 mai 2025<\/span>\n                                <span class=\"arrow-btn light-green\"><span><\/span><\/span>\n                            <\/div>\n                        <\/div>\n                    <\/div>\n                                                        <div class=\"card-actuality\">\n                        <a href=\"https:\/\/preprod.hiolle-bedrock.weareled.fr\/team-hiolle\/un-projet-de-chaudronnerie-sur-mesure\/\" class=\"card-actuality--link\"><\/a>\n                        <div class=\"card-actuality--image\">\n                                                            <img decoding=\"async\" src=\"https:\/\/preprod.hiolle-bedrock.weareled.fr\/app\/uploads\/sites\/4\/2025\/08\/1743074852728-1-e1756222684163.jpeg\" alt=\"\">\n                                                                                        <div class=\"card-actuality--categories\">\n                                                                            <span class=\"category\">R\u00e9alisations<\/span>\n                                                                    <\/div>\n                                                    <\/div>\n                        <div class=\"card-actuality--content\">\n                            <div class=\"card-actuality--title\">\n                                                                                                                                                            <span class=\"tag\">TEAM<\/span>\n                                                                                                    <h5>Un projet de chaudronnerie sur-mesure !<\/h5>\n                            <\/div>\n                                                        <div class=\"card-actuality--footer\">\n                                <span class=\"date\">26 avril 2025<\/span>\n                                <span class=\"arrow-btn light-green\"><span><\/span><\/span>\n                            <\/div>\n                        <\/div>\n                    <\/div>\n                            <\/div>\n            <div class=\"slider-actualites--navigation owl-nav container--large\">\n                <span class=\"indicator\"><\/span>\n                <div class=\"slider-actualites--dots owl-dots\"><\/div>\n            <\/div>\n        <\/div>\n    <\/section>\n\n\n    <style>\n        #block_ed73ed26d467b184cfb1c4d8e2344f55 {\n            margin-top: 56px;\n        }\n\n        @media screen and (min-width: 768px) {\n            #block_ed73ed26d467b184cfb1c4d8e2344f55 {\n                margin-top: 96px;\n            }\n        }\n\n        #block_ed73ed26d467b184cfb1c4d8e2344f55 {\n            margin-bottom: 56px;\n        }\n\n        @media screen and (min-width: 768px) {\n            #block_ed73ed26d467b184cfb1c4d8e2344f55 {\n                margin-bottom: 96px;\n            }\n        }\n\n            <\/style>\n<section class=\"redirection-double \" id=\"block_ed73ed26d467b184cfb1c4d8e2344f55\">\n        <div class=\"redirection-double--container container--large\">\n                    <div class=\"background\">\n                                                    <h3>Vous souhaitez prendre contact avec nous ?<\/h3>\n<p>Une question ? Une demande particuli\u00e8re ? Un projet ? Contactez-nous d\u00e8s aujourd\u2019hui, nous nous ferons un plaisir de vous r\u00e9pondre dans les plus brefs d\u00e9lais.<\/p>\n                                                    <a href=\"https:\/\/preprod.hiolle-bedrock.weareled.fr\/team-hiolle\/contactez-nous\/\" target=\"\" class=\"btn secondary icon arrow-right\">Nous contacter<span><\/span><\/a>\n                            <\/div>\n                            <div class=\"light\">\n                                    <h3>Envie de rejoindre l\u2019aventure TEAM ?<\/h3>\n<p>Rejoignez un mouvement en constante \u00e9volution, dans une entreprise familiale et conviviale !<\/p>\n                                                    <a href=\"https:\/\/preprod.hiolle-bedrock.weareled.fr\/team-hiolle\/nous-rejoindre\/\" target=\"_blank\" class=\"btn icon arrow-top-right\">Consulter les offres<span><\/span><\/a>\n                            <\/div>\n            <\/div>\n<\/section>","protected":false},"excerpt":{"rendered":"","protected":false},"author":1,"featured_media":0,"parent":0,"menu_order":0,"comment_status":"closed","ping_status":"closed","template":"","meta":{"_acf_changed":false,"_seopress_robots_primary_cat":"","_seopress_titles_title":"","_seopress_titles_desc":"","_seopress_robots_index":"","footnotes":""},"class_list":["post-37","page","type-page","status-publish","hentry"],"acf":[],"lang":"fr","translations":{"fr":37},"pll_sync_post":[],"_links":{"self":[{"href":"https:\/\/preprod.hiolle-bedrock.weareled.fr\/team-hiolle\/wp-json\/wp\/v2\/pages\/37","targetHints":{"allow":["GET"]}}],"collection":[{"href":"https:\/\/preprod.hiolle-bedrock.weareled.fr\/team-hiolle\/wp-json\/wp\/v2\/pages"}],"about":[{"href":"https:\/\/preprod.hiolle-bedrock.weareled.fr\/team-hiolle\/wp-json\/wp\/v2\/types\/page"}],"author":[{"embeddable":true,"href":"https:\/\/preprod.hiolle-bedrock.weareled.fr\/team-hiolle\/wp-json\/wp\/v2\/users\/1"}],"replies":[{"embeddable":true,"href":"https:\/\/preprod.hiolle-bedrock.weareled.fr\/team-hiolle\/wp-json\/wp\/v2\/comments?post=37"}],"version-history":[{"count":12,"href":"https:\/\/preprod.hiolle-bedrock.weareled.fr\/team-hiolle\/wp-json\/wp\/v2\/pages\/37\/revisions"}],"predecessor-version":[{"id":838,"href":"https:\/\/preprod.hiolle-bedrock.weareled.fr\/team-hiolle\/wp-json\/wp\/v2\/pages\/37\/revisions\/838"}],"wp:attachment":[{"href":"https:\/\/preprod.hiolle-bedrock.weareled.fr\/team-hiolle\/wp-json\/wp\/v2\/media?parent=37"}],"curies":[{"name":"wp","href":"https:\/\/api.w.org\/{rel}","templated":true}]}}