{"id":916,"date":"2025-11-26T17:22:51","date_gmt":"2025-11-26T16:22:51","guid":{"rendered":"https:\/\/preprod.hiolle-bedrock.weareled.fr\/team-hiolle\/?page_id=916"},"modified":"2025-11-26T17:23:42","modified_gmt":"2025-11-26T16:23:42","slug":"916","status":"publish","type":"page","link":"https:\/\/preprod.hiolle-bedrock.weareled.fr\/team-hiolle\/916\/","title":{"rendered":"Confirmation contact"},"content":{"rendered":"    <style>\n        #block_4a574f4d414319642322b55985f0db5e {\n            margin-top: 56px;\n        }\n\n        @media screen and (min-width: 768px) {\n            #block_4a574f4d414319642322b55985f0db5e {\n                margin-top: 96px;\n            }\n        }\n\n        #block_4a574f4d414319642322b55985f0db5e {\n            margin-bottom: 0px;\n        }\n\n        @media screen and (min-width: 768px) {\n            #block_4a574f4d414319642322b55985f0db5e {\n                margin-bottom: 0px;\n            }\n        }\n\n            <\/style>\n<section class=\"redirection-mask\" id=\"block_4a574f4d414319642322b55985f0db5e\">\n    <div class=\"redirection-mask--container\">\n        <div class=\"redirection-mask--content\">\n                            <div>\n                    <p class=\"uptitle\">Votre message a bien \u00e9t\u00e9 envoy\u00e9<\/p>\n<p>Merci de nous avoir contact\u00e9 ! Nous vous r\u00e9pondrons dans les plus brefs d\u00e9lais.<\/p>\n<p>&nbsp;<\/p>\n<p>L&rsquo;\u00e9quipe TEAM<\/p>\n                <\/div>\n                                            <\/div>\n            <\/div>\n<\/section>","protected":false},"excerpt":{"rendered":"","protected":false},"author":5,"featured_media":0,"parent":0,"menu_order":0,"comment_status":"closed","ping_status":"closed","template":"","meta":{"_acf_changed":false,"_seopress_robots_primary_cat":"","_seopress_titles_title":"","_seopress_titles_desc":"","_seopress_robots_index":"","footnotes":""},"class_list":["post-916","page","type-page","status-publish","hentry"],"acf":[],"lang":"fr","translations":{"fr":916},"pll_sync_post":[],"_links":{"self":[{"href":"https:\/\/preprod.hiolle-bedrock.weareled.fr\/team-hiolle\/wp-json\/wp\/v2\/pages\/916","targetHints":{"allow":["GET"]}}],"collection":[{"href":"https:\/\/preprod.hiolle-bedrock.weareled.fr\/team-hiolle\/wp-json\/wp\/v2\/pages"}],"about":[{"href":"https:\/\/preprod.hiolle-bedrock.weareled.fr\/team-hiolle\/wp-json\/wp\/v2\/types\/page"}],"author":[{"embeddable":true,"href":"https:\/\/preprod.hiolle-bedrock.weareled.fr\/team-hiolle\/wp-json\/wp\/v2\/users\/5"}],"replies":[{"embeddable":true,"href":"https:\/\/preprod.hiolle-bedrock.weareled.fr\/team-hiolle\/wp-json\/wp\/v2\/comments?post=916"}],"version-history":[{"count":2,"href":"https:\/\/preprod.hiolle-bedrock.weareled.fr\/team-hiolle\/wp-json\/wp\/v2\/pages\/916\/revisions"}],"predecessor-version":[{"id":920,"href":"https:\/\/preprod.hiolle-bedrock.weareled.fr\/team-hiolle\/wp-json\/wp\/v2\/pages\/916\/revisions\/920"}],"wp:attachment":[{"href":"https:\/\/preprod.hiolle-bedrock.weareled.fr\/team-hiolle\/wp-json\/wp\/v2\/media?parent=916"}],"curies":[{"name":"wp","href":"https:\/\/api.w.org\/{rel}","templated":true}]}}